{"id":3828,"date":"2024-03-21T12:01:44","date_gmt":"2024-03-21T11:01:44","guid":{"rendered":"https:\/\/veronaguide.it\/sem%20categoria\/itinerari-enogastronomici-in-provincia-di-verona\/"},"modified":"2026-03-30T15:14:07","modified_gmt":"2026-03-30T14:14:07","slug":"roteiros-gastronomicos-e-vitivinicolas-na-provincia-de-verona","status":"publish","type":"product","link":"https:\/\/veronaguide.it\/pt-pt\/proposte\/itinerari\/roteiros-gastronomicos-e-vitivinicolas-na-provincia-de-verona\/","title":{"rendered":"Roteiros gastron\u00f3micos e vitivin\u00edcolas na prov\u00edncia de Verona"},"content":{"rendered":"","protected":false},"excerpt":{"rendered":"","protected":false},"featured_media":1405,"comment_status":"closed","ping_status":"closed","template":"","meta":{"_acf_changed":false,"rank_math_lock_modified_date":false},"product_cat":[203,205,191,247,256,185],"product_tag":[],"class_list":{"0":"post-3828","1":"product","2":"type-product","3":"status-publish","4":"has-post-thumbnail","6":"product_cat-arte-pt","7":"product_cat-degustacao","8":"product_cat-itinerarios-pt","9":"product_cat-lago-de-garda-pt","10":"product_cat-soave-pt","11":"product_cat-verona-pt","13":"first","14":"instock","15":"shipping-taxable","16":"product-type-simple"},"acf":[],"_links":{"self":[{"href":"https:\/\/veronaguide.it\/pt-pt\/wp-json\/wp\/v2\/product\/3828"}],"collection":[{"href":"https:\/\/veronaguide.it\/pt-pt\/wp-json\/wp\/v2\/product"}],"about":[{"href":"https:\/\/veronaguide.it\/pt-pt\/wp-json\/wp\/v2\/types\/product"}],"replies":[{"embeddable":true,"href":"https:\/\/veronaguide.it\/pt-pt\/wp-json\/wp\/v2\/comments?post=3828"}],"wp:featuredmedia":[{"embeddable":true,"href":"https:\/\/veronaguide.it\/pt-pt\/wp-json\/wp\/v2\/media\/1405"}],"wp:attachment":[{"href":"https:\/\/veronaguide.it\/pt-pt\/wp-json\/wp\/v2\/media?parent=3828"}],"wp:term":[{"taxonomy":"product_cat","embeddable":true,"href":"https:\/\/veronaguide.it\/pt-pt\/wp-json\/wp\/v2\/product_cat?post=3828"},{"taxonomy":"product_tag","embeddable":true,"href":"https:\/\/veronaguide.it\/pt-pt\/wp-json\/wp\/v2\/product_tag?post=3828"}],"curies":[{"name":"wp","href":"https:\/\/api.w.org\/{rel}","templated":true}]}}