{"id":3823,"date":"2024-03-21T12:05:58","date_gmt":"2024-03-21T11:05:58","guid":{"rendered":"https:\/\/veronaguide.it\/sem%20categoria\/itinerario-e-degustazione-lago-di-garda\/"},"modified":"2026-03-30T15:14:03","modified_gmt":"2026-03-30T14:14:03","slug":"itinerario-e-degustacao-lago-de-garda","status":"publish","type":"product","link":"https:\/\/veronaguide.it\/pt-pt\/proposte\/itinerari\/itinerario-e-degustacao-lago-de-garda\/","title":{"rendered":"Itiner\u00e1rio e degusta\u00e7\u00e3o &#8211; Lago de Garda"},"content":{"rendered":"","protected":false},"excerpt":{"rendered":"","protected":false},"featured_media":2271,"comment_status":"closed","ping_status":"closed","template":"","meta":{"_acf_changed":false,"rank_math_lock_modified_date":false},"product_cat":[205,191,247,185],"product_tag":[],"class_list":{"0":"post-3823","1":"product","2":"type-product","3":"status-publish","4":"has-post-thumbnail","6":"product_cat-degustacao","7":"product_cat-itinerarios-pt","8":"product_cat-lago-de-garda-pt","9":"product_cat-verona-pt","11":"first","12":"instock","13":"shipping-taxable","14":"product-type-simple"},"acf":[],"_links":{"self":[{"href":"https:\/\/veronaguide.it\/pt-pt\/wp-json\/wp\/v2\/product\/3823"}],"collection":[{"href":"https:\/\/veronaguide.it\/pt-pt\/wp-json\/wp\/v2\/product"}],"about":[{"href":"https:\/\/veronaguide.it\/pt-pt\/wp-json\/wp\/v2\/types\/product"}],"replies":[{"embeddable":true,"href":"https:\/\/veronaguide.it\/pt-pt\/wp-json\/wp\/v2\/comments?post=3823"}],"wp:featuredmedia":[{"embeddable":true,"href":"https:\/\/veronaguide.it\/pt-pt\/wp-json\/wp\/v2\/media\/2271"}],"wp:attachment":[{"href":"https:\/\/veronaguide.it\/pt-pt\/wp-json\/wp\/v2\/media?parent=3823"}],"wp:term":[{"taxonomy":"product_cat","embeddable":true,"href":"https:\/\/veronaguide.it\/pt-pt\/wp-json\/wp\/v2\/product_cat?post=3823"},{"taxonomy":"product_tag","embeddable":true,"href":"https:\/\/veronaguide.it\/pt-pt\/wp-json\/wp\/v2\/product_tag?post=3823"}],"curies":[{"name":"wp","href":"https:\/\/api.w.org\/{rel}","templated":true}]}}