{"id":2747,"date":"2024-02-07T11:01:55","date_gmt":"2024-02-07T10:01:55","guid":{"rendered":"https:\/\/veronaguide.it\/zona-a-traffico-limitato\/"},"modified":"2024-10-01T11:40:56","modified_gmt":"2024-10-01T10:40:56","slug":"zona-de-trafego-limitado","status":"publish","type":"page","link":"https:\/\/veronaguide.it\/pt-pt\/informacoes-turisticas\/zona-de-trafego-limitado\/","title":{"rendered":"Zona de tr\u00e1fego limitado"},"content":{"rendered":"<h1>Entrada de autocarros na zona de tr\u00e1fego limitado<\/h1>\n<div>\n<p>Com a portaria do <strong>Munic\u00edpio de Verona<\/strong> NR 1404 de 30.10.2018, foram introduzidas as <strong>novas tarifas para os autocarros tur\u00edsticos<\/strong>.<\/p>\n<p>O bilhete de entrada na cidade para autocarros com lota\u00e7\u00e3o superior a 25 pessoas:<br \/>\u2013 <strong>\u00e9poca alta completa custa 150,00\u20ac<\/strong> Tarifa v\u00e1lida de 1 a 31 de Dezembro e de 1 de Abril a 31 de Outubro<br \/>\u2013 <strong>\u00e9poca baixa completa \u00e9 de 100,00\u20ac<\/strong> Tarifa v\u00e1lida de 1 a 30 de Novembro e de 1 de Janeiro a 31 de Mar\u00e7o<\/p>\n<p>Se o passeio for realizado com <strong>guia autorizado<\/strong> e certificado de Verona poder\u00e1 usufruir de um <strong>desconto de 30%<\/strong> (s\u00f3 pode ser adquirido online)<\/p>\n<p>\u2013<strong> \u00e9poca alta: 105\u20ac<\/strong><br \/>\u2013<strong> \u00e9poca baixa: 70\u20ac<\/strong><\/p>\n<\/div>\n<ul>\n<li>\n<h3>REDUZIDO: 40,00\u20ac<\/h3>\n<div>\n<p>Autocarros tur\u00edsticos com lota\u00e7\u00e3o m\u00e1xima de 25 pessoas (excluindo o condutor) autocarros tur\u00edsticos provenientes do Lago de Garda conforme exigido pela resolu\u00e7\u00e3o da C\u00e2mara Municipal n. 53\/2009, com a obrigatoriedade de exibi\u00e7\u00e3o do voucher de hotel (ou documento equivalente) que comprove a reserva e pernoita;<\/p>\n<\/div>\n<\/li>\n<li>\n<h3>HOTEL REDUZIDO: 15,00\u20ac<\/h3>\n<div>\n<p>Autocarros tur\u00edsticos que transportam turistas at\u00e9 instala\u00e7\u00f5es hoteleiras da cidade, no dia da chegada e no dia da partida, com obriga\u00e7\u00e3o de apresenta\u00e7\u00e3o do voucher do hotel (ou documento equivalente) que comprove a reserva e pernoita;<\/p>\n<\/div>\n<\/li>\n<li>\n<h3>ARENA REDUZIDA: 30,00\u20ac<\/h3>\n<div>\n<p>Autocarros tur\u00edsticos para grupos com destino a eventos de \u00f3pera no Anfiteatro Arena, com entrada a partir das 18h00 nos dias de espect\u00e1culos, com obrigatoriedade de apresenta\u00e7\u00e3o de reserva para a noite Arena.<\/p>\n<\/div>\n<\/li>\n<\/ul>\n<ul>\n<li>\n<h3>LIVRE<\/h3>\n<div>\n<p>autocarros tur\u00edsticos para grupos escolares de todos os n\u00edveis, n\u00edveis e nacionalidades, com obrigatoriedade de afixa\u00e7\u00e3o em papel timbrado do Instituto atestando a viagem a Verona com lista dos nomes dos participantes; autocarros tur\u00edsticos com destino ao Est\u00e1dio e ao Pavilh\u00e3o Desportivo por ocasi\u00e3o de eventos que utilizam a estrada de liga\u00e7\u00e3o entre a portagem da autoestrada Verona Nord (A22 Modena-Brennero) e o Est\u00e1dio\/Pal\u00e1cio Desportivo (e regresso); autocarros tur\u00edsticos com destino aos parques de estacionamento da Fiera di Verona limitados ao tro\u00e7o rodovi\u00e1rio entre os referidos parques de estacionamento e a portagem da autoestrada Verona Sud (A4 Mil\u00e3o-Veneza) ou \u00e0 sa\u00edda da circular sul para a Strada dell&#8217;Alpo; autocarros tur\u00edsticos para grupos de residentes na cidade: para terem direito a esta isen\u00e7\u00e3o, os passageiros devem viajar munidos de documento de identidade v\u00e1lido que comprove o munic\u00edpio de resid\u00eancia, que dever\u00e1 ser apresentado em caso de controlo pelo pessoal respons\u00e1vel; autocarros tur\u00edsticos que transportam um n\u00famero de pessoas com defici\u00eancia, possuidores de certifica\u00e7\u00e3o adequada, n\u00e3o inferior a 50% dos lugares dispon\u00edveis.<\/p>\n<p>Para informa\u00e7\u00f5es e reservas: <a href=\"https:\/\/www.amt.it\/pass-ztl-bus\/\" rel=\"nofollow noopener\" target=\"_blank\">https:\/\/www.amt.it\/pass-ztl-bus\/<\/a><\/p>\n<\/div>\n<\/li>\n<li>\n<h3>Pagamento<\/h3>\n<div>\n<p>Deve ser feito num dos 4 postos de pagamento autom\u00e1tico existentes no local. As m\u00e1quinas aceitam moedas e notas.<\/p>\n<\/div>\n<\/li>\n<\/ul>\n<p><!--more--><br \/>\n<!-- {\"type\":\"layout\",\"children\":[{\"type\":\"section\",\"props\":{\"image_position\":\"center-center\",\"style\":\"default\",\"title_breakpoint\":\"xl\",\"title_position\":\"top-left\",\"title_rotation\":\"left\",\"vertical_align\":\"middle\",\"width\":\"small\"},\"children\":[{\"type\":\"row\",\"children\":[{\"type\":\"column\",\"props\":{\"image_position\":\"center-center\",\"position_sticky_breakpoint\":\"m\"},\"children\":[{\"type\":\"headline\",\"props\":{\"content\":\"Entrada de autocarros na zona de tr\\u00e1fego limitado\",\"text_align\":\"center\",\"title_color\":\"primary\",\"title_element\":\"h1\"}},{\"type\":\"text\",\"props\":{\"column_breakpoint\":\"m\",\"content\":\"\n\n<p>Com a portaria do <strong>Munic\\u00edpio de Verona<\\\/strong> NR 1404 de 30.10.2018, foram introduzidas as <strong>novas tarifas para os autocarros tur\\u00edsticos<\\\/strong>.<\\\/p>\\n\n\n<p>O bilhete de entrada na cidade para autocarros com lota\\u00e7\\u00e3o superior a 25 pessoas:<br \\\/>\\u2013 <strong>\\u00e9poca alta completa custa 150,00\\u20ac<\\\/strong> Tarifa v\\u00e1lida de 1 a 31 de Dezembro e de 1 de Abril a 31 de Outubro<br \\\/>\\u2013 <strong>\\u00e9poca baixa completa \\u00e9 de 100,00\\u20ac<\\\/strong> Tarifa v\\u00e1lida de 1 a 30 de Novembro e de 1 de Janeiro a 31 de Mar\\u00e7o<br \\\/><br \\\/><\\\/p>\\n\n\n<p>Se o passeio for realizado com <strong>guia autorizado<\\\/strong> e certificado de Verona poder\\u00e1 usufruir de um <strong>desconto de 30%<\\\/strong> (s\\u00f3 pode ser adquirido online)<br \\\/><br \\\/>\\u2013<strong> \\u00e9poca alta: 105\\u20ac<\\\/strong><br \\\/>\\u2013<strong> \\u00e9poca baixa: 70\\u20ac<\\\/strong><br \\\/><br \\\/><\\\/p>\",\"margin\":\"default\"}}]}]}]},{\"type\":\"section\",\"props\":{\"image_position\":\"center-center\",\"style\":\"muted\",\"title_breakpoint\":\"xl\",\"title_position\":\"top-left\",\"title_rotation\":\"left\",\"vertical_align\":\"middle\",\"width\":\"small\"},\"children\":[{\"type\":\"row\",\"props\":{\"layout\":\"1-2,1-2\"},\"children\":[{\"type\":\"column\",\"props\":{\"image_position\":\"center-center\",\"position_sticky_breakpoint\":\"m\",\"style\":\"tile-default\",\"width_medium\":\"1-2\"},\"children\":[{\"type\":\"description_list\",\"props\":{\"column_breakpoint\":\"m\",\"layout\":\"stacked\",\"list_element\":\"ul\",\"meta_align\":\"below-content\",\"meta_style\":\"text-meta\",\"show_content\":true,\"show_link\":true,\"show_meta\":true,\"show_title\":true,\"title_color\":\"primary\",\"title_element\":\"div\",\"title_grid_column_gap\":\"small\",\"title_grid_row_gap\":\"small\",\"title_grid_width\":\"auto\",\"title_style\":\"text-large\"},\"children\":[{\"type\":\"description_list_item\",\"props\":{\"content\":\"\n\n<p>Autocarros tur\\u00edsticos com lota\\u00e7\\u00e3o m\\u00e1xima de 25 pessoas (excluindo o condutor) autocarros tur\\u00edsticos provenientes do Lago de Garda conforme exigido pela resolu\\u00e7\\u00e3o da C\\u00e2mara Municipal n. 53\\\/2009, com a obrigatoriedade de exibi\\u00e7\\u00e3o do voucher de hotel (ou documento equivalente) que comprove a reserva e pernoita;<\\\/p>\",\"title\":\"REDUZIDO: 40,00\\u20ac\"}},{\"type\":\"description_list_item\",\"props\":{\"content\":\"\n\n<p>Autocarros tur\\u00edsticos que transportam turistas at\\u00e9 instala\\u00e7\\u00f5es hoteleiras da cidade, no dia da chegada e no dia da partida, com obriga\\u00e7\\u00e3o de apresenta\\u00e7\\u00e3o do voucher do hotel (ou documento equivalente) que comprove a reserva e pernoita;<\\\/p>\",\"title\":\"HOTEL REDUZIDO: 15,00\\u20ac\"}},{\"type\":\"description_list_item\",\"props\":{\"content\":\"\n\n<p>Autocarros tur\\u00edsticos para grupos com destino a eventos de \\u00f3pera no Anfiteatro Arena, com entrada a partir das 18h00 nos dias de espect\\u00e1culos, com obrigatoriedade de apresenta\\u00e7\\u00e3o de reserva para a noite Arena.<\\\/p>\",\"title\":\"ARENA REDUZIDA: 30,00\\u20ac\"}}]}]},{\"type\":\"column\",\"props\":{\"image_position\":\"center-center\",\"position_sticky_breakpoint\":\"m\",\"style\":\"tile-default\",\"width_medium\":\"1-2\"},\"children\":[{\"type\":\"description_list\",\"props\":{\"column_breakpoint\":\"m\",\"layout\":\"stacked\",\"list_element\":\"ul\",\"meta_align\":\"below-content\",\"meta_style\":\"text-meta\",\"show_content\":true,\"show_link\":true,\"show_meta\":true,\"show_title\":true,\"title_color\":\"primary\",\"title_element\":\"div\",\"title_grid_column_gap\":\"small\",\"title_grid_row_gap\":\"small\",\"title_grid_width\":\"auto\",\"title_style\":\"text-large\"},\"children\":[{\"type\":\"description_list_item\",\"props\":{\"content\":\"\n\n<p>autocarros tur\\u00edsticos para grupos escolares de todos os n\\u00edveis, n\\u00edveis e nacionalidades, com obrigatoriedade de afixa\\u00e7\\u00e3o em papel timbrado do Instituto atestando a viagem a Verona com lista dos nomes dos participantes; autocarros tur\\u00edsticos com destino ao Est\\u00e1dio e ao Pavilh\\u00e3o Desportivo por ocasi\\u00e3o de eventos que utilizam a estrada de liga\\u00e7\\u00e3o entre a portagem da autoestrada Verona Nord (A22 Modena-Brennero) e o Est\\u00e1dio\\\/Pal\\u00e1cio Desportivo (e regresso); autocarros tur\\u00edsticos com destino aos parques de estacionamento da Fiera di Verona limitados ao tro\\u00e7o rodovi\\u00e1rio entre os referidos parques de estacionamento e a portagem da autoestrada Verona Sud (A4 Mil\\u00e3o-Veneza) ou \\u00e0 sa\\u00edda da circular sul para a Strada dell'Alpo; autocarros tur\\u00edsticos para grupos de residentes na cidade: para terem direito a esta isen\\u00e7\\u00e3o, os passageiros devem viajar munidos de documento de identidade v\\u00e1lido que comprove o munic\\u00edpio de resid\\u00eancia, que dever\\u00e1 ser apresentado em caso de controlo pelo pessoal respons\\u00e1vel; autocarros tur\\u00edsticos que transportam um n\\u00famero de pessoas com defici\\u00eancia, possuidores de certifica\\u00e7\\u00e3o adequada, n\\u00e3o inferior a 50% dos lugares dispon\\u00edveis.<\\\/p>\\n\n\n<p>Para informa\\u00e7\\u00f5es e reservas: <a href=\\\"https:\\\/\\\/www.amt.it\\\/pass-ztl-bus\\\/\\\">https:\\\/\\\/www.amt.it\\\/pass-ztl-bus\\\/<\\\/a><\\\/p>\",\"title\":\"LIVRE\"}},{\"type\":\"description_list_item\",\"props\":{\"content\":\"\n\n<p>Deve ser feito num dos 4 postos de pagamento autom\\u00e1tico existentes no local. As m\\u00e1quinas aceitam moedas e notas.<\\\/p>\",\"title\":\"Pagamento\"}}]}]}]}]},{\"type\":\"section\",\"props\":{\"image_position\":\"center-center\",\"style\":\"muted\",\"title_breakpoint\":\"xl\",\"title_position\":\"top-left\",\"title_rotation\":\"left\",\"vertical_align\":\"middle\",\"width\":\"small\"},\"children\":[{\"type\":\"row\",\"children\":[{\"type\":\"column\",\"props\":{\"image_position\":\"center-center\",\"position_sticky_breakpoint\":\"m\"},\"children\":[{\"type\":\"module\",\"props\":{\"menu_image_align\":\"center\",\"menu_image_margin\":true,\"menu_style\":\"default\",\"menu_type\":\"nav\",\"type\":\"builderwidget\",\"widget\":\"builderwidget-15\"}}]}]}],\"name\":\"INFO TURISTICHE\"}],\"version\":\"4.2.6\"} --><\/p>\n","protected":false},"excerpt":{"rendered":"<p>Entrada de autocarros na zona de tr\u00e1fego limitado Com a portaria do Munic\u00edpio de Verona NR 1404 de 30.10.2018, foram introduzidas as novas tarifas para os autocarros tur\u00edsticos. O bilhete de entrada na cidade para autocarros com lota\u00e7\u00e3o superior a 25 pessoas:\u2013 \u00e9poca alta completa custa 150,00\u20ac Tarifa v\u00e1lida de 1 a 31 de Dezembro [&hellip;]<\/p>\n","protected":false},"author":6,"featured_media":0,"parent":2699,"menu_order":0,"comment_status":"closed","ping_status":"closed","template":"","meta":{"_acf_changed":false,"rank_math_lock_modified_date":false,"footnotes":""},"class_list":["post-2747","page","type-page","status-publish","hentry"],"acf":[],"_links":{"self":[{"href":"https:\/\/veronaguide.it\/pt-pt\/wp-json\/wp\/v2\/pages\/2747"}],"collection":[{"href":"https:\/\/veronaguide.it\/pt-pt\/wp-json\/wp\/v2\/pages"}],"about":[{"href":"https:\/\/veronaguide.it\/pt-pt\/wp-json\/wp\/v2\/types\/page"}],"author":[{"embeddable":true,"href":"https:\/\/veronaguide.it\/pt-pt\/wp-json\/wp\/v2\/users\/6"}],"replies":[{"embeddable":true,"href":"https:\/\/veronaguide.it\/pt-pt\/wp-json\/wp\/v2\/comments?post=2747"}],"version-history":[{"count":5,"href":"https:\/\/veronaguide.it\/pt-pt\/wp-json\/wp\/v2\/pages\/2747\/revisions"}],"predecessor-version":[{"id":4553,"href":"https:\/\/veronaguide.it\/pt-pt\/wp-json\/wp\/v2\/pages\/2747\/revisions\/4553"}],"up":[{"embeddable":true,"href":"https:\/\/veronaguide.it\/pt-pt\/wp-json\/wp\/v2\/pages\/2699"}],"wp:attachment":[{"href":"https:\/\/veronaguide.it\/pt-pt\/wp-json\/wp\/v2\/media?parent=2747"}],"curies":[{"name":"wp","href":"https:\/\/api.w.org\/{rel}","templated":true}]}}