{"id":2732,"date":"2023-10-23T09:36:35","date_gmt":"2023-10-23T08:36:35","guid":{"rendered":"https:\/\/veronaguide.it\/tariffe\/"},"modified":"2026-01-10T15:47:23","modified_gmt":"2026-01-10T14:47:23","slug":"tarifas-de-visitas-guiadas","status":"publish","type":"page","link":"https:\/\/veronaguide.it\/pt-pt\/tarifas-de-visitas-guiadas\/","title":{"rendered":"Tarifas de Visitas Guiadas"},"content":{"rendered":"<h1>TARIFAS DE GUIAS TUR\u00cdSTICOS VERONA 2026<\/h1>\n<div>\n<p>Visite Verona conosco: descubra nossas visitas guiadas para indiv\u00edduos, grupos ou escolas e explore a cidade com nossos guias tur\u00edsticos.<\/p>\n<\/div>\n<p>\n    <a href=\"mailto:info@guideverona.com\">Entre em contato para mais informa\u00e7\u00f5es e passeios personalizados<\/a>\n<\/p>\n<h2>TARIFAS DE VISITAS GUIADAS PARA GRUPOS<\/h2>\n<ul>\n<li>\n<h3>Visita guiada de meio-dia (aproximadamente 2 horas):<\/h3>\n<div>\n<p>150,00\u20ac at\u00e9 30 pessoas + 5,00\u20ac por cada pessoa adicional.<\/p>\n<\/div>\n<\/li>\n<li>\n<h3>Passeio de um dia inteiro, sempre com um guia tur\u00edstico profissional (cerca de 4 horas):<\/h3>\n<div>\n<p>300,00\u20ac at\u00e9 30 pessoas + 10,00\u20ac por cada pessoa adicional;<\/p>\n<\/div>\n<\/li>\n<\/ul>\n<h2>TARIFAS DE VISITAS GUIADAS PARA ESCOLAS<\/h2>\n<ul>\n<li>\n<h3>Passeio de meio dia com um guia tur\u00edstico (2 horas)<\/h3>\n<div>\n<p>150,00\u20ac at\u00e9 30 alunos;<br \/>170,00\u20ac at\u00e9 50 alunos; + 5,00\u20ac por cada aluno adicional<br \/>professores gratuitos<\/p>\n<\/div>\n<\/li>\n<li>\n<h3>Passeio guiado de dia inteiro: 2 horas pela manh\u00e3 + 2 horas \u00e0 tarde<\/h3>\n<div>\n<p>300,00\u20ac at\u00e9 30 alunos;<br \/>340,00\u20ac at\u00e9 50 alunos + 10,00\u20ac por cada aluno adicional;<br \/>professores gratuitos<\/p>\n<\/div>\n<\/li>\n<li>\n<h3>CADA HORA EXTRA 50,00\u20ac<\/h3>\n<\/li>\n<\/ul>\n<div>\n<p>Para o seu or\u00e7amento personalizado escreva para <a href=\"mailto:info@guideverona.com\">info@guideverona.com<\/a><\/p>\n<\/div>\n<p><!--more--><br \/>\n<!-- {\"type\":\"layout\",\"children\":[{\"type\":\"section\",\"props\":{\"image_position\":\"center-center\",\"style\":\"muted\",\"title_breakpoint\":\"xl\",\"title_position\":\"top-left\",\"title_rotation\":\"left\",\"vertical_align\":\"middle\",\"width\":\"small\"},\"children\":[{\"type\":\"row\",\"children\":[{\"type\":\"column\",\"props\":{\"image_position\":\"center-center\",\"position_sticky_breakpoint\":\"m\"},\"children\":[{\"type\":\"headline\",\"props\":{\"content\":\"TARIFAS DE GUIAS TUR\\u00cdSTICOS VERONA 2026\",\"text_align\":\"center\",\"title_color\":\"primary\",\"title_element\":\"h1\",\"title_style\":\"h3\"}},{\"type\":\"text\",\"props\":{\"column_breakpoint\":\"m\",\"content\":\"\n\n<p>Visite Verona conosco: descubra nossas visitas guiadas para indiv\\u00edduos, grupos ou escolas e explore a cidade com nossos guias tur\\u00edsticos.<\\\/p>\",\"margin\":\"default\",\"text_align\":\"center\"}},{\"type\":\"button\",\"props\":{\"grid_column_gap\":\"small\",\"grid_row_gap\":\"small\",\"margin\":\"default\",\"text_align\":\"center\"},\"children\":[{\"type\":\"button_item\",\"props\":{\"button_style\":\"default\",\"content\":\"Entre em contato para mais informa\\u00e7\\u00f5es e passeios personalizados\",\"icon\":\"mail\",\"icon_align\":\"left\",\"link\":\"mailto:info@guideverona.com\"}}]}]}]},{\"type\":\"row\",\"props\":{\"width\":\"xsmall\"},\"children\":[{\"type\":\"column\",\"props\":{\"image_position\":\"center-center\",\"position_sticky_breakpoint\":\"m\",\"style\":\"tile-default\"},\"children\":[{\"type\":\"headline\",\"props\":{\"content\":\"TARIFAS DE VISITAS GUIADAS PARA GRUPOS\",\"text_align\":\"left\",\"title_color\":\"primary\",\"title_element\":\"h2\",\"title_style\":\"h4\"}},{\"type\":\"description_list\",\"props\":{\"block_align\":\"center\",\"column_breakpoint\":\"m\",\"layout\":\"stacked\",\"list_element\":\"ul\",\"meta_align\":\"below-content\",\"meta_style\":\"text-meta\",\"show_content\":true,\"show_link\":true,\"show_meta\":true,\"show_title\":true,\"title_color\":\"primary\",\"title_element\":\"div\",\"title_grid_column_gap\":\"small\",\"title_grid_row_gap\":\"small\",\"title_grid_width\":\"auto\",\"title_style\":\"text-large\"},\"children\":[{\"type\":\"description_list_item\",\"props\":{\"content\":\"\n\n<p>150,00\\u20ac at\\u00e9 30 pessoas + 5,00\\u20ac por cada pessoa adicional.<\\\/p>\",\"title\":\"Visita guiada de meio-dia (aproximadamente 2 horas):\"}},{\"type\":\"description_list_item\",\"props\":{\"content\":\"\n\n<p>300,00\\u20ac at\\u00e9 30 pessoas + 10,00\\u20ac por cada pessoa adicional;<\\\/p>\",\"title\":\"Passeio de um dia inteiro, sempre com um guia tur\\u00edstico profissional (cerca de 4 horas):\"}}]},{\"type\":\"headline\",\"props\":{\"content\":\"TARIFAS DE VISITAS GUIADAS PARA ESCOLAS\",\"title_color\":\"primary\",\"title_element\":\"h2\",\"title_style\":\"h4\"}},{\"type\":\"description_list\",\"props\":{\"column_breakpoint\":\"m\",\"layout\":\"stacked\",\"list_element\":\"ul\",\"meta_align\":\"below-content\",\"meta_style\":\"text-meta\",\"show_content\":true,\"show_link\":true,\"show_meta\":true,\"show_title\":true,\"title_color\":\"primary\",\"title_element\":\"div\",\"title_grid_column_gap\":\"small\",\"title_grid_row_gap\":\"small\",\"title_grid_width\":\"auto\",\"title_style\":\"text-large\"},\"children\":[{\"type\":\"description_list_item\",\"props\":{\"content\":\"\n\n<p>150,00\\u20ac at\\u00e9 30 alunos;<br \\\/>170,00\\u20ac at\\u00e9 50 alunos; + 5,00\\u20ac por cada aluno adicional<br \\\/>professores gratuitos<\\\/p>\",\"title\":\"Passeio de meio dia com um guia tur\\u00edstico (2 horas)\"}},{\"type\":\"description_list_item\",\"props\":{\"content\":\"\n\n<p>300,00\\u20ac at\\u00e9 30 alunos;<br \\\/>340,00\\u20ac at\\u00e9 50 alunos + 10,00\\u20ac por cada aluno adicional;<br \\\/>professores gratuitos<\\\/p>\",\"title\":\"Passeio guiado de dia inteiro: 2 horas pela manh\\u00e3 + 2 horas \\u00e0 tarde\"}},{\"type\":\"description_list_item\",\"props\":{\"title\":\"CADA HORA EXTRA 50,00\\u20ac\"}}]},{\"type\":\"text\",\"props\":{\"column_breakpoint\":\"m\",\"content\":\"\n\n<p>Para o seu or\\u00e7amento personalizado escreva para <a href=\\\"mailto:info@guideverona.com\\\">info@guideverona.com<\\\/a><\\\/p>\",\"margin\":\"default\"}}]}]}]}],\"version\":\"4.2.6\"} --><\/p>\n","protected":false},"excerpt":{"rendered":"<p>TARIFAS DE GUIAS TUR\u00cdSTICOS VERONA 2026 Visite Verona conosco: descubra nossas visitas guiadas para indiv\u00edduos, grupos ou escolas e explore a cidade com nossos guias tur\u00edsticos. Entre em contato para mais informa\u00e7\u00f5es e passeios personalizados TARIFAS DE VISITAS GUIADAS PARA GRUPOS Visita guiada de meio-dia (aproximadamente 2 horas): 150,00\u20ac at\u00e9 30 pessoas + 5,00\u20ac por [&hellip;]<\/p>\n","protected":false},"author":6,"featured_media":0,"parent":0,"menu_order":0,"comment_status":"closed","ping_status":"closed","template":"","meta":{"_acf_changed":false,"rank_math_lock_modified_date":false,"footnotes":""},"class_list":["post-2732","page","type-page","status-publish","hentry"],"acf":[],"_links":{"self":[{"href":"https:\/\/veronaguide.it\/pt-pt\/wp-json\/wp\/v2\/pages\/2732"}],"collection":[{"href":"https:\/\/veronaguide.it\/pt-pt\/wp-json\/wp\/v2\/pages"}],"about":[{"href":"https:\/\/veronaguide.it\/pt-pt\/wp-json\/wp\/v2\/types\/page"}],"author":[{"embeddable":true,"href":"https:\/\/veronaguide.it\/pt-pt\/wp-json\/wp\/v2\/users\/6"}],"replies":[{"embeddable":true,"href":"https:\/\/veronaguide.it\/pt-pt\/wp-json\/wp\/v2\/comments?post=2732"}],"version-history":[{"count":43,"href":"https:\/\/veronaguide.it\/pt-pt\/wp-json\/wp\/v2\/pages\/2732\/revisions"}],"predecessor-version":[{"id":4871,"href":"https:\/\/veronaguide.it\/pt-pt\/wp-json\/wp\/v2\/pages\/2732\/revisions\/4871"}],"wp:attachment":[{"href":"https:\/\/veronaguide.it\/pt-pt\/wp-json\/wp\/v2\/media?parent=2732"}],"curies":[{"name":"wp","href":"https:\/\/api.w.org\/{rel}","templated":true}]}}