{"id":2717,"date":"2024-02-07T11:33:34","date_gmt":"2024-02-07T10:33:34","guid":{"rendered":"https:\/\/veronaguide.it\/mangiare-a-verona\/"},"modified":"2025-04-03T10:09:12","modified_gmt":"2025-04-03T09:09:12","slug":"comer-em-verona","status":"publish","type":"page","link":"https:\/\/veronaguide.it\/pt-pt\/informacoes-turisticas\/comer-em-verona\/","title":{"rendered":"Comer em Verona"},"content":{"rendered":"<h1>Onde comer em Verona<\/h1>\n<div>\n<p>Onde comer em Verona? Se procura um local para um lanche r\u00e1pido ou um almo\u00e7o relaxante, entre em contacto connosco para recomenda\u00e7\u00f5es e ofertas especiais.<\/p>\n<\/div>\n<h2>PONTOS DE REFRESCO PARA ESTUDANTES<\/h2>\n<div>\n<p>Existe uma portaria em Verona que pro\u00edbe o consumo de alimentos e bebidas nas zonas monumentais do centro. Normalmente n\u00e3o \u00e9 aplicado com um rigor excessivo mas existe, pelo menos teoricamente, a possibilidade de ser multado. No centro da cidade existem zonas exteriores onde \u00e9 permitido almo\u00e7ar. Se optar por esta solu\u00e7\u00e3o, o guia indicar-lhe-\u00e1 e possivelmente acompanh\u00e1-lo-\u00e1 at\u00e9 \u00e0quela que lhe for mais conveniente de acordo com o seu itiner\u00e1rio e necessidades espec\u00edficas.<\/p>\n<p>\u00c9 poss\u00edvel reservar salas de aula internas em alguns institutos religiosos onde \u00e9 necess\u00e1ria uma contribui\u00e7\u00e3o. No centro da cidade, facilmente acess\u00edvel a p\u00e9, poder\u00e1 contactar:<\/p>\n<p>\u200b\u200b\u2022 <strong>o orat\u00f3rio Filippini<\/strong> (Dom Roberto 045 800 2823)<\/p>\n<p>\u2022 <strong>sal\u00e3o da associa\u00e7\u00e3o \u201cFogolar Furlan\u201d<\/strong> (tel 3451134609)<\/p>\n<p>Todas as f\u00f3rmulas de almo\u00e7o (institutos religiosos) devem ser reservadas diretamente<\/p>\n<\/div>\n<h2>\n<div>RESTAURANTE<\/div>\n<\/h2>\n<div>\n<p>a nossa Associa\u00e7\u00e3o tem um <strong>acordo<\/strong> com um <strong>restaurante central<\/strong> que \u00e9 um bom compromisso entre log\u00edstica (est\u00e1 localizado atr\u00e1s da Arena, n\u00e3o muito longe do parque de autocarros) e qualidade\/pre\u00e7o.<\/p>\n<p>Para estudantes custa 11,00\u20ac a pizza e bebida e 12,00\u20ac a pizza, bebida e batatas fritas. Podemos fazer a reserva se desejar.<\/p>\n<p>Oferecem menus como:<\/p>\n<p>1) 1 primeiro prato &#8211; um segundo prato &#8211; acompanhamentos mistos &#8211; sobremesa &#8211; \u00e1gua, vinho e caf\u00e9 <strong>26,00\u20ac<\/strong>;<\/p>\n<p>2) Dois primeiros pratos &#8211; um segundo prato &#8211; acompanhamentos mistos &#8211; sobremesa &#8211; \u00e1gua, vinho e caf\u00e9 <strong>30,00\u20ac<\/strong>;<\/p>\n<p>3) Entrada \u2013 primeiro prato \u2013 segundo prato \u2013 acompanhamentos mistos \u2013 sobremesa \u2013 \u00e1gua vinho caf\u00e9 <strong>30,00\u20ac<\/strong>;<\/p>\n<p>4) Entrada \u2013 dois primeiros pratos \u2013 um segundo prato \u2013 acompanhamentos mistos \u2013 sobremesa \u2013 \u00e1gua vinho caf\u00e9 <strong>33,00\u20ac<\/strong>.<\/p>\n<p>Podemos enviar-lhe uma lista de pratos para escolher e comunicar.<\/p>\n<\/div>\n<p><!--more--><br \/>\n<!-- {\"type\":\"layout\",\"children\":[{\"type\":\"section\",\"props\":{\"image_position\":\"center-center\",\"style\":\"default\",\"title_breakpoint\":\"xl\",\"title_position\":\"top-left\",\"title_rotation\":\"left\",\"vertical_align\":\"middle\",\"width\":\"small\"},\"children\":[{\"type\":\"row\",\"children\":[{\"type\":\"column\",\"props\":{\"image_position\":\"center-center\",\"position_sticky_breakpoint\":\"m\"},\"children\":[{\"type\":\"headline\",\"props\":{\"content\":\"Onde comer em Verona\",\"text_align\":\"center\",\"title_color\":\"primary\",\"title_element\":\"h1\"}},{\"type\":\"text\",\"props\":{\"column_breakpoint\":\"m\",\"content\":\"\n\n<p>Onde comer em Verona? Se procura um local para um lanche r\\u00e1pido ou um almo\\u00e7o relaxante, entre em contacto connosco para recomenda\\u00e7\\u00f5es e ofertas especiais.<\\\/p>\",\"margin\":\"default\",\"text_align\":\"center\"}}]}]}]},{\"type\":\"section\",\"props\":{\"image_position\":\"center-center\",\"style\":\"muted\",\"title_breakpoint\":\"xl\",\"title_position\":\"top-left\",\"title_rotation\":\"left\",\"vertical_align\":\"middle\",\"width\":\"small\"},\"children\":[{\"type\":\"row\",\"props\":{\"layout\":\"1-2,1-2\"},\"children\":[{\"type\":\"column\",\"props\":{\"image_position\":\"center-center\",\"position_sticky_breakpoint\":\"m\",\"style\":\"tile-default\",\"width_medium\":\"1-2\"},\"children\":[{\"type\":\"headline\",\"props\":{\"content\":\"PONTOS DE REFRESCO PARA ESTUDANTES\",\"title_color\":\"primary\",\"title_element\":\"h2\",\"title_style\":\"h4\"}},{\"type\":\"text\",\"props\":{\"column_breakpoint\":\"m\",\"content\":\"\n\n<p>Existe uma portaria em Verona que pro\\u00edbe o consumo de alimentos e bebidas nas zonas monumentais do centro. Normalmente n\\u00e3o \\u00e9 aplicado com um rigor excessivo mas existe, pelo menos teoricamente, a possibilidade de ser multado. No centro da cidade existem zonas exteriores onde \\u00e9 permitido almo\\u00e7ar. Se optar por esta solu\\u00e7\\u00e3o, o guia indicar-lhe-\\u00e1 e possivelmente acompanh\\u00e1-lo-\\u00e1 at\\u00e9 \\u00e0quela que lhe for mais conveniente de acordo com o seu itiner\\u00e1rio e necessidades espec\\u00edficas.<\\\/p>\\n\n\n<p>\\u00c9 poss\\u00edvel reservar salas de aula internas em alguns institutos religiosos onde \\u00e9 necess\\u00e1ria uma contribui\\u00e7\\u00e3o. No centro da cidade, facilmente acess\\u00edvel a p\\u00e9, poder\\u00e1 contactar:<\\\/p>\\n\n\n<p>\\u200b\\u200b\\u2022 <strong>o orat\\u00f3rio Filippini<\\\/strong> (Dom Roberto 045 800 2823)<\\\/p>\\n\n\n<p>\\u2022 <strong>sal\\u00e3o da associa\\u00e7\\u00e3o \\u201cFogolar Furlan\\u201d<\\\/strong> (tel 3451134609)<\\\/p>\\n\n\n<p>Todas as f\\u00f3rmulas de almo\\u00e7o (institutos religiosos) devem ser reservadas diretamente<\\\/p>\",\"margin\":\"default\"}}]},{\"type\":\"column\",\"props\":{\"image_position\":\"center-center\",\"position_sticky_breakpoint\":\"m\",\"style\":\"tile-default\",\"width_medium\":\"1-2\"},\"children\":[{\"type\":\"headline\",\"props\":{\"content\":\"\n\n<div>RESTAURANTE<\\\/div>\",\"title_color\":\"primary\",\"title_element\":\"h2\",\"title_style\":\"h4\"}},{\"type\":\"text\",\"props\":{\"column_breakpoint\":\"m\",\"content\":\"\n\n<p>a nossa Associa\\u00e7\\u00e3o tem um <strong>acordo<\\\/strong> com um <strong>restaurante central<\\\/strong> que \\u00e9 um bom compromisso entre log\\u00edstica (est\\u00e1 localizado atr\\u00e1s da Arena, n\\u00e3o muito longe do parque de autocarros) e qualidade\\\/pre\\u00e7o.<\\\/p>\\n\n\n<p>Para estudantes custa 11,00\\u20ac a pizza e bebida e 12,00\\u20ac a pizza, bebida e batatas fritas. Podemos fazer a reserva se desejar.<\\\/p>\\n\n\n<p>Oferecem menus como:<\\\/p>\\n\n\n<p>1) 1 primeiro prato - um segundo prato - acompanhamentos mistos - sobremesa - \\u00e1gua, vinho e caf\\u00e9 <strong>26,00\\u20ac<\\\/strong>;<\\\/p>\\n\n\n<p>2) Dois primeiros pratos - um segundo prato - acompanhamentos mistos - sobremesa - \\u00e1gua, vinho e caf\\u00e9 <strong>30,00\\u20ac<\\\/strong>;<\\\/p>\\n\n\n<p>3) Entrada \\u2013 primeiro prato \\u2013 segundo prato \\u2013 acompanhamentos mistos \\u2013 sobremesa \\u2013 \\u00e1gua vinho caf\\u00e9 <strong>30,00\\u20ac<\\\/strong>;<\\\/p>\\n\n\n<p>4) Entrada \\u2013 dois primeiros pratos \\u2013 um segundo prato \\u2013 acompanhamentos mistos \\u2013 sobremesa \\u2013 \\u00e1gua vinho caf\\u00e9 <strong>33,00\\u20ac<\\\/strong>.<\\\/p>\\n\n\n<p>Podemos enviar-lhe uma lista de pratos para escolher e comunicar.<\\\/p>\",\"margin\":\"default\"}}]}]}]},{\"type\":\"section\",\"props\":{\"image_position\":\"center-center\",\"style\":\"muted\",\"title_breakpoint\":\"xl\",\"title_position\":\"top-left\",\"title_rotation\":\"left\",\"vertical_align\":\"middle\",\"width\":\"small\"},\"children\":[{\"type\":\"row\",\"children\":[{\"type\":\"column\",\"props\":{\"image_position\":\"center-center\",\"position_sticky_breakpoint\":\"m\"},\"children\":[{\"type\":\"module\",\"props\":{\"menu_image_align\":\"center\",\"menu_image_margin\":true,\"menu_style\":\"default\",\"menu_type\":\"nav\",\"type\":\"builderwidget\",\"widget\":\"builderwidget-15\"}}]}]}],\"name\":\"INFO TURISTICHE\"}],\"version\":\"4.2.6\"} --><\/p>\n","protected":false},"excerpt":{"rendered":"<p>Onde comer em Verona Onde comer em Verona? Se procura um local para um lanche r\u00e1pido ou um almo\u00e7o relaxante, entre em contacto connosco para recomenda\u00e7\u00f5es e ofertas especiais. PONTOS DE REFRESCO PARA ESTUDANTES Existe uma portaria em Verona que pro\u00edbe o consumo de alimentos e bebidas nas zonas monumentais do centro. Normalmente n\u00e3o \u00e9 [&hellip;]<\/p>\n","protected":false},"author":6,"featured_media":0,"parent":2699,"menu_order":0,"comment_status":"closed","ping_status":"closed","template":"","meta":{"_acf_changed":false,"rank_math_lock_modified_date":false,"footnotes":""},"class_list":["post-2717","page","type-page","status-publish","hentry"],"acf":[],"_links":{"self":[{"href":"https:\/\/veronaguide.it\/pt-pt\/wp-json\/wp\/v2\/pages\/2717"}],"collection":[{"href":"https:\/\/veronaguide.it\/pt-pt\/wp-json\/wp\/v2\/pages"}],"about":[{"href":"https:\/\/veronaguide.it\/pt-pt\/wp-json\/wp\/v2\/types\/page"}],"author":[{"embeddable":true,"href":"https:\/\/veronaguide.it\/pt-pt\/wp-json\/wp\/v2\/users\/6"}],"replies":[{"embeddable":true,"href":"https:\/\/veronaguide.it\/pt-pt\/wp-json\/wp\/v2\/comments?post=2717"}],"version-history":[{"count":5,"href":"https:\/\/veronaguide.it\/pt-pt\/wp-json\/wp\/v2\/pages\/2717\/revisions"}],"predecessor-version":[{"id":4829,"href":"https:\/\/veronaguide.it\/pt-pt\/wp-json\/wp\/v2\/pages\/2717\/revisions\/4829"}],"up":[{"embeddable":true,"href":"https:\/\/veronaguide.it\/pt-pt\/wp-json\/wp\/v2\/pages\/2699"}],"wp:attachment":[{"href":"https:\/\/veronaguide.it\/pt-pt\/wp-json\/wp\/v2\/media?parent=2717"}],"curies":[{"name":"wp","href":"https:\/\/api.w.org\/{rel}","templated":true}]}}