{"id":2712,"date":"2024-02-07T11:34:58","date_gmt":"2024-02-07T10:34:58","guid":{"rendered":"https:\/\/veronaguide.it\/link-utili\/"},"modified":"2025-04-03T10:14:00","modified_gmt":"2025-04-03T09:14:00","slug":"links-uteis","status":"publish","type":"page","link":"https:\/\/veronaguide.it\/pt-pt\/informacoes-turisticas\/links-uteis\/","title":{"rendered":"Links \u00fateis"},"content":{"rendered":"<div>\n<p>Do posto de turismo at\u00e9 a Arena, uma sele\u00e7\u00e3o de links \u00fateis para comer, dormir, visitar e se deslocar em Verona.<\/p>\n<\/div>\n<h2>Em Verona<\/h2>\n<ul>\n<li>\n<p><a href=\"https:\/\/www.arena.it\/it-IT\/Homeit.html\" rel=\"nofollow noopener\" target=\"_blank\"><\/p>\n<p>Arena de Verona<\/p>\n<p><\/a><\/p>\n<\/li>\n<li>\n<p><a href=\"https:\/\/www.veronafiere.it\/\" rel=\"nofollow noopener\" target=\"_blank\"><\/p>\n<p>Feiras de Verona<\/p>\n<p><\/a><\/p>\n<\/li>\n<li>\n<p><a href=\"https:\/\/www.comune.verona.it\/nqcontent.cfm?a_id=1\" rel=\"nofollow noopener\" target=\"_blank\"><\/p>\n<p>Munic\u00edpio de Verona<\/p>\n<p><\/a><\/p>\n<\/li>\n<li>\n<p><a href=\"https:\/\/www.aeroportoverona.it\/\" rel=\"nofollow noopener\" target=\"_blank\"><\/p>\n<p>Aeroporto de Verona<\/p>\n<p><\/a><\/p>\n<\/li>\n<li>\n<p><a href=\"https:\/\/www.trenitalia.com\/\" rel=\"nofollow noopener\" target=\"_blank\"><\/p>\n<p>Trenit\u00e1lia<\/p>\n<p><\/a><\/p>\n<\/li>\n<li>\n<p><a href=\"https:\/\/www.veronabedandbreakfast.it\/\" rel=\"nofollow noopener\" target=\"_blank\"><\/p>\n<p>Alojamento e pequeno-almo\u00e7o Verona e Prov\u00edncia<\/p>\n<p><\/a><\/p>\n<\/li>\n<li>\n<p><a href=\"https:\/\/www.wedinverona.com\/en\/destination-weddings-events-in-italy-verona-venice-tuscany-sardinia\" rel=\"nofollow noopener\" target=\"_blank\"><\/p>\n<p>Quarta-feira em Verona<\/p>\n<p><\/a><\/p>\n<\/li>\n<li>\n<p><a href=\"https:\/\/www.verona.net\/\" rel=\"nofollow noopener\" target=\"_blank\">Turismo<\/a><\/p>\n<\/li>\n<\/ul>\n<h2>Na It\u00e1lia<\/h2>\n<ul>\n<li>\n<h3>Guias tur\u00edsticos em Lucca:<\/h3>\n<p><a href=\"https:\/\/www.lagiunchiglia.net\/\" rel=\"nofollow noopener\" target=\"_blank\">La Giunchiglia<\/a><\/p>\n<\/li>\n<li>\n<h3>Guias tur\u00edsticos de Massa Carrara e La Spezia:<\/h3>\n<p><a href=\"http:\/\/www.iltau.it\/\" rel=\"nofollow noopener\" target=\"_blank\">Il Tau<\/a><\/p>\n<\/li>\n<li>\n<h3>Guias tur\u00edsticos da \u00dambria:<\/h3>\n<p><a href=\"https:\/\/assoguide.it\/it\/\" rel=\"nofollow noopener\" target=\"_blank\">Agtu<\/a><\/p>\n<\/li>\n<li>\n<h3>Associa\u00e7\u00e3o de L\u00edderes Tur\u00edsticos e Guias Tur\u00edsticos de Rezia, Prov\u00edncia de Sondrio e Cant\u00e3o de Gris\u00f5es (CH):<\/h3>\n<p><a href=\"http:\/\/www.guidedivaltellina.eu\/\" rel=\"nofollow noopener\" target=\"_blank\">Guide di Valtellina<\/a><\/p>\n<\/li>\n<li>\n<p><a href=\"http:\/\/www.anconaguide.com\/\" rel=\"nofollow noopener\" target=\"_blank\"><\/p>\n<p>Associa\u00e7\u00e3o de Guias Tur\u00edsticos de Ancona<\/p>\n<p><\/a><\/p>\n<\/li>\n<li>\n<p><a href=\"https:\/\/guidecomo.it\/\" rel=\"nofollow noopener\" target=\"_blank\"><\/p>\n<p>Guias tur\u00edsticos de Como e da sua prov\u00edncia<\/p>\n<p><\/a><\/p>\n<\/li>\n<li>\n<p><a href=\"https:\/\/www.bergamoguide.it\/\" rel=\"nofollow noopener\" target=\"_blank\"><\/p>\n<p>Grupo de Guias Tur\u00edsticos Cidade de B\u00e9rgamo e prov\u00edncia<\/p>\n<p><\/a><\/p>\n<\/li>\n<li>\n<h3>Guide Turistiche di Venezia:<\/h3>\n<p><a href=\"https:\/\/discoveringvenice.com\/\" rel=\"nofollow noopener\" target=\"_blank\">Discovering Venice<\/a><\/p>\n<\/li>\n<\/ul>\n<p><!--more--><br \/>\n<!-- {\"type\":\"layout\",\"children\":[{\"type\":\"section\",\"props\":{\"image_position\":\"center-center\",\"style\":\"default\",\"title_breakpoint\":\"xl\",\"title_position\":\"top-left\",\"title_rotation\":\"left\",\"vertical_align\":\"middle\",\"width\":\"small\"},\"children\":[{\"type\":\"row\",\"children\":[{\"type\":\"column\",\"props\":{\"image_position\":\"center-center\",\"position_sticky_breakpoint\":\"m\"},\"children\":[{\"type\":\"headline\",\"props\":{\"text_align\":\"center\",\"title_color\":\"primary\",\"title_element\":\"h1\"},\"source\":{\"query\":{\"name\":\"pages.singlePage\"},\"props\":{\"content\":{\"filters\":{\"search\":\"\"},\"name\":\"title\"}}}},{\"type\":\"text\",\"props\":{\"column_breakpoint\":\"m\",\"content\":\"\n\n<p>Do posto de turismo at\\u00e9 a Arena, uma sele\\u00e7\\u00e3o de links \\u00fateis para comer, dormir, visitar e se deslocar em Verona.<\\\/p>\",\"margin\":\"default\",\"text_align\":\"center\"}}]}]}],\"name\":\"INFO h1\"},{\"type\":\"section\",\"props\":{\"image_position\":\"center-center\",\"style\":\"default\",\"title_breakpoint\":\"xl\",\"title_position\":\"top-left\",\"title_rotation\":\"left\",\"vertical_align\":\"middle\",\"width\":\"small\"},\"children\":[{\"type\":\"row\",\"props\":{\"layout\":\"1-2,1-2\"},\"children\":[{\"type\":\"column\",\"props\":{\"image_position\":\"center-center\",\"position_sticky_breakpoint\":\"m\",\"width_medium\":\"1-2\"},\"children\":[{\"type\":\"headline\",\"props\":{\"content\":\"Em Verona\",\"title_color\":\"primary\",\"title_element\":\"h2\",\"title_style\":\"h3\"}},{\"type\":\"description_list\",\"props\":{\"column_breakpoint\":\"m\",\"layout\":\"stacked\",\"list_element\":\"ul\",\"list_marker\":\"square\",\"list_marker_color\":\"primary\",\"meta_align\":\"below-content\",\"meta_style\":\"text-meta\",\"show_content\":true,\"show_link\":true,\"show_meta\":true,\"show_title\":true,\"title_element\":\"div\",\"title_grid_column_gap\":\"small\",\"title_grid_row_gap\":\"small\",\"title_grid_width\":\"auto\"},\"children\":[{\"type\":\"description_list_item\",\"props\":{\"content\":\"\n\n<p>Arena de Verona<\\\/p>\",\"link\":\"https:\\\/\\\/www.arena.it\\\/it-IT\\\/Homeit.html\",\"link_target\":true,\"title\":\"\"}},{\"type\":\"description_list_item\",\"props\":{\"content\":\"\n\n<p>Feiras de Verona<\\\/p>\",\"link\":\"https:\\\/\\\/www.veronafiere.it\\\/\",\"link_target\":true,\"title\":\"\"}},{\"type\":\"description_list_item\",\"props\":{\"content\":\"\n\n<p>Munic\\u00edpio de Verona<\\\/p>\",\"link\":\"https:\\\/\\\/www.comune.verona.it\\\/nqcontent.cfm?a_id=1\",\"link_target\":true,\"title\":\"\"}},{\"type\":\"description_list_item\",\"props\":{\"content\":\"\n\n<p>Aeroporto de Verona<\\\/p>\",\"link\":\"https:\\\/\\\/www.aeroportoverona.it\\\/\",\"link_target\":true,\"title\":\"\"}},{\"type\":\"description_list_item\",\"props\":{\"content\":\"\n\n<p>Trenit\\u00e1lia<\\\/p>\",\"link\":\"https:\\\/\\\/www.trenitalia.com\\\/\",\"link_target\":true,\"title\":\"\"}},{\"type\":\"description_list_item\",\"props\":{\"content\":\"\n\n<p>Alojamento e pequeno-almo\\u00e7o Verona e Prov\\u00edncia<\\\/p>\",\"link\":\"https:\\\/\\\/www.veronabedandbreakfast.it\\\/\",\"link_target\":true,\"title\":\"\"}},{\"type\":\"description_list_item\",\"props\":{\"content\":\"\n\n<p>Quarta-feira em Verona<\\\/p>\",\"link\":\"https:\\\/\\\/www.wedinverona.com\\\/en\\\/destination-weddings-events-in-italy-verona-venice-tuscany-sardinia\",\"link_target\":true,\"title\":\"\"}},{\"type\":\"description_list_item\",\"props\":{\"content\":\"Turismo\",\"link\":\"https:\\\/\\\/www.verona.net\\\/\",\"link_target\":true,\"title\":\"\"}}]}]},{\"type\":\"column\",\"props\":{\"image_position\":\"center-center\",\"position_sticky_breakpoint\":\"m\",\"width_medium\":\"1-2\"},\"children\":[{\"type\":\"headline\",\"props\":{\"content\":\"Na It\\u00e1lia\",\"title_color\":\"primary\",\"title_element\":\"h2\",\"title_style\":\"h3\"}},{\"type\":\"description_list\",\"props\":{\"column_breakpoint\":\"m\",\"layout\":\"stacked\",\"list_element\":\"ul\",\"list_marker\":\"square\",\"list_marker_color\":\"primary\",\"meta_align\":\"below-content\",\"meta_style\":\"text-meta\",\"show_content\":true,\"show_link\":true,\"show_meta\":true,\"show_title\":true,\"title_element\":\"div\",\"title_grid_column_gap\":\"small\",\"title_grid_row_gap\":\"small\",\"title_grid_width\":\"auto\"},\"children\":[{\"type\":\"description_list_item\",\"props\":{\"content\":\"La Giunchiglia\",\"link\":\"https:\\\/\\\/www.lagiunchiglia.net\\\/\",\"link_target\":true,\"title\":\"Guias tur\\u00edsticos em Lucca:\"}},{\"type\":\"description_list_item\",\"props\":{\"content\":\"Il Tau\",\"link\":\"http:\\\/\\\/www.iltau.it\\\/\",\"link_target\":true,\"title\":\"Guias tur\\u00edsticos de Massa Carrara e La Spezia:\"}},{\"type\":\"description_list_item\",\"props\":{\"content\":\"Agtu\",\"link\":\"https:\\\/\\\/assoguide.it\\\/it\\\/\",\"link_target\":true,\"title\":\"Guias tur\\u00edsticos da \\u00dambria:\"}},{\"type\":\"description_list_item\",\"props\":{\"content\":\"Guide di Valtellina\",\"link\":\"http:\\\/\\\/www.guidedivaltellina.eu\\\/\",\"link_target\":true,\"title\":\"Associa\\u00e7\\u00e3o de L\\u00edderes Tur\\u00edsticos e Guias Tur\\u00edsticos de Rezia, Prov\\u00edncia de Sondrio e Cant\\u00e3o de Gris\\u00f5es (CH):\"}},{\"type\":\"description_list_item\",\"props\":{\"content\":\"\n\n<p>Associa\\u00e7\\u00e3o de Guias Tur\\u00edsticos de Ancona<\\\/p>\",\"link\":\"http:\\\/\\\/www.anconaguide.com\\\/\",\"link_target\":true,\"title\":\"\"}},{\"type\":\"description_list_item\",\"props\":{\"content\":\"\n\n<p>Guias tur\\u00edsticos de Como e da sua prov\\u00edncia<\\\/p>\",\"link\":\"https:\\\/\\\/guidecomo.it\\\/\",\"link_target\":true,\"title\":\"\"}},{\"type\":\"description_list_item\",\"props\":{\"content\":\"\n\n<p>Grupo de Guias Tur\\u00edsticos Cidade de B\\u00e9rgamo e prov\\u00edncia<\\\/p>\",\"link\":\"https:\\\/\\\/www.bergamoguide.it\\\/\"}},{\"type\":\"description_list_item\",\"props\":{\"content\":\"Discovering Venice\",\"link\":\"https:\\\/\\\/discoveringvenice.com\\\/\",\"link_target\":true,\"title\":\"Guide Turistiche di Venezia:\"}}]}]}]}]},{\"type\":\"section\",\"props\":{\"image_position\":\"center-center\",\"style\":\"muted\",\"title_breakpoint\":\"xl\",\"title_position\":\"top-left\",\"title_rotation\":\"left\",\"vertical_align\":\"middle\",\"width\":\"small\"},\"children\":[{\"type\":\"row\",\"children\":[{\"type\":\"column\",\"props\":{\"image_position\":\"center-center\",\"position_sticky_breakpoint\":\"m\"},\"children\":[{\"type\":\"module\",\"props\":{\"menu_image_align\":\"center\",\"menu_image_margin\":true,\"menu_style\":\"default\",\"menu_type\":\"nav\",\"type\":\"builderwidget\",\"widget\":\"builderwidget-15\"}}]}]}],\"name\":\"INFO TURISTICHE\"}],\"version\":\"4.2.6\"} --><\/p>\n","protected":false},"excerpt":{"rendered":"<p>Do posto de turismo at\u00e9 a Arena, uma sele\u00e7\u00e3o de links \u00fateis para comer, dormir, visitar e se deslocar em Verona. Em Verona Arena de Verona Feiras de Verona Munic\u00edpio de Verona Aeroporto de Verona Trenit\u00e1lia Alojamento e pequeno-almo\u00e7o Verona e Prov\u00edncia Quarta-feira em Verona Turismo Na It\u00e1lia Guias tur\u00edsticos em Lucca: La Giunchiglia Guias [&hellip;]<\/p>\n","protected":false},"author":6,"featured_media":0,"parent":2699,"menu_order":0,"comment_status":"closed","ping_status":"closed","template":"","meta":{"_acf_changed":false,"rank_math_lock_modified_date":false,"footnotes":""},"class_list":["post-2712","page","type-page","status-publish","hentry"],"acf":[],"_links":{"self":[{"href":"https:\/\/veronaguide.it\/pt-pt\/wp-json\/wp\/v2\/pages\/2712"}],"collection":[{"href":"https:\/\/veronaguide.it\/pt-pt\/wp-json\/wp\/v2\/pages"}],"about":[{"href":"https:\/\/veronaguide.it\/pt-pt\/wp-json\/wp\/v2\/types\/page"}],"author":[{"embeddable":true,"href":"https:\/\/veronaguide.it\/pt-pt\/wp-json\/wp\/v2\/users\/6"}],"replies":[{"embeddable":true,"href":"https:\/\/veronaguide.it\/pt-pt\/wp-json\/wp\/v2\/comments?post=2712"}],"version-history":[{"count":5,"href":"https:\/\/veronaguide.it\/pt-pt\/wp-json\/wp\/v2\/pages\/2712\/revisions"}],"predecessor-version":[{"id":4835,"href":"https:\/\/veronaguide.it\/pt-pt\/wp-json\/wp\/v2\/pages\/2712\/revisions\/4835"}],"up":[{"embeddable":true,"href":"https:\/\/veronaguide.it\/pt-pt\/wp-json\/wp\/v2\/pages\/2699"}],"wp:attachment":[{"href":"https:\/\/veronaguide.it\/pt-pt\/wp-json\/wp\/v2\/media?parent=2712"}],"curies":[{"name":"wp","href":"https:\/\/api.w.org\/{rel}","templated":true}]}}