{"id":2694,"date":"2024-02-07T11:03:21","date_gmt":"2024-02-07T10:03:21","guid":{"rendered":"https:\/\/veronaguide.it\/info-parcheggi\/"},"modified":"2025-04-03T10:03:21","modified_gmt":"2025-04-03T09:03:21","slug":"informacoes-de-estacionamento","status":"publish","type":"page","link":"https:\/\/veronaguide.it\/pt-pt\/informacoes-turisticas\/informacoes-de-estacionamento\/","title":{"rendered":"Informa\u00e7\u00f5es de estacionamento"},"content":{"rendered":"<h1>Estacionamento para autom\u00f3veis e autocarros<\/h1>\n<div>\n<p>Sabemos que encontrar estacionamento em Verona nem sempre \u00e9 f\u00e1cil, especialmente nas zonas do centro e da Arena. Aqui est\u00e3o algumas dicas \u00fateis para estacionar carros e \u00f4nibus. Se precisar de mais informa\u00e7\u00f5es, n\u00e3o hesite em nos contactar!<\/p>\n<\/div>\n<h2>\n<div>Estacionamento de autocarro tur\u00edstico<\/div>\n<div><\/div>\n<\/h2>\n<h2>ESTACIONAMENTO \u00c1REA DO EST\u00c1DIO \u201cC\u201d<\/h2>\n<ul>\n<li>\n<h3>Tarifas<\/h3>\n<div>\n<p><strong>15,00\u20ac<\/strong> tarifa fixa <strong>das 8h \u00e0s 22h<\/strong><\/p>\n<\/div>\n<\/li>\n<li>\n<h3>Isen\u00e7\u00f5es<\/h3>\n<div>\n<p>Os <strong>grupos escolares de Verona e da prov\u00edncia<\/strong>\u00a0est\u00e3o isentos do pagamento do estacionamento no estacionamento &#8220;C&#8221; do Est\u00e1dio. Para usufruir desta isen\u00e7\u00e3o, o motorista dever\u00e1 apresentar a declara\u00e7\u00e3o em papel timbrado do instituto comprovativa da viagem e a lista dos nomes dos participantes.<\/p>\n<\/div>\n<\/li>\n<li>\n<h3>Pagamento<\/h3>\n<div>\n<p>Isto pode ser feito no\u00a0posto de <strong>pagamento autom\u00e1tico no local<\/strong>. O caixa aceita <strong>pagamentos apenas com notas e moedas<\/strong>. Recorde-se que na caixa autom\u00e1tica do parque de estacionamento do Est\u00e1dio \u201cC\u201d \u00e9 poss\u00edvel adquirir: estacionamento di\u00e1rio para autocarros e o ZTL Bus PASS.<\/p>\n<\/div>\n<\/li>\n<\/ul>\n<h2>\n<div>Terminal de autocarros no CENTER PARKING<\/div>\n<div><\/div>\n<\/h2>\n<ul>\n<li>\n<h3>Tarifas<\/h3>\n<div>\n<p><strong>DIA (das 8h \u00e0s 18h):<\/strong><br \/>-15,00\u20ac primeira hora de estacionamento ou frac\u00e7\u00e3o<br \/>-5,00\u20ac de 30 em 30 minutos ou frac\u00e7\u00e3o (nas horas seguintes ao primeiro)<\/p>\n<p><strong>NOITE (das 18h \u00e0s 2h):<\/strong><br \/>\u2013 5,00\u20ac por cada 60 minutos ou parte deles<\/p>\n<p><strong>NOITE (das 2 \u00e0s 8):<\/strong><br \/>\u2013 10,00\u20ac taxa fixa<\/p>\n<p><strong>Carga\/descarga (dentro de 15 minutos)<\/strong>: 5,00\u20ac<\/p>\n<\/div>\n<\/li>\n<li>\n<h3>Pagamento<\/h3>\n<div>\n<p>Deve ser feito num dos 4 postos de pagamento autom\u00e1tico existentes no local. As m\u00e1quinas aceitam moedas e notas.<\/p>\n<\/div>\n<\/li>\n<\/ul>\n<h2>\n<div>Estacionamentos convenientes no centro<\/div>\n<div><\/div>\n<\/h2>\n<h2>ESTACIONAMENTO SUBTERR\u00c2NEO CITADELLA (Piazza Cittadella, Verona)<\/h2>\n<div>\n<p>Muito c\u00f3modo no centro hist\u00f3rico, este parque de estacionamento est\u00e1 localizado a duzentos metros da Arena e da Piazza Br\u00e0.<\/p>\n<\/p>\n<\/div>\n<ul>\n<li>\n<h3>Taxa hor\u00e1ria para <strong>estacionamento subterr\u00e2neo de v\u00e1rios andares<\/strong>:<\/h3>\n<div>\n<p>\u2013 At\u00e9 1 hora ou parte dela 2,00\u20ac<br \/>\u2013 At\u00e9 2 horas ou parte delas 5,00\u20ac<br \/>\u2013 At\u00e9 3 horas ou parte delas 7,50\u20ac<br \/>\u2013 At\u00e9 4 horas ou frac\u00e7\u00e3o 10,00\u20ac<br \/>\u2013 At\u00e9 5 horas ou parte delas 12,50\u20ac<br \/>\u2013 At\u00e9 6 horas ou frac\u00e7\u00e3o 15,00\u20ac<br \/>\u2013 Tarifa m\u00e1xima di\u00e1ria (24 horas) 16,00\u20ac<\/p>\n<\/div>\n<\/li>\n<li>\n<h3>Taxa por hora\u00a0para <strong>estacionamento \u00e0 superf\u00edcie<\/strong><\/h3>\n<div>\n<p>\u2013 Cada 20 minutos 1,00\u20ac<br \/>\u2013 Tarifa m\u00e1xima di\u00e1ria (24 horas) 18,00\u20ac<\/p>\n<\/div>\n<\/li>\n<\/ul>\n<h2>\n<div>ESTACIONAMENTO ARENA (via M. Bentegodi 8, Verona)<\/div>\n<div><\/div>\n<\/h2>\n<div>\n<p>Localizado junto \u00e0 Piazza Cittadella, este parque de estacionamento fica apenas a quatrocentos metros da Arena e da Piazza Br\u00e0.<\/p>\n<\/div>\n<ul>\n<li>\n<h3><strong>Taxas hor\u00e1rias<\/strong><\/h3>\n<div>\n<p>(paragem de 1 hora ou parte dela) 2,00 \u20ac<br \/>(2 horas de paragem ou parte dela) 4,50\u20ac<br \/>(3 horas de paragem ou parte dela) 7,00 \u20ac<br \/>(4 horas de estacionamento ou parte dele) 9,50\u20ac<br \/>5 horas de estacionamento ou parte dele) 12,00\u20ac<br \/>(6 horas de estacionamento ou parte dele) 14,50\u20ac<\/p>\n<\/div>\n<\/li>\n<li>\n<h3><strong>Taxa di\u00e1ria<\/strong><\/h3>\n<div>\n<p>1\u00ba dia (24 horas) 16,00\u20ac<\/p>\n<\/div>\n<\/li>\n<\/ul>\n<ul>\n<li>\n<p>45.4367,10.9631<\/p>\n<div>Parcheggio &#8220;C&#8221; Zona Stadio<\/div>\n<div><a style=\"color: black;\" target=\"_blank\" href=\"https:\/\/maps.app.goo.gl\/Cc5CTSeJFfCFV2Ei9\" rel=\"nofollow noopener\">Parcheggio &#8220;C&#8221; Zona Stadio<\/a><\/div>\n<\/li>\n<li>\n<p>45.4336,11.0024<\/p>\n<div>Parcheggio Centro<\/div>\n<div><a style=\"color: black;\" target=\"_blank\" href=\"https:\/\/maps.app.goo.gl\/KF4smDwFuXR3P4318\" rel=\"nofollow noopener\">Parcheggio Centro<\/a><\/div>\n<\/li>\n<li>\n<p>45.4367,10.9923<\/p>\n<div>Parcheggio Interrato Cittadella<\/div>\n<div><a style=\"color: black;\" target=\"_blank\" href=\"https:\/\/maps.app.goo.gl\/UdhMABpNjay6VRhP8\" rel=\"nofollow noopener\">Parcheggio Interrato Cittadella<\/a><\/div>\n<\/li>\n<li>\n<p>45.4355,10.9920<\/p>\n<div>Parcheggio Arena<\/div>\n<div><a style=\"color: black;\" target=\"_blank\" href=\"https:\/\/maps.app.goo.gl\/fFLJ7p9RK3v9BFu56\" rel=\"nofollow noopener\">Parcheggio Arena<\/a><\/div>\n<\/li>\n<\/ul>\n<p><!--more--><br \/>\n<!-- {\"type\":\"layout\",\"children\":[{\"type\":\"section\",\"props\":{\"image_position\":\"center-center\",\"style\":\"default\",\"title_breakpoint\":\"xl\",\"title_position\":\"top-left\",\"title_rotation\":\"left\",\"vertical_align\":\"middle\",\"width\":\"small\"},\"children\":[{\"type\":\"row\",\"children\":[{\"type\":\"column\",\"props\":{\"image_position\":\"center-center\",\"position_sticky_breakpoint\":\"m\"},\"children\":[{\"type\":\"headline\",\"props\":{\"content\":\"Estacionamento para autom\\u00f3veis e autocarros\",\"text_align\":\"center\",\"title_color\":\"primary\",\"title_element\":\"h1\"}},{\"type\":\"text\",\"props\":{\"column_breakpoint\":\"m\",\"content\":\"\n\n<p>Sabemos que encontrar estacionamento em Verona nem sempre \\u00e9 f\\u00e1cil, especialmente nas zonas do centro e da Arena. Aqui est\\u00e3o algumas dicas \\u00fateis para estacionar carros e \\u00f4nibus. Se precisar de mais informa\\u00e7\\u00f5es, n\\u00e3o hesite em nos contactar!<\\\/p>\",\"margin\":\"default\",\"text_align\":\"center\"}}]}]}]},{\"type\":\"section\",\"props\":{\"image_position\":\"center-center\",\"style\":\"muted\",\"title_breakpoint\":\"xl\",\"title_position\":\"top-left\",\"title_rotation\":\"left\",\"vertical_align\":\"middle\",\"width\":\"small\"},\"children\":[{\"type\":\"row\",\"children\":[{\"type\":\"column\",\"props\":{\"image_position\":\"center-center\",\"position_sticky_breakpoint\":\"m\"},\"children\":[{\"type\":\"headline\",\"props\":{\"content\":\"\n\n<div>Estacionamento de autocarro tur\\u00edstico<\\\/div>\\n\n\n<div><\\\/div>\",\"text_align\":\"center\",\"title_color\":\"secondary\",\"title_element\":\"h2\",\"title_style\":\"h3\"}}]}]},{\"type\":\"row\",\"props\":{\"layout\":\"1-2,1-2\"},\"children\":[{\"type\":\"column\",\"props\":{\"image_position\":\"center-center\",\"position_sticky_breakpoint\":\"m\",\"style\":\"tile-default\",\"width_medium\":\"1-2\"},\"children\":[{\"type\":\"headline\",\"props\":{\"content\":\"ESTACIONAMENTO \\u00c1REA DO EST\\u00c1DIO \\u201cC\\u201d\",\"title_color\":\"primary\",\"title_element\":\"h2\",\"title_style\":\"h4\"}},{\"type\":\"description_list\",\"props\":{\"column_breakpoint\":\"m\",\"layout\":\"stacked\",\"list_element\":\"ul\",\"meta_align\":\"below-content\",\"meta_style\":\"text-meta\",\"show_content\":true,\"show_link\":true,\"show_meta\":true,\"show_title\":true,\"title_color\":\"primary\",\"title_element\":\"div\",\"title_grid_column_gap\":\"small\",\"title_grid_row_gap\":\"small\",\"title_grid_width\":\"auto\",\"title_style\":\"text-large\"},\"children\":[{\"type\":\"description_list_item\",\"props\":{\"content\":\"\n\n<p><strong>15,00\\u20ac<\\\/strong> tarifa fixa <strong>das 8h \\u00e0s 22h<\\\/strong><\\\/p>\",\"title\":\"Tarifas\"}},{\"type\":\"description_list_item\",\"props\":{\"content\":\"\n\n<p>Os <strong>grupos escolares de Verona e da prov\\u00edncia<\\\/strong>\\u00a0est\\u00e3o isentos do pagamento do estacionamento no estacionamento \\\"C\\\" do Est\\u00e1dio. Para usufruir desta isen\\u00e7\\u00e3o, o motorista dever\\u00e1 apresentar a declara\\u00e7\\u00e3o em papel timbrado do instituto comprovativa da viagem e a lista dos nomes dos participantes.<\\\/p>\",\"title\":\"Isen\\u00e7\\u00f5es\"}},{\"type\":\"description_list_item\",\"props\":{\"content\":\"\n\n<p>Isto pode ser feito no\\u00a0posto de <strong>pagamento autom\\u00e1tico no local<\\\/strong>. O caixa aceita <strong>pagamentos apenas com notas e moedas<\\\/strong>. Recorde-se que na caixa autom\\u00e1tica do parque de estacionamento do Est\\u00e1dio \\u201cC\\u201d \\u00e9 poss\\u00edvel adquirir: estacionamento di\\u00e1rio para autocarros e o ZTL Bus PASS.<\\\/p>\",\"title\":\"Pagamento\"}}]}]},{\"type\":\"column\",\"props\":{\"image_position\":\"center-center\",\"position_sticky_breakpoint\":\"m\",\"style\":\"tile-default\",\"width_medium\":\"1-2\"},\"children\":[{\"type\":\"headline\",\"props\":{\"content\":\"\n\n<div>Terminal de autocarros no CENTER PARKING<\\\/div>\\n\n\n<div><\\\/div>\",\"title_color\":\"primary\",\"title_element\":\"h2\",\"title_style\":\"h4\"}},{\"type\":\"description_list\",\"props\":{\"column_breakpoint\":\"m\",\"layout\":\"stacked\",\"list_element\":\"ul\",\"meta_align\":\"below-content\",\"meta_style\":\"text-meta\",\"show_content\":true,\"show_link\":true,\"show_meta\":true,\"show_title\":true,\"title_color\":\"primary\",\"title_element\":\"div\",\"title_grid_column_gap\":\"small\",\"title_grid_row_gap\":\"small\",\"title_grid_width\":\"auto\",\"title_style\":\"text-large\"},\"children\":[{\"type\":\"description_list_item\",\"props\":{\"content\":\"\n\n<p><strong>DIA (das 8h \\u00e0s 18h):<\\\/strong><br \\\/>-15,00\\u20ac primeira hora de estacionamento ou frac\\u00e7\\u00e3o<br \\\/>-5,00\\u20ac de 30 em 30 minutos ou frac\\u00e7\\u00e3o (nas horas seguintes ao primeiro)<\\\/p>\\n\n\n<p><strong>NOITE (das 18h \\u00e0s 2h):<\\\/strong><br \\\/>\\u2013 5,00\\u20ac por cada 60 minutos ou parte deles<\\\/p>\\n\n\n<p><strong>NOITE (das 2 \\u00e0s 8):<\\\/strong><br \\\/>\\u2013 10,00\\u20ac taxa fixa<\\\/p>\\n\n\n<p><strong>Carga\\\/descarga (dentro de 15 minutos)<\\\/strong>: 5,00\\u20ac<\\\/p>\",\"title\":\"Tarifas\"}},{\"type\":\"description_list_item\",\"props\":{\"content\":\"\n\n<p>Deve ser feito num dos 4 postos de pagamento autom\\u00e1tico existentes no local. As m\\u00e1quinas aceitam moedas e notas.<\\\/p>\",\"title\":\"Pagamento\"}}]}]}]}]},{\"type\":\"section\",\"props\":{\"image_position\":\"center-center\",\"style\":\"muted\",\"title_breakpoint\":\"xl\",\"title_position\":\"top-left\",\"title_rotation\":\"left\",\"vertical_align\":\"middle\",\"width\":\"small\"},\"children\":[{\"type\":\"row\",\"children\":[{\"type\":\"column\",\"props\":{\"image_position\":\"center-center\",\"position_sticky_breakpoint\":\"m\"},\"children\":[{\"type\":\"headline\",\"props\":{\"content\":\"\n\n<div>Estacionamentos convenientes no centro<\\\/div>\\n\n\n<div><\\\/div>\",\"text_align\":\"center\",\"title_color\":\"secondary\",\"title_element\":\"h2\",\"title_style\":\"h3\"}}]}]},{\"type\":\"row\",\"props\":{\"layout\":\"1-2,1-2\"},\"children\":[{\"type\":\"column\",\"props\":{\"image_position\":\"center-center\",\"position_sticky_breakpoint\":\"m\",\"style\":\"tile-default\",\"width_medium\":\"1-2\"},\"children\":[{\"type\":\"headline\",\"props\":{\"content\":\"ESTACIONAMENTO SUBTERR\\u00c2NEO CITADELLA (Piazza Cittadella, Verona)\",\"title_color\":\"primary\",\"title_element\":\"h2\",\"title_style\":\"h4\"}},{\"type\":\"text\",\"props\":{\"column_breakpoint\":\"m\",\"content\":\"\n\n<p>Muito c\\u00f3modo no centro hist\\u00f3rico, este parque de estacionamento est\\u00e1 localizado a duzentos metros da Arena e da Piazza Br\\u00e0.<\\\/p>\\n\n\n<p><\\\/p>\",\"margin\":\"default\"}},{\"type\":\"description_list\",\"props\":{\"column_breakpoint\":\"m\",\"layout\":\"stacked\",\"list_element\":\"ul\",\"meta_align\":\"below-content\",\"meta_style\":\"text-meta\",\"show_content\":true,\"show_link\":true,\"show_meta\":true,\"show_title\":true,\"title_color\":\"primary\",\"title_element\":\"div\",\"title_grid_column_gap\":\"small\",\"title_grid_row_gap\":\"small\",\"title_grid_width\":\"auto\",\"title_style\":\"text-large\"},\"children\":[{\"type\":\"description_list_item\",\"props\":{\"content\":\"\n\n<p>\\u2013 At\\u00e9 1 hora ou parte dela 2,00\\u20ac<br \\\/>\\u2013 At\\u00e9 2 horas ou parte delas 5,00\\u20ac<br \\\/>\\u2013 At\\u00e9 3 horas ou parte delas 7,50\\u20ac<br \\\/>\\u2013 At\\u00e9 4 horas ou frac\\u00e7\\u00e3o 10,00\\u20ac<br \\\/>\\u2013 At\\u00e9 5 horas ou parte delas 12,50\\u20ac<br \\\/>\\u2013 At\\u00e9 6 horas ou frac\\u00e7\\u00e3o 15,00\\u20ac<br \\\/>\\u2013 Tarifa m\\u00e1xima di\\u00e1ria (24 horas) 16,00\\u20ac<\\\/p>\",\"title\":\"Taxa hor\\u00e1ria para <strong>estacionamento subterr\\u00e2neo de v\\u00e1rios andares<\\\/strong>:\"}},{\"type\":\"description_list_item\",\"props\":{\"content\":\"\n\n<p>\\u2013 Cada 20 minutos 1,00\\u20ac<br \\\/>\\u2013 Tarifa m\\u00e1xima di\\u00e1ria (24 horas) 18,00\\u20ac<\\\/p>\",\"title\":\"Taxa por hora\\u00a0para <strong>estacionamento \\u00e0 superf\\u00edcie<\\\/strong>\"}}]}]},{\"type\":\"column\",\"props\":{\"image_position\":\"center-center\",\"position_sticky_breakpoint\":\"m\",\"style\":\"tile-default\",\"width_medium\":\"1-2\"},\"children\":[{\"type\":\"headline\",\"props\":{\"content\":\"\n\n<div>ESTACIONAMENTO ARENA (via M. Bentegodi 8, Verona)<\\\/div>\\n\n\n<div><\\\/div>\",\"title_color\":\"primary\",\"title_element\":\"h2\",\"title_style\":\"h4\"}},{\"type\":\"text\",\"props\":{\"column_breakpoint\":\"m\",\"content\":\"\n\n<p>Localizado junto \\u00e0 Piazza Cittadella, este parque de estacionamento fica apenas a quatrocentos metros da Arena e da Piazza Br\\u00e0.<\\\/p>\",\"margin\":\"default\"}},{\"type\":\"description_list\",\"props\":{\"column_breakpoint\":\"m\",\"layout\":\"stacked\",\"list_element\":\"ul\",\"meta_align\":\"below-content\",\"meta_style\":\"text-meta\",\"show_content\":true,\"show_link\":true,\"show_meta\":true,\"show_title\":true,\"title_color\":\"primary\",\"title_element\":\"div\",\"title_grid_column_gap\":\"small\",\"title_grid_row_gap\":\"small\",\"title_grid_width\":\"auto\",\"title_style\":\"text-large\"},\"children\":[{\"type\":\"description_list_item\",\"props\":{\"content\":\"\n\n<p>(paragem de 1 hora ou parte dela) 2,00 \\u20ac<br \\\/>(2 horas de paragem ou parte dela) 4,50\\u20ac<br \\\/>(3 horas de paragem ou parte dela) 7,00 \\u20ac<br \\\/>(4 horas de estacionamento ou parte dele) 9,50\\u20ac<br \\\/>5 horas de estacionamento ou parte dele) 12,00\\u20ac<br \\\/>(6 horas de estacionamento ou parte dele) 14,50\\u20ac<\\\/p>\",\"title\":\"<strong>Taxas hor\\u00e1rias<\\\/strong>\"}},{\"type\":\"description_list_item\",\"props\":{\"content\":\"\n\n<p>1\\u00ba dia (24 horas) 16,00\\u20ac<\\\/p>\",\"title\":\"<strong>Taxa di\\u00e1ria<\\\/strong>\"}}]}]}]}]},{\"type\":\"section\",\"props\":{\"image_position\":\"center-center\",\"padding_remove_bottom\":false,\"style\":\"primary\",\"title_breakpoint\":\"xl\",\"title_position\":\"top-left\",\"title_rotation\":\"left\",\"vertical_align\":\"middle\",\"width\":\"default\"},\"children\":[{\"type\":\"row\",\"children\":[{\"type\":\"column\",\"props\":{\"image_position\":\"center-center\",\"position_sticky_breakpoint\":\"m\"},\"children\":[{\"type\":\"map\",\"props\":{\"clustering\":false,\"controls\":true,\"css\":\"@media screen and (max-width: 780px) {\\n    .el-element{\\n        height: 400px !important;\\n    }\\n}\\n\",\"dragging\":false,\"height\":\"750px\",\"image_svg_color\":\"emphasis\",\"link_style\":\"default\",\"link_text\":\"Read more\",\"margin\":\"default\",\"max_zoom\":18,\"meta_align\":\"below-title\",\"meta_element\":\"div\",\"meta_style\":\"text-meta\",\"min_zoom\":0,\"poi\":false,\"show_content\":true,\"show_image\":false,\"show_link\":false,\"show_meta\":false,\"show_title\":false,\"title_element\":\"div\",\"title_hover_style\":\"reset\",\"type\":\"roadmap\",\"zoom\":\"13\",\"zooming\":false},\"children\":[{\"type\":\"map_item\",\"props\":{\"content\":\"<a style=\\\"color: black;\\\" target=\\\"_blank\\\" href=\\\"https:\\\/\\\/maps.app.goo.gl\\\/Cc5CTSeJFfCFV2Ei9\\\">Parcheggio \\\"C\\\" Zona Stadio<\\\/a>\",\"location\":\"45.4367,10.9631\",\"title\":\"Parcheggio \\\"C\\\" Zona Stadio\"}},{\"type\":\"map_item\",\"props\":{\"content\":\"<a style=\\\"color: black;\\\" target=\\\"_blank\\\" href=\\\"https:\\\/\\\/maps.app.goo.gl\\\/KF4smDwFuXR3P4318\\\">Parcheggio Centro<\\\/a>\",\"location\":\"45.4336,11.0024\",\"title\":\"Parcheggio Centro\"}},{\"type\":\"map_item\",\"props\":{\"content\":\"<a style=\\\"color: black;\\\" target=\\\"_blank\\\" href=\\\"https:\\\/\\\/maps.app.goo.gl\\\/UdhMABpNjay6VRhP8\\\">Parcheggio Interrato Cittadella<\\\/a>\",\"location\":\"45.4367,10.9923\",\"title\":\"Parcheggio Interrato Cittadella\"}},{\"type\":\"map_item\",\"props\":{\"content\":\"<a style=\\\"color: black;\\\" target=\\\"_blank\\\" href=\\\"https:\\\/\\\/maps.app.goo.gl\\\/fFLJ7p9RK3v9BFu56\\\">Parcheggio Arena<\\\/a>\",\"location\":\"45.4355,10.9920\",\"title\":\"Parcheggio Arena\"}}]}]}]}]},{\"type\":\"section\",\"props\":{\"image_position\":\"center-center\",\"style\":\"muted\",\"title_breakpoint\":\"xl\",\"title_position\":\"top-left\",\"title_rotation\":\"left\",\"vertical_align\":\"middle\",\"width\":\"small\"},\"children\":[{\"type\":\"row\",\"children\":[{\"type\":\"column\",\"props\":{\"image_position\":\"center-center\",\"position_sticky_breakpoint\":\"m\"},\"children\":[{\"type\":\"module\",\"props\":{\"menu_image_align\":\"center\",\"menu_image_margin\":true,\"menu_style\":\"default\",\"menu_type\":\"nav\",\"type\":\"builderwidget\",\"widget\":\"builderwidget-15\"}}]}]}],\"name\":\"INFO TURISTICHE\"}],\"version\":\"4.2.6\"} --><\/p>\n","protected":false},"excerpt":{"rendered":"<p>Estacionamento para autom\u00f3veis e autocarros Sabemos que encontrar estacionamento em Verona nem sempre \u00e9 f\u00e1cil, especialmente nas zonas do centro e da Arena. Aqui est\u00e3o algumas dicas \u00fateis para estacionar carros e \u00f4nibus. Se precisar de mais informa\u00e7\u00f5es, n\u00e3o hesite em nos contactar! Estacionamento de autocarro tur\u00edstico ESTACIONAMENTO \u00c1REA DO EST\u00c1DIO \u201cC\u201d Tarifas 15,00\u20ac tarifa [&hellip;]<\/p>\n","protected":false},"author":6,"featured_media":0,"parent":2699,"menu_order":0,"comment_status":"closed","ping_status":"closed","template":"","meta":{"_acf_changed":false,"rank_math_lock_modified_date":false,"footnotes":""},"class_list":["post-2694","page","type-page","status-publish","hentry"],"acf":[],"_links":{"self":[{"href":"https:\/\/veronaguide.it\/pt-pt\/wp-json\/wp\/v2\/pages\/2694"}],"collection":[{"href":"https:\/\/veronaguide.it\/pt-pt\/wp-json\/wp\/v2\/pages"}],"about":[{"href":"https:\/\/veronaguide.it\/pt-pt\/wp-json\/wp\/v2\/types\/page"}],"author":[{"embeddable":true,"href":"https:\/\/veronaguide.it\/pt-pt\/wp-json\/wp\/v2\/users\/6"}],"replies":[{"embeddable":true,"href":"https:\/\/veronaguide.it\/pt-pt\/wp-json\/wp\/v2\/comments?post=2694"}],"version-history":[{"count":6,"href":"https:\/\/veronaguide.it\/pt-pt\/wp-json\/wp\/v2\/pages\/2694\/revisions"}],"predecessor-version":[{"id":4820,"href":"https:\/\/veronaguide.it\/pt-pt\/wp-json\/wp\/v2\/pages\/2694\/revisions\/4820"}],"up":[{"embeddable":true,"href":"https:\/\/veronaguide.it\/pt-pt\/wp-json\/wp\/v2\/pages\/2699"}],"wp:attachment":[{"href":"https:\/\/veronaguide.it\/pt-pt\/wp-json\/wp\/v2\/media?parent=2694"}],"curies":[{"name":"wp","href":"https:\/\/api.w.org\/{rel}","templated":true}]}}