{"id":2684,"date":"2023-11-15T10:04:13","date_gmt":"2023-11-15T09:04:13","guid":{"rendered":"https:\/\/veronaguide.it\/chi-siamo\/"},"modified":"2024-10-01T11:39:54","modified_gmt":"2024-10-01T10:39:54","slug":"quem-somos","status":"publish","type":"page","link":"https:\/\/veronaguide.it\/pt-pt\/quem-somos\/","title":{"rendered":"Quem somos"},"content":{"rendered":"<h1>Verona Guide<\/h1>\n<div>\n<p>Siamo uma associa\u00e7\u00e3o cultural de guia tur\u00edstico autorizado em Verona, cujo escopo principal \u00e9 condurvi alla conoscenza della nostra citt\u00e0 e do territorio circuncostante, com seus eventos culturais e sua realt\u00e0 monumentali. Dados sobre a experi\u00eancia e a profissionalidade que distinguem os nossos mais fortes colaboradores e associados, possivelmente, atrav\u00e9s de diversas performances, farvi innamorare di Verona, citt\u00e0 gi\u00e0 note per l&#8217;amore eterno de Romeu e Giulietta, amor de William Shakespeare.<\/p>\n<p>Entre os nossos associados existem apenas guias tur\u00edsticos autorizados que, gra\u00e7as \u00e0 sua longa experi\u00eancia, conseguem envolver qualquer tipo de turista num passeio fascinante. Assim, quer venha a Verona para uma viagem escolar, um concerto, umas f\u00e9rias, uma exposi\u00e7\u00e3o, um fim de semana, para degusta\u00e7\u00f5es ou para relaxar, estamos dispon\u00edveis para satisfazer todas as necessidades.<\/p>\n<p>Conscientes das diferentes necessidades de cada pessoa, podemos estudar percursos personalizados, constru\u00eddos com base em per\u00edodos hist\u00f3ricos espec\u00edficos, para descobrir ambientes naturais caracter\u00edsticos ou passeios adequados a pessoas com dificuldades f\u00edsicas de qualquer tipo.<\/p>\n<p>Continuando a descobrir o nosso site encontrar\u00e1 todas as informa\u00e7\u00f5es necess\u00e1rias para planear uma estadia cultural em Verona e na sua prov\u00edncia e, caso deseje receber mais informa\u00e7\u00f5es, estaremos \u00e0 sua inteira disposi\u00e7\u00e3o.<\/p>\n<p>A nossa associa\u00e7\u00e3o conta tamb\u00e9m com uma boa colabora\u00e7\u00e3o com v\u00e1rios centros tur\u00edsticos de Verona, para poder ajud\u00e1-lo com servi\u00e7os mais gerais como reservas de hot\u00e9is, aconselhamento sobre restaurantes, adegas e trattorias, servi\u00e7os de acompanhantes ou de interpreta\u00e7\u00e3o.<\/p>\n<\/div>\n<div>\n<p>    <img decoding=\"async\" src=\"\/wp-content\/uploads\/2023\/10\/gabriel-castles-ZE0HWM4yv9I-unsplash-scaled.jpg\" alt=\"\"><\/p>\n<\/div>\n<p><!--more--><br \/>\n<!-- {\"type\":\"layout\",\"children\":[{\"type\":\"section\",\"props\":{\"image_position\":\"center-center\",\"style\":\"default\",\"title_breakpoint\":\"xl\",\"title_position\":\"top-left\",\"title_rotation\":\"left\",\"vertical_align\":\"middle\",\"width\":\"default\"},\"children\":[{\"type\":\"row\",\"children\":[{\"type\":\"column\",\"props\":{\"image_position\":\"center-center\",\"position_sticky_breakpoint\":\"m\"},\"children\":[{\"type\":\"headline\",\"props\":{\"content\":\"Verona Guide\",\"title_element\":\"h1\",\"title_style\":\"h2\"}},{\"type\":\"text\",\"props\":{\"column_breakpoint\":\"m\",\"content\":\"\n\n<p>Siamo uma associa\\u00e7\\u00e3o cultural de guia tur\\u00edstico autorizado em Verona, cujo escopo principal \\u00e9 condurvi alla conoscenza della nostra citt\\u00e0 e do territorio circuncostante, com seus eventos culturais e sua realt\\u00e0 monumentali. Dados sobre a experi\\u00eancia e a profissionalidade que distinguem os nossos mais fortes colaboradores e associados, possivelmente, atrav\\u00e9s de diversas performances, farvi innamorare di Verona, citt\\u00e0 gi\\u00e0 note per l'amore eterno de Romeu e Giulietta, amor de William Shakespeare.<\\\/p>\\n\n\n<p>Entre os nossos associados existem apenas guias tur\\u00edsticos autorizados que, gra\\u00e7as \\u00e0 sua longa experi\\u00eancia, conseguem envolver qualquer tipo de turista num passeio fascinante. Assim, quer venha a Verona para uma viagem escolar, um concerto, umas f\\u00e9rias, uma exposi\\u00e7\\u00e3o, um fim de semana, para degusta\\u00e7\\u00f5es ou para relaxar, estamos dispon\\u00edveis para satisfazer todas as necessidades.<\\\/p>\\n\n\n<p>Conscientes das diferentes necessidades de cada pessoa, podemos estudar percursos personalizados, constru\\u00eddos com base em per\\u00edodos hist\\u00f3ricos espec\\u00edficos, para descobrir ambientes naturais caracter\\u00edsticos ou passeios adequados a pessoas com dificuldades f\\u00edsicas de qualquer tipo.<\\\/p>\\n\n\n<p>Continuando a descobrir o nosso site encontrar\\u00e1 todas as informa\\u00e7\\u00f5es necess\\u00e1rias para planear uma estadia cultural em Verona e na sua prov\\u00edncia e, caso deseje receber mais informa\\u00e7\\u00f5es, estaremos \\u00e0 sua inteira disposi\\u00e7\\u00e3o.<\\\/p>\\n\n\n<p>A nossa associa\\u00e7\\u00e3o conta tamb\\u00e9m com uma boa colabora\\u00e7\\u00e3o com v\\u00e1rios centros tur\\u00edsticos de Verona, para poder ajud\\u00e1-lo com servi\\u00e7os mais gerais como reservas de hot\\u00e9is, aconselhamento sobre restaurantes, adegas e trattorias, servi\\u00e7os de acompanhantes ou de interpreta\\u00e7\\u00e3o.<\\\/p>\",\"margin\":\"default\"}}]}]},{\"type\":\"row\",\"children\":[{\"type\":\"column\",\"props\":{\"image_position\":\"center-center\",\"position_sticky_breakpoint\":\"m\"},\"children\":[{\"type\":\"slideshow\",\"props\":{\"link_style\":\"default\",\"link_text\":\"Read more\",\"margin\":\"default\",\"meta_align\":\"below-title\",\"meta_element\":\"div\",\"meta_style\":\"text-meta\",\"nav\":\"dotnav\",\"nav_align\":\"center\",\"nav_breakpoint\":\"s\",\"nav_position\":\"bottom-center\",\"nav_position_margin\":\"medium\",\"overlay_animation\":\"parallax\",\"overlay_position\":\"center-left\",\"show_content\":true,\"show_link\":true,\"show_meta\":true,\"show_thumbnail\":true,\"show_title\":true,\"slidenav\":\"default\",\"slidenav_breakpoint\":\"s\",\"slidenav_margin\":\"medium\",\"slidenav_outside_breakpoint\":\"xl\",\"slideshow_autoplay_pause\":true,\"slideshow_height\":\"percent\",\"slideshow_min_height\":300,\"thumbnav_height\":\"75\",\"thumbnav_svg_color\":\"emphasis\",\"thumbnav_width\":\"100\",\"title_element\":\"h3\"},\"children\":[{\"type\":\"slideshow_item\",\"props\":{\"image\":\"wp-content\\\/uploads\\\/2023\\\/10\\\/gabriel-castles-ZE0HWM4yv9I-unsplash-scaled.jpg\"}}]}]}]}]}],\"version\":\"4.2.6\"} --><\/p>\n","protected":false},"excerpt":{"rendered":"<p>Verona Guide Siamo uma associa\u00e7\u00e3o cultural de guia tur\u00edstico autorizado em Verona, cujo escopo principal \u00e9 condurvi alla conoscenza della nostra citt\u00e0 e do territorio circuncostante, com seus eventos culturais e sua realt\u00e0 monumentali. Dados sobre a experi\u00eancia e a profissionalidade que distinguem os nossos mais fortes colaboradores e associados, possivelmente, atrav\u00e9s de diversas performances, [&hellip;]<\/p>\n","protected":false},"author":6,"featured_media":0,"parent":0,"menu_order":0,"comment_status":"closed","ping_status":"closed","template":"","meta":{"_acf_changed":false,"rank_math_lock_modified_date":false,"footnotes":""},"class_list":["post-2684","page","type-page","status-publish","hentry"],"acf":[],"_links":{"self":[{"href":"https:\/\/veronaguide.it\/pt-pt\/wp-json\/wp\/v2\/pages\/2684"}],"collection":[{"href":"https:\/\/veronaguide.it\/pt-pt\/wp-json\/wp\/v2\/pages"}],"about":[{"href":"https:\/\/veronaguide.it\/pt-pt\/wp-json\/wp\/v2\/types\/page"}],"author":[{"embeddable":true,"href":"https:\/\/veronaguide.it\/pt-pt\/wp-json\/wp\/v2\/users\/6"}],"replies":[{"embeddable":true,"href":"https:\/\/veronaguide.it\/pt-pt\/wp-json\/wp\/v2\/comments?post=2684"}],"version-history":[{"count":5,"href":"https:\/\/veronaguide.it\/pt-pt\/wp-json\/wp\/v2\/pages\/2684\/revisions"}],"predecessor-version":[{"id":4543,"href":"https:\/\/veronaguide.it\/pt-pt\/wp-json\/wp\/v2\/pages\/2684\/revisions\/4543"}],"wp:attachment":[{"href":"https:\/\/veronaguide.it\/pt-pt\/wp-json\/wp\/v2\/media?parent=2684"}],"curies":[{"name":"wp","href":"https:\/\/api.w.org\/{rel}","templated":true}]}}