{"id":5198,"date":"2026-03-30T14:23:18","date_gmt":"2026-03-30T13:23:18","guid":{"rendered":"https:\/\/veronaguide.it\/non%20class\u00e9\/easter-monday-guided-tour-in-verona-monday-april-6th-2025\/"},"modified":"2026-05-13T11:00:53","modified_gmt":"2026-05-13T10:00:53","slug":"visite-guidee-du-lundi-de-paques-a-verone-lundi-6-avril-2025","status":"publish","type":"product","link":"https:\/\/veronaguide.it\/fr\/posizione\/verona\/visite-guidee-du-lundi-de-paques-a-verone-lundi-6-avril-2025\/","title":{"rendered":"Visite Guid\u00e9e du Lundi de P\u00e2ques \u00e0 V\u00e9rone \u2013 Lundi 6 Avril 2025"},"content":{"rendered":"","protected":false},"excerpt":{"rendered":"","protected":false},"featured_media":5191,"comment_status":"closed","ping_status":"closed","template":"","meta":{"_acf_changed":false,"rank_math_lock_modified_date":false},"product_cat":[77,160,79,167],"product_tag":[],"class_list":{"0":"post-5198","1":"product","2":"type-product","3":"status-publish","4":"has-post-thumbnail","6":"product_cat-arte-fr","7":"product_cat-itineraires-pour-les-groupes","8":"product_cat-verona-fr","9":"product_cat-visites-guidees","11":"first","12":"instock","13":"sold-individually","14":"shipping-taxable","15":"purchasable","16":"product-type-booking"},"acf":[],"_links":{"self":[{"href":"https:\/\/veronaguide.it\/fr\/wp-json\/wp\/v2\/product\/5198"}],"collection":[{"href":"https:\/\/veronaguide.it\/fr\/wp-json\/wp\/v2\/product"}],"about":[{"href":"https:\/\/veronaguide.it\/fr\/wp-json\/wp\/v2\/types\/product"}],"replies":[{"embeddable":true,"href":"https:\/\/veronaguide.it\/fr\/wp-json\/wp\/v2\/comments?post=5198"}],"wp:featuredmedia":[{"embeddable":true,"href":"https:\/\/veronaguide.it\/fr\/wp-json\/wp\/v2\/media\/5191"}],"wp:attachment":[{"href":"https:\/\/veronaguide.it\/fr\/wp-json\/wp\/v2\/media?parent=5198"}],"wp:term":[{"taxonomy":"product_cat","embeddable":true,"href":"https:\/\/veronaguide.it\/fr\/wp-json\/wp\/v2\/product_cat?post=5198"},{"taxonomy":"product_tag","embeddable":true,"href":"https:\/\/veronaguide.it\/fr\/wp-json\/wp\/v2\/product_tag?post=5198"}],"curies":[{"name":"wp","href":"https:\/\/api.w.org\/{rel}","templated":true}]}}