{"id":4907,"date":"2026-03-05T11:51:35","date_gmt":"2026-03-05T10:51:35","guid":{"rendered":"https:\/\/veronaguide.it\/?post_type=product&#038;p=4907"},"modified":"2026-03-30T15:12:33","modified_gmt":"2026-03-30T14:12:33","slug":"visite-guidee-de-la-bibliotheque-capitulaire-de-verone","status":"publish","type":"product","link":"https:\/\/veronaguide.it\/fr\/posizione\/verona\/visite-guidee-de-la-bibliotheque-capitulaire-de-verone\/","title":{"rendered":"Visite Guid\u00e9e de la Biblioth\u00e8que Capitulaire de V\u00e9rone"},"content":{"rendered":"","protected":false},"excerpt":{"rendered":"","protected":false},"featured_media":4913,"comment_status":"closed","ping_status":"closed","template":"","meta":{"_acf_changed":false,"rank_math_lock_modified_date":false},"product_cat":[77,162,160,157,79],"product_tag":[],"class_list":{"0":"post-4907","1":"product","2":"type-product","3":"status-publish","4":"has-post-thumbnail","6":"product_cat-arte-fr","7":"product_cat-ecoles","8":"product_cat-itineraires-pour-les-groupes","9":"product_cat-offre-fr","10":"product_cat-verona-fr","12":"first","13":"instock","14":"shipping-taxable","15":"product-type-simple"},"acf":[],"_links":{"self":[{"href":"https:\/\/veronaguide.it\/fr\/wp-json\/wp\/v2\/product\/4907"}],"collection":[{"href":"https:\/\/veronaguide.it\/fr\/wp-json\/wp\/v2\/product"}],"about":[{"href":"https:\/\/veronaguide.it\/fr\/wp-json\/wp\/v2\/types\/product"}],"replies":[{"embeddable":true,"href":"https:\/\/veronaguide.it\/fr\/wp-json\/wp\/v2\/comments?post=4907"}],"wp:featuredmedia":[{"embeddable":true,"href":"https:\/\/veronaguide.it\/fr\/wp-json\/wp\/v2\/media\/4913"}],"wp:attachment":[{"href":"https:\/\/veronaguide.it\/fr\/wp-json\/wp\/v2\/media?parent=4907"}],"wp:term":[{"taxonomy":"product_cat","embeddable":true,"href":"https:\/\/veronaguide.it\/fr\/wp-json\/wp\/v2\/product_cat?post=4907"},{"taxonomy":"product_tag","embeddable":true,"href":"https:\/\/veronaguide.it\/fr\/wp-json\/wp\/v2\/product_tag?post=4907"}],"curies":[{"name":"wp","href":"https:\/\/api.w.org\/{rel}","templated":true}]}}