{"id":3942,"date":"2024-03-21T10:21:52","date_gmt":"2024-03-21T09:21:52","guid":{"rendered":"https:\/\/veronaguide.it\/non%20class\u00e9\/serata-romantica-a-verona\/"},"modified":"2026-03-30T15:15:02","modified_gmt":"2026-03-30T14:15:02","slug":"soiree-romantique-a-verone","status":"publish","type":"product","link":"https:\/\/veronaguide.it\/fr\/proposte\/visite-guidate\/soiree-romantique-a-verone\/","title":{"rendered":"Soir\u00e9e romantique \u00e0 V\u00e9rone"},"content":{"rendered":"","protected":false},"excerpt":{"rendered":"","protected":false},"featured_media":1248,"comment_status":"closed","ping_status":"closed","template":"","meta":{"_acf_changed":false,"rank_math_lock_modified_date":false},"product_cat":[77,171,170,172,79,167],"product_tag":[],"class_list":{"0":"post-3942","1":"product","2":"type-product","3":"status-publish","4":"has-post-thumbnail","6":"product_cat-arte-fr","7":"product_cat-degustation","8":"product_cat-gastronomie","9":"product_cat-musica-fr","10":"product_cat-verona-fr","11":"product_cat-visites-guidees","13":"first","14":"instock","15":"shipping-taxable","16":"product-type-simple"},"acf":[],"_links":{"self":[{"href":"https:\/\/veronaguide.it\/fr\/wp-json\/wp\/v2\/product\/3942"}],"collection":[{"href":"https:\/\/veronaguide.it\/fr\/wp-json\/wp\/v2\/product"}],"about":[{"href":"https:\/\/veronaguide.it\/fr\/wp-json\/wp\/v2\/types\/product"}],"replies":[{"embeddable":true,"href":"https:\/\/veronaguide.it\/fr\/wp-json\/wp\/v2\/comments?post=3942"}],"wp:featuredmedia":[{"embeddable":true,"href":"https:\/\/veronaguide.it\/fr\/wp-json\/wp\/v2\/media\/1248"}],"wp:attachment":[{"href":"https:\/\/veronaguide.it\/fr\/wp-json\/wp\/v2\/media?parent=3942"}],"wp:term":[{"taxonomy":"product_cat","embeddable":true,"href":"https:\/\/veronaguide.it\/fr\/wp-json\/wp\/v2\/product_cat?post=3942"},{"taxonomy":"product_tag","embeddable":true,"href":"https:\/\/veronaguide.it\/fr\/wp-json\/wp\/v2\/product_tag?post=3942"}],"curies":[{"name":"wp","href":"https:\/\/api.w.org\/{rel}","templated":true}]}}