{"id":3925,"date":"2024-03-21T10:07:47","date_gmt":"2024-03-21T09:07:47","guid":{"rendered":"https:\/\/veronaguide.it\/non%20class\u00e9\/verona-tra-arte-e-fede\/"},"modified":"2026-03-30T15:15:10","modified_gmt":"2026-03-30T14:15:10","slug":"visite-guidee-verone-ou-hierusalem-mineure","status":"publish","type":"product","link":"https:\/\/veronaguide.it\/fr\/proposte\/visite-guidate\/visite-guidee-verone-ou-hierusalem-mineure\/","title":{"rendered":"Visite guid\u00e9e V\u00e9rone ou Hi\u00e9rusalem mineure"},"content":{"rendered":"","protected":false},"excerpt":{"rendered":"","protected":false},"featured_media":1226,"comment_status":"closed","ping_status":"closed","template":"","meta":{"_acf_changed":false,"rank_math_lock_modified_date":false},"product_cat":[77,79,167],"product_tag":[],"class_list":{"0":"post-3925","1":"product","2":"type-product","3":"status-publish","4":"has-post-thumbnail","6":"product_cat-arte-fr","7":"product_cat-verona-fr","8":"product_cat-visites-guidees","10":"first","11":"instock","12":"shipping-taxable","13":"product-type-simple"},"acf":[],"_links":{"self":[{"href":"https:\/\/veronaguide.it\/fr\/wp-json\/wp\/v2\/product\/3925"}],"collection":[{"href":"https:\/\/veronaguide.it\/fr\/wp-json\/wp\/v2\/product"}],"about":[{"href":"https:\/\/veronaguide.it\/fr\/wp-json\/wp\/v2\/types\/product"}],"replies":[{"embeddable":true,"href":"https:\/\/veronaguide.it\/fr\/wp-json\/wp\/v2\/comments?post=3925"}],"wp:featuredmedia":[{"embeddable":true,"href":"https:\/\/veronaguide.it\/fr\/wp-json\/wp\/v2\/media\/1226"}],"wp:attachment":[{"href":"https:\/\/veronaguide.it\/fr\/wp-json\/wp\/v2\/media?parent=3925"}],"wp:term":[{"taxonomy":"product_cat","embeddable":true,"href":"https:\/\/veronaguide.it\/fr\/wp-json\/wp\/v2\/product_cat?post=3925"},{"taxonomy":"product_tag","embeddable":true,"href":"https:\/\/veronaguide.it\/fr\/wp-json\/wp\/v2\/product_tag?post=3925"}],"curies":[{"name":"wp","href":"https:\/\/api.w.org\/{rel}","templated":true}]}}