{"id":3900,"date":"2024-03-21T09:45:21","date_gmt":"2024-03-21T08:45:21","guid":{"rendered":"https:\/\/veronaguide.it\/non%20class\u00e9\/tour-bici-a-verona\/"},"modified":"2026-03-30T15:15:31","modified_gmt":"2026-03-30T14:15:31","slug":"visite-guidee-a-velo-de-verone","status":"publish","type":"product","link":"https:\/\/veronaguide.it\/fr\/proposte\/visite-guidate\/visite-guidee-a-velo-de-verone\/","title":{"rendered":"Visite guid\u00e9e \u00e0 v\u00e9lo de V\u00e9rone"},"content":{"rendered":"","protected":false},"excerpt":{"rendered":"","protected":false},"featured_media":2903,"comment_status":"closed","ping_status":"closed","template":"","meta":{"_acf_changed":false,"rank_math_lock_modified_date":false},"product_cat":[77,165,173,79,167],"product_tag":[],"class_list":{"0":"post-3900","1":"product","2":"type-product","3":"status-publish","4":"has-post-thumbnail","6":"product_cat-arte-fr","7":"product_cat-culture-sport-fr","8":"product_cat-sport-fr","9":"product_cat-verona-fr","10":"product_cat-visites-guidees","12":"first","13":"instock","14":"shipping-taxable","15":"product-type-simple"},"acf":[],"_links":{"self":[{"href":"https:\/\/veronaguide.it\/fr\/wp-json\/wp\/v2\/product\/3900"}],"collection":[{"href":"https:\/\/veronaguide.it\/fr\/wp-json\/wp\/v2\/product"}],"about":[{"href":"https:\/\/veronaguide.it\/fr\/wp-json\/wp\/v2\/types\/product"}],"replies":[{"embeddable":true,"href":"https:\/\/veronaguide.it\/fr\/wp-json\/wp\/v2\/comments?post=3900"}],"wp:featuredmedia":[{"embeddable":true,"href":"https:\/\/veronaguide.it\/fr\/wp-json\/wp\/v2\/media\/2903"}],"wp:attachment":[{"href":"https:\/\/veronaguide.it\/fr\/wp-json\/wp\/v2\/media?parent=3900"}],"wp:term":[{"taxonomy":"product_cat","embeddable":true,"href":"https:\/\/veronaguide.it\/fr\/wp-json\/wp\/v2\/product_cat?post=3900"},{"taxonomy":"product_tag","embeddable":true,"href":"https:\/\/veronaguide.it\/fr\/wp-json\/wp\/v2\/product_tag?post=3900"}],"curies":[{"name":"wp","href":"https:\/\/api.w.org\/{rel}","templated":true}]}}