{"id":3892,"date":"2024-03-21T09:41:50","date_gmt":"2024-03-21T08:41:50","guid":{"rendered":"https:\/\/veronaguide.it\/non%20class\u00e9\/verona-e-la-magia-del-natale\/"},"modified":"2026-03-30T15:15:35","modified_gmt":"2026-03-30T14:15:35","slug":"visite-guidee-de-verone-avec-la-magie-de-noel","status":"publish","type":"product","link":"https:\/\/veronaguide.it\/fr\/proposte\/visite-guidate\/natale\/visite-guidee-de-verone-avec-la-magie-de-noel\/","title":{"rendered":"Visite guid\u00e9e de V\u00e9rone avec la magie de No\u00ebl"},"content":{"rendered":"","protected":false},"excerpt":{"rendered":"","protected":false},"featured_media":3182,"comment_status":"closed","ping_status":"closed","template":"","meta":{"_acf_changed":false,"rank_math_lock_modified_date":false},"product_cat":[77,168,79,167],"product_tag":[],"class_list":{"0":"post-3892","1":"product","2":"type-product","3":"status-publish","4":"has-post-thumbnail","6":"product_cat-arte-fr","7":"product_cat-noel","8":"product_cat-verona-fr","9":"product_cat-visites-guidees","11":"first","12":"instock","13":"shipping-taxable","14":"product-type-simple"},"acf":[],"_links":{"self":[{"href":"https:\/\/veronaguide.it\/fr\/wp-json\/wp\/v2\/product\/3892"}],"collection":[{"href":"https:\/\/veronaguide.it\/fr\/wp-json\/wp\/v2\/product"}],"about":[{"href":"https:\/\/veronaguide.it\/fr\/wp-json\/wp\/v2\/types\/product"}],"replies":[{"embeddable":true,"href":"https:\/\/veronaguide.it\/fr\/wp-json\/wp\/v2\/comments?post=3892"}],"wp:featuredmedia":[{"embeddable":true,"href":"https:\/\/veronaguide.it\/fr\/wp-json\/wp\/v2\/media\/3182"}],"wp:attachment":[{"href":"https:\/\/veronaguide.it\/fr\/wp-json\/wp\/v2\/media?parent=3892"}],"wp:term":[{"taxonomy":"product_cat","embeddable":true,"href":"https:\/\/veronaguide.it\/fr\/wp-json\/wp\/v2\/product_cat?post=3892"},{"taxonomy":"product_tag","embeddable":true,"href":"https:\/\/veronaguide.it\/fr\/wp-json\/wp\/v2\/product_tag?post=3892"}],"curies":[{"name":"wp","href":"https:\/\/api.w.org\/{rel}","templated":true}]}}