{"id":3880,"date":"2024-03-21T11:07:42","date_gmt":"2024-03-21T10:07:42","guid":{"rendered":"https:\/\/veronaguide.it\/non%20class\u00e9\/itinerari-in-bicicletta-in-provincia-di-verona\/"},"modified":"2026-03-30T15:14:46","modified_gmt":"2026-03-30T14:14:46","slug":"visite-guidee-a-velo-dans-la-province-de-verone","status":"publish","type":"product","link":"https:\/\/veronaguide.it\/fr\/proposte\/visite-guidate\/visite-guidee-a-velo-dans-la-province-de-verone\/","title":{"rendered":"Visite guid\u00e9e \u00e0 v\u00e9lo dans la province de V\u00e9rone"},"content":{"rendered":"","protected":false},"excerpt":{"rendered":"","protected":false},"featured_media":1321,"comment_status":"closed","ping_status":"closed","template":"","meta":{"_acf_changed":false,"rank_math_lock_modified_date":false},"product_cat":[173,79,167],"product_tag":[],"class_list":{"0":"post-3880","1":"product","2":"type-product","3":"status-publish","4":"has-post-thumbnail","6":"product_cat-sport-fr","7":"product_cat-verona-fr","8":"product_cat-visites-guidees","10":"first","11":"instock","12":"shipping-taxable","13":"product-type-simple"},"acf":[],"_links":{"self":[{"href":"https:\/\/veronaguide.it\/fr\/wp-json\/wp\/v2\/product\/3880"}],"collection":[{"href":"https:\/\/veronaguide.it\/fr\/wp-json\/wp\/v2\/product"}],"about":[{"href":"https:\/\/veronaguide.it\/fr\/wp-json\/wp\/v2\/types\/product"}],"replies":[{"embeddable":true,"href":"https:\/\/veronaguide.it\/fr\/wp-json\/wp\/v2\/comments?post=3880"}],"wp:featuredmedia":[{"embeddable":true,"href":"https:\/\/veronaguide.it\/fr\/wp-json\/wp\/v2\/media\/1321"}],"wp:attachment":[{"href":"https:\/\/veronaguide.it\/fr\/wp-json\/wp\/v2\/media?parent=3880"}],"wp:term":[{"taxonomy":"product_cat","embeddable":true,"href":"https:\/\/veronaguide.it\/fr\/wp-json\/wp\/v2\/product_cat?post=3880"},{"taxonomy":"product_tag","embeddable":true,"href":"https:\/\/veronaguide.it\/fr\/wp-json\/wp\/v2\/product_tag?post=3880"}],"curies":[{"name":"wp","href":"https:\/\/api.w.org\/{rel}","templated":true}]}}