{"id":3826,"date":"2024-03-21T12:01:44","date_gmt":"2024-03-21T11:01:44","guid":{"rendered":"https:\/\/veronaguide.it\/non%20class\u00e9\/itinerari-enogastronomici-in-provincia-di-verona\/"},"modified":"2026-03-30T15:14:06","modified_gmt":"2026-03-30T14:14:06","slug":"itineraires-gastronomiques-et-oenologiques-dans-la-province-de-verone","status":"publish","type":"product","link":"https:\/\/veronaguide.it\/fr\/proposte\/itinerari\/itineraires-gastronomiques-et-oenologiques-dans-la-province-de-verone\/","title":{"rendered":"Itin\u00e9raires gastronomiques et \u0153nologiques dans la province de V\u00e9rone"},"content":{"rendered":"","protected":false},"excerpt":{"rendered":"","protected":false},"featured_media":1403,"comment_status":"closed","ping_status":"closed","template":"","meta":{"_acf_changed":false,"rank_math_lock_modified_date":false},"product_cat":[77,171,159,244,254,79],"product_tag":[],"class_list":{"0":"post-3826","1":"product","2":"type-product","3":"status-publish","4":"has-post-thumbnail","6":"product_cat-arte-fr","7":"product_cat-degustation","8":"product_cat-itineraires-fr","9":"product_cat-lac-de-garde","10":"product_cat-soave-fr","11":"product_cat-verona-fr","13":"first","14":"instock","15":"shipping-taxable","16":"product-type-simple"},"acf":[],"_links":{"self":[{"href":"https:\/\/veronaguide.it\/fr\/wp-json\/wp\/v2\/product\/3826"}],"collection":[{"href":"https:\/\/veronaguide.it\/fr\/wp-json\/wp\/v2\/product"}],"about":[{"href":"https:\/\/veronaguide.it\/fr\/wp-json\/wp\/v2\/types\/product"}],"replies":[{"embeddable":true,"href":"https:\/\/veronaguide.it\/fr\/wp-json\/wp\/v2\/comments?post=3826"}],"wp:featuredmedia":[{"embeddable":true,"href":"https:\/\/veronaguide.it\/fr\/wp-json\/wp\/v2\/media\/1403"}],"wp:attachment":[{"href":"https:\/\/veronaguide.it\/fr\/wp-json\/wp\/v2\/media?parent=3826"}],"wp:term":[{"taxonomy":"product_cat","embeddable":true,"href":"https:\/\/veronaguide.it\/fr\/wp-json\/wp\/v2\/product_cat?post=3826"},{"taxonomy":"product_tag","embeddable":true,"href":"https:\/\/veronaguide.it\/fr\/wp-json\/wp\/v2\/product_tag?post=3826"}],"curies":[{"name":"wp","href":"https:\/\/api.w.org\/{rel}","templated":true}]}}