{"id":3776,"date":"2024-03-22T09:54:00","date_gmt":"2024-03-22T08:54:00","guid":{"rendered":"https:\/\/veronaguide.it\/non%20class\u00e9\/verona-romana\/"},"modified":"2026-03-30T15:13:33","modified_gmt":"2026-03-30T14:13:33","slug":"visite-guidee-de-verone-romaine-journee-complete","status":"publish","type":"product","link":"https:\/\/veronaguide.it\/fr\/proposte\/scuole\/verona-attraverso-i-secoli\/visite-guidee-de-verone-romaine-journee-complete\/","title":{"rendered":"Visite guid\u00e9e de V\u00e9rone romaine &#8211; Journ\u00e9e compl\u00e8te"},"content":{"rendered":"","protected":false},"excerpt":{"rendered":"","protected":false},"featured_media":2146,"comment_status":"closed","ping_status":"closed","template":"","meta":{"_acf_changed":false,"rank_math_lock_modified_date":false},"product_cat":[77,162,79,166],"product_tag":[],"class_list":{"0":"post-3776","1":"product","2":"type-product","3":"status-publish","4":"has-post-thumbnail","6":"product_cat-arte-fr","7":"product_cat-ecoles","8":"product_cat-verona-fr","9":"product_cat-verone-a-travers-les-siecles","11":"first","12":"instock","13":"shipping-taxable","14":"product-type-simple"},"acf":[],"_links":{"self":[{"href":"https:\/\/veronaguide.it\/fr\/wp-json\/wp\/v2\/product\/3776"}],"collection":[{"href":"https:\/\/veronaguide.it\/fr\/wp-json\/wp\/v2\/product"}],"about":[{"href":"https:\/\/veronaguide.it\/fr\/wp-json\/wp\/v2\/types\/product"}],"replies":[{"embeddable":true,"href":"https:\/\/veronaguide.it\/fr\/wp-json\/wp\/v2\/comments?post=3776"}],"wp:featuredmedia":[{"embeddable":true,"href":"https:\/\/veronaguide.it\/fr\/wp-json\/wp\/v2\/media\/2146"}],"wp:attachment":[{"href":"https:\/\/veronaguide.it\/fr\/wp-json\/wp\/v2\/media?parent=3776"}],"wp:term":[{"taxonomy":"product_cat","embeddable":true,"href":"https:\/\/veronaguide.it\/fr\/wp-json\/wp\/v2\/product_cat?post=3776"},{"taxonomy":"product_tag","embeddable":true,"href":"https:\/\/veronaguide.it\/fr\/wp-json\/wp\/v2\/product_tag?post=3776"}],"curies":[{"name":"wp","href":"https:\/\/api.w.org\/{rel}","templated":true}]}}