{"id":3763,"date":"2024-03-22T10:49:56","date_gmt":"2024-03-22T09:49:56","guid":{"rendered":"https:\/\/veronaguide.it\/non%20class\u00e9\/half-day\/"},"modified":"2026-03-30T15:13:25","modified_gmt":"2026-03-30T14:13:25","slug":"visite-guidee-chasse-au-tresor-demi-journee","status":"publish","type":"product","link":"https:\/\/veronaguide.it\/fr\/proposte\/scuole\/imparando-giocando\/visite-guidee-chasse-au-tresor-demi-journee\/","title":{"rendered":"Visite Guid\u00e9e Chasse au Tr\u00e9sor &#8211; Demi-Journ\u00e9e"},"content":{"rendered":"","protected":false},"excerpt":{"rendered":"","protected":false},"featured_media":1518,"comment_status":"closed","ping_status":"closed","template":"","meta":{"_acf_changed":false,"rank_math_lock_modified_date":false},"product_cat":[177,77,162,79],"product_tag":[],"class_list":{"0":"post-3763","1":"product","2":"type-product","3":"status-publish","4":"has-post-thumbnail","6":"product_cat-apprendre-en-jouant","7":"product_cat-arte-fr","8":"product_cat-ecoles","9":"product_cat-verona-fr","11":"first","12":"instock","13":"shipping-taxable","14":"product-type-simple"},"acf":[],"_links":{"self":[{"href":"https:\/\/veronaguide.it\/fr\/wp-json\/wp\/v2\/product\/3763"}],"collection":[{"href":"https:\/\/veronaguide.it\/fr\/wp-json\/wp\/v2\/product"}],"about":[{"href":"https:\/\/veronaguide.it\/fr\/wp-json\/wp\/v2\/types\/product"}],"replies":[{"embeddable":true,"href":"https:\/\/veronaguide.it\/fr\/wp-json\/wp\/v2\/comments?post=3763"}],"wp:featuredmedia":[{"embeddable":true,"href":"https:\/\/veronaguide.it\/fr\/wp-json\/wp\/v2\/media\/1518"}],"wp:attachment":[{"href":"https:\/\/veronaguide.it\/fr\/wp-json\/wp\/v2\/media?parent=3763"}],"wp:term":[{"taxonomy":"product_cat","embeddable":true,"href":"https:\/\/veronaguide.it\/fr\/wp-json\/wp\/v2\/product_cat?post=3763"},{"taxonomy":"product_tag","embeddable":true,"href":"https:\/\/veronaguide.it\/fr\/wp-json\/wp\/v2\/product_tag?post=3763"}],"curies":[{"name":"wp","href":"https:\/\/api.w.org\/{rel}","templated":true}]}}