{"id":3743,"date":"2024-03-22T11:27:22","date_gmt":"2024-03-22T10:27:22","guid":{"rendered":"https:\/\/veronaguide.it\/non%20class\u00e9\/tour-bici-costeggiando-il-mincio\/"},"modified":"2026-03-30T15:13:09","modified_gmt":"2026-03-30T14:13:09","slug":"visite-guidee-a-velo-le-long-de-la-riviere-mincio","status":"publish","type":"product","link":"https:\/\/veronaguide.it\/fr\/proposte\/scuole\/cultura-sport\/visite-guidee-a-velo-le-long-de-la-riviere-mincio\/","title":{"rendered":"Visite guid\u00e9e \u00e0 v\u00e9lo le long de la rivi\u00e8re Mincio"},"content":{"rendered":"","protected":false},"excerpt":{"rendered":"","protected":false},"featured_media":3243,"comment_status":"closed","ping_status":"closed","template":"","meta":{"_acf_changed":false,"rank_math_lock_modified_date":false},"product_cat":[77,165,162,160,153,173,79],"product_tag":[],"class_list":{"0":"post-3743","1":"product","2":"type-product","3":"status-publish","4":"has-post-thumbnail","6":"product_cat-arte-fr","7":"product_cat-culture-sport-fr","8":"product_cat-ecoles","9":"product_cat-itineraires-pour-les-groupes","10":"product_cat-mantova-fr","11":"product_cat-sport-fr","12":"product_cat-verona-fr","14":"first","15":"instock","16":"shipping-taxable","17":"product-type-simple"},"acf":[],"_links":{"self":[{"href":"https:\/\/veronaguide.it\/fr\/wp-json\/wp\/v2\/product\/3743"}],"collection":[{"href":"https:\/\/veronaguide.it\/fr\/wp-json\/wp\/v2\/product"}],"about":[{"href":"https:\/\/veronaguide.it\/fr\/wp-json\/wp\/v2\/types\/product"}],"replies":[{"embeddable":true,"href":"https:\/\/veronaguide.it\/fr\/wp-json\/wp\/v2\/comments?post=3743"}],"wp:featuredmedia":[{"embeddable":true,"href":"https:\/\/veronaguide.it\/fr\/wp-json\/wp\/v2\/media\/3243"}],"wp:attachment":[{"href":"https:\/\/veronaguide.it\/fr\/wp-json\/wp\/v2\/media?parent=3743"}],"wp:term":[{"taxonomy":"product_cat","embeddable":true,"href":"https:\/\/veronaguide.it\/fr\/wp-json\/wp\/v2\/product_cat?post=3743"},{"taxonomy":"product_tag","embeddable":true,"href":"https:\/\/veronaguide.it\/fr\/wp-json\/wp\/v2\/product_tag?post=3743"}],"curies":[{"name":"wp","href":"https:\/\/api.w.org\/{rel}","templated":true}]}}