{"id":3696,"date":"2024-06-24T08:45:38","date_gmt":"2024-06-24T07:45:38","guid":{"rendered":"https:\/\/veronaguide.it\/non%20class\u00e9\/verona-panoramica-intera-giornata\/"},"modified":"2026-03-30T15:12:48","modified_gmt":"2026-03-30T14:12:48","slug":"visite-guidee-de-verone-apercu-journee-complete","status":"publish","type":"product","link":"https:\/\/veronaguide.it\/fr\/posizione\/verona\/visite-guidee-de-verone-apercu-journee-complete\/","title":{"rendered":"Visite guid\u00e9e de V\u00e9rone Aper\u00e7u &#8211; Journ\u00e9e compl\u00e8te"},"content":{"rendered":"","protected":false},"excerpt":{"rendered":"","protected":false},"featured_media":1695,"comment_status":"closed","ping_status":"closed","template":"","meta":{"_acf_changed":false,"rank_math_lock_modified_date":false},"product_cat":[77,162,160,79,167],"product_tag":[243],"class_list":{"0":"post-3696","1":"product","2":"type-product","3":"status-publish","4":"has-post-thumbnail","6":"product_cat-arte-fr","7":"product_cat-ecoles","8":"product_cat-itineraires-pour-les-groupes","9":"product_cat-verona-fr","10":"product_cat-visites-guidees","11":"product_tag-migliori-esperienze-fr","13":"first","14":"instock","15":"shipping-taxable","16":"product-type-simple"},"acf":[],"_links":{"self":[{"href":"https:\/\/veronaguide.it\/fr\/wp-json\/wp\/v2\/product\/3696"}],"collection":[{"href":"https:\/\/veronaguide.it\/fr\/wp-json\/wp\/v2\/product"}],"about":[{"href":"https:\/\/veronaguide.it\/fr\/wp-json\/wp\/v2\/types\/product"}],"replies":[{"embeddable":true,"href":"https:\/\/veronaguide.it\/fr\/wp-json\/wp\/v2\/comments?post=3696"}],"wp:featuredmedia":[{"embeddable":true,"href":"https:\/\/veronaguide.it\/fr\/wp-json\/wp\/v2\/media\/1695"}],"wp:attachment":[{"href":"https:\/\/veronaguide.it\/fr\/wp-json\/wp\/v2\/media?parent=3696"}],"wp:term":[{"taxonomy":"product_cat","embeddable":true,"href":"https:\/\/veronaguide.it\/fr\/wp-json\/wp\/v2\/product_cat?post=3696"},{"taxonomy":"product_tag","embeddable":true,"href":"https:\/\/veronaguide.it\/fr\/wp-json\/wp\/v2\/product_tag?post=3696"}],"curies":[{"name":"wp","href":"https:\/\/api.w.org\/{rel}","templated":true}]}}