{"id":3695,"date":"2024-06-24T09:07:18","date_gmt":"2024-06-24T08:07:18","guid":{"rendered":"https:\/\/veronaguide.it\/non%20class\u00e9\/verona-veneziana\/"},"modified":"2026-03-30T15:12:44","modified_gmt":"2026-03-30T14:12:44","slug":"visite-guidee-de-la-verone-venitienne","status":"publish","type":"product","link":"https:\/\/veronaguide.it\/fr\/proposte\/itinerari-per-gruppi\/visite-guidee-de-la-verone-venitienne\/","title":{"rendered":"Visite guid\u00e9e de la V\u00e9rone v\u00e9nitienne"},"content":{"rendered":"","protected":false},"excerpt":{"rendered":"","protected":false},"featured_media":1753,"comment_status":"closed","ping_status":"closed","template":"","meta":{"_acf_changed":false,"rank_math_lock_modified_date":false},"product_cat":[77,162,160,79,167],"product_tag":[],"class_list":{"0":"post-3695","1":"product","2":"type-product","3":"status-publish","4":"has-post-thumbnail","6":"product_cat-arte-fr","7":"product_cat-ecoles","8":"product_cat-itineraires-pour-les-groupes","9":"product_cat-verona-fr","10":"product_cat-visites-guidees","12":"first","13":"instock","14":"shipping-taxable","15":"product-type-simple"},"acf":[],"_links":{"self":[{"href":"https:\/\/veronaguide.it\/fr\/wp-json\/wp\/v2\/product\/3695"}],"collection":[{"href":"https:\/\/veronaguide.it\/fr\/wp-json\/wp\/v2\/product"}],"about":[{"href":"https:\/\/veronaguide.it\/fr\/wp-json\/wp\/v2\/types\/product"}],"replies":[{"embeddable":true,"href":"https:\/\/veronaguide.it\/fr\/wp-json\/wp\/v2\/comments?post=3695"}],"wp:featuredmedia":[{"embeddable":true,"href":"https:\/\/veronaguide.it\/fr\/wp-json\/wp\/v2\/media\/1753"}],"wp:attachment":[{"href":"https:\/\/veronaguide.it\/fr\/wp-json\/wp\/v2\/media?parent=3695"}],"wp:term":[{"taxonomy":"product_cat","embeddable":true,"href":"https:\/\/veronaguide.it\/fr\/wp-json\/wp\/v2\/product_cat?post=3695"},{"taxonomy":"product_tag","embeddable":true,"href":"https:\/\/veronaguide.it\/fr\/wp-json\/wp\/v2\/product_tag?post=3695"}],"curies":[{"name":"wp","href":"https:\/\/api.w.org\/{rel}","templated":true}]}}