{"id":2745,"date":"2024-02-07T11:01:55","date_gmt":"2024-02-07T10:01:55","guid":{"rendered":"https:\/\/veronaguide.it\/zona-a-traffico-limitato\/"},"modified":"2024-10-01T11:23:18","modified_gmt":"2024-10-01T10:23:18","slug":"zone-a-circulation-limitee","status":"publish","type":"page","link":"https:\/\/veronaguide.it\/fr\/informations-touristiques\/zone-a-circulation-limitee\/","title":{"rendered":"Zone \u00e0 circulation limit\u00e9e"},"content":{"rendered":"<h1>Entr\u00e9e des autocars dans la zone \u00e0 trafic limit\u00e9<\/h1>\n<div>\n<p>Avec l&rsquo;ordonnance de la Commune de V\u00e9rone NR 1404 du 30.10.2018, les nouveaux tarifs des bus touristiques ont \u00e9t\u00e9 introduits.<\/p>\n<p>Le billet d&rsquo;entr\u00e9e en ville pour les bus d&rsquo;une capacit\u00e9 de plus de 25 personnes :<\/p>\n<p><strong>\u2013 la pleine haute saison est \u00e0 150,00 \u20ac Tarif valable du 1er au 31 d\u00e9cembre et du 1er avril au 31 octobre<\/strong><br \/><strong>\u2013 la basse saison compl\u00e8te est de 100,00 \u20ac Tarif valable du 1er au 30 novembre et du 1er janvier au 31 mars<\/strong><\/p>\n<p>Si la visite est effectu\u00e9e avec un guide agr\u00e9\u00e9 et certifi\u00e9 de V\u00e9rone, vous pouvez profiter d&rsquo;une r\u00e9duction de 30 % (ne peut \u00eatre achet\u00e9e qu&rsquo;en ligne)<\/p>\n<p><strong>\u2013 haute saison : 105 \u20ac<\/strong><br \/><strong>\u2013 basse saison : 70 \u20ac<\/strong><\/p>\n<\/div>\n<ul>\n<li>\n<h3>R\u00c9DUIT : 40,00 \u20ac<\/h3>\n<div>\n<p>Bus touristiques d&rsquo;une capacit\u00e9 maximale de 25 personnes (hors chauffeur) bus touristiques en provenance du lac de Garde comme l&rsquo;exige la r\u00e9solution du Conseil municipal n. 53\/2009, avec obligation d&rsquo;afficher le bon d&rsquo;h\u00f4tel (ou document \u00e9quivalent) certifiant la r\u00e9servation et la nuit\u00e9e ;<\/p>\n<\/div>\n<\/li>\n<li>\n<h3>H\u00d4TEL R\u00c9DUIT : 15,00 \u20ac<\/h3>\n<div>Autobus touristiques qui transportent les touristes vers les installations h\u00f4teli\u00e8res de la ville, pour le jour de l&rsquo;arriv\u00e9e et le jour du d\u00e9part, avec obligation de pr\u00e9senter le bon d&rsquo;h\u00f4tel (ou document \u00e9quivalent) certifiant la r\u00e9servation et la nuit\u00e9e ;<\/div>\n<\/li>\n<li>\n<h3>AR\u00c8NE R\u00c9DUITE : 30,00 \u20ac<\/h3>\n<div>Bus touristiques pour les groupes se rendant aux spectacles d&rsquo;op\u00e9ra de l&rsquo;Amphith\u00e9\u00e2tre Arena, avec entr\u00e9e apr\u00e8s 18 heures les jours de repr\u00e9sentation, avec obligation de pr\u00e9senter la r\u00e9servation pour la soir\u00e9e Arena.<\/div>\n<\/li>\n<\/ul>\n<ul>\n<li>\n<h3>GRATUIT<\/h3>\n<div>\n<p>bus touristiques pour groupes scolaires de tous niveaux, niveaux et nationalit\u00e9s, avec obligation d&rsquo;afficher sur papier \u00e0 en-t\u00eate de l&rsquo;Institut une d\u00e9claration certifiant le voyage \u00e0 V\u00e9rone avec une liste des noms des participants ; bus touristiques \u00e0 destination du Stade et de la Salle des Sports \u00e0 l&rsquo;occasion d&rsquo;\u00e9v\u00e9nements qui empruntent la route de liaison entre le p\u00e9age de l&rsquo;autoroute V\u00e9rone Nord (A22 Modena-Brennero) et le Stade\/Salle des Sports (et retour) ; bus touristiques dirig\u00e9s vers les parkings de la Fiera di Verona limit\u00e9s au tron\u00e7on de route entre les parkings susmentionn\u00e9s et le p\u00e9age de l&rsquo;autoroute V\u00e9rone Sud (A4 Milan-Venise) ou \u00e0 la sortie du p\u00e9riph\u00e9rique sud pour la Strada dell&rsquo;Alpo ; bus touristiques pour groupes de citadins : pour avoir droit \u00e0 cette exon\u00e9ration, les passagers doivent voyager avec une pi\u00e8ce d&rsquo;identit\u00e9 en cours de validit\u00e9 certifiant la commune de r\u00e9sidence qui doit \u00eatre pr\u00e9sent\u00e9e en cas de contr\u00f4les par le personnel en charge ; bus touristiques transportant un certain nombre de personnes handicap\u00e9es, en possession d&rsquo;une certification ad\u00e9quate, au moins 50% des places disponibles<\/p>\n<p>pour informations et r\u00e9servations: <br \/><a href=\"https:\/\/www.amt.it\/pass-ztl-bus\/\" rel=\"nofollow noopener\" target=\"_blank\">https:\/\/www.amt.it\/pass-ztl-bus\/<\/a><\/p>\n<\/div>\n<\/li>\n<li>\n<h3>Paiement<\/h3>\n<div>Elle doit \u00eatre effectu\u00e9e \u00e0 l&rsquo;une des 4 caisses automatiques pr\u00e9sentes sur place. Les machines acceptent les pi\u00e8ces et les billets.<\/div>\n<\/li>\n<\/ul>\n<p><!--more--><br \/>\n<!-- {\"type\":\"layout\",\"children\":[{\"type\":\"section\",\"props\":{\"image_position\":\"center-center\",\"style\":\"default\",\"title_breakpoint\":\"xl\",\"title_position\":\"top-left\",\"title_rotation\":\"left\",\"vertical_align\":\"middle\",\"width\":\"small\"},\"children\":[{\"type\":\"row\",\"children\":[{\"type\":\"column\",\"props\":{\"image_position\":\"center-center\",\"position_sticky_breakpoint\":\"m\"},\"children\":[{\"type\":\"headline\",\"props\":{\"content\":\"Entr\\u00e9e des autocars dans la zone \\u00e0 trafic limit\\u00e9\",\"text_align\":\"center\",\"title_color\":\"primary\",\"title_element\":\"h1\"}},{\"type\":\"text\",\"props\":{\"column_breakpoint\":\"m\",\"content\":\"\n\n<p>Avec l'ordonnance de la Commune de V\\u00e9rone NR 1404 du 30.10.2018, les nouveaux tarifs des bus touristiques ont \\u00e9t\\u00e9 introduits.<\\\/p>\\n\n\n<p>Le billet d'entr\\u00e9e en ville pour les bus d'une capacit\\u00e9 de plus de 25 personnes :<\\\/p>\\n\n\n<p><strong>\\u2013 la pleine haute saison est \\u00e0 150,00 \\u20ac Tarif valable du 1er au 31 d\\u00e9cembre et du 1er avril au 31 octobre<\\\/strong><br \\\/><strong>\\u2013 la basse saison compl\\u00e8te est de 100,00 \\u20ac Tarif valable du 1er au 30 novembre et du 1er janvier au 31 mars<\\\/strong><\\\/p>\\n\n\n<p>Si la visite est effectu\\u00e9e avec un guide agr\\u00e9\\u00e9 et certifi\\u00e9 de V\\u00e9rone, vous pouvez profiter d'une r\\u00e9duction de 30 % (ne peut \\u00eatre achet\\u00e9e qu'en ligne)<\\\/p>\\n\n\n<p><strong>\\u2013 haute saison : 105 \\u20ac<\\\/strong><br \\\/><strong>\\u2013 basse saison : 70 \\u20ac<\\\/strong><\\\/p>\",\"margin\":\"default\"}}]}]}]},{\"type\":\"section\",\"props\":{\"image_position\":\"center-center\",\"style\":\"muted\",\"title_breakpoint\":\"xl\",\"title_position\":\"top-left\",\"title_rotation\":\"left\",\"vertical_align\":\"middle\",\"width\":\"small\"},\"children\":[{\"type\":\"row\",\"props\":{\"layout\":\"1-2,1-2\"},\"children\":[{\"type\":\"column\",\"props\":{\"image_position\":\"center-center\",\"position_sticky_breakpoint\":\"m\",\"style\":\"tile-default\",\"width_medium\":\"1-2\"},\"children\":[{\"type\":\"description_list\",\"props\":{\"column_breakpoint\":\"m\",\"layout\":\"stacked\",\"list_element\":\"ul\",\"meta_align\":\"below-content\",\"meta_style\":\"text-meta\",\"show_content\":true,\"show_link\":true,\"show_meta\":true,\"show_title\":true,\"title_color\":\"primary\",\"title_element\":\"div\",\"title_grid_column_gap\":\"small\",\"title_grid_row_gap\":\"small\",\"title_grid_width\":\"auto\",\"title_style\":\"text-large\"},\"children\":[{\"type\":\"description_list_item\",\"props\":{\"content\":\"\n\n<p>Bus touristiques d'une capacit\\u00e9 maximale de 25 personnes (hors chauffeur) bus touristiques en provenance du lac de Garde comme l'exige la r\\u00e9solution du Conseil municipal n. 53\\\/2009, avec obligation d'afficher le bon d'h\\u00f4tel (ou document \\u00e9quivalent) certifiant la r\\u00e9servation et la nuit\\u00e9e ;<\\\/p>\",\"title\":\"R\\u00c9DUIT : 40,00 \\u20ac\"}},{\"type\":\"description_list_item\",\"props\":{\"content\":\"Autobus touristiques qui transportent les touristes vers les installations h\\u00f4teli\\u00e8res de la ville, pour le jour de l'arriv\\u00e9e et le jour du d\\u00e9part, avec obligation de pr\\u00e9senter le bon d'h\\u00f4tel (ou document \\u00e9quivalent) certifiant la r\\u00e9servation et la nuit\\u00e9e ;\",\"title\":\"H\\u00d4TEL R\\u00c9DUIT : 15,00 \\u20ac\"}},{\"type\":\"description_list_item\",\"props\":{\"content\":\"Bus touristiques pour les groupes se rendant aux spectacles d'op\\u00e9ra de l'Amphith\\u00e9\\u00e2tre Arena, avec entr\\u00e9e apr\\u00e8s 18 heures les jours de repr\\u00e9sentation, avec obligation de pr\\u00e9senter la r\\u00e9servation pour la soir\\u00e9e Arena.\",\"title\":\"AR\\u00c8NE R\\u00c9DUITE : 30,00 \\u20ac\"}}]}]},{\"type\":\"column\",\"props\":{\"image_position\":\"center-center\",\"position_sticky_breakpoint\":\"m\",\"style\":\"tile-default\",\"width_medium\":\"1-2\"},\"children\":[{\"type\":\"description_list\",\"props\":{\"column_breakpoint\":\"m\",\"layout\":\"stacked\",\"list_element\":\"ul\",\"meta_align\":\"below-content\",\"meta_style\":\"text-meta\",\"show_content\":true,\"show_link\":true,\"show_meta\":true,\"show_title\":true,\"title_color\":\"primary\",\"title_element\":\"div\",\"title_grid_column_gap\":\"small\",\"title_grid_row_gap\":\"small\",\"title_grid_width\":\"auto\",\"title_style\":\"text-large\"},\"children\":[{\"type\":\"description_list_item\",\"props\":{\"content\":\"\n\n<p>bus touristiques pour groupes scolaires de tous niveaux, niveaux et nationalit\\u00e9s, avec obligation d'afficher sur papier \\u00e0 en-t\\u00eate de l'Institut une d\\u00e9claration certifiant le voyage \\u00e0 V\\u00e9rone avec une liste des noms des participants ; bus touristiques \\u00e0 destination du Stade et de la Salle des Sports \\u00e0 l'occasion d'\\u00e9v\\u00e9nements qui empruntent la route de liaison entre le p\\u00e9age de l'autoroute V\\u00e9rone Nord (A22 Modena-Brennero) et le Stade\\\/Salle des Sports (et retour) ; bus touristiques dirig\\u00e9s vers les parkings de la Fiera di Verona limit\\u00e9s au tron\\u00e7on de route entre les parkings susmentionn\\u00e9s et le p\\u00e9age de l'autoroute V\\u00e9rone Sud (A4 Milan-Venise) ou \\u00e0 la sortie du p\\u00e9riph\\u00e9rique sud pour la Strada dell'Alpo ; bus touristiques pour groupes de citadins : pour avoir droit \\u00e0 cette exon\\u00e9ration, les passagers doivent voyager avec une pi\\u00e8ce d'identit\\u00e9 en cours de validit\\u00e9 certifiant la commune de r\\u00e9sidence qui doit \\u00eatre pr\\u00e9sent\\u00e9e en cas de contr\\u00f4les par le personnel en charge ; bus touristiques transportant un certain nombre de personnes handicap\\u00e9es, en possession d'une certification ad\\u00e9quate, au moins 50% des places disponibles<\\\/p>\\n\n\n<p>pour informations et r\\u00e9servations: <br \\\/><a href=\\\"https:\\\/\\\/www.amt.it\\\/pass-ztl-bus\\\/\\\">https:\\\/\\\/www.amt.it\\\/pass-ztl-bus\\\/<\\\/a><\\\/p>\",\"title\":\"GRATUIT\"}},{\"type\":\"description_list_item\",\"props\":{\"content\":\"Elle doit \\u00eatre effectu\\u00e9e \\u00e0 l'une des 4 caisses automatiques pr\\u00e9sentes sur place. Les machines acceptent les pi\\u00e8ces et les billets.\",\"title\":\"Paiement\"}}]}]}]}]},{\"type\":\"section\",\"props\":{\"image_position\":\"center-center\",\"style\":\"muted\",\"title_breakpoint\":\"xl\",\"title_position\":\"top-left\",\"title_rotation\":\"left\",\"vertical_align\":\"middle\",\"width\":\"small\"},\"children\":[{\"type\":\"row\",\"children\":[{\"type\":\"column\",\"props\":{\"image_position\":\"center-center\",\"position_sticky_breakpoint\":\"m\"},\"children\":[{\"type\":\"module\",\"props\":{\"menu_image_align\":\"center\",\"menu_image_margin\":true,\"menu_style\":\"default\",\"menu_type\":\"nav\",\"type\":\"builderwidget\",\"widget\":\"builderwidget-13\"}}]}]}],\"name\":\"INFO TURISTICHE\"}],\"version\":\"4.2.6\"} --><\/p>\n","protected":false},"excerpt":{"rendered":"<p>Entr\u00e9e des autocars dans la zone \u00e0 trafic limit\u00e9 Avec l&rsquo;ordonnance de la Commune de V\u00e9rone NR 1404 du 30.10.2018, les nouveaux tarifs des bus touristiques ont \u00e9t\u00e9 introduits. Le billet d&rsquo;entr\u00e9e en ville pour les bus d&rsquo;une capacit\u00e9 de plus de 25 personnes : \u2013 la pleine haute saison est \u00e0 150,00 \u20ac Tarif [&hellip;]<\/p>\n","protected":false},"author":6,"featured_media":0,"parent":2697,"menu_order":0,"comment_status":"closed","ping_status":"closed","template":"","meta":{"_acf_changed":false,"rank_math_lock_modified_date":false,"footnotes":""},"class_list":["post-2745","page","type-page","status-publish","hentry"],"acf":[],"_links":{"self":[{"href":"https:\/\/veronaguide.it\/fr\/wp-json\/wp\/v2\/pages\/2745"}],"collection":[{"href":"https:\/\/veronaguide.it\/fr\/wp-json\/wp\/v2\/pages"}],"about":[{"href":"https:\/\/veronaguide.it\/fr\/wp-json\/wp\/v2\/types\/page"}],"author":[{"embeddable":true,"href":"https:\/\/veronaguide.it\/fr\/wp-json\/wp\/v2\/users\/6"}],"replies":[{"embeddable":true,"href":"https:\/\/veronaguide.it\/fr\/wp-json\/wp\/v2\/comments?post=2745"}],"version-history":[{"count":6,"href":"https:\/\/veronaguide.it\/fr\/wp-json\/wp\/v2\/pages\/2745\/revisions"}],"predecessor-version":[{"id":4463,"href":"https:\/\/veronaguide.it\/fr\/wp-json\/wp\/v2\/pages\/2745\/revisions\/4463"}],"up":[{"embeddable":true,"href":"https:\/\/veronaguide.it\/fr\/wp-json\/wp\/v2\/pages\/2697"}],"wp:attachment":[{"href":"https:\/\/veronaguide.it\/fr\/wp-json\/wp\/v2\/media?parent=2745"}],"curies":[{"name":"wp","href":"https:\/\/api.w.org\/{rel}","templated":true}]}}