{"id":2730,"date":"2023-10-23T09:36:35","date_gmt":"2023-10-23T08:36:35","guid":{"rendered":"https:\/\/veronaguide.it\/tariffe\/"},"modified":"2026-01-10T15:44:16","modified_gmt":"2026-01-10T14:44:16","slug":"tarifs-des-visites-guidees","status":"publish","type":"page","link":"https:\/\/veronaguide.it\/fr\/tarifs-des-visites-guidees\/","title":{"rendered":"Tarifs des Visites Guid\u00e9es"},"content":{"rendered":"<h1>TARIFS DES GUIDES TOURISTIQUES VERONE 2026<\/h1>\n<div>\n<p>Visitez V\u00e9rone avec nous : d\u00e9couvrez nos visites guid\u00e9es pour individuels, groupes ou \u00e9coles et explorez la ville avec nos guides touristiques.<\/p>\n<\/div>\n<p>\n    <a href=\"mailto:info@guideverona.com\">Contactez-nous pour plus d\u2019informations et des visites personnalis\u00e9es<\/a>\n<\/p>\n<h2>TARIFS VISITES GUID\u00c9ES POUR GROUPES<\/h2>\n<ul>\n<li>\n<h3>Visite guid\u00e9e d&rsquo;une demi-journ\u00e9e (environ 2 heures):<\/h3>\n<div>\n<p>150,00 \u20ac jusqu&rsquo;\u00e0 30 personnes + 5,00 \u20ac pour chaque personne suppl\u00e9mentaire.<\/p>\n<\/div>\n<\/li>\n<li>\n<h3>Journ\u00e9e compl\u00e8te avec un guide touristique professionnel:<\/h3>\n<div>\n<p>300,00 \u20ac jusqu&rsquo;\u00e0 30 personnes + 10,00 \u20ac pour chaque personne suppl\u00e9mentaire ;<\/p>\n<\/div>\n<\/li>\n<\/ul>\n<h2>TARIFS VISITES GUID\u00c9ES POUR LES \u00c9COLES<\/h2>\n<ul>\n<li>\n<h3>Visite d\u2019une demi-journ\u00e9e avec un guide touristique (2 heures)<\/h3>\n<div>\n<p>150,00 \u20ac jusqu&rsquo;\u00e0 30 \u00e9tudiants ;<br \/>170,00 \u20ac jusqu&rsquo;\u00e0 50 \u00e9tudiants ; + 5,00 \u20ac pour chaque \u00e9tudiant suppl\u00e9mentaire<br \/>professeurs gratuits<\/p>\n<\/div>\n<\/li>\n<li>\n<h3>Visite guid\u00e9e d\u2019une journ\u00e9e compl\u00e8te : 2 heures le matin + 2 heures l\u2019apr\u00e8s-midi<\/h3>\n<div>\n<p>300,00 \u20ac jusqu&rsquo;\u00e0 30 \u00e9tudiants ;<br \/>370,00 \u20ac jusqu&rsquo;\u00e0 50 \u00e9tudiants + 10,00 \u20ac pour chaque \u00e9tudiant suppl\u00e9mentaire ;<br \/>professeurs gratuits<\/p>\n<\/div>\n<\/li>\n<li>\n<h3>CHAQUE HEURE SUPPL\u00c9MENTAIRE 50,00 \u20ac<\/h3>\n<\/li>\n<\/ul>\n<div>\n<p>Pour votre devis personnalis\u00e9 \u00e9crivez \u00e0 <a href=\"mailto:info@guideverona.com\">info@guideverona.com<\/a><\/p>\n<\/div>\n<p><!--more--><br \/>\n<!-- {\"type\":\"layout\",\"children\":[{\"type\":\"section\",\"props\":{\"image_position\":\"center-center\",\"style\":\"muted\",\"title_breakpoint\":\"xl\",\"title_position\":\"top-left\",\"title_rotation\":\"left\",\"vertical_align\":\"middle\",\"width\":\"small\"},\"children\":[{\"type\":\"row\",\"children\":[{\"type\":\"column\",\"props\":{\"image_position\":\"center-center\",\"position_sticky_breakpoint\":\"m\"},\"children\":[{\"type\":\"headline\",\"props\":{\"content\":\"TARIFS DES GUIDES TOURISTIQUES VERONE 2026\",\"text_align\":\"center\",\"title_color\":\"primary\",\"title_element\":\"h1\",\"title_style\":\"h3\"}},{\"type\":\"text\",\"props\":{\"column_breakpoint\":\"m\",\"content\":\"\n\n<p>Visitez V\\u00e9rone avec nous : d\\u00e9couvrez nos visites guid\\u00e9es pour individuels, groupes ou \\u00e9coles et explorez la ville avec nos guides touristiques.<\\\/p>\",\"margin\":\"default\",\"text_align\":\"center\"}},{\"type\":\"button\",\"props\":{\"grid_column_gap\":\"small\",\"grid_row_gap\":\"small\",\"margin\":\"default\",\"text_align\":\"center\"},\"children\":[{\"type\":\"button_item\",\"props\":{\"button_style\":\"default\",\"content\":\"Contactez-nous pour plus d\\u2019informations et des visites personnalis\\u00e9es\",\"icon\":\"mail\",\"icon_align\":\"left\",\"link\":\"mailto:info@guideverona.com\"}}]}]}]},{\"type\":\"row\",\"props\":{\"width\":\"xsmall\"},\"children\":[{\"type\":\"column\",\"props\":{\"image_position\":\"center-center\",\"position_sticky_breakpoint\":\"m\",\"style\":\"tile-default\"},\"children\":[{\"type\":\"headline\",\"props\":{\"content\":\"TARIFS VISITES GUID\\u00c9ES POUR GROUPES\",\"text_align\":\"left\",\"title_color\":\"primary\",\"title_element\":\"h2\",\"title_style\":\"h4\"}},{\"type\":\"description_list\",\"props\":{\"block_align\":\"center\",\"column_breakpoint\":\"m\",\"layout\":\"stacked\",\"list_element\":\"ul\",\"meta_align\":\"below-content\",\"meta_style\":\"text-meta\",\"show_content\":true,\"show_link\":true,\"show_meta\":true,\"show_title\":true,\"title_color\":\"primary\",\"title_element\":\"div\",\"title_grid_column_gap\":\"small\",\"title_grid_row_gap\":\"small\",\"title_grid_width\":\"auto\",\"title_style\":\"text-large\"},\"children\":[{\"type\":\"description_list_item\",\"props\":{\"content\":\"\n\n<p>150,00 \\u20ac jusqu'\\u00e0 30 personnes + 5,00 \\u20ac pour chaque personne suppl\\u00e9mentaire.<\\\/p>\",\"title\":\"Visite guid\\u00e9e d'une demi-journ\\u00e9e (environ 2 heures):\"}},{\"type\":\"description_list_item\",\"props\":{\"content\":\"\n\n<p>300,00 \\u20ac jusqu'\\u00e0 30 personnes + 10,00 \\u20ac pour chaque personne suppl\\u00e9mentaire ;<\\\/p>\",\"title\":\"Journ\\u00e9e compl\\u00e8te avec un guide touristique professionnel:\"}}]},{\"type\":\"headline\",\"props\":{\"content\":\"TARIFS VISITES GUID\\u00c9ES POUR LES \\u00c9COLES\",\"title_color\":\"primary\",\"title_element\":\"h2\",\"title_style\":\"h4\"}},{\"type\":\"description_list\",\"props\":{\"column_breakpoint\":\"m\",\"layout\":\"stacked\",\"list_element\":\"ul\",\"meta_align\":\"below-content\",\"meta_style\":\"text-meta\",\"show_content\":true,\"show_link\":true,\"show_meta\":true,\"show_title\":true,\"title_color\":\"primary\",\"title_element\":\"div\",\"title_grid_column_gap\":\"small\",\"title_grid_row_gap\":\"small\",\"title_grid_width\":\"auto\",\"title_style\":\"text-large\"},\"children\":[{\"type\":\"description_list_item\",\"props\":{\"content\":\"\n\n<p>150,00 \\u20ac jusqu'\\u00e0 30 \\u00e9tudiants ;<br \\\/>170,00 \\u20ac jusqu'\\u00e0 50 \\u00e9tudiants ; + 5,00 \\u20ac pour chaque \\u00e9tudiant suppl\\u00e9mentaire<br \\\/>professeurs gratuits<\\\/p>\",\"title\":\"Visite d\\u2019une demi-journ\\u00e9e avec un guide touristique (2 heures)\"}},{\"type\":\"description_list_item\",\"props\":{\"content\":\"\n\n<p>300,00 \\u20ac jusqu'\\u00e0 30 \\u00e9tudiants ;<br \\\/>370,00 \\u20ac jusqu'\\u00e0 50 \\u00e9tudiants + 10,00 \\u20ac pour chaque \\u00e9tudiant suppl\\u00e9mentaire ;<br \\\/>professeurs gratuits<\\\/p>\",\"title\":\"Visite guid\\u00e9e d\\u2019une journ\\u00e9e compl\\u00e8te : 2 heures le matin + 2 heures l\\u2019apr\\u00e8s-midi\"}},{\"type\":\"description_list_item\",\"props\":{\"title\":\"CHAQUE HEURE SUPPL\\u00c9MENTAIRE 50,00 \\u20ac\"}}]},{\"type\":\"text\",\"props\":{\"column_breakpoint\":\"m\",\"content\":\"\n\n<p>Pour votre devis personnalis\\u00e9 \\u00e9crivez \\u00e0 <a href=\\\"mailto:info@guideverona.com\\\">info@guideverona.com<\\\/a><\\\/p>\",\"margin\":\"default\"}}]}]}]}],\"version\":\"4.2.6\"} --><\/p>\n","protected":false},"excerpt":{"rendered":"<p>TARIFS DES GUIDES TOURISTIQUES VERONE 2026 Visitez V\u00e9rone avec nous : d\u00e9couvrez nos visites guid\u00e9es pour individuels, groupes ou \u00e9coles et explorez la ville avec nos guides touristiques. Contactez-nous pour plus d\u2019informations et des visites personnalis\u00e9es TARIFS VISITES GUID\u00c9ES POUR GROUPES Visite guid\u00e9e d&rsquo;une demi-journ\u00e9e (environ 2 heures): 150,00 \u20ac jusqu&rsquo;\u00e0 30 personnes + 5,00 [&hellip;]<\/p>\n","protected":false},"author":6,"featured_media":0,"parent":0,"menu_order":0,"comment_status":"closed","ping_status":"closed","template":"","meta":{"_acf_changed":false,"rank_math_lock_modified_date":false,"footnotes":""},"class_list":["post-2730","page","type-page","status-publish","hentry"],"acf":[],"_links":{"self":[{"href":"https:\/\/veronaguide.it\/fr\/wp-json\/wp\/v2\/pages\/2730"}],"collection":[{"href":"https:\/\/veronaguide.it\/fr\/wp-json\/wp\/v2\/pages"}],"about":[{"href":"https:\/\/veronaguide.it\/fr\/wp-json\/wp\/v2\/types\/page"}],"author":[{"embeddable":true,"href":"https:\/\/veronaguide.it\/fr\/wp-json\/wp\/v2\/users\/6"}],"replies":[{"embeddable":true,"href":"https:\/\/veronaguide.it\/fr\/wp-json\/wp\/v2\/comments?post=2730"}],"version-history":[{"count":48,"href":"https:\/\/veronaguide.it\/fr\/wp-json\/wp\/v2\/pages\/2730\/revisions"}],"predecessor-version":[{"id":4862,"href":"https:\/\/veronaguide.it\/fr\/wp-json\/wp\/v2\/pages\/2730\/revisions\/4862"}],"wp:attachment":[{"href":"https:\/\/veronaguide.it\/fr\/wp-json\/wp\/v2\/media?parent=2730"}],"curies":[{"name":"wp","href":"https:\/\/api.w.org\/{rel}","templated":true}]}}