{"id":2715,"date":"2024-02-07T11:33:34","date_gmt":"2024-02-07T10:33:34","guid":{"rendered":"https:\/\/veronaguide.it\/mangiare-a-verona\/"},"modified":"2025-04-03T10:07:21","modified_gmt":"2025-04-03T09:07:21","slug":"manger-a-verone","status":"publish","type":"page","link":"https:\/\/veronaguide.it\/fr\/informations-touristiques\/manger-a-verone\/","title":{"rendered":"Manger \u00e0 V\u00e9rone"},"content":{"rendered":"<h1>Manger \u00e0 V\u00e9rone<\/h1>\n<div>\n<p>O\u00f9 manger \u00e0 V\u00e9rone ? Que vous cherchiez un endroit pour une pause rapide ou un restaurant pour un d\u00e9jeuner tranquille, n\u2019h\u00e9sitez pas \u00e0 nous contacter pour des conseils et des offres sp\u00e9ciales.<\/p>\n<\/div>\n<h2><span>O\u00f9 manger \u00e0 V\u00e9rone<\/span><\/h2>\n<div>\n<p>POINTS DE RAFRA\u00ceCHISSEMENT POUR \u00c9TUDIANTS<\/p>\n<p>Il existe \u00e0 V\u00e9rone une ordonnance qui interdit la consommation de nourriture et de boissons dans les zones monumentales du centre. Normalement, cette mesure n&rsquo;est pas appliqu\u00e9e avec une rigueur excessive, mais il existe au moins en th\u00e9orie la possibilit\u00e9 d&rsquo;\u00eatre condamn\u00e9 \u00e0 une amende. Dans le centre-ville, il y a des espaces ext\u00e9rieurs o\u00f9 vous pouvez manger un panier-repas. Si vous optez pour cette solution, le guide vous indiquera et \u00e9ventuellement vous accompagnera vers celle qui vous convient le mieux en fonction de votre itin\u00e9raire et de vos besoins sp\u00e9cifiques.<\/p>\n<p>Il est possible de r\u00e9server des salles de classe en salle dans certains instituts religieux o\u00f9 une contribution est demand\u00e9e. Dans le centre-ville, facilement accessible \u00e0 pied, vous pouvez contacter :<\/p>\n<p>\u2022 <strong>L&rsquo;oratoire Filippini<\/strong> (Don Roberto 045 800 2823)<\/p>\n<p>\u2022<strong> La salle des associations \u00abFogolar Furlan\u00bb<\/strong> (t\u00e9l. 3451134609)<\/p>\n<p>Toutes les formules de d\u00e9jeuner (instituts religieux) doivent \u00eatre r\u00e9serv\u00e9es directement<\/p>\n<\/div>\n<h2><span>RESTAURANT<\/span><\/h2>\n<div>\n<p>Notre Association a un accord avec un restaurant central qui est un bon compromis entre logistique (il est situ\u00e9 derri\u00e8re l&rsquo;Arena non loin du parking des autocars) et qualit\u00e9\/prix.<\/p>\n<p>Pour les \u00e9tudiants, il en co\u00fbte 11,00 \u20ac pour une pizza et une boisson et 12,00 \u20ac pour une pizza, une boisson et des chips. Nous pouvons faire la r\u00e9servation si vous le souhaitez.<\/p>\n<p>Ils proposent des menus tels que :<\/p>\n<p>1) 1 entr\u00e9e &#8211; un deuxi\u00e8me plat &#8211; accompagnements vari\u00e9s &#8211; dessert &#8211; eau, vin et caf\u00e9 <strong>26,00 \u20ac<\/strong> ;<\/p>\n<p>2) Deux entr\u00e9es &#8211; un deuxi\u00e8me plat &#8211; accompagnements vari\u00e9s &#8211; dessert &#8211; eau, vin et caf\u00e9 <strong>30,00 \u20ac<\/strong> ;<\/p>\n<p>3) Entr\u00e9e \u2013 un premier plat \u2013 un deuxi\u00e8me plat \u2013 accompagnements vari\u00e9s \u2013 dessert \u2013 eau vin caf\u00e9 <strong>30,00 \u20ac<\/strong> ;<\/p>\n<p>4) Entr\u00e9e \u2013 deux entr\u00e9es \u2013 un deuxi\u00e8me plat \u2013 accompagnements vari\u00e9s \u2013 dessert \u2013 eau vin caf\u00e9<strong> 33,00 \u20ac.<\/strong><\/p>\n<p>Nous pouvons vous envoyer une liste de plats \u00e0 choisir et vous communiquer.<\/p>\n<\/div>\n<p><!--more--><br \/>\n<!-- {\"type\":\"layout\",\"children\":[{\"type\":\"section\",\"props\":{\"image_position\":\"center-center\",\"style\":\"default\",\"title_breakpoint\":\"xl\",\"title_position\":\"top-left\",\"title_rotation\":\"left\",\"vertical_align\":\"middle\",\"width\":\"small\"},\"children\":[{\"type\":\"row\",\"children\":[{\"type\":\"column\",\"props\":{\"image_position\":\"center-center\",\"position_sticky_breakpoint\":\"m\"},\"children\":[{\"type\":\"headline\",\"props\":{\"content\":\"Manger \\u00e0 V\\u00e9rone\",\"text_align\":\"center\",\"title_color\":\"primary\",\"title_element\":\"h1\"}},{\"type\":\"text\",\"props\":{\"column_breakpoint\":\"m\",\"content\":\"\n\n<p>O\\u00f9 manger \\u00e0 V\\u00e9rone ? Que vous cherchiez un endroit pour une pause rapide ou un restaurant pour un d\\u00e9jeuner tranquille, n\\u2019h\\u00e9sitez pas \\u00e0 nous contacter pour des conseils et des offres sp\\u00e9ciales.<\\\/p>\",\"margin\":\"default\",\"text_align\":\"center\"}}]}]}]},{\"type\":\"section\",\"props\":{\"image_position\":\"center-center\",\"style\":\"muted\",\"title_breakpoint\":\"xl\",\"title_position\":\"top-left\",\"title_rotation\":\"left\",\"vertical_align\":\"middle\",\"width\":\"small\"},\"children\":[{\"type\":\"row\",\"props\":{\"layout\":\"1-2,1-2\"},\"children\":[{\"type\":\"column\",\"props\":{\"image_position\":\"center-center\",\"position_sticky_breakpoint\":\"m\",\"style\":\"tile-default\",\"width_medium\":\"1-2\"},\"children\":[{\"type\":\"headline\",\"props\":{\"content\":\"<span>O\\u00f9 manger \\u00e0 V\\u00e9rone<\\\/span>\",\"title_color\":\"primary\",\"title_element\":\"h2\",\"title_style\":\"h4\"}},{\"type\":\"text\",\"props\":{\"column_breakpoint\":\"m\",\"content\":\"\n\n<p>POINTS DE RAFRA\\u00ceCHISSEMENT POUR \\u00c9TUDIANTS<\\\/p>\\n\n\n<p>Il existe \\u00e0 V\\u00e9rone une ordonnance qui interdit la consommation de nourriture et de boissons dans les zones monumentales du centre. Normalement, cette mesure n'est pas appliqu\\u00e9e avec une rigueur excessive, mais il existe au moins en th\\u00e9orie la possibilit\\u00e9 d'\\u00eatre condamn\\u00e9 \\u00e0 une amende. Dans le centre-ville, il y a des espaces ext\\u00e9rieurs o\\u00f9 vous pouvez manger un panier-repas. Si vous optez pour cette solution, le guide vous indiquera et \\u00e9ventuellement vous accompagnera vers celle qui vous convient le mieux en fonction de votre itin\\u00e9raire et de vos besoins sp\\u00e9cifiques.<\\\/p>\\n\n\n<p>Il est possible de r\\u00e9server des salles de classe en salle dans certains instituts religieux o\\u00f9 une contribution est demand\\u00e9e. Dans le centre-ville, facilement accessible \\u00e0 pied, vous pouvez contacter :<\\\/p>\\n\n\n<p>\\u2022 <strong>L'oratoire Filippini<\\\/strong> (Don Roberto 045 800 2823)<\\\/p>\\n\n\n<p>\\u2022<strong> La salle des associations \\u00abFogolar Furlan\\u00bb<\\\/strong> (t\\u00e9l. 3451134609)<\\\/p>\\n\n\n<p>Toutes les formules de d\\u00e9jeuner (instituts religieux) doivent \\u00eatre r\\u00e9serv\\u00e9es directement<\\\/p>\",\"margin\":\"default\"}}]},{\"type\":\"column\",\"props\":{\"image_position\":\"center-center\",\"position_sticky_breakpoint\":\"m\",\"style\":\"tile-default\",\"width_medium\":\"1-2\"},\"children\":[{\"type\":\"headline\",\"props\":{\"content\":\"<span>RESTAURANT<\\\/span>\",\"title_color\":\"primary\",\"title_element\":\"h2\",\"title_style\":\"h4\"}},{\"type\":\"text\",\"props\":{\"column_breakpoint\":\"m\",\"content\":\"\n\n<p>Notre Association a un accord avec un restaurant central qui est un bon compromis entre logistique (il est situ\\u00e9 derri\\u00e8re l'Arena non loin du parking des autocars) et qualit\\u00e9\\\/prix.<\\\/p>\\n\n\n<p>Pour les \\u00e9tudiants, il en co\\u00fbte 11,00 \\u20ac pour une pizza et une boisson et 12,00 \\u20ac pour une pizza, une boisson et des chips. Nous pouvons faire la r\\u00e9servation si vous le souhaitez.<\\\/p>\\n\n\n<p>Ils proposent des menus tels que :<\\\/p>\\n\n\n<p>1) 1 entr\\u00e9e - un deuxi\\u00e8me plat - accompagnements vari\\u00e9s - dessert - eau, vin et caf\\u00e9 <strong>26,00 \\u20ac<\\\/strong> ;<\\\/p>\\n\n\n<p>2) Deux entr\\u00e9es - un deuxi\\u00e8me plat - accompagnements vari\\u00e9s - dessert - eau, vin et caf\\u00e9 <strong>30,00 \\u20ac<\\\/strong> ;<\\\/p>\\n\n\n<p>3) Entr\\u00e9e \\u2013 un premier plat \\u2013 un deuxi\\u00e8me plat \\u2013 accompagnements vari\\u00e9s \\u2013 dessert \\u2013 eau vin caf\\u00e9 <strong>30,00 \\u20ac<\\\/strong> ;<\\\/p>\\n\n\n<p>4) Entr\\u00e9e \\u2013 deux entr\\u00e9es \\u2013 un deuxi\\u00e8me plat \\u2013 accompagnements vari\\u00e9s \\u2013 dessert \\u2013 eau vin caf\\u00e9<strong> 33,00 \\u20ac.<\\\/strong><\\\/p>\\n\n\n<p>Nous pouvons vous envoyer une liste de plats \\u00e0 choisir et vous communiquer.<\\\/p>\",\"margin\":\"default\"}}]}]}]},{\"type\":\"section\",\"props\":{\"image_position\":\"center-center\",\"style\":\"muted\",\"title_breakpoint\":\"xl\",\"title_position\":\"top-left\",\"title_rotation\":\"left\",\"vertical_align\":\"middle\",\"width\":\"small\"},\"children\":[{\"type\":\"row\",\"children\":[{\"type\":\"column\",\"props\":{\"image_position\":\"center-center\",\"position_sticky_breakpoint\":\"m\"},\"children\":[{\"type\":\"module\",\"props\":{\"menu_image_align\":\"center\",\"menu_image_margin\":true,\"menu_style\":\"default\",\"menu_type\":\"nav\",\"type\":\"builderwidget\",\"widget\":\"builderwidget-13\"}}]}]}],\"name\":\"INFO TURISTICHE\"}],\"version\":\"4.2.6\"} --><\/p>\n","protected":false},"excerpt":{"rendered":"<p>Manger \u00e0 V\u00e9rone O\u00f9 manger \u00e0 V\u00e9rone ? Que vous cherchiez un endroit pour une pause rapide ou un restaurant pour un d\u00e9jeuner tranquille, n\u2019h\u00e9sitez pas \u00e0 nous contacter pour des conseils et des offres sp\u00e9ciales. O\u00f9 manger \u00e0 V\u00e9rone POINTS DE RAFRA\u00ceCHISSEMENT POUR \u00c9TUDIANTS Il existe \u00e0 V\u00e9rone une ordonnance qui interdit la consommation [&hellip;]<\/p>\n","protected":false},"author":6,"featured_media":0,"parent":2697,"menu_order":0,"comment_status":"closed","ping_status":"closed","template":"","meta":{"_acf_changed":false,"rank_math_lock_modified_date":false,"footnotes":""},"class_list":["post-2715","page","type-page","status-publish","hentry"],"acf":[],"_links":{"self":[{"href":"https:\/\/veronaguide.it\/fr\/wp-json\/wp\/v2\/pages\/2715"}],"collection":[{"href":"https:\/\/veronaguide.it\/fr\/wp-json\/wp\/v2\/pages"}],"about":[{"href":"https:\/\/veronaguide.it\/fr\/wp-json\/wp\/v2\/types\/page"}],"author":[{"embeddable":true,"href":"https:\/\/veronaguide.it\/fr\/wp-json\/wp\/v2\/users\/6"}],"replies":[{"embeddable":true,"href":"https:\/\/veronaguide.it\/fr\/wp-json\/wp\/v2\/comments?post=2715"}],"version-history":[{"count":10,"href":"https:\/\/veronaguide.it\/fr\/wp-json\/wp\/v2\/pages\/2715\/revisions"}],"predecessor-version":[{"id":4826,"href":"https:\/\/veronaguide.it\/fr\/wp-json\/wp\/v2\/pages\/2715\/revisions\/4826"}],"up":[{"embeddable":true,"href":"https:\/\/veronaguide.it\/fr\/wp-json\/wp\/v2\/pages\/2697"}],"wp:attachment":[{"href":"https:\/\/veronaguide.it\/fr\/wp-json\/wp\/v2\/media?parent=2715"}],"curies":[{"name":"wp","href":"https:\/\/api.w.org\/{rel}","templated":true}]}}