{"id":2710,"date":"2024-02-07T11:34:58","date_gmt":"2024-02-07T10:34:58","guid":{"rendered":"https:\/\/veronaguide.it\/link-utili\/"},"modified":"2025-04-03T10:12:41","modified_gmt":"2025-04-03T09:12:41","slug":"liens-utiles","status":"publish","type":"page","link":"https:\/\/veronaguide.it\/fr\/informations-touristiques\/liens-utiles\/","title":{"rendered":"Liens utiles"},"content":{"rendered":"<div>\n<p>De l\u2019office de tourisme jusqu\u2019\u00e0 l\u2019ar\u00e8ne, une s\u00e9lection de liens utiles pour manger, dormir, visiter et se d\u00e9placer \u00e0 V\u00e9rone.<\/p>\n<\/div>\n<h2>\u00c0 V\u00e9rone<\/h2>\n<ul>\n<li>\n<p><a href=\"https:\/\/www.arena.it\/it-IT\/Homeit.html\" rel=\"nofollow noopener\" target=\"_blank\">Ar\u00e8nes de V\u00e9rone<\/a><\/p>\n<\/li>\n<li>\n<p><a href=\"https:\/\/www.veronafiere.it\/\" rel=\"nofollow noopener\" target=\"_blank\">Foires de V\u00e9rone<\/a><\/p>\n<\/li>\n<li>\n<p><a href=\"https:\/\/www.comune.verona.it\/nqcontent.cfm?a_id=1\" rel=\"nofollow noopener\" target=\"_blank\">Commune de V\u00e9rone<\/a><\/p>\n<\/li>\n<li>\n<p><a href=\"https:\/\/www.aeroportoverona.it\/\" rel=\"nofollow noopener\" target=\"_blank\">A\u00e9roport de V\u00e9rone<\/a><\/p>\n<\/li>\n<li>\n<p><a href=\"https:\/\/www.trenitalia.com\/\" rel=\"nofollow noopener\" target=\"_blank\">Trenitalia<\/a><\/p>\n<\/li>\n<li>\n<p><a href=\"https:\/\/www.veronabedandbreakfast.it\/\" rel=\"nofollow noopener\" target=\"_blank\">Chambres d&rsquo;h\u00f4tes V\u00e9rone et Province<\/a><\/p>\n<\/li>\n<li>\n<p><a href=\"https:\/\/www.wedinverona.com\/en\/destination-weddings-events-in-italy-verona-venice-tuscany-sardinia\" rel=\"nofollow noopener\" target=\"_blank\">Mer \u00e0 V\u00e9rone<\/a><\/p>\n<\/li>\n<li>\n<p><a href=\"https:\/\/www.verona.net\/\" rel=\"nofollow noopener\" target=\"_blank\">Tourisme<\/a><\/p>\n<\/li>\n<\/ul>\n<h2>En Italie<\/h2>\n<ul>\n<li>\n<h3>Guides touristiques \u00e0 Lucques:<\/h3>\n<p><a href=\"https:\/\/www.lagiunchiglia.net\/\" rel=\"nofollow noopener\" target=\"_blank\">La Giunchiglia<\/a><\/p>\n<\/li>\n<li>\n<h3>Guides touristiques de Massa Carrara et La Spezia :<\/h3>\n<p><a href=\"http:\/\/www.iltau.it\/\" rel=\"nofollow noopener\" target=\"_blank\">Il Tau<\/a><\/p>\n<\/li>\n<li>\n<h3>Guides touristiques de l&rsquo;Ombrie :<\/h3>\n<p><a href=\"https:\/\/assoguide.it\/it\/\" rel=\"nofollow noopener\" target=\"_blank\">Agtu<\/a><\/p>\n<\/li>\n<li>\n<h3>Association des accompagnateurs et guides touristiques de Rezia, province de Sondrio et canton des Grisons (CH) :<\/h3>\n<\/li>\n<li>\n<p><a href=\"http:\/\/www.guidedivaltellina.eu\/\" rel=\"nofollow noopener\" target=\"_blank\">Guide di Valtellina<\/a><\/p>\n<\/li>\n<li>\n<p><a href=\"http:\/\/www.anconaguide.com\/\" rel=\"nofollow noopener\" target=\"_blank\">Association des guides touristiques d&rsquo;Anc\u00f4ne<\/a><\/p>\n<\/li>\n<li>\n<p><a href=\"https:\/\/guidecomo.it\/\" rel=\"nofollow noopener\" target=\"_blank\">Guides touristiques de C\u00f4me et de sa province<\/a><\/p>\n<\/li>\n<li>\n<p><a href=\"https:\/\/www.bergamoguide.it\/\" rel=\"nofollow noopener\" target=\"_blank\">Groupe de guides touristiques Ville de Bergame et province<\/a><\/p>\n<\/li>\n<li>\n<h3>Guides touristiques de Venise:<\/h3>\n<p><a href=\"https:\/\/discoveringvenice.com\/\" rel=\"nofollow noopener\" target=\"_blank\">Discovering Venice<\/a><\/p>\n<\/li>\n<\/ul>\n<p><!--more--><br \/>\n<!-- {\"type\":\"layout\",\"children\":[{\"type\":\"section\",\"props\":{\"image_position\":\"center-center\",\"style\":\"default\",\"title_breakpoint\":\"xl\",\"title_position\":\"top-left\",\"title_rotation\":\"left\",\"vertical_align\":\"middle\",\"width\":\"small\"},\"children\":[{\"type\":\"row\",\"children\":[{\"type\":\"column\",\"props\":{\"image_position\":\"center-center\",\"position_sticky_breakpoint\":\"m\"},\"children\":[{\"type\":\"headline\",\"props\":{\"text_align\":\"center\",\"title_color\":\"primary\",\"title_element\":\"h1\"},\"source\":{\"query\":{\"name\":\"pages.singlePage\"},\"props\":{\"content\":{\"filters\":{\"search\":\"\"},\"name\":\"title\"}}}},{\"type\":\"text\",\"props\":{\"column_breakpoint\":\"m\",\"content\":\"\n\n<p>De l\\u2019office de tourisme jusqu\\u2019\\u00e0 l\\u2019ar\\u00e8ne, une s\\u00e9lection de liens utiles pour manger, dormir, visiter et se d\\u00e9placer \\u00e0 V\\u00e9rone.<\\\/p>\",\"margin\":\"default\",\"text_align\":\"center\"}}]}]}],\"name\":\"INFO h1\"},{\"type\":\"section\",\"props\":{\"image_position\":\"center-center\",\"style\":\"default\",\"title_breakpoint\":\"xl\",\"title_position\":\"top-left\",\"title_rotation\":\"left\",\"vertical_align\":\"middle\",\"width\":\"small\"},\"children\":[{\"type\":\"row\",\"props\":{\"layout\":\"1-2,1-2\"},\"children\":[{\"type\":\"column\",\"props\":{\"image_position\":\"center-center\",\"position_sticky_breakpoint\":\"m\",\"width_medium\":\"1-2\"},\"children\":[{\"type\":\"headline\",\"props\":{\"content\":\"\\u00c0 V\\u00e9rone\",\"title_color\":\"primary\",\"title_element\":\"h2\",\"title_style\":\"h3\"}},{\"type\":\"description_list\",\"props\":{\"column_breakpoint\":\"m\",\"layout\":\"stacked\",\"list_element\":\"ul\",\"list_marker\":\"square\",\"list_marker_color\":\"primary\",\"meta_align\":\"below-content\",\"meta_style\":\"text-meta\",\"show_content\":true,\"show_link\":true,\"show_meta\":true,\"show_title\":true,\"title_element\":\"div\",\"title_grid_column_gap\":\"small\",\"title_grid_row_gap\":\"small\",\"title_grid_width\":\"auto\"},\"children\":[{\"type\":\"description_list_item\",\"props\":{\"content\":\"Ar\\u00e8nes de V\\u00e9rone\",\"link\":\"https:\\\/\\\/www.arena.it\\\/it-IT\\\/Homeit.html\",\"link_target\":true,\"title\":\"\"}},{\"type\":\"description_list_item\",\"props\":{\"content\":\"Foires de V\\u00e9rone\",\"link\":\"https:\\\/\\\/www.veronafiere.it\\\/\",\"link_target\":true,\"title\":\"\"}},{\"type\":\"description_list_item\",\"props\":{\"content\":\"Commune de V\\u00e9rone\",\"link\":\"https:\\\/\\\/www.comune.verona.it\\\/nqcontent.cfm?a_id=1\",\"link_target\":true,\"title\":\"\"}},{\"type\":\"description_list_item\",\"props\":{\"content\":\"A\\u00e9roport de V\\u00e9rone\",\"link\":\"https:\\\/\\\/www.aeroportoverona.it\\\/\",\"link_target\":true,\"title\":\"\"}},{\"type\":\"description_list_item\",\"props\":{\"content\":\"Trenitalia\",\"link\":\"https:\\\/\\\/www.trenitalia.com\\\/\",\"link_target\":true,\"title\":\"\"}},{\"type\":\"description_list_item\",\"props\":{\"content\":\"Chambres d'h\\u00f4tes V\\u00e9rone et Province\",\"link\":\"https:\\\/\\\/www.veronabedandbreakfast.it\\\/\",\"link_target\":true,\"title\":\"\"}},{\"type\":\"description_list_item\",\"props\":{\"content\":\"Mer \\u00e0 V\\u00e9rone\",\"link\":\"https:\\\/\\\/www.wedinverona.com\\\/en\\\/destination-weddings-events-in-italy-verona-venice-tuscany-sardinia\",\"link_target\":true,\"title\":\"\"}},{\"type\":\"description_list_item\",\"props\":{\"content\":\"Tourisme\",\"link\":\"https:\\\/\\\/www.verona.net\\\/\",\"link_target\":true,\"title\":\"\"}}]}]},{\"type\":\"column\",\"props\":{\"image_position\":\"center-center\",\"position_sticky_breakpoint\":\"m\",\"width_medium\":\"1-2\"},\"children\":[{\"type\":\"headline\",\"props\":{\"content\":\"En Italie\",\"title_color\":\"primary\",\"title_element\":\"h2\",\"title_style\":\"h3\"}},{\"type\":\"description_list\",\"props\":{\"column_breakpoint\":\"m\",\"layout\":\"stacked\",\"list_element\":\"ul\",\"list_marker\":\"square\",\"list_marker_color\":\"primary\",\"meta_align\":\"below-content\",\"meta_style\":\"text-meta\",\"show_content\":true,\"show_link\":true,\"show_meta\":true,\"show_title\":true,\"title_element\":\"div\",\"title_grid_column_gap\":\"small\",\"title_grid_row_gap\":\"small\",\"title_grid_width\":\"auto\"},\"children\":[{\"type\":\"description_list_item\",\"props\":{\"content\":\"La Giunchiglia\",\"link\":\"https:\\\/\\\/www.lagiunchiglia.net\\\/\",\"link_target\":true,\"title\":\"Guides touristiques \\u00e0 Lucques:\"}},{\"type\":\"description_list_item\",\"props\":{\"content\":\"Il Tau\",\"link\":\"http:\\\/\\\/www.iltau.it\\\/\",\"link_target\":true,\"title\":\"Guides touristiques de Massa Carrara et La Spezia :\"}},{\"type\":\"description_list_item\",\"props\":{\"content\":\"Agtu\",\"link\":\"https:\\\/\\\/assoguide.it\\\/it\\\/\",\"link_target\":true,\"title\":\"Guides touristiques de l'Ombrie :\"}},{\"type\":\"description_list_item\",\"props\":{\"content\":\"\",\"link_target\":true,\"title\":\"Association des accompagnateurs et guides touristiques de Rezia, province de Sondrio et canton des Grisons (CH) :\"}},{\"type\":\"description_list_item\",\"props\":{\"content\":\"Guide di Valtellina\",\"link\":\"http:\\\/\\\/www.guidedivaltellina.eu\\\/\",\"link_target\":true,\"title\":\"\"}},{\"type\":\"description_list_item\",\"props\":{\"content\":\"Association des guides touristiques d'Anc\\u00f4ne\",\"link\":\"http:\\\/\\\/www.anconaguide.com\\\/\",\"link_target\":true,\"title\":\"\"}},{\"type\":\"description_list_item\",\"props\":{\"content\":\"Guides touristiques de C\\u00f4me et de sa province\",\"link\":\"https:\\\/\\\/guidecomo.it\\\/\",\"link_target\":true,\"title\":\"\"}},{\"type\":\"description_list_item\",\"props\":{\"content\":\"Groupe de guides touristiques Ville de Bergame et province\",\"link\":\"https:\\\/\\\/www.bergamoguide.it\\\/\"}},{\"type\":\"description_list_item\",\"props\":{\"content\":\"Discovering Venice\",\"link\":\"https:\\\/\\\/discoveringvenice.com\\\/\",\"link_target\":true,\"title\":\"Guides touristiques de Venise:\"}}]}]}]}]},{\"type\":\"section\",\"props\":{\"image_position\":\"center-center\",\"style\":\"muted\",\"title_breakpoint\":\"xl\",\"title_position\":\"top-left\",\"title_rotation\":\"left\",\"vertical_align\":\"middle\",\"width\":\"small\"},\"children\":[{\"type\":\"row\",\"children\":[{\"type\":\"column\",\"props\":{\"image_position\":\"center-center\",\"position_sticky_breakpoint\":\"m\"},\"children\":[{\"type\":\"module\",\"props\":{\"menu_image_align\":\"center\",\"menu_image_margin\":true,\"menu_style\":\"default\",\"menu_type\":\"nav\",\"type\":\"builderwidget\",\"widget\":\"builderwidget-13\"}}]}]}],\"name\":\"INFO TURISTICHE\"}],\"version\":\"4.2.6\"} --><\/p>\n","protected":false},"excerpt":{"rendered":"<p>De l\u2019office de tourisme jusqu\u2019\u00e0 l\u2019ar\u00e8ne, une s\u00e9lection de liens utiles pour manger, dormir, visiter et se d\u00e9placer \u00e0 V\u00e9rone. \u00c0 V\u00e9rone Ar\u00e8nes de V\u00e9rone Foires de V\u00e9rone Commune de V\u00e9rone A\u00e9roport de V\u00e9rone Trenitalia Chambres d&rsquo;h\u00f4tes V\u00e9rone et Province Mer \u00e0 V\u00e9rone Tourisme En Italie Guides touristiques \u00e0 Lucques: La Giunchiglia Guides touristiques de [&hellip;]<\/p>\n","protected":false},"author":6,"featured_media":0,"parent":2697,"menu_order":0,"comment_status":"closed","ping_status":"closed","template":"","meta":{"_acf_changed":false,"rank_math_lock_modified_date":false,"footnotes":""},"class_list":["post-2710","page","type-page","status-publish","hentry"],"acf":[],"_links":{"self":[{"href":"https:\/\/veronaguide.it\/fr\/wp-json\/wp\/v2\/pages\/2710"}],"collection":[{"href":"https:\/\/veronaguide.it\/fr\/wp-json\/wp\/v2\/pages"}],"about":[{"href":"https:\/\/veronaguide.it\/fr\/wp-json\/wp\/v2\/types\/page"}],"author":[{"embeddable":true,"href":"https:\/\/veronaguide.it\/fr\/wp-json\/wp\/v2\/users\/6"}],"replies":[{"embeddable":true,"href":"https:\/\/veronaguide.it\/fr\/wp-json\/wp\/v2\/comments?post=2710"}],"version-history":[{"count":10,"href":"https:\/\/veronaguide.it\/fr\/wp-json\/wp\/v2\/pages\/2710\/revisions"}],"predecessor-version":[{"id":4833,"href":"https:\/\/veronaguide.it\/fr\/wp-json\/wp\/v2\/pages\/2710\/revisions\/4833"}],"up":[{"embeddable":true,"href":"https:\/\/veronaguide.it\/fr\/wp-json\/wp\/v2\/pages\/2697"}],"wp:attachment":[{"href":"https:\/\/veronaguide.it\/fr\/wp-json\/wp\/v2\/media?parent=2710"}],"curies":[{"name":"wp","href":"https:\/\/api.w.org\/{rel}","templated":true}]}}