{"id":2697,"date":"2023-10-23T09:35:56","date_gmt":"2023-10-23T08:35:56","guid":{"rendered":"https:\/\/veronaguide.it\/info-turistiche\/"},"modified":"2024-10-01T11:17:15","modified_gmt":"2024-10-01T10:17:15","slug":"informations-touristiques","status":"publish","type":"page","link":"https:\/\/veronaguide.it\/fr\/informations-touristiques\/","title":{"rendered":"Informations touristiques"},"content":{"rendered":"<h1>Informations touristiques<\/h1>\n<div>\n<p>Notre bureau est toujours disponible pour vous fournir toutes les informations n\u00e9cessaires pour organiser votre s\u00e9jour \u00e0 V\u00e9rone et d\u00e9couvrir son merveilleux territoire.<\/p>\n<p>Ayant travaill\u00e9 de nombreuses ann\u00e9es dans le secteur du tourisme, nous sommes \u00e9galement en mesure de vous recommander les h\u00f4tels les plus accueillants, les meilleurs restaurants, les plus beaux lieux pour vos \u00e9v\u00e9nements et bien plus encore\u2026<\/p>\n<\/div>\n<div>Pour r\u00e9pondre \u00e0 toutes vos questions nous sommes disponibles \u00e0 :<\/div>\n<ul>\n<li>\n        <a href=\"mailto:info@guideverona.com\"> info@guideverona.com<\/a>\n    <\/li>\n<li>\n        <a href=\"tel:+39045595047\">+39 045 59 50 47<\/a>\n    <\/li>\n<\/ul>\n<p><!--more--><br \/>\n<!-- {\"type\":\"layout\",\"children\":[{\"type\":\"section\",\"props\":{\"image_position\":\"center-center\",\"style\":\"default\",\"title_breakpoint\":\"xl\",\"title_position\":\"top-left\",\"title_rotation\":\"left\",\"vertical_align\":\"middle\",\"width\":\"small\"},\"children\":[{\"type\":\"row\",\"children\":[{\"type\":\"column\",\"props\":{\"image_position\":\"center-center\",\"position_sticky_breakpoint\":\"m\"},\"children\":[{\"type\":\"headline\",\"props\":{\"content\":\"Informations touristiques\",\"title_color\":\"primary\",\"title_element\":\"h1\"}},{\"type\":\"text\",\"props\":{\"column_breakpoint\":\"m\",\"content\":\"\n\n<p>Notre bureau est toujours disponible pour vous fournir toutes les informations n\\u00e9cessaires pour organiser votre s\\u00e9jour \\u00e0 V\\u00e9rone et d\\u00e9couvrir son merveilleux territoire.<\\\/p>\\n\n\n<p>Ayant travaill\\u00e9 de nombreuses ann\\u00e9es dans le secteur du tourisme, nous sommes \\u00e9galement en mesure de vous recommander les h\\u00f4tels les plus accueillants, les meilleurs restaurants, les plus beaux lieux pour vos \\u00e9v\\u00e9nements et bien plus encore\\u2026<\\\/p>\",\"margin\":\"default\"}},{\"type\":\"headline\",\"props\":{\"content\":\"Pour r\\u00e9pondre \\u00e0 toutes vos questions nous sommes disponibles \\u00e0 :\",\"title_element\":\"div\",\"title_style\":\"text-large\"}},{\"type\":\"button\",\"props\":{\"css\":\".el-content {\\n\\ttext-transform: none;\\n}\",\"grid_column_gap\":\"small\",\"grid_row_gap\":\"small\",\"margin\":\"default\"},\"children\":[{\"type\":\"button_item\",\"props\":{\"button_style\":\"primary\",\"content\":\" info@guideverona.com\",\"icon_align\":\"left\",\"link\":\"mailto:info@guideverona.com\"}},{\"type\":\"button_item\",\"props\":{\"button_style\":\"primary\",\"content\":\"+39 045 59 50 47\",\"icon_align\":\"left\",\"link\":\"tel:+39045595047\"}}]}]}]}]},{\"type\":\"section\",\"props\":{\"image_position\":\"center-center\",\"style\":\"muted\",\"title_breakpoint\":\"xl\",\"title_position\":\"top-left\",\"title_rotation\":\"left\",\"vertical_align\":\"middle\",\"width\":\"small\"},\"children\":[{\"type\":\"row\",\"children\":[{\"type\":\"column\",\"props\":{\"image_position\":\"center-center\",\"position_sticky_breakpoint\":\"m\"},\"children\":[{\"type\":\"module\",\"props\":{\"menu_image_align\":\"center\",\"menu_image_margin\":true,\"menu_style\":\"default\",\"menu_type\":\"nav\",\"type\":\"builderwidget\",\"widget\":\"builderwidget-13\"}}]}]}],\"name\":\"INFO TURISTICHE\"}],\"version\":\"4.2.6\"} --><\/p>\n","protected":false},"excerpt":{"rendered":"<p>Informations touristiques Notre bureau est toujours disponible pour vous fournir toutes les informations n\u00e9cessaires pour organiser votre s\u00e9jour \u00e0 V\u00e9rone et d\u00e9couvrir son merveilleux territoire. Ayant travaill\u00e9 de nombreuses ann\u00e9es dans le secteur du tourisme, nous sommes \u00e9galement en mesure de vous recommander les h\u00f4tels les plus accueillants, les meilleurs restaurants, les plus beaux lieux [&hellip;]<\/p>\n","protected":false},"author":6,"featured_media":0,"parent":0,"menu_order":0,"comment_status":"closed","ping_status":"closed","template":"","meta":{"_acf_changed":false,"rank_math_lock_modified_date":false,"footnotes":""},"class_list":["post-2697","page","type-page","status-publish","hentry"],"acf":[],"_links":{"self":[{"href":"https:\/\/veronaguide.it\/fr\/wp-json\/wp\/v2\/pages\/2697"}],"collection":[{"href":"https:\/\/veronaguide.it\/fr\/wp-json\/wp\/v2\/pages"}],"about":[{"href":"https:\/\/veronaguide.it\/fr\/wp-json\/wp\/v2\/types\/page"}],"author":[{"embeddable":true,"href":"https:\/\/veronaguide.it\/fr\/wp-json\/wp\/v2\/users\/6"}],"replies":[{"embeddable":true,"href":"https:\/\/veronaguide.it\/fr\/wp-json\/wp\/v2\/comments?post=2697"}],"version-history":[{"count":9,"href":"https:\/\/veronaguide.it\/fr\/wp-json\/wp\/v2\/pages\/2697\/revisions"}],"predecessor-version":[{"id":4435,"href":"https:\/\/veronaguide.it\/fr\/wp-json\/wp\/v2\/pages\/2697\/revisions\/4435"}],"wp:attachment":[{"href":"https:\/\/veronaguide.it\/fr\/wp-json\/wp\/v2\/media?parent=2697"}],"curies":[{"name":"wp","href":"https:\/\/api.w.org\/{rel}","templated":true}]}}