{"id":2692,"date":"2024-02-07T11:03:21","date_gmt":"2024-02-07T10:03:21","guid":{"rendered":"https:\/\/veronaguide.it\/info-parcheggi\/"},"modified":"2025-04-03T10:01:22","modified_gmt":"2025-04-03T09:01:22","slug":"informations-sur-le-stationnement","status":"publish","type":"page","link":"https:\/\/veronaguide.it\/fr\/informations-touristiques\/informations-sur-le-stationnement\/","title":{"rendered":"Informations sur le stationnement"},"content":{"rendered":"<h1>Parking voitures et bus<\/h1>\n<div>\n<p>Nous savons qu\u2019il n\u2019est pas toujours facile de se garer \u00e0 V\u00e9rone, surtout dans le centre-ville et autour de l\u2019ar\u00e8ne. Voici quelques conseils utiles pour garer voitures et bus. Si vous avez besoin de plus d\u2019informations, n\u2019h\u00e9sitez pas \u00e0 nous contacter !<\/p>\n<\/div>\n<h2>Parking des bus touristiques<\/h2>\n<h2><span>PARKING \u00ab C \u00bb ZONE DU STADE<\/span><\/h2>\n<ul>\n<li>\n<h3>Tarifs<\/h3>\n<div>\n<p><strong>\u20ac 15,00<\/strong>\u00a0forfaitaire <strong>de 8h \u00e0 22h<\/strong><\/p>\n<\/div>\n<\/li>\n<li>\n<h3>Exon\u00e9rations<\/h3>\n<div>\n<p>Les <strong>groupes scolaires de V\u00e9rone<\/strong> et de la province sont exon\u00e9r\u00e9s du paiement du stationnement dans le parking \u00ab\u00a0C\u00a0\u00bb du Stade. Pour b\u00e9n\u00e9ficier de cette exon\u00e9ration, le chauffeur doit afficher sur papier \u00e0 en-t\u00eate de l&rsquo;institut la d\u00e9claration certifiant le d\u00e9placement ainsi que la liste nominative des participants.<\/p>\n<\/div>\n<\/li>\n<li>\n<h3>Paiement<\/h3>\n<div>\n<p>Cela peut \u00eatre fait \u00e0 la<strong> caisse automatique<\/strong> sur place. La caisse n&rsquo;accepte que les <strong>paiements en billets et en pi\u00e8ces<\/strong>. N&rsquo;oubliez pas qu&rsquo;au distributeur automatique du parking Stade \u00ab\u00a0C\u00a0\u00bb, il est possible d&rsquo;acheter : un parking quotidien pour bus et le ZTL Bus PASS.<\/p>\n<\/div>\n<\/li>\n<\/ul>\n<h2><span>Gare routi\u00e8re au CENTRE PARKING<\/span><\/h2>\n<ul>\n<li>\n<h3>Tarifs<\/h3>\n<div>\n<p><strong>JOUR (de 8h \u00e0 18h) :<\/strong>:<br \/>&#8211; \u20ac 15,00 premi\u00e8re heure de stationnement ou fraction de celle-ci<br \/>&#8211; \u20ac 5,00  toutes les 30 minutes ou fractions (pour les heures qui suivent la premi\u00e8re)<\/p>\n<p><strong>SOIR (de 18h \u00e0 2h):<\/strong><br \/>&#8211; \u20ac 5,00 toutes les 60 minutes ou partie de celle-ci<\/p>\n<p><strong>NUIT (de 14h \u00e0 20h) :<\/strong><br \/>\u2013 \u20ac 10,00 forfaitaire<\/p>\n<p><strong>Chargement\/d\u00e9chargement (dans les 15 minutes) : \u20ac 5,00<\/strong><\/p>\n<\/div>\n<\/li>\n<li>\n<h3>Paiement<\/h3>\n<div>\n<p>Elle doit \u00eatre effectu\u00e9e \u00e0 l&rsquo;une des 4 caisses automatiques pr\u00e9sentes sur place. Les machines acceptent les pi\u00e8ces et les billets.<\/p>\n<\/div>\n<\/li>\n<\/ul>\n<h2>Des parkings pratiques au centre<\/h2>\n<h2><span>PARKING SOUTERRAIN CITADELLA (Piazza Cittadella, V\u00e9rone)<\/span><\/h2>\n<div>Tr\u00e8s pratique dans le centre historique, ce parking est situ\u00e9 \u00e0 deux cents m\u00e8tres de l&rsquo;Arena et de la Piazza Br\u00e0.<\/div>\n<ul>\n<li>\n<h3>Tarif horaire pour un <strong>parking souterrain \u00e0 plusieurs \u00e9tages<\/strong> :<\/h3>\n<div>\u2013 Jusqu\u2019\u00e0 1 heure ou partie d\u2019heure 2,00 \u20ac<br \/>\n\u2013 Jusqu\u2019\u00e0 2 heures ou partie de celle-ci 5,00 \u20ac<br \/>\n\u2013 Jusqu\u2019\u00e0 3 heures ou partie de celle-ci 7,50 \u20ac<br \/>\n\u2013 Jusqu\u2019\u00e0 4 heures ou fraction 10,00 \u20ac<br \/>\n\u2013 Jusqu\u2019\u00e0 5 heures ou partie de celle-ci 12,50 \u20ac<br \/>\n\u2013 Jusqu\u2019\u00e0 6 heures ou fraction 15,00 \u20ac<br \/>\n\u2013 Tarif journalier maximum (24 heures) 16,00 \u20ac<\/div>\n<\/li>\n<li>\n<h3>Tarif horaire pour le <strong> stationnement en surface<\/strong><\/h3>\n<div>\n<p>\u2013 Toutes les 20 minutes 1,00 \u20ac<br \/>\u2013 Tarif journalier maximum (24 heures) 18,00 \u20ac<\/p>\n<\/div>\n<\/li>\n<\/ul>\n<h2><span>PARKING ARENA (via M. Bentegodi 8, V\u00e9rone)<\/span><\/h2>\n<div>Situ\u00e9 \u00e0 c\u00f4t\u00e9 de la Piazza Cittadella, ce parking se trouve \u00e0 seulement quatre cents m\u00e8tres de l&rsquo;Arena et de la Piazza Br\u00e0.<\/div>\n<ul>\n<li>\n<h3><strong>Tarifs horaires<\/strong><\/h3>\n<div>&#8211; (arr\u00eat d&rsquo;une heure ou partie d&rsquo;heure) 2,00 \u20ac<br \/>\n&#8211; (arr\u00eat de 2 heures ou partie) 4,50 \u20ac<br \/>\n&#8211; (arr\u00eat de 3 heures ou partie d&rsquo;arr\u00eat) 7,00 \u20ac<br \/>\n&#8211; (4 heures de stationnement ou partie de stationnement) 9,50 \u20ac<br \/>\n&#8211; 5 heures de stationnement ou une partie de celui-ci) 12,00 \u20ac<br \/>\n&#8211; (6 heures de stationnement ou partie de stationnement) 14,50 \u20ac\n<\/div>\n<\/li>\n<li>\n<h3><strong>Tarif journalier<\/strong><\/h3>\n<div>1er jour (24 heures) 16,00 \u20ac<\/div>\n<\/li>\n<\/ul>\n<ul>\n<li>\n<p>45.4367,10.9631<\/p>\n<div>Parcheggio \u00ab\u00a0C\u00a0\u00bb Zona Stadio<\/div>\n<div><a style=\"color: black;\" target=\"_blank\" href=\"https:\/\/maps.app.goo.gl\/Cc5CTSeJFfCFV2Ei9\" rel=\"nofollow noopener\">Parcheggio \u00ab\u00a0C\u00a0\u00bb Zona Stadio<\/a><\/div>\n<\/li>\n<li>\n<p>45.4336,11.0024<\/p>\n<div>Parcheggio Centro<\/div>\n<div><a style=\"color: black;\" target=\"_blank\" href=\"https:\/\/maps.app.goo.gl\/KF4smDwFuXR3P4318\" rel=\"nofollow noopener\">Parcheggio Centro<\/a><\/div>\n<\/li>\n<li>\n<p>45.4367,10.9923<\/p>\n<div>Parcheggio Interrato Cittadella<\/div>\n<div><a style=\"color: black;\" target=\"_blank\" href=\"https:\/\/maps.app.goo.gl\/UdhMABpNjay6VRhP8\" rel=\"nofollow noopener\">Parcheggio Interrato Cittadella<\/a><\/div>\n<\/li>\n<li>\n<p>45.4355,10.9920<\/p>\n<div>Parcheggio Arena<\/div>\n<div><a style=\"color: black;\" target=\"_blank\" href=\"https:\/\/maps.app.goo.gl\/fFLJ7p9RK3v9BFu56\" rel=\"nofollow noopener\">Parcheggio Arena<\/a><\/div>\n<\/li>\n<\/ul>\n<p><!--more--><br \/>\n<!-- {\"type\":\"layout\",\"children\":[{\"type\":\"section\",\"props\":{\"image_position\":\"center-center\",\"style\":\"default\",\"title_breakpoint\":\"xl\",\"title_position\":\"top-left\",\"title_rotation\":\"left\",\"vertical_align\":\"middle\",\"width\":\"small\"},\"children\":[{\"type\":\"row\",\"children\":[{\"type\":\"column\",\"props\":{\"image_position\":\"center-center\",\"position_sticky_breakpoint\":\"m\"},\"children\":[{\"type\":\"headline\",\"props\":{\"content\":\"Parking voitures et bus\",\"text_align\":\"center\",\"title_color\":\"primary\",\"title_element\":\"h1\"}},{\"type\":\"text\",\"props\":{\"column_breakpoint\":\"m\",\"content\":\"\n\n<p>Nous savons qu\\u2019il n\\u2019est pas toujours facile de se garer \\u00e0 V\\u00e9rone, surtout dans le centre-ville et autour de l\\u2019ar\\u00e8ne. Voici quelques conseils utiles pour garer voitures et bus. Si vous avez besoin de plus d\\u2019informations, n\\u2019h\\u00e9sitez pas \\u00e0 nous contacter !<\\\/p>\",\"margin\":\"default\",\"text_align\":\"center\"}}]}]}]},{\"type\":\"section\",\"props\":{\"image_position\":\"center-center\",\"style\":\"muted\",\"title_breakpoint\":\"xl\",\"title_position\":\"top-left\",\"title_rotation\":\"left\",\"vertical_align\":\"middle\",\"width\":\"small\"},\"children\":[{\"type\":\"row\",\"children\":[{\"type\":\"column\",\"props\":{\"image_position\":\"center-center\",\"position_sticky_breakpoint\":\"m\"},\"children\":[{\"type\":\"headline\",\"props\":{\"content\":\"Parking des bus touristiques\",\"text_align\":\"center\",\"title_color\":\"secondary\",\"title_element\":\"h2\",\"title_style\":\"h3\"}}]}]},{\"type\":\"row\",\"props\":{\"layout\":\"1-2,1-2\"},\"children\":[{\"type\":\"column\",\"props\":{\"image_position\":\"center-center\",\"position_sticky_breakpoint\":\"m\",\"style\":\"tile-default\",\"width_medium\":\"1-2\"},\"children\":[{\"type\":\"headline\",\"props\":{\"content\":\"<span>PARKING \\u00ab C \\u00bb ZONE DU STADE<\\\/span>\",\"title_color\":\"primary\",\"title_element\":\"h2\",\"title_style\":\"h4\"}},{\"type\":\"description_list\",\"props\":{\"column_breakpoint\":\"m\",\"layout\":\"stacked\",\"list_element\":\"ul\",\"meta_align\":\"below-content\",\"meta_style\":\"text-meta\",\"show_content\":true,\"show_link\":true,\"show_meta\":true,\"show_title\":true,\"title_color\":\"primary\",\"title_element\":\"div\",\"title_grid_column_gap\":\"small\",\"title_grid_row_gap\":\"small\",\"title_grid_width\":\"auto\",\"title_style\":\"text-large\"},\"children\":[{\"type\":\"description_list_item\",\"props\":{\"content\":\"\n\n<p><strong>\\u20ac 15,00<\\\/strong>\\u00a0forfaitaire <strong>de 8h \\u00e0 22h<\\\/strong><\\\/p>\",\"title\":\"Tarifs\"}},{\"type\":\"description_list_item\",\"props\":{\"content\":\"\n\n<p>Les <strong>groupes scolaires de V\\u00e9rone<\\\/strong> et de la province sont exon\\u00e9r\\u00e9s du paiement du stationnement dans le parking \\\"C\\\" du Stade. Pour b\\u00e9n\\u00e9ficier de cette exon\\u00e9ration, le chauffeur doit afficher sur papier \\u00e0 en-t\\u00eate de l'institut la d\\u00e9claration certifiant le d\\u00e9placement ainsi que la liste nominative des participants.<\\\/p>\",\"title\":\"Exon\\u00e9rations\"}},{\"type\":\"description_list_item\",\"props\":{\"content\":\"\n\n<p>Cela peut \\u00eatre fait \\u00e0 la<strong> caisse automatique<\\\/strong> sur place. La caisse n'accepte que les <strong>paiements en billets et en pi\\u00e8ces<\\\/strong>. N'oubliez pas qu'au distributeur automatique du parking Stade \\\"C\\\", il est possible d'acheter : un parking quotidien pour bus et le ZTL Bus PASS.<\\\/p>\",\"title\":\"Paiement\"}}]}]},{\"type\":\"column\",\"props\":{\"image_position\":\"center-center\",\"position_sticky_breakpoint\":\"m\",\"style\":\"tile-default\",\"width_medium\":\"1-2\"},\"children\":[{\"type\":\"headline\",\"props\":{\"content\":\"<span>Gare routi\\u00e8re au CENTRE PARKING<\\\/span>\",\"title_color\":\"primary\",\"title_element\":\"h2\",\"title_style\":\"h4\"}},{\"type\":\"description_list\",\"props\":{\"column_breakpoint\":\"m\",\"layout\":\"stacked\",\"list_element\":\"ul\",\"meta_align\":\"below-content\",\"meta_style\":\"text-meta\",\"show_content\":true,\"show_link\":true,\"show_meta\":true,\"show_title\":true,\"title_color\":\"primary\",\"title_element\":\"div\",\"title_grid_column_gap\":\"small\",\"title_grid_row_gap\":\"small\",\"title_grid_width\":\"auto\",\"title_style\":\"text-large\"},\"children\":[{\"type\":\"description_list_item\",\"props\":{\"content\":\"\n\n<p><strong>JOUR (de 8h \\u00e0 18h) :<\\\/strong>:<br \\\/>- \\u20ac 15,00 premi\\u00e8re heure de stationnement ou fraction de celle-ci<br \\\/>- \\u20ac 5,00  toutes les 30 minutes ou fractions (pour les heures qui suivent la premi\\u00e8re)<\\\/p>\\n\n\n<p><strong>SOIR (de 18h \\u00e0 2h):<\\\/strong><br \\\/>- \\u20ac 5,00 toutes les 60 minutes ou partie de celle-ci<\\\/p>\\n\n\n<p><strong>NUIT (de 14h \\u00e0 20h) :<\\\/strong><br \\\/>\\u2013 \\u20ac 10,00 forfaitaire<\\\/p>\\n\n\n<p><strong>Chargement\\\/d\\u00e9chargement (dans les 15 minutes) : \\u20ac 5,00<\\\/strong><\\\/p>\",\"title\":\"Tarifs\"}},{\"type\":\"description_list_item\",\"props\":{\"content\":\"\n\n<p>Elle doit \\u00eatre effectu\\u00e9e \\u00e0 l'une des 4 caisses automatiques pr\\u00e9sentes sur place. Les machines acceptent les pi\\u00e8ces et les billets.<\\\/p>\",\"title\":\"Paiement\"}}]}]}]}]},{\"type\":\"section\",\"props\":{\"image_position\":\"center-center\",\"style\":\"muted\",\"title_breakpoint\":\"xl\",\"title_position\":\"top-left\",\"title_rotation\":\"left\",\"vertical_align\":\"middle\",\"width\":\"small\"},\"children\":[{\"type\":\"row\",\"children\":[{\"type\":\"column\",\"props\":{\"image_position\":\"center-center\",\"position_sticky_breakpoint\":\"m\"},\"children\":[{\"type\":\"headline\",\"props\":{\"content\":\"Des parkings pratiques au centre\",\"text_align\":\"center\",\"title_color\":\"secondary\",\"title_element\":\"h2\",\"title_style\":\"h3\"}}]}]},{\"type\":\"row\",\"props\":{\"layout\":\"1-2,1-2\"},\"children\":[{\"type\":\"column\",\"props\":{\"image_position\":\"center-center\",\"position_sticky_breakpoint\":\"m\",\"style\":\"tile-default\",\"width_medium\":\"1-2\"},\"children\":[{\"type\":\"headline\",\"props\":{\"content\":\"<span>PARKING SOUTERRAIN CITADELLA (Piazza Cittadella, V\\u00e9rone)<\\\/span>\",\"title_color\":\"primary\",\"title_element\":\"h2\",\"title_style\":\"h4\"}},{\"type\":\"text\",\"props\":{\"column_breakpoint\":\"m\",\"content\":\"Tr\\u00e8s pratique dans le centre historique, ce parking est situ\\u00e9 \\u00e0 deux cents m\\u00e8tres de l'Arena et de la Piazza Br\\u00e0.\",\"margin\":\"default\"}},{\"type\":\"description_list\",\"props\":{\"column_breakpoint\":\"m\",\"layout\":\"stacked\",\"list_element\":\"ul\",\"meta_align\":\"below-content\",\"meta_style\":\"text-meta\",\"show_content\":true,\"show_link\":true,\"show_meta\":true,\"show_title\":true,\"title_color\":\"primary\",\"title_element\":\"div\",\"title_grid_column_gap\":\"small\",\"title_grid_row_gap\":\"small\",\"title_grid_width\":\"auto\",\"title_style\":\"text-large\"},\"children\":[{\"type\":\"description_list_item\",\"props\":{\"content\":\"\\u2013 Jusqu\\u2019\\u00e0 1 heure ou partie d\\u2019heure 2,00 \\u20ac<br\\\/>\\n\\u2013 Jusqu\\u2019\\u00e0 2 heures ou partie de celle-ci 5,00 \\u20ac<br\\\/>\\n\\u2013 Jusqu\\u2019\\u00e0 3 heures ou partie de celle-ci 7,50 \\u20ac<br\\\/>\\n\\u2013 Jusqu\\u2019\\u00e0 4 heures ou fraction 10,00 \\u20ac<br\\\/>\\n\\u2013 Jusqu\\u2019\\u00e0 5 heures ou partie de celle-ci 12,50 \\u20ac<br\\\/>\\n\\u2013 Jusqu\\u2019\\u00e0 6 heures ou fraction 15,00 \\u20ac<br\\\/>\\n\\u2013 Tarif journalier maximum (24 heures) 16,00 \\u20ac\",\"title\":\"Tarif horaire pour un <strong>parking souterrain \\u00e0 plusieurs \\u00e9tages<\\\/strong> :\"}},{\"type\":\"description_list_item\",\"props\":{\"content\":\"\n\n<p>\\u2013 Toutes les 20 minutes 1,00 \\u20ac<br \\\/>\\u2013 Tarif journalier maximum (24 heures) 18,00 \\u20ac<\\\/p>\",\"title\":\"Tarif horaire pour le <strong> stationnement en surface<\\\/strong>\"}}]}]},{\"type\":\"column\",\"props\":{\"image_position\":\"center-center\",\"position_sticky_breakpoint\":\"m\",\"style\":\"tile-default\",\"width_medium\":\"1-2\"},\"children\":[{\"type\":\"headline\",\"props\":{\"content\":\"<span>PARKING ARENA (via M. Bentegodi 8, V\\u00e9rone)<\\\/span>\",\"title_color\":\"primary\",\"title_element\":\"h2\",\"title_style\":\"h4\"}},{\"type\":\"text\",\"props\":{\"column_breakpoint\":\"m\",\"content\":\"Situ\\u00e9 \\u00e0 c\\u00f4t\\u00e9 de la Piazza Cittadella, ce parking se trouve \\u00e0 seulement quatre cents m\\u00e8tres de l'Arena et de la Piazza Br\\u00e0.\",\"margin\":\"default\"}},{\"type\":\"description_list\",\"props\":{\"column_breakpoint\":\"m\",\"layout\":\"stacked\",\"list_element\":\"ul\",\"meta_align\":\"below-content\",\"meta_style\":\"text-meta\",\"show_content\":true,\"show_link\":true,\"show_meta\":true,\"show_title\":true,\"title_color\":\"primary\",\"title_element\":\"div\",\"title_grid_column_gap\":\"small\",\"title_grid_row_gap\":\"small\",\"title_grid_width\":\"auto\",\"title_style\":\"text-large\"},\"children\":[{\"type\":\"description_list_item\",\"props\":{\"content\":\"- (arr\\u00eat d'une heure ou partie d'heure) 2,00 \\u20ac<br\\\/>\\n- (arr\\u00eat de 2 heures ou partie) 4,50 \\u20ac<br\\\/>\\n- (arr\\u00eat de 3 heures ou partie d'arr\\u00eat) 7,00 \\u20ac<br\\\/>\\n- (4 heures de stationnement ou partie de stationnement) 9,50 \\u20ac<br\\\/>\\n- 5 heures de stationnement ou une partie de celui-ci) 12,00 \\u20ac<br\\\/>\\n- (6 heures de stationnement ou partie de stationnement) 14,50 \\u20ac\\n\",\"title\":\"<strong>Tarifs horaires<\\\/strong>\"}},{\"type\":\"description_list_item\",\"props\":{\"content\":\"1er jour (24 heures) 16,00 \\u20ac\",\"title\":\"<strong>Tarif journalier<\\\/strong>\"}}]}]}]}]},{\"type\":\"section\",\"props\":{\"image_position\":\"center-center\",\"padding_remove_bottom\":false,\"style\":\"primary\",\"title_breakpoint\":\"xl\",\"title_position\":\"top-left\",\"title_rotation\":\"left\",\"vertical_align\":\"middle\",\"width\":\"default\"},\"children\":[{\"type\":\"row\",\"children\":[{\"type\":\"column\",\"props\":{\"image_position\":\"center-center\",\"position_sticky_breakpoint\":\"m\"},\"children\":[{\"type\":\"map\",\"props\":{\"clustering\":false,\"controls\":true,\"css\":\"@media screen and (max-width: 780px) {\\n    .el-element{\\n        height: 400px !important;\\n    }\\n}\\n\",\"dragging\":false,\"height\":\"750px\",\"image_svg_color\":\"emphasis\",\"link_style\":\"default\",\"link_text\":\"Read more\",\"margin\":\"default\",\"max_zoom\":18,\"meta_align\":\"below-title\",\"meta_element\":\"div\",\"meta_style\":\"text-meta\",\"min_zoom\":0,\"poi\":false,\"show_content\":true,\"show_image\":false,\"show_link\":false,\"show_meta\":false,\"show_title\":false,\"title_element\":\"div\",\"title_hover_style\":\"reset\",\"type\":\"roadmap\",\"zoom\":\"13\",\"zooming\":false},\"children\":[{\"type\":\"map_item\",\"props\":{\"content\":\"<a style=\\\"color: black;\\\" target=\\\"_blank\\\" href=\\\"https:\\\/\\\/maps.app.goo.gl\\\/Cc5CTSeJFfCFV2Ei9\\\">Parcheggio \\\"C\\\" Zona Stadio<\\\/a>\",\"location\":\"45.4367,10.9631\",\"title\":\"Parcheggio \\\"C\\\" Zona Stadio\"}},{\"type\":\"map_item\",\"props\":{\"content\":\"<a style=\\\"color: black;\\\" target=\\\"_blank\\\" href=\\\"https:\\\/\\\/maps.app.goo.gl\\\/KF4smDwFuXR3P4318\\\">Parcheggio Centro<\\\/a>\",\"location\":\"45.4336,11.0024\",\"title\":\"Parcheggio Centro\"}},{\"type\":\"map_item\",\"props\":{\"content\":\"<a style=\\\"color: black;\\\" target=\\\"_blank\\\" href=\\\"https:\\\/\\\/maps.app.goo.gl\\\/UdhMABpNjay6VRhP8\\\">Parcheggio Interrato Cittadella<\\\/a>\",\"location\":\"45.4367,10.9923\",\"title\":\"Parcheggio Interrato Cittadella\"}},{\"type\":\"map_item\",\"props\":{\"content\":\"<a style=\\\"color: black;\\\" target=\\\"_blank\\\" href=\\\"https:\\\/\\\/maps.app.goo.gl\\\/fFLJ7p9RK3v9BFu56\\\">Parcheggio Arena<\\\/a>\",\"location\":\"45.4355,10.9920\",\"title\":\"Parcheggio Arena\"}}]}]}]}]},{\"type\":\"section\",\"props\":{\"image_position\":\"center-center\",\"style\":\"muted\",\"title_breakpoint\":\"xl\",\"title_position\":\"top-left\",\"title_rotation\":\"left\",\"vertical_align\":\"middle\",\"width\":\"small\"},\"children\":[{\"type\":\"row\",\"children\":[{\"type\":\"column\",\"props\":{\"image_position\":\"center-center\",\"position_sticky_breakpoint\":\"m\"},\"children\":[{\"type\":\"module\",\"props\":{\"menu_image_align\":\"center\",\"menu_image_margin\":true,\"menu_style\":\"default\",\"menu_type\":\"nav\",\"type\":\"builderwidget\",\"widget\":\"builderwidget-13\"}}]}]}],\"name\":\"INFO TURISTICHE\"}],\"version\":\"4.2.6\"} --><\/p>\n","protected":false},"excerpt":{"rendered":"<p>Parking voitures et bus Nous savons qu\u2019il n\u2019est pas toujours facile de se garer \u00e0 V\u00e9rone, surtout dans le centre-ville et autour de l\u2019ar\u00e8ne. Voici quelques conseils utiles pour garer voitures et bus. Si vous avez besoin de plus d\u2019informations, n\u2019h\u00e9sitez pas \u00e0 nous contacter ! Parking des bus touristiques PARKING \u00ab C \u00bb ZONE [&hellip;]<\/p>\n","protected":false},"author":6,"featured_media":0,"parent":2697,"menu_order":0,"comment_status":"closed","ping_status":"closed","template":"","meta":{"_acf_changed":false,"rank_math_lock_modified_date":false,"footnotes":""},"class_list":["post-2692","page","type-page","status-publish","hentry"],"acf":[],"_links":{"self":[{"href":"https:\/\/veronaguide.it\/fr\/wp-json\/wp\/v2\/pages\/2692"}],"collection":[{"href":"https:\/\/veronaguide.it\/fr\/wp-json\/wp\/v2\/pages"}],"about":[{"href":"https:\/\/veronaguide.it\/fr\/wp-json\/wp\/v2\/types\/page"}],"author":[{"embeddable":true,"href":"https:\/\/veronaguide.it\/fr\/wp-json\/wp\/v2\/users\/6"}],"replies":[{"embeddable":true,"href":"https:\/\/veronaguide.it\/fr\/wp-json\/wp\/v2\/comments?post=2692"}],"version-history":[{"count":15,"href":"https:\/\/veronaguide.it\/fr\/wp-json\/wp\/v2\/pages\/2692\/revisions"}],"predecessor-version":[{"id":4818,"href":"https:\/\/veronaguide.it\/fr\/wp-json\/wp\/v2\/pages\/2692\/revisions\/4818"}],"up":[{"embeddable":true,"href":"https:\/\/veronaguide.it\/fr\/wp-json\/wp\/v2\/pages\/2697"}],"wp:attachment":[{"href":"https:\/\/veronaguide.it\/fr\/wp-json\/wp\/v2\/media?parent=2692"}],"curies":[{"name":"wp","href":"https:\/\/api.w.org\/{rel}","templated":true}]}}