{"id":2687,"date":"2023-10-23T09:36:52","date_gmt":"2023-10-23T08:36:52","guid":{"rendered":"https:\/\/veronaguide.it\/contatti\/"},"modified":"2026-03-31T10:12:37","modified_gmt":"2026-03-31T09:12:37","slug":"contacts","status":"publish","type":"page","link":"https:\/\/veronaguide.it\/fr\/contacts\/","title":{"rendered":"Contacts"},"content":{"rendered":"<h1>\n<p style=\"text-align: center;\">NOS CONTACTS<\/p>\n<\/h1>\n<h2>R\u00e9servez une visite guid\u00e9e de V\u00e9rone avec nous<\/h2>\n<h3>Pour informations et r\u00e9servations<\/h3>\n<div>\n<p>GUIDE CENTER VERONA Association culturelle<\/p>\n<p>Sede Legale: Vicolo Scala Santa 14 I, 37129 Verona (Italy)\u00a0<\/p>\n<p>tel <a href=\"tel:045595037\">+39\/045.59.50.47<\/a><br \/>Cel <a href=\"tel:3451275164\">+39 345 1275164<\/a><br \/>e-mail: <a href=\"mailto:info@guideverona.com\">info@guideverona.com<\/a><\/p>\n<\/div>\n<h3>R\u00e9servez votre visite personnalis\u00e9e !<\/h3>\n<div>\n<p>Guide V\u00e9rone propose un service sur mesure pour chaque besoin : nous organisons des visites personnalis\u00e9es pour petits et grands groupes, m\u00eame \u00e0 l&rsquo;occasion d&rsquo;\u00e9v\u00e9nements ou d&rsquo;\u00e9v\u00e9nements sp\u00e9ciaux.<\/p>\n<p>Appelez le num\u00e9ro :+39\/045.59.50.47<br \/>ou \u00e9crivez \u00e0: <a href=\"mailto:info@guideverona.com\">info@guideverona.com<\/a><\/p>\n<\/div>\n<div>\n<p>45.4403,11.0026<\/p>\n<h3>Associazione culturale<br \/>GUIDE CENTER VERONA<\/h3>\n<p>Sede organizzativa<\/p>\n<div> Interrato dell\u2019Acqua Morta 3\/c,<br \/> 37129 Verona (Italy)<\/div>\n<\/div>\n<div>\n<p>        <img decoding=\"async\" src=\"\/wp-content\/uploads\/2023\/10\/alessandro-visentin-xBsLRfRVPPg-unsplash-scaled.jpg\" alt=\"\"><\/p>\n<h3>Guide Center Verona<\/h3>\n<div>\n<p>Nous sommes une association culturelle de guides touristiques agr\u00e9\u00e9s \u00e0 V\u00e9rone dont le but principal est de vous faire d\u00e9couvrir notre ville et ses environs, avec ses \u00e9v\u00e9nements culturels et ses r\u00e9alit\u00e9s monumentales.<\/p>\n<p>Parmi nos membres, il n&rsquo;y a que des guides touristiques agr\u00e9\u00e9s qui, gr\u00e2ce \u00e0 leur longue exp\u00e9rience, sont en mesure d&rsquo;impliquer tout type de touriste dans une visite fascinante. Que vous veniez \u00e0 V\u00e9rone pour un voyage scolaire, un concert, des vacances, une exposition, un week-end, pour des d\u00e9gustations ou pour vous d\u00e9tendre, nous sommes disponibles pour satisfaire toutes les exigences.<\/p>\n<\/div>\n<p><a href=\"\/chi-siamo\/\">EN SAVOIR PLUS<\/a><\/p>\n<\/div>\n<p><!--more--><br \/>\n<!-- {\"type\":\"layout\",\"children\":[{\"type\":\"section\",\"props\":{\"image\":\"wp-content\\\/uploads\\\/2023\\\/11\\\/leandro-silva-HpJh0uLO3Rw-unsplash.jpg\",\"image_position\":\"center-center\",\"style\":\"default\",\"title_breakpoint\":\"xl\",\"title_position\":\"top-left\",\"title_rotation\":\"left\",\"vertical_align\":\"middle\",\"width\":\"default\"},\"children\":[{\"type\":\"row\",\"children\":[{\"type\":\"column\",\"props\":{\"image_position\":\"center-center\",\"position_sticky_breakpoint\":\"m\"},\"children\":[{\"type\":\"headline\",\"props\":{\"content\":\"\n\n<p style=\\\"text-align: center;\\\"><br \\\/>NOS CONTACTS<\\\/p>\",\"text_align\":\"center\",\"title_color\":\"emphasis\",\"title_element\":\"h1\",\"title_style\":\"h1\"}}]}],\"props\":{\"width\":\"default\"}}]},{\"type\":\"section\",\"props\":{\"image_position\":\"center-center\",\"style\":\"default\",\"title_breakpoint\":\"xl\",\"title_position\":\"top-left\",\"title_rotation\":\"left\",\"vertical_align\":\"middle\",\"width\":\"default\"},\"children\":[{\"type\":\"row\",\"children\":[{\"type\":\"column\",\"props\":{\"image_position\":\"center-center\",\"position_sticky_breakpoint\":\"m\"},\"children\":[{\"type\":\"headline\",\"props\":{\"content\":\"R\\u00e9servez une visite guid\\u00e9e de V\\u00e9rone avec nous\",\"text_align\":\"center\",\"title_element\":\"h2\",\"title_style\":\"h2\"}}]}]}]},{\"type\":\"section\",\"props\":{\"image_position\":\"center-center\",\"style\":\"muted\",\"title_breakpoint\":\"xl\",\"title_position\":\"top-left\",\"title_rotation\":\"left\",\"vertical_align\":\"middle\",\"width\":\"default\"},\"children\":[{\"type\":\"row\",\"props\":{\"layout\":\"1-2,1-2\"},\"children\":[{\"type\":\"column\",\"props\":{\"image_position\":\"center-center\",\"position_sticky_breakpoint\":\"m\",\"width_medium\":\"1-2\"},\"children\":[{\"type\":\"headline\",\"props\":{\"content\":\"Pour informations et r\\u00e9servations\",\"title_color\":\"muted\",\"title_element\":\"h3\",\"title_style\":\"h3\"}},{\"type\":\"text\",\"props\":{\"column_breakpoint\":\"m\",\"content\":\"\n\n<p>GUIDE CENTER VERONA Association culturelle<\\\/p>\\n\n\n<p>Sede Legale: Vicolo Scala Santa 14 I, 37129 Verona (Italy)\\u00a0<\\\/p>\\n\n\n<p>tel <a href=\\\"tel:045595037\\\">+39\\\/045.59.50.47<\\\/a><br \\\/>Cel <a href=\\\"tel:3451275164\\\">+39 345 1275164<\\\/a><br \\\/>e-mail: <a href=\\\"mailto:info@guideverona.com\\\">info@guideverona.com<\\\/a><\\\/p>\",\"margin\":\"default\"}},{\"type\":\"headline\",\"props\":{\"content\":\"R\\u00e9servez votre visite personnalis\\u00e9e !\",\"title_color\":\"muted\",\"title_element\":\"h3\",\"title_style\":\"h3\"}},{\"type\":\"text\",\"props\":{\"column_breakpoint\":\"m\",\"content\":\"\n\n<p>Guide V\\u00e9rone propose un service sur mesure pour chaque besoin : nous organisons des visites personnalis\\u00e9es pour petits et grands groupes, m\\u00eame \\u00e0 l'occasion d'\\u00e9v\\u00e9nements ou d'\\u00e9v\\u00e9nements sp\\u00e9ciaux.<\\\/p>\\n\n\n<p>Appelez le num\\u00e9ro :+39\\\/045.59.50.47<br \\\/>ou \\u00e9crivez \\u00e0: <a href=\\\"mailto:info@guideverona.com\\\">info@guideverona.com<\\\/a><\\\/p>\",\"margin\":\"default\"}}]},{\"type\":\"column\",\"props\":{\"image_position\":\"center-center\",\"position_sticky_breakpoint\":\"m\",\"vertical_align\":\"middle\",\"width_medium\":\"1-2\"},\"children\":[{\"type\":\"map\",\"props\":{\"content_style\":\"text-meta\",\"controls\":true,\"dragging\":false,\"image_svg_color\":\"emphasis\",\"link_style\":\"default\",\"link_text\":\"Read more\",\"margin\":\"default\",\"max_zoom\":18,\"meta_align\":\"below-title\",\"meta_color\":\"primary\",\"meta_element\":\"div\",\"meta_style\":\"h6\",\"min_zoom\":0,\"poi\":false,\"show_content\":true,\"show_image\":true,\"show_link\":true,\"show_meta\":true,\"show_title\":true,\"title_color\":\"primary\",\"title_element\":\"h3\",\"title_hover_style\":\"reset\",\"title_style\":\"h5\",\"type\":\"roadmap\",\"zoom\":10,\"zooming\":false},\"children\":[{\"type\":\"map_item\",\"props\":{\"content\":\" Interrato dell\\u2019Acqua Morta 3\\\/c,<br\\\/> 37129 Verona (Italy)\",\"location\":\"45.4403,11.0026\",\"meta\":\"Sede organizzativa\",\"title\":\"Associazione culturale<br\\\/>GUIDE CENTER VERONA\"}}]}]}]}]},{\"type\":\"section\",\"props\":{\"image_position\":\"center-center\",\"style\":\"default\",\"title_breakpoint\":\"xl\",\"title_position\":\"top-left\",\"title_rotation\":\"left\",\"vertical_align\":\"middle\",\"width\":\"default\"},\"children\":[{\"type\":\"row\",\"children\":[{\"type\":\"column\",\"props\":{\"image_position\":\"center-center\",\"position_sticky_breakpoint\":\"m\"},\"children\":[{\"type\":\"panel\",\"props\":{\"content\":\"\n\n<p>Nous sommes une association culturelle de guides touristiques agr\\u00e9\\u00e9s \\u00e0 V\\u00e9rone dont le but principal est de vous faire d\\u00e9couvrir notre ville et ses environs, avec ses \\u00e9v\\u00e9nements culturels et ses r\\u00e9alit\\u00e9s monumentales.<\\\/p>\\n\n\n<p>Parmi nos membres, il n'y a que des guides touristiques agr\\u00e9\\u00e9s qui, gr\\u00e2ce \\u00e0 leur longue exp\\u00e9rience, sont en mesure d'impliquer tout type de touriste dans une visite fascinante. Que vous veniez \\u00e0 V\\u00e9rone pour un voyage scolaire, un concert, des vacances, une exposition, un week-end, pour des d\\u00e9gustations ou pour vous d\\u00e9tendre, nous sommes disponibles pour satisfaire toutes les exigences.<\\\/p>\",\"content_align\":false,\"content_column_breakpoint\":\"m\",\"icon_width\":80,\"image\":\"wp-content\\\/uploads\\\/2023\\\/10\\\/alessandro-visentin-xBsLRfRVPPg-unsplash-scaled.jpg\",\"image_align\":\"right\",\"image_grid_breakpoint\":\"m\",\"image_grid_width\":\"1-2\",\"image_svg_color\":\"emphasis\",\"image_vertical_align\":true,\"link\":\"chi-siamo\\\/\",\"link_style\":\"default\",\"link_text\":\"EN SAVOIR PLUS\",\"margin\":\"default\",\"meta_align\":\"below-title\",\"meta_element\":\"div\",\"meta_style\":\"text-meta\",\"panel_padding\":\"default\",\"panel_style\":\"card-default\",\"title\":\"Guide Center Verona\",\"title_align\":\"top\",\"title_color\":\"primary\",\"title_element\":\"h3\",\"title_grid_breakpoint\":\"m\",\"title_grid_width\":\"1-2\",\"title_hover_style\":\"reset\",\"title_style\":\"h3\"}}]}]}],\"name\":\"CHI SIAMO\"},{\"type\":\"section\",\"props\":{\"image_position\":\"center-center\",\"status\":\"disabled\",\"style\":\"muted\",\"title_breakpoint\":\"xl\",\"title_position\":\"top-left\",\"title_rotation\":\"left\",\"vertical_align\":\"middle\",\"width\":\"default\"},\"children\":[{\"type\":\"row\",\"children\":[{\"type\":\"column\",\"props\":{\"image_position\":\"center-center\",\"position_sticky_breakpoint\":\"m\"},\"children\":[{\"type\":\"panel-slider\",\"props\":{\"content_column_breakpoint\":\"m\",\"content_style\":\"text-small\",\"icon_width\":80,\"image_align\":\"left\",\"image_grid_breakpoint\":\"\",\"image_grid_width\":\"1-3\",\"image_svg_color\":\"emphasis\",\"link_style\":\"default\",\"link_text\":\"Read more\",\"margin\":\"default\",\"meta_align\":\"below-title\",\"meta_element\":\"div\",\"meta_style\":\"text-meta\",\"nav\":\"dotnav\",\"nav_align\":\"right\",\"nav_breakpoint\":\"\",\"panel_card_match\":true,\"panel_padding\":\"small\",\"panel_style\":\"card-default\",\"show_content\":true,\"show_image\":true,\"show_link\":true,\"show_meta\":true,\"show_title\":true,\"slidenav\":\"outside\",\"slidenav_breakpoint\":\"s\",\"slidenav_margin\":\"medium\",\"slidenav_outside_breakpoint\":\"xl\",\"slider_autoplay_pause\":true,\"slider_center\":true,\"slider_gap\":\"default\",\"slider_width\":\"fixed\",\"slider_width_default\":\"1-1\",\"slider_width_medium\":\"1-3\",\"title_align\":\"top\",\"title_color\":\"muted\",\"title_decoration\":\"divider\",\"title_element\":\"h3\",\"title_grid_breakpoint\":\"m\",\"title_grid_width\":\"1-2\",\"title_hover_style\":\"reset\",\"title_style\":\"h6\"},\"children\":[{\"type\":\"panel-slider_item\",\"props\":{\"content\":\"\\u201cDefinitely one of the best guides in town!\\u201d\",\"image\":\"wp-content\\\/uploads\\\/2023\\\/10\\\/marcel-heil-_z2-L2mJbow-unsplash-1.jpg\",\"panel_style\":\"card-default\",\"title\":\"Jack Smith\"}},{\"type\":\"panel-slider_item\",\"props\":{\"content\":\"\\u201cDefinitely one of the best guides in town!\\u201d\",\"image\":\"wp-content\\\/uploads\\\/2023\\\/10\\\/marcel-heil-_z2-L2mJbow-unsplash-1.jpg\",\"panel_style\":\"card-default\",\"title\":\"Jack Smith\"}},{\"type\":\"panel-slider_item\",\"props\":{\"content\":\"\\u201cDefinitely one of the best guides in town!\\u201d\",\"image\":\"wp-content\\\/uploads\\\/2023\\\/10\\\/marcel-heil-_z2-L2mJbow-unsplash-1.jpg\",\"panel_style\":\"card-default\",\"title\":\"Jack Smith\"}},{\"type\":\"panel-slider_item\",\"props\":{\"content\":\"\\u201cDefinitely one of the best guides in town!\\u201d\",\"image\":\"wp-content\\\/uploads\\\/2023\\\/10\\\/marcel-heil-_z2-L2mJbow-unsplash-1.jpg\",\"panel_style\":\"card-default\",\"title\":\"Jack Smith\"}},{\"type\":\"panel-slider_item\",\"props\":{\"content\":\"\\u201cDefinitely one of the best guides in town!\\u201d\",\"image\":\"wp-content\\\/uploads\\\/2023\\\/10\\\/marcel-heil-_z2-L2mJbow-unsplash-1.jpg\",\"panel_style\":\"card-default\",\"title\":\"Jack Smith\"}},{\"type\":\"panel-slider_item\",\"props\":{\"content\":\"\\u201cDefinitely one of the best guides in town!\\u201d\",\"image\":\"wp-content\\\/uploads\\\/2023\\\/10\\\/marcel-heil-_z2-L2mJbow-unsplash-1.jpg\",\"panel_style\":\"card-default\",\"title\":\"Jack Smith\"}},{\"type\":\"panel-slider_item\",\"props\":{\"content\":\"\\u201cDefinitely one of the best guides in town!\\u201d\",\"image\":\"wp-content\\\/uploads\\\/2023\\\/10\\\/marcel-heil-_z2-L2mJbow-unsplash-1.jpg\",\"panel_style\":\"card-default\",\"title\":\"Jack Smith\"}},{\"type\":\"panel-slider_item\",\"props\":{\"content\":\"\\u201cDefinitely one of the best guides in town!\\u201d\",\"image\":\"wp-content\\\/uploads\\\/2023\\\/10\\\/marcel-heil-_z2-L2mJbow-unsplash-1.jpg\",\"panel_style\":\"card-default\",\"title\":\"Jack Smith\"}}]}]}]}],\"name\":\"RECENSIONI\"}],\"version\":\"4.2.6\"} --><\/p>\n","protected":false},"excerpt":{"rendered":"<p>NOS CONTACTS R\u00e9servez une visite guid\u00e9e de V\u00e9rone avec nous Pour informations et r\u00e9servations GUIDE CENTER VERONA Association culturelle Sede Legale: Vicolo Scala Santa 14 I, 37129 Verona (Italy)\u00a0 tel +39\/045.59.50.47Cel +39 345 1275164e-mail: info@guideverona.com R\u00e9servez votre visite personnalis\u00e9e ! Guide V\u00e9rone propose un service sur mesure pour chaque besoin : nous organisons des visites [&hellip;]<\/p>\n","protected":false},"author":6,"featured_media":0,"parent":0,"menu_order":0,"comment_status":"closed","ping_status":"closed","template":"","meta":{"_acf_changed":false,"rank_math_lock_modified_date":false,"footnotes":""},"class_list":["post-2687","page","type-page","status-publish","hentry"],"acf":[],"_links":{"self":[{"href":"https:\/\/veronaguide.it\/fr\/wp-json\/wp\/v2\/pages\/2687"}],"collection":[{"href":"https:\/\/veronaguide.it\/fr\/wp-json\/wp\/v2\/pages"}],"about":[{"href":"https:\/\/veronaguide.it\/fr\/wp-json\/wp\/v2\/types\/page"}],"author":[{"embeddable":true,"href":"https:\/\/veronaguide.it\/fr\/wp-json\/wp\/v2\/users\/6"}],"replies":[{"embeddable":true,"href":"https:\/\/veronaguide.it\/fr\/wp-json\/wp\/v2\/comments?post=2687"}],"version-history":[{"count":26,"href":"https:\/\/veronaguide.it\/fr\/wp-json\/wp\/v2\/pages\/2687\/revisions"}],"predecessor-version":[{"id":5146,"href":"https:\/\/veronaguide.it\/fr\/wp-json\/wp\/v2\/pages\/2687\/revisions\/5146"}],"wp:attachment":[{"href":"https:\/\/veronaguide.it\/fr\/wp-json\/wp\/v2\/media?parent=2687"}],"curies":[{"name":"wp","href":"https:\/\/api.w.org\/{rel}","templated":true}]}}