{"id":2682,"date":"2023-11-15T10:04:13","date_gmt":"2023-11-15T09:04:13","guid":{"rendered":"https:\/\/veronaguide.it\/chi-siamo\/"},"modified":"2024-10-01T11:20:52","modified_gmt":"2024-10-01T10:20:52","slug":"qui-nous-sommes","status":"publish","type":"page","link":"https:\/\/veronaguide.it\/fr\/qui-nous-sommes\/","title":{"rendered":"Qui nous sommes"},"content":{"rendered":"<h1>Verona Guide<\/h1>\n<div>\n<p>Nous sommes une association culturelle de guides touristiques agr\u00e9\u00e9s de V\u00e9rone dont le but principal est de vous faire conna\u00eetre notre ville et ses environs, avec ses \u00e9v\u00e9nements culturels et ses r\u00e9alit\u00e9s monumentales. Compte tenu de l&rsquo;exp\u00e9rience et du professionnalisme qui distinguent nos plus proches collaborateurs et associ\u00e9s, nous pouvons, par diff\u00e9rents chemins, vous faire tomber amoureux de V\u00e9rone, une ville d\u00e9j\u00e0 connue pour l&rsquo;amour \u00e9ternel de Rom\u00e9o et Juliette, amoureux de William Shakespeare.<\/p>\n<p>Parmi nos membres, il n&rsquo;y a que des guides touristiques agr\u00e9\u00e9s qui, gr\u00e2ce \u00e0 leur longue exp\u00e9rience, sont en mesure d&rsquo;impliquer tout type de touriste dans une visite fascinante. Ainsi, que vous veniez \u00e0 V\u00e9rone pour un voyage scolaire, un concert, des vacances, une exposition, un week-end, pour des d\u00e9gustations ou pour vous d\u00e9tendre, nous sommes disponibles pour satisfaire toutes les exigences.<\/p>\n<p>Conscients des diff\u00e9rents besoins de chacun, nous sommes en mesure d&rsquo;\u00e9tudier des itin\u00e9raires personnalis\u00e9s, construits sur la base de p\u00e9riodes historiques sp\u00e9cifiques, pour d\u00e9couvrir des milieux naturels caract\u00e9ristiques ou des circuits adapt\u00e9s aux personnes ayant des difficult\u00e9s physiques de toute nature.<\/p>\n<p>En continuant \u00e0 d\u00e9couvrir notre site Internet, vous trouverez toutes les informations n\u00e9cessaires pour planifier un s\u00e9jour culturel \u00e0 V\u00e9rone et sa province et, si vous souhaitez recevoir de plus amples informations, nous sommes \u00e0 votre enti\u00e8re disposition.<\/p>\n<p>Notre association b\u00e9n\u00e9ficie \u00e9galement d&rsquo;une bonne collaboration avec diverses structures touristiques de V\u00e9rone, pour pouvoir vous aider avec des services plus g\u00e9n\u00e9raux tels que des r\u00e9servations d&rsquo;h\u00f4tels, des conseils sur les restaurants, les caves et les trattorias, des services d&rsquo;accompagnement ou d&rsquo;interpr\u00e9tation.<\/p>\n<\/div>\n<div>\n<p>    <img decoding=\"async\" src=\"\/wp-content\/uploads\/2023\/10\/gabriel-castles-ZE0HWM4yv9I-unsplash-scaled.jpg\" alt=\"\"><\/p>\n<\/div>\n<p><!--more--><br \/>\n<!-- {\"type\":\"layout\",\"children\":[{\"type\":\"section\",\"props\":{\"image_position\":\"center-center\",\"style\":\"default\",\"title_breakpoint\":\"xl\",\"title_position\":\"top-left\",\"title_rotation\":\"left\",\"vertical_align\":\"middle\",\"width\":\"default\"},\"children\":[{\"type\":\"row\",\"children\":[{\"type\":\"column\",\"props\":{\"image_position\":\"center-center\",\"position_sticky_breakpoint\":\"m\"},\"children\":[{\"type\":\"headline\",\"props\":{\"content\":\"Verona Guide\",\"title_element\":\"h1\",\"title_style\":\"h2\"}},{\"type\":\"text\",\"props\":{\"column_breakpoint\":\"m\",\"content\":\"\n\n<p>Nous sommes une association culturelle de guides touristiques agr\\u00e9\\u00e9s de V\\u00e9rone dont le but principal est de vous faire conna\\u00eetre notre ville et ses environs, avec ses \\u00e9v\\u00e9nements culturels et ses r\\u00e9alit\\u00e9s monumentales. Compte tenu de l'exp\\u00e9rience et du professionnalisme qui distinguent nos plus proches collaborateurs et associ\\u00e9s, nous pouvons, par diff\\u00e9rents chemins, vous faire tomber amoureux de V\\u00e9rone, une ville d\\u00e9j\\u00e0 connue pour l'amour \\u00e9ternel de Rom\\u00e9o et Juliette, amoureux de William Shakespeare.<\\\/p>\\n\n\n<p>Parmi nos membres, il n'y a que des guides touristiques agr\\u00e9\\u00e9s qui, gr\\u00e2ce \\u00e0 leur longue exp\\u00e9rience, sont en mesure d'impliquer tout type de touriste dans une visite fascinante. Ainsi, que vous veniez \\u00e0 V\\u00e9rone pour un voyage scolaire, un concert, des vacances, une exposition, un week-end, pour des d\\u00e9gustations ou pour vous d\\u00e9tendre, nous sommes disponibles pour satisfaire toutes les exigences.<\\\/p>\\n\n\n<p>Conscients des diff\\u00e9rents besoins de chacun, nous sommes en mesure d'\\u00e9tudier des itin\\u00e9raires personnalis\\u00e9s, construits sur la base de p\\u00e9riodes historiques sp\\u00e9cifiques, pour d\\u00e9couvrir des milieux naturels caract\\u00e9ristiques ou des circuits adapt\\u00e9s aux personnes ayant des difficult\\u00e9s physiques de toute nature.<\\\/p>\\n\n\n<p>En continuant \\u00e0 d\\u00e9couvrir notre site Internet, vous trouverez toutes les informations n\\u00e9cessaires pour planifier un s\\u00e9jour culturel \\u00e0 V\\u00e9rone et sa province et, si vous souhaitez recevoir de plus amples informations, nous sommes \\u00e0 votre enti\\u00e8re disposition.<\\\/p>\\n\n\n<p>Notre association b\\u00e9n\\u00e9ficie \\u00e9galement d'une bonne collaboration avec diverses structures touristiques de V\\u00e9rone, pour pouvoir vous aider avec des services plus g\\u00e9n\\u00e9raux tels que des r\\u00e9servations d'h\\u00f4tels, des conseils sur les restaurants, les caves et les trattorias, des services d'accompagnement ou d'interpr\\u00e9tation.<\\\/p>\",\"margin\":\"default\"}}]}]},{\"type\":\"row\",\"children\":[{\"type\":\"column\",\"props\":{\"image_position\":\"center-center\",\"position_sticky_breakpoint\":\"m\"},\"children\":[{\"type\":\"slideshow\",\"props\":{\"link_style\":\"default\",\"link_text\":\"Read more\",\"margin\":\"default\",\"meta_align\":\"below-title\",\"meta_element\":\"div\",\"meta_style\":\"text-meta\",\"nav\":\"dotnav\",\"nav_align\":\"center\",\"nav_breakpoint\":\"s\",\"nav_position\":\"bottom-center\",\"nav_position_margin\":\"medium\",\"overlay_animation\":\"parallax\",\"overlay_position\":\"center-left\",\"show_content\":true,\"show_link\":true,\"show_meta\":true,\"show_thumbnail\":true,\"show_title\":true,\"slidenav\":\"default\",\"slidenav_breakpoint\":\"s\",\"slidenav_margin\":\"medium\",\"slidenav_outside_breakpoint\":\"xl\",\"slideshow_autoplay_pause\":true,\"slideshow_height\":\"percent\",\"slideshow_min_height\":300,\"thumbnav_height\":\"75\",\"thumbnav_svg_color\":\"emphasis\",\"thumbnav_width\":\"100\",\"title_element\":\"h3\"},\"children\":[{\"type\":\"slideshow_item\",\"props\":{\"image\":\"wp-content\\\/uploads\\\/2023\\\/10\\\/gabriel-castles-ZE0HWM4yv9I-unsplash-scaled.jpg\"}}]}]}]}]}],\"version\":\"4.2.6\"} --><\/p>\n","protected":false},"excerpt":{"rendered":"<p>Verona Guide Nous sommes une association culturelle de guides touristiques agr\u00e9\u00e9s de V\u00e9rone dont le but principal est de vous faire conna\u00eetre notre ville et ses environs, avec ses \u00e9v\u00e9nements culturels et ses r\u00e9alit\u00e9s monumentales. Compte tenu de l&rsquo;exp\u00e9rience et du professionnalisme qui distinguent nos plus proches collaborateurs et associ\u00e9s, nous pouvons, par diff\u00e9rents chemins, [&hellip;]<\/p>\n","protected":false},"author":6,"featured_media":0,"parent":0,"menu_order":0,"comment_status":"closed","ping_status":"closed","template":"","meta":{"_acf_changed":false,"rank_math_lock_modified_date":false,"footnotes":""},"class_list":["post-2682","page","type-page","status-publish","hentry"],"acf":[],"_links":{"self":[{"href":"https:\/\/veronaguide.it\/fr\/wp-json\/wp\/v2\/pages\/2682"}],"collection":[{"href":"https:\/\/veronaguide.it\/fr\/wp-json\/wp\/v2\/pages"}],"about":[{"href":"https:\/\/veronaguide.it\/fr\/wp-json\/wp\/v2\/types\/page"}],"author":[{"embeddable":true,"href":"https:\/\/veronaguide.it\/fr\/wp-json\/wp\/v2\/users\/6"}],"replies":[{"embeddable":true,"href":"https:\/\/veronaguide.it\/fr\/wp-json\/wp\/v2\/comments?post=2682"}],"version-history":[{"count":7,"href":"https:\/\/veronaguide.it\/fr\/wp-json\/wp\/v2\/pages\/2682\/revisions"}],"predecessor-version":[{"id":4434,"href":"https:\/\/veronaguide.it\/fr\/wp-json\/wp\/v2\/pages\/2682\/revisions\/4434"}],"wp:attachment":[{"href":"https:\/\/veronaguide.it\/fr\/wp-json\/wp\/v2\/media?parent=2682"}],"curies":[{"name":"wp","href":"https:\/\/api.w.org\/{rel}","templated":true}]}}