{"id":2748,"date":"2024-02-07T11:01:55","date_gmt":"2024-02-07T10:01:55","guid":{"rendered":"https:\/\/veronaguide.it\/zona-a-traffico-limitato\/"},"modified":"2024-10-01T11:46:11","modified_gmt":"2024-10-01T10:46:11","slug":"zona-de-trafico-limitado","status":"publish","type":"page","link":"https:\/\/veronaguide.it\/es\/informacion-turistica\/zona-de-trafico-limitado\/","title":{"rendered":"Zona de tr\u00e1fico limitado"},"content":{"rendered":"<h1>Entrada de autocares a la Zona de Tr\u00e1fico Limitado<\/h1>\n<div>\n<p>Con la ordenanza del <strong>Ayuntamiento de Verona<\/strong> NR 1404 del 30.10.2018, se introdujeron las nuevas tarifas para los <strong>autobuses tur\u00edsticos<\/strong>.<\/p>\n<p>El billete de entrada a la ciudad para autobuses con capacidad superior a 25 personas:<br \/>\u2013 <strong>temporada alta completa es 150,00 \u20ac<\/strong> Tarifa v\u00e1lida del 1 al 31 de diciembre y del 1 de abril al 31 de octubre<br \/>\u2013 <strong>temporada baja completa es 100,00\u20ac<\/strong> Tarifa v\u00e1lida del 1 al 30 de noviembre y del 1 de enero al 31 de marzo<\/p>\n<p>Si el tour se realiza con un <strong>gu\u00eda autorizado<\/strong> y certificado de Verona podr\u00e1s beneficiarte de un <strong>30% de descuento<\/strong> (s\u00f3lo se puede comprar online)<br \/>\u2013 <strong>temporada alta: 105\u20ac<\/strong><br \/>\u2013 <strong>temporada baja: 70\u20ac<\/strong><\/p>\n<\/div>\n<ul>\n<li>\n<h3>REDUCIDO: 40,00\u20ac<\/h3>\n<div>\n<p>Autobuses tur\u00edsticos con capacidad m\u00e1xima de 25 personas (excluido el conductor) autobuses tur\u00edsticos procedentes del Lago de Garda seg\u00fan lo exige la resoluci\u00f3n del Consejo Municipal n. 53\/2009, con la obligaci\u00f3n de presentar el bono de hotel (o documento equivalente) que acredite la reserva y la pernoctaci\u00f3n;<\/p>\n<\/div>\n<\/li>\n<li>\n<h3>HOTEL REDUCIDO: 15,00\u20ac<\/h3>\n<div>\n<p>Autobuses tur\u00edsticos que transporten a los turistas hasta las instalaciones hoteleras de la ciudad, para el d\u00eda de llegada y el d\u00eda de salida, con la obligaci\u00f3n de presentar el bono de hotel (o documento equivalente) que acredite la reserva y la pernoctaci\u00f3n;<\/p>\n<\/div>\n<\/li>\n<li>\n<h3>ARENA REDUCIDA: 30,00\u20ac<\/h3>\n<div>\n<p>Autobuses tur\u00edsticos para grupos con destino a eventos de \u00f3pera en el Anfiteatro Arena, con entrada a partir de las 18.00 horas los d\u00edas de funci\u00f3n, con obligaci\u00f3n de presentar la reserva para la velada Arena.<\/p>\n<\/div>\n<\/li>\n<\/ul>\n<ul>\n<li>\n<h3>GRATIS<\/h3>\n<div>\n<p>autobuses tur\u00edsticos para grupos escolares de todos los niveles, niveles y nacionalidades, con la obligaci\u00f3n de presentar en el papel membretado del Instituto una declaraci\u00f3n que certifique el viaje a Verona con la lista de los nombres de los participantes; autobuses tur\u00edsticos con destino al Estadio y al Polideportivo con motivo de eventos que utilizan la v\u00eda de conexi\u00f3n entre el peaje de la autopista Verona Nord (A22 Modena-Brennero) y el Estadio\/Pabell\u00f3n de Deportes (y vuelta); autobuses tur\u00edsticos con destino a los aparcamientos de la Fiera di Verona limitados al tramo entre dichos aparcamientos y el peaje de la autopista Verona Sud (A4 Mil\u00e1n-Venecia) o a la salida de la circunvalaci\u00f3n sur hacia la Strada dell&#8217;Alpo; autobuses tur\u00edsticos para grupos de residentes en la ciudad: para tener derecho a esta exenci\u00f3n, los pasajeros deben viajar con un documento de identidad v\u00e1lido que acredite el municipio de residencia, que deber\u00e1 ser mostrado en caso de controles por parte del personal a cargo; Autobuses tur\u00edsticos que transporten un n\u00famero de personas discapacitadas, en posesi\u00f3n de una certificaci\u00f3n adecuada, al menos el 50% de las plazas disponibles.<\/p>\n<p>Para informaci\u00f3n y reservas: <a href=\"https:\/\/www.amt.it\/pass-ztl-bus\/\" rel=\"nofollow noopener\" target=\"_blank\">https:\/\/www.amt.it\/pass-ztl-bus\/<\/a><\/p>\n<\/div>\n<\/li>\n<li>\n<h3>Pago<\/h3>\n<div>\n<p>Debe hacerse en una de las 4 estaciones de pago autom\u00e1tico del sitio. Las m\u00e1quinas aceptan monedas y billetes.<\/p>\n<\/div>\n<\/li>\n<\/ul>\n<p><!--more--><br \/>\n<!-- {\"type\":\"layout\",\"children\":[{\"type\":\"section\",\"props\":{\"image_position\":\"center-center\",\"style\":\"default\",\"title_breakpoint\":\"xl\",\"title_position\":\"top-left\",\"title_rotation\":\"left\",\"vertical_align\":\"middle\",\"width\":\"small\"},\"children\":[{\"type\":\"row\",\"children\":[{\"type\":\"column\",\"props\":{\"image_position\":\"center-center\",\"position_sticky_breakpoint\":\"m\"},\"children\":[{\"type\":\"headline\",\"props\":{\"content\":\"Entrada de autocares a la Zona de Tr\\u00e1fico Limitado\",\"text_align\":\"center\",\"title_color\":\"primary\",\"title_element\":\"h1\"}},{\"type\":\"text\",\"props\":{\"column_breakpoint\":\"m\",\"content\":\"\n\n<p>Con la ordenanza del <strong>Ayuntamiento de Verona<\\\/strong> NR 1404 del 30.10.2018, se introdujeron las nuevas tarifas para los <strong>autobuses tur\\u00edsticos<\\\/strong>.<\\\/p>\\n\n\n<p>El billete de entrada a la ciudad para autobuses con capacidad superior a 25 personas:<br \\\/>\\u2013 <strong>temporada alta completa es 150,00 \\u20ac<\\\/strong> Tarifa v\\u00e1lida del 1 al 31 de diciembre y del 1 de abril al 31 de octubre<br \\\/>\\u2013 <strong>temporada baja completa es 100,00\\u20ac<\\\/strong> Tarifa v\\u00e1lida del 1 al 30 de noviembre y del 1 de enero al 31 de marzo<\\\/p>\\n\n\n<p>Si el tour se realiza con un <strong>gu\\u00eda autorizado<\\\/strong> y certificado de Verona podr\\u00e1s beneficiarte de un <strong>30% de descuento<\\\/strong> (s\\u00f3lo se puede comprar online)<br \\\/>\\u2013 <strong>temporada alta: 105\\u20ac<\\\/strong><br \\\/>\\u2013 <strong>temporada baja: 70\\u20ac<\\\/strong><\\\/p>\",\"margin\":\"default\"}}]}]}]},{\"type\":\"section\",\"props\":{\"image_position\":\"center-center\",\"style\":\"muted\",\"title_breakpoint\":\"xl\",\"title_position\":\"top-left\",\"title_rotation\":\"left\",\"vertical_align\":\"middle\",\"width\":\"small\"},\"children\":[{\"type\":\"row\",\"props\":{\"layout\":\"1-2,1-2\"},\"children\":[{\"type\":\"column\",\"props\":{\"image_position\":\"center-center\",\"position_sticky_breakpoint\":\"m\",\"style\":\"tile-default\",\"width_medium\":\"1-2\"},\"children\":[{\"type\":\"description_list\",\"props\":{\"column_breakpoint\":\"m\",\"layout\":\"stacked\",\"list_element\":\"ul\",\"meta_align\":\"below-content\",\"meta_style\":\"text-meta\",\"show_content\":true,\"show_link\":true,\"show_meta\":true,\"show_title\":true,\"title_color\":\"primary\",\"title_element\":\"div\",\"title_grid_column_gap\":\"small\",\"title_grid_row_gap\":\"small\",\"title_grid_width\":\"auto\",\"title_style\":\"text-large\"},\"children\":[{\"type\":\"description_list_item\",\"props\":{\"content\":\"\n\n<p>Autobuses tur\\u00edsticos con capacidad m\\u00e1xima de 25 personas (excluido el conductor) autobuses tur\\u00edsticos procedentes del Lago de Garda seg\\u00fan lo exige la resoluci\\u00f3n del Consejo Municipal n. 53\\\/2009, con la obligaci\\u00f3n de presentar el bono de hotel (o documento equivalente) que acredite la reserva y la pernoctaci\\u00f3n;<\\\/p>\",\"title\":\"REDUCIDO: 40,00\\u20ac\"}},{\"type\":\"description_list_item\",\"props\":{\"content\":\"\n\n<p>Autobuses tur\\u00edsticos que transporten a los turistas hasta las instalaciones hoteleras de la ciudad, para el d\\u00eda de llegada y el d\\u00eda de salida, con la obligaci\\u00f3n de presentar el bono de hotel (o documento equivalente) que acredite la reserva y la pernoctaci\\u00f3n;<\\\/p>\",\"title\":\"HOTEL REDUCIDO: 15,00\\u20ac\"}},{\"type\":\"description_list_item\",\"props\":{\"content\":\"\n\n<p>Autobuses tur\\u00edsticos para grupos con destino a eventos de \\u00f3pera en el Anfiteatro Arena, con entrada a partir de las 18.00 horas los d\\u00edas de funci\\u00f3n, con obligaci\\u00f3n de presentar la reserva para la velada Arena.<\\\/p>\",\"title\":\"ARENA REDUCIDA: 30,00\\u20ac\"}}]}]},{\"type\":\"column\",\"props\":{\"image_position\":\"center-center\",\"position_sticky_breakpoint\":\"m\",\"style\":\"tile-default\",\"width_medium\":\"1-2\"},\"children\":[{\"type\":\"description_list\",\"props\":{\"column_breakpoint\":\"m\",\"layout\":\"stacked\",\"list_element\":\"ul\",\"meta_align\":\"below-content\",\"meta_style\":\"text-meta\",\"show_content\":true,\"show_link\":true,\"show_meta\":true,\"show_title\":true,\"title_color\":\"primary\",\"title_element\":\"div\",\"title_grid_column_gap\":\"small\",\"title_grid_row_gap\":\"small\",\"title_grid_width\":\"auto\",\"title_style\":\"text-large\"},\"children\":[{\"type\":\"description_list_item\",\"props\":{\"content\":\"\n\n<p>autobuses tur\\u00edsticos para grupos escolares de todos los niveles, niveles y nacionalidades, con la obligaci\\u00f3n de presentar en el papel membretado del Instituto una declaraci\\u00f3n que certifique el viaje a Verona con la lista de los nombres de los participantes; autobuses tur\\u00edsticos con destino al Estadio y al Polideportivo con motivo de eventos que utilizan la v\\u00eda de conexi\\u00f3n entre el peaje de la autopista Verona Nord (A22 Modena-Brennero) y el Estadio\\\/Pabell\\u00f3n de Deportes (y vuelta); autobuses tur\\u00edsticos con destino a los aparcamientos de la Fiera di Verona limitados al tramo entre dichos aparcamientos y el peaje de la autopista Verona Sud (A4 Mil\\u00e1n-Venecia) o a la salida de la circunvalaci\\u00f3n sur hacia la Strada dell'Alpo; autobuses tur\\u00edsticos para grupos de residentes en la ciudad: para tener derecho a esta exenci\\u00f3n, los pasajeros deben viajar con un documento de identidad v\\u00e1lido que acredite el municipio de residencia, que deber\\u00e1 ser mostrado en caso de controles por parte del personal a cargo; Autobuses tur\\u00edsticos que transporten un n\\u00famero de personas discapacitadas, en posesi\\u00f3n de una certificaci\\u00f3n adecuada, al menos el 50% de las plazas disponibles.<\\\/p>\\n\n\n<p>Para informaci\\u00f3n y reservas: <a href=\\\"https:\\\/\\\/www.amt.it\\\/pass-ztl-bus\\\/\\\">https:\\\/\\\/www.amt.it\\\/pass-ztl-bus\\\/<\\\/a><\\\/p>\",\"title\":\"GRATIS\"}},{\"type\":\"description_list_item\",\"props\":{\"content\":\"\n\n<p>Debe hacerse en una de las 4 estaciones de pago autom\\u00e1tico del sitio. Las m\\u00e1quinas aceptan monedas y billetes.<\\\/p>\",\"title\":\"Pago\"}}]}]}]}]},{\"type\":\"section\",\"props\":{\"image_position\":\"center-center\",\"style\":\"muted\",\"title_breakpoint\":\"xl\",\"title_position\":\"top-left\",\"title_rotation\":\"left\",\"vertical_align\":\"middle\",\"width\":\"small\"},\"children\":[{\"type\":\"row\",\"children\":[{\"type\":\"column\",\"props\":{\"image_position\":\"center-center\",\"position_sticky_breakpoint\":\"m\"},\"children\":[{\"type\":\"module\",\"props\":{\"menu_image_align\":\"center\",\"menu_image_margin\":true,\"menu_style\":\"default\",\"menu_type\":\"nav\",\"type\":\"builderwidget\",\"widget\":\"builderwidget-14\"}}]}]}],\"name\":\"INFO TURISTICHE\"}],\"version\":\"4.2.6\"} --><\/p>\n","protected":false},"excerpt":{"rendered":"<p>Entrada de autocares a la Zona de Tr\u00e1fico Limitado Con la ordenanza del Ayuntamiento de Verona NR 1404 del 30.10.2018, se introdujeron las nuevas tarifas para los autobuses tur\u00edsticos. El billete de entrada a la ciudad para autobuses con capacidad superior a 25 personas:\u2013 temporada alta completa es 150,00 \u20ac Tarifa v\u00e1lida del 1 al [&hellip;]<\/p>\n","protected":false},"author":6,"featured_media":0,"parent":2700,"menu_order":0,"comment_status":"closed","ping_status":"closed","template":"","meta":{"_acf_changed":false,"rank_math_lock_modified_date":false,"footnotes":""},"class_list":["post-2748","page","type-page","status-publish","hentry"],"acf":[],"_links":{"self":[{"href":"https:\/\/veronaguide.it\/es\/wp-json\/wp\/v2\/pages\/2748"}],"collection":[{"href":"https:\/\/veronaguide.it\/es\/wp-json\/wp\/v2\/pages"}],"about":[{"href":"https:\/\/veronaguide.it\/es\/wp-json\/wp\/v2\/types\/page"}],"author":[{"embeddable":true,"href":"https:\/\/veronaguide.it\/es\/wp-json\/wp\/v2\/users\/6"}],"replies":[{"embeddable":true,"href":"https:\/\/veronaguide.it\/es\/wp-json\/wp\/v2\/comments?post=2748"}],"version-history":[{"count":7,"href":"https:\/\/veronaguide.it\/es\/wp-json\/wp\/v2\/pages\/2748\/revisions"}],"predecessor-version":[{"id":4532,"href":"https:\/\/veronaguide.it\/es\/wp-json\/wp\/v2\/pages\/2748\/revisions\/4532"}],"up":[{"embeddable":true,"href":"https:\/\/veronaguide.it\/es\/wp-json\/wp\/v2\/pages\/2700"}],"wp:attachment":[{"href":"https:\/\/veronaguide.it\/es\/wp-json\/wp\/v2\/media?parent=2748"}],"curies":[{"name":"wp","href":"https:\/\/api.w.org\/{rel}","templated":true}]}}