{"id":2733,"date":"2023-10-23T09:36:35","date_gmt":"2023-10-23T08:36:35","guid":{"rendered":"https:\/\/veronaguide.it\/tariffe\/"},"modified":"2026-01-10T15:48:48","modified_gmt":"2026-01-10T14:48:48","slug":"tarifas-de-visitas-guiadas","status":"publish","type":"page","link":"https:\/\/veronaguide.it\/es\/tarifas-de-visitas-guiadas\/","title":{"rendered":"Tarifas de Visitas Guiadas"},"content":{"rendered":"<h1>TARIFAS DE GU\u00cdAS TUR\u00cdSTICOS VERONA 2026<\/h1>\n<div>\n<p>Visita Verona con nosotros: descubre nuestras visitas guiadas para particulares, grupos o colegios y explora la ciudad con nuestros gu\u00edas tur\u00edsticos.<\/p>\n<\/div>\n<p>\n    <a href=\"mailto:info@guideverona.com\">Cont\u00e1ctanos para m\u00e1s informaci\u00f3n y visitas personalizadas<\/a>\n<\/p>\n<h2>TARIFAS DE VISITAS GUIADAS PARA GRUPOS<\/h2>\n<ul>\n<li>\n<h3>Visita guiada de medio d\u00eda (2 horas aproximadamente):<\/h3>\n<div>\n<p>150,00 \u20ac hasta 30 personas + 5,00 \u20ac por cada persona adicional.<\/p>\n<\/div>\n<\/li>\n<li>\n<h3>Visita de un d\u00eda completo, siempre con gu\u00eda tur\u00edstico (unas 4 horas):<\/h3>\n<div>\n<p>300,00 \u20ac hasta 30 personas + 10,00 \u20ac por cada persona adicional;<\/p>\n<\/div>\n<\/li>\n<\/ul>\n<h2>TARIFAS DE VISITAS GUIADAS PARA ESCUELAS<\/h2>\n<ul>\n<li>\n<h3>Visita de medio d\u00eda con gu\u00eda tur\u00edstico (2 horas)<\/h3>\n<div>\n<p>150,00 \u20ac hasta 30 estudiantes;<br \/>170,00 \u20ac hasta 50 estudiantes; + 5,00 \u20ac por cada estudiante adicional<br \/>profesores libres<\/p>\n<\/div>\n<\/li>\n<li>\n<h3>Visita guiada de d\u00eda completo: 2 horas por la ma\u00f1ana + 2 horas por la tarde<\/h3>\n<div>\n<p>300,00 \u20ac hasta 30 estudiantes;<br \/>340,00 \u20ac hasta 50 estudiantes + 10,00 \u20ac por cada estudiante adicional;<br \/>profesores libres<\/p>\n<\/div>\n<\/li>\n<li>\n<h3>CADA HORA EXTRA 50,00\u20ac<\/h3>\n<\/li>\n<\/ul>\n<div>\n<p>Para tu cotizaci\u00f3n personalizada escr\u00edbenos a <a href=\"mailto:info@guideverona.com\">info@guideverona.com<\/a><\/p>\n<\/div>\n<p><!--more--><br \/>\n<!-- {\"type\":\"layout\",\"children\":[{\"type\":\"section\",\"props\":{\"image_position\":\"center-center\",\"style\":\"muted\",\"title_breakpoint\":\"xl\",\"title_position\":\"top-left\",\"title_rotation\":\"left\",\"vertical_align\":\"middle\",\"width\":\"small\"},\"children\":[{\"type\":\"row\",\"children\":[{\"type\":\"column\",\"props\":{\"image_position\":\"center-center\",\"position_sticky_breakpoint\":\"m\"},\"children\":[{\"type\":\"headline\",\"props\":{\"content\":\"TARIFAS DE GU\\u00cdAS TUR\\u00cdSTICOS VERONA 2026\",\"text_align\":\"center\",\"title_color\":\"primary\",\"title_element\":\"h1\",\"title_style\":\"h3\"}},{\"type\":\"text\",\"props\":{\"column_breakpoint\":\"m\",\"content\":\"\n\n<p>Visita Verona con nosotros: descubre nuestras visitas guiadas para particulares, grupos o colegios y explora la ciudad con nuestros gu\\u00edas tur\\u00edsticos.<\\\/p>\",\"margin\":\"default\",\"text_align\":\"center\"}},{\"type\":\"button\",\"props\":{\"grid_column_gap\":\"small\",\"grid_row_gap\":\"small\",\"margin\":\"default\",\"text_align\":\"center\"},\"children\":[{\"type\":\"button_item\",\"props\":{\"button_style\":\"default\",\"content\":\"Cont\\u00e1ctanos para m\\u00e1s informaci\\u00f3n y visitas personalizadas\",\"icon\":\"mail\",\"icon_align\":\"left\",\"link\":\"mailto:info@guideverona.com\"}}]}]}]},{\"type\":\"row\",\"props\":{\"width\":\"xsmall\"},\"children\":[{\"type\":\"column\",\"props\":{\"image_position\":\"center-center\",\"position_sticky_breakpoint\":\"m\",\"style\":\"tile-default\"},\"children\":[{\"type\":\"headline\",\"props\":{\"content\":\"TARIFAS DE VISITAS GUIADAS PARA GRUPOS\",\"text_align\":\"left\",\"title_color\":\"primary\",\"title_element\":\"h2\",\"title_style\":\"h4\"}},{\"type\":\"description_list\",\"props\":{\"block_align\":\"center\",\"column_breakpoint\":\"m\",\"layout\":\"stacked\",\"list_element\":\"ul\",\"meta_align\":\"below-content\",\"meta_style\":\"text-meta\",\"show_content\":true,\"show_link\":true,\"show_meta\":true,\"show_title\":true,\"title_color\":\"primary\",\"title_element\":\"div\",\"title_grid_column_gap\":\"small\",\"title_grid_row_gap\":\"small\",\"title_grid_width\":\"auto\",\"title_style\":\"text-large\"},\"children\":[{\"type\":\"description_list_item\",\"props\":{\"content\":\"\n\n<p>150,00 \\u20ac hasta 30 personas + 5,00 \\u20ac por cada persona adicional.<\\\/p>\",\"title\":\"Visita guiada de medio d\\u00eda (2 horas aproximadamente):\"}},{\"type\":\"description_list_item\",\"props\":{\"content\":\"\n\n<p>300,00 \\u20ac hasta 30 personas + 10,00 \\u20ac por cada persona adicional;<\\\/p>\",\"title\":\"Visita de un d\\u00eda completo, siempre con gu\\u00eda tur\\u00edstico (unas 4 horas):\"}}]},{\"type\":\"headline\",\"props\":{\"content\":\"TARIFAS DE VISITAS GUIADAS PARA ESCUELAS\",\"title_color\":\"primary\",\"title_element\":\"h2\",\"title_style\":\"h4\"}},{\"type\":\"description_list\",\"props\":{\"column_breakpoint\":\"m\",\"layout\":\"stacked\",\"list_element\":\"ul\",\"meta_align\":\"below-content\",\"meta_style\":\"text-meta\",\"show_content\":true,\"show_link\":true,\"show_meta\":true,\"show_title\":true,\"title_color\":\"primary\",\"title_element\":\"div\",\"title_grid_column_gap\":\"small\",\"title_grid_row_gap\":\"small\",\"title_grid_width\":\"auto\",\"title_style\":\"text-large\"},\"children\":[{\"type\":\"description_list_item\",\"props\":{\"content\":\"\n\n<p>150,00 \\u20ac hasta 30 estudiantes;<br \\\/>170,00 \\u20ac hasta 50 estudiantes; + 5,00 \\u20ac por cada estudiante adicional<br \\\/>profesores libres<\\\/p>\",\"title\":\"Visita de medio d\\u00eda con gu\\u00eda tur\\u00edstico (2 horas)\"}},{\"type\":\"description_list_item\",\"props\":{\"content\":\"\n\n<p>300,00 \\u20ac hasta 30 estudiantes;<br \\\/>340,00 \\u20ac hasta 50 estudiantes + 10,00 \\u20ac por cada estudiante adicional;<br \\\/>profesores libres<\\\/p>\",\"title\":\"Visita guiada de d\\u00eda completo: 2 horas por la ma\\u00f1ana + 2 horas por la tarde\"}},{\"type\":\"description_list_item\",\"props\":{\"title\":\"CADA HORA EXTRA 50,00\\u20ac\"}}]},{\"type\":\"text\",\"props\":{\"column_breakpoint\":\"m\",\"content\":\"\n\n<p>Para tu cotizaci\\u00f3n personalizada escr\\u00edbenos a <a href=\\\"mailto:info@guideverona.com\\\">info@guideverona.com<\\\/a><\\\/p>\",\"margin\":\"default\"}}]}]}]}],\"version\":\"4.2.6\"} --><\/p>\n","protected":false},"excerpt":{"rendered":"<p>TARIFAS DE GU\u00cdAS TUR\u00cdSTICOS VERONA 2026 Visita Verona con nosotros: descubre nuestras visitas guiadas para particulares, grupos o colegios y explora la ciudad con nuestros gu\u00edas tur\u00edsticos. Cont\u00e1ctanos para m\u00e1s informaci\u00f3n y visitas personalizadas TARIFAS DE VISITAS GUIADAS PARA GRUPOS Visita guiada de medio d\u00eda (2 horas aproximadamente): 150,00 \u20ac hasta 30 personas + 5,00 [&hellip;]<\/p>\n","protected":false},"author":6,"featured_media":0,"parent":0,"menu_order":0,"comment_status":"closed","ping_status":"closed","template":"","meta":{"_acf_changed":false,"rank_math_lock_modified_date":false,"footnotes":""},"class_list":["post-2733","page","type-page","status-publish","hentry"],"acf":[],"_links":{"self":[{"href":"https:\/\/veronaguide.it\/es\/wp-json\/wp\/v2\/pages\/2733"}],"collection":[{"href":"https:\/\/veronaguide.it\/es\/wp-json\/wp\/v2\/pages"}],"about":[{"href":"https:\/\/veronaguide.it\/es\/wp-json\/wp\/v2\/types\/page"}],"author":[{"embeddable":true,"href":"https:\/\/veronaguide.it\/es\/wp-json\/wp\/v2\/users\/6"}],"replies":[{"embeddable":true,"href":"https:\/\/veronaguide.it\/es\/wp-json\/wp\/v2\/comments?post=2733"}],"version-history":[{"count":43,"href":"https:\/\/veronaguide.it\/es\/wp-json\/wp\/v2\/pages\/2733\/revisions"}],"predecessor-version":[{"id":4875,"href":"https:\/\/veronaguide.it\/es\/wp-json\/wp\/v2\/pages\/2733\/revisions\/4875"}],"wp:attachment":[{"href":"https:\/\/veronaguide.it\/es\/wp-json\/wp\/v2\/media?parent=2733"}],"curies":[{"name":"wp","href":"https:\/\/api.w.org\/{rel}","templated":true}]}}