{"id":2718,"date":"2024-02-07T11:33:34","date_gmt":"2024-02-07T10:33:34","guid":{"rendered":"https:\/\/veronaguide.it\/mangiare-a-verona\/"},"modified":"2025-04-03T10:10:05","modified_gmt":"2025-04-03T09:10:05","slug":"comer-en-verona","status":"publish","type":"page","link":"https:\/\/veronaguide.it\/es\/informacion-turistica\/comer-en-verona\/","title":{"rendered":"Comer en Verona"},"content":{"rendered":"<h1>D\u00f3nde comer en Verona<\/h1>\n<div>\n<p>\u00bfD\u00f3nde comer en Verona? Ya sea que busques algo r\u00e1pido o un almuerzo tranquilo, no dudes en contactarnos para recibir consejos y ofertas especiales.<\/p>\n<\/div>\n<h2><span>PUNTOS DE AVERIGUAR PARA ESTUDIANTES<\/span><\/h2>\n<div>\n<p>En Verona existe una ordenanza que proh\u00edbe el consumo de alimentos y bebidas en las zonas monumentales del centro. Normalmente no se aplica con excesivo rigor pero existe al menos te\u00f3ricamente la posibilidad de ser multado. En el centro de la ciudad hay zonas al aire libre donde se permite comer un almuerzo para llevar. Si optas por esta soluci\u00f3n, el gu\u00eda te indicar\u00e1 y posiblemente te acompa\u00f1ar\u00e1 hasta la que m\u00e1s te convenga en funci\u00f3n de tu itinerario y necesidades espec\u00edficas.<\/p>\n<p>Es posible reservar aulas interiores en algunos institutos religiosos donde se requiere una contribuci\u00f3n. En el centro de la ciudad, f\u00e1cilmente accesible a pie, se puede contactar con:<\/p>\n<p>\u2022 <strong>el oratorio Filippini<\/strong> (Don Roberto 045 800 2823)<\/p>\n<p>\u2022 <strong>la sala de la asociaci\u00f3n \u201cFogolar Furlan\u201d<\/strong> (tel 3451134609)<\/p>\n<p>Todas las f\u00f3rmulas de almuerzo (institutos religiosos) deben reservarse directamente<\/p>\n<\/div>\n<h2><span>RESTAURANTE<\/span><\/h2>\n<div>\n<p>Nuestra Asociaci\u00f3n tiene un acuerdo con un restaurante central que supone un buen compromiso entre log\u00edstica (est\u00e1 situado detr\u00e1s del Arena, no lejos del aparcamiento de autocares) y calidad\/precio.<\/p>\n<p>Para los estudiantes cuesta 11,00 \u20ac por pizza y bebida y 12,00 \u20ac por pizza, bebida y patatas fritas. Podemos hacer la reserva si lo deseas.<\/p>\n<p>Ofrecen men\u00fas como:<\/p>\n<p>1) 1 primer plato &#8211; 1 segundo plato &#8211; guarniciones mixtas &#8211; postre &#8211; agua, vino y caf\u00e9 <strong>26,00\u20ac<\/strong>;<\/p>\n<p>2) Dos primeros platos &#8211; un segundo plato &#8211; guarniciones mixtas &#8211; postre &#8211; agua, vino y caf\u00e9 <strong>30,00 \u20ac<\/strong>;<\/p>\n<p>3) Entrante \u2013 un primer plato \u2013 un segundo plato \u2013 guarniciones mixtas \u2013 postre \u2013 agua vino caf\u00e9 <strong>30,00 \u20ac<\/strong>;<\/p>\n<p>4) Entrante \u2013 dos primeros platos \u2013 un segundo plato \u2013 guarniciones mixtas \u2013 postre \u2013 agua vino caf\u00e9 <strong>33,00\u20ac<\/strong>.<\/p>\n<p>Podemos enviarte una lista de platos para elegir y comunicarte.<\/p>\n<\/div>\n<p><!--more--><br \/>\n<!-- {\"type\":\"layout\",\"children\":[{\"type\":\"section\",\"props\":{\"image_position\":\"center-center\",\"style\":\"default\",\"title_breakpoint\":\"xl\",\"title_position\":\"top-left\",\"title_rotation\":\"left\",\"vertical_align\":\"middle\",\"width\":\"small\"},\"children\":[{\"type\":\"row\",\"children\":[{\"type\":\"column\",\"props\":{\"image_position\":\"center-center\",\"position_sticky_breakpoint\":\"m\"},\"children\":[{\"type\":\"headline\",\"props\":{\"content\":\"D\\u00f3nde comer en Verona\",\"text_align\":\"center\",\"title_color\":\"primary\",\"title_element\":\"h1\"}},{\"type\":\"text\",\"props\":{\"column_breakpoint\":\"m\",\"content\":\"\n\n<p>\\u00bfD\\u00f3nde comer en Verona? Ya sea que busques algo r\\u00e1pido o un almuerzo tranquilo, no dudes en contactarnos para recibir consejos y ofertas especiales.<\\\/p>\",\"margin\":\"default\",\"text_align\":\"center\"}}]}]}]},{\"type\":\"section\",\"props\":{\"image_position\":\"center-center\",\"style\":\"muted\",\"title_breakpoint\":\"xl\",\"title_position\":\"top-left\",\"title_rotation\":\"left\",\"vertical_align\":\"middle\",\"width\":\"small\"},\"children\":[{\"type\":\"row\",\"props\":{\"layout\":\"1-2,1-2\"},\"children\":[{\"type\":\"column\",\"props\":{\"image_position\":\"center-center\",\"position_sticky_breakpoint\":\"m\",\"style\":\"tile-default\",\"width_medium\":\"1-2\"},\"children\":[{\"type\":\"headline\",\"props\":{\"content\":\"<span>PUNTOS DE AVERIGUAR PARA ESTUDIANTES<\\\/span>\",\"title_color\":\"primary\",\"title_element\":\"h2\",\"title_style\":\"h4\"}},{\"type\":\"text\",\"props\":{\"column_breakpoint\":\"m\",\"content\":\"\n\n<p>En Verona existe una ordenanza que proh\\u00edbe el consumo de alimentos y bebidas en las zonas monumentales del centro. Normalmente no se aplica con excesivo rigor pero existe al menos te\\u00f3ricamente la posibilidad de ser multado. En el centro de la ciudad hay zonas al aire libre donde se permite comer un almuerzo para llevar. Si optas por esta soluci\\u00f3n, el gu\\u00eda te indicar\\u00e1 y posiblemente te acompa\\u00f1ar\\u00e1 hasta la que m\\u00e1s te convenga en funci\\u00f3n de tu itinerario y necesidades espec\\u00edficas.<\\\/p>\\n\n\n<p>Es posible reservar aulas interiores en algunos institutos religiosos donde se requiere una contribuci\\u00f3n. En el centro de la ciudad, f\\u00e1cilmente accesible a pie, se puede contactar con:<\\\/p>\\n\n\n<p>\\u2022 <strong>el oratorio Filippini<\\\/strong> (Don Roberto 045 800 2823)<\\\/p>\\n\n\n<p>\\u2022 <strong>la sala de la asociaci\\u00f3n \\u201cFogolar Furlan\\u201d<\\\/strong> (tel 3451134609)<\\\/p>\\n\n\n<p>Todas las f\\u00f3rmulas de almuerzo (institutos religiosos) deben reservarse directamente<\\\/p>\",\"margin\":\"default\"}}]},{\"type\":\"column\",\"props\":{\"image_position\":\"center-center\",\"position_sticky_breakpoint\":\"m\",\"style\":\"tile-default\",\"width_medium\":\"1-2\"},\"children\":[{\"type\":\"headline\",\"props\":{\"content\":\"<span>RESTAURANTE<\\\/span>\",\"title_color\":\"primary\",\"title_element\":\"h2\",\"title_style\":\"h4\"}},{\"type\":\"text\",\"props\":{\"column_breakpoint\":\"m\",\"content\":\"\n\n<p>Nuestra Asociaci\\u00f3n tiene un acuerdo con un restaurante central que supone un buen compromiso entre log\\u00edstica (est\\u00e1 situado detr\\u00e1s del Arena, no lejos del aparcamiento de autocares) y calidad\\\/precio.<\\\/p>\\n\n\n<p>Para los estudiantes cuesta 11,00 \\u20ac por pizza y bebida y 12,00 \\u20ac por pizza, bebida y patatas fritas. Podemos hacer la reserva si lo deseas.<\\\/p>\\n\n\n<p>Ofrecen men\\u00fas como:<\\\/p>\\n\n\n<p>1) 1 primer plato - 1 segundo plato - guarniciones mixtas - postre - agua, vino y caf\\u00e9 <strong>26,00\\u20ac<\\\/strong>;<\\\/p>\\n\n\n<p>2) Dos primeros platos - un segundo plato - guarniciones mixtas - postre - agua, vino y caf\\u00e9 <strong>30,00 \\u20ac<\\\/strong>;<\\\/p>\\n\n\n<p>3) Entrante \\u2013 un primer plato \\u2013 un segundo plato \\u2013 guarniciones mixtas \\u2013 postre \\u2013 agua vino caf\\u00e9 <strong>30,00 \\u20ac<\\\/strong>;<\\\/p>\\n\n\n<p>4) Entrante \\u2013 dos primeros platos \\u2013 un segundo plato \\u2013 guarniciones mixtas \\u2013 postre \\u2013 agua vino caf\\u00e9 <strong>33,00\\u20ac<\\\/strong>.<\\\/p>\\n\n\n<p>Podemos enviarte una lista de platos para elegir y comunicarte.<\\\/p>\",\"margin\":\"default\"}}]}]}]},{\"type\":\"section\",\"props\":{\"image_position\":\"center-center\",\"style\":\"muted\",\"title_breakpoint\":\"xl\",\"title_position\":\"top-left\",\"title_rotation\":\"left\",\"vertical_align\":\"middle\",\"width\":\"small\"},\"children\":[{\"type\":\"row\",\"children\":[{\"type\":\"column\",\"props\":{\"image_position\":\"center-center\",\"position_sticky_breakpoint\":\"m\"},\"children\":[{\"type\":\"module\",\"props\":{\"menu_image_align\":\"center\",\"menu_image_margin\":true,\"menu_style\":\"default\",\"menu_type\":\"nav\",\"type\":\"builderwidget\",\"widget\":\"builderwidget-14\"}}]}]}],\"name\":\"INFO TURISTICHE\"}],\"version\":\"4.2.6\"} --><\/p>\n","protected":false},"excerpt":{"rendered":"<p>D\u00f3nde comer en Verona \u00bfD\u00f3nde comer en Verona? Ya sea que busques algo r\u00e1pido o un almuerzo tranquilo, no dudes en contactarnos para recibir consejos y ofertas especiales. PUNTOS DE AVERIGUAR PARA ESTUDIANTES En Verona existe una ordenanza que proh\u00edbe el consumo de alimentos y bebidas en las zonas monumentales del centro. Normalmente no se [&hellip;]<\/p>\n","protected":false},"author":6,"featured_media":0,"parent":2700,"menu_order":0,"comment_status":"closed","ping_status":"closed","template":"","meta":{"_acf_changed":false,"rank_math_lock_modified_date":false,"footnotes":""},"class_list":["post-2718","page","type-page","status-publish","hentry"],"acf":[],"_links":{"self":[{"href":"https:\/\/veronaguide.it\/es\/wp-json\/wp\/v2\/pages\/2718"}],"collection":[{"href":"https:\/\/veronaguide.it\/es\/wp-json\/wp\/v2\/pages"}],"about":[{"href":"https:\/\/veronaguide.it\/es\/wp-json\/wp\/v2\/types\/page"}],"author":[{"embeddable":true,"href":"https:\/\/veronaguide.it\/es\/wp-json\/wp\/v2\/users\/6"}],"replies":[{"embeddable":true,"href":"https:\/\/veronaguide.it\/es\/wp-json\/wp\/v2\/comments?post=2718"}],"version-history":[{"count":12,"href":"https:\/\/veronaguide.it\/es\/wp-json\/wp\/v2\/pages\/2718\/revisions"}],"predecessor-version":[{"id":4830,"href":"https:\/\/veronaguide.it\/es\/wp-json\/wp\/v2\/pages\/2718\/revisions\/4830"}],"up":[{"embeddable":true,"href":"https:\/\/veronaguide.it\/es\/wp-json\/wp\/v2\/pages\/2700"}],"wp:attachment":[{"href":"https:\/\/veronaguide.it\/es\/wp-json\/wp\/v2\/media?parent=2718"}],"curies":[{"name":"wp","href":"https:\/\/api.w.org\/{rel}","templated":true}]}}