{"id":2700,"date":"2023-10-23T09:35:56","date_gmt":"2023-10-23T08:35:56","guid":{"rendered":"https:\/\/veronaguide.it\/info-turistiche\/"},"modified":"2024-10-01T11:44:31","modified_gmt":"2024-10-01T10:44:31","slug":"informacion-turistica","status":"publish","type":"page","link":"https:\/\/veronaguide.it\/es\/informacion-turistica\/","title":{"rendered":"Informaci\u00f3n tur\u00edstica"},"content":{"rendered":"<h1>Informaci\u00f3n tur\u00edstica<\/h1>\n<div>\n<p>Nuestra oficina est\u00e1 siempre disponible para proporcionarle toda la informaci\u00f3n necesaria para organizar su estancia en Verona y conocer su maravilloso territorio.<\/p>\n<p>Habiendo trabajado en el sector tur\u00edstico durante muchos a\u00f1os, tambi\u00e9n podemos recomendarte los hoteles m\u00e1s acogedores, los mejores restaurantes, los lugares m\u00e1s bellos para tus eventos y mucho m\u00e1s\u2026<\/p>\n<\/div>\n<div>Para responder a todas sus preguntas estamos disponibles en:<\/div>\n<ul>\n<li>\n        <a href=\"mailto:info@guideverona.com\"> info@guideverona.com<\/a>\n    <\/li>\n<li>\n        <a href=\"tel:+39045595047\">+39 045 59 50 47<\/a>\n    <\/li>\n<\/ul>\n<p><!--more--><br \/>\n<!-- {\"type\":\"layout\",\"children\":[{\"type\":\"section\",\"props\":{\"image_position\":\"center-center\",\"style\":\"default\",\"title_breakpoint\":\"xl\",\"title_position\":\"top-left\",\"title_rotation\":\"left\",\"vertical_align\":\"middle\",\"width\":\"small\"},\"children\":[{\"type\":\"row\",\"children\":[{\"type\":\"column\",\"props\":{\"image_position\":\"center-center\",\"position_sticky_breakpoint\":\"m\"},\"children\":[{\"type\":\"headline\",\"props\":{\"content\":\"Informaci\\u00f3n tur\\u00edstica\",\"title_color\":\"primary\",\"title_element\":\"h1\"}},{\"type\":\"text\",\"props\":{\"column_breakpoint\":\"m\",\"content\":\"\n\n<p>Nuestra oficina est\\u00e1 siempre disponible para proporcionarle toda la informaci\\u00f3n necesaria para organizar su estancia en Verona y conocer su maravilloso territorio.<\\\/p>\\n\n\n<p>Habiendo trabajado en el sector tur\\u00edstico durante muchos a\\u00f1os, tambi\\u00e9n podemos recomendarte los hoteles m\\u00e1s acogedores, los mejores restaurantes, los lugares m\\u00e1s bellos para tus eventos y mucho m\\u00e1s\\u2026<\\\/p>\",\"margin\":\"default\"}},{\"type\":\"headline\",\"props\":{\"content\":\"Para responder a todas sus preguntas estamos disponibles en:\",\"title_element\":\"div\",\"title_style\":\"text-large\"}},{\"type\":\"button\",\"props\":{\"css\":\".el-content {\\n\\ttext-transform: none;\\n}\",\"grid_column_gap\":\"small\",\"grid_row_gap\":\"small\",\"margin\":\"default\"},\"children\":[{\"type\":\"button_item\",\"props\":{\"button_style\":\"primary\",\"content\":\" info@guideverona.com\",\"icon_align\":\"left\",\"link\":\"mailto:info@guideverona.com\"}},{\"type\":\"button_item\",\"props\":{\"button_style\":\"primary\",\"content\":\"+39 045 59 50 47\",\"icon_align\":\"left\",\"link\":\"tel:+39045595047\"}}]}]}]}]},{\"type\":\"section\",\"props\":{\"image_position\":\"center-center\",\"style\":\"muted\",\"title_breakpoint\":\"xl\",\"title_position\":\"top-left\",\"title_rotation\":\"left\",\"vertical_align\":\"middle\",\"width\":\"small\"},\"children\":[{\"type\":\"row\",\"children\":[{\"type\":\"column\",\"props\":{\"image_position\":\"center-center\",\"position_sticky_breakpoint\":\"m\"},\"children\":[{\"type\":\"module\",\"props\":{\"menu_image_align\":\"center\",\"menu_image_margin\":true,\"menu_style\":\"default\",\"menu_type\":\"nav\",\"type\":\"builderwidget\",\"widget\":\"builderwidget-14\"}}]}]}],\"name\":\"INFO TURISTICHE\"}],\"version\":\"4.2.6\"} --><\/p>\n","protected":false},"excerpt":{"rendered":"<p>Informaci\u00f3n tur\u00edstica Nuestra oficina est\u00e1 siempre disponible para proporcionarle toda la informaci\u00f3n necesaria para organizar su estancia en Verona y conocer su maravilloso territorio. Habiendo trabajado en el sector tur\u00edstico durante muchos a\u00f1os, tambi\u00e9n podemos recomendarte los hoteles m\u00e1s acogedores, los mejores restaurantes, los lugares m\u00e1s bellos para tus eventos y mucho m\u00e1s\u2026 Para responder [&hellip;]<\/p>\n","protected":false},"author":6,"featured_media":0,"parent":0,"menu_order":0,"comment_status":"closed","ping_status":"closed","template":"","meta":{"_acf_changed":false,"rank_math_lock_modified_date":false,"footnotes":""},"class_list":["post-2700","page","type-page","status-publish","hentry"],"acf":[],"_links":{"self":[{"href":"https:\/\/veronaguide.it\/es\/wp-json\/wp\/v2\/pages\/2700"}],"collection":[{"href":"https:\/\/veronaguide.it\/es\/wp-json\/wp\/v2\/pages"}],"about":[{"href":"https:\/\/veronaguide.it\/es\/wp-json\/wp\/v2\/types\/page"}],"author":[{"embeddable":true,"href":"https:\/\/veronaguide.it\/es\/wp-json\/wp\/v2\/users\/6"}],"replies":[{"embeddable":true,"href":"https:\/\/veronaguide.it\/es\/wp-json\/wp\/v2\/comments?post=2700"}],"version-history":[{"count":10,"href":"https:\/\/veronaguide.it\/es\/wp-json\/wp\/v2\/pages\/2700\/revisions"}],"predecessor-version":[{"id":4493,"href":"https:\/\/veronaguide.it\/es\/wp-json\/wp\/v2\/pages\/2700\/revisions\/4493"}],"wp:attachment":[{"href":"https:\/\/veronaguide.it\/es\/wp-json\/wp\/v2\/media?parent=2700"}],"curies":[{"name":"wp","href":"https:\/\/api.w.org\/{rel}","templated":true}]}}