{"id":2695,"date":"2024-02-07T11:03:21","date_gmt":"2024-02-07T10:03:21","guid":{"rendered":"https:\/\/veronaguide.it\/info-parcheggi\/"},"modified":"2025-04-03T10:04:24","modified_gmt":"2025-04-03T09:04:24","slug":"informacion-de-aparcamiento","status":"publish","type":"page","link":"https:\/\/veronaguide.it\/es\/informacion-turistica\/informacion-de-aparcamiento\/","title":{"rendered":"Informaci\u00f3n de aparcamiento"},"content":{"rendered":"<h1>Aparcamiento para coches y autobuses<\/h1>\n<div>\n<p>Sabemos que no siempre es f\u00e1cil encontrar aparcamiento en Verona, especialmente en el centro y cerca de la Arena. Aqu\u00ed tienes algunas notas \u00fatiles para aparcar coches y autobuses. Si necesitas m\u00e1s informaci\u00f3n, no dudes en contactarnos.<\/p>\n<\/div>\n<h2>Aparcamiento de autobuses tur\u00edsticos<\/h2>\n<h2><span>ESTACIONAMIENTO ZONA ESTADIO \u201cC\u201d<\/span><\/h2>\n<ul>\n<li>\n<h3>Tarifas<\/h3>\n<div>\n<p><strong>15,00 \u20ac<\/strong> tarifa plana <strong>de 8:00 a 22:00 horas<\/strong><\/p>\n<\/div>\n<\/li>\n<li>\n<h3>Exenciones<\/h3>\n<div>\n<p>Los <strong>grupos escolares de Verona y de la provincia<\/strong> est\u00e1n exentos de pagar el aparcamiento en el aparcamiento \u00abC\u00bb del Estadio. Para acogerse a esta exenci\u00f3n, el conductor deber\u00e1 exhibir la declaraci\u00f3n en papel membretado del instituto que certifique el viaje y la lista de nombres de los participantes.<\/p>\n<\/div>\n<\/li>\n<li>\n<h3>Pago<\/h3>\n<div>\n<p>Se puede hacer en la estaci\u00f3n de <strong>pago autom\u00e1tica del sitio<\/strong>. La caja solo acepta<strong> pagos con billetes y monedas<\/strong>. Recuerde que en el cajero autom\u00e1tico del parking del Estadio \u00abC\u00bb es posible adquirir: aparcamiento diario de autobuses y el ZTL Bus PASS.<\/p>\n<\/div>\n<\/li>\n<\/ul>\n<h2><span>Terminal de autobuses en el PARKING CENTRO<\/span><\/h2>\n<ul>\n<li>\n<h3>Tarifas por hora<\/h3>\n<div>\n<p><strong>D\u00cdA (de 8 a 18 horas):<\/strong><br \/>-15,00\u20ac primera hora de aparcamiento o fracci\u00f3n de ella<br \/>-5,00\u20ac cada 30 minutos o fracci\u00f3n (para las horas siguientes a la primera)<\/p>\n<p><strong>TARDE (de 18 a 2 horas):<\/strong><br \/>\u2013 5,00 \u20ac cada 60 minutos o parte de ellos<\/p>\n<p><strong>NOCHE (de 2 a 8):<\/strong><br \/>\u2013 10,00 \u20ac tarifa plana<\/p>\n<p><strong>Carga\/descarga (en 15 minutos):<\/strong> 5,00 \u20ac<\/p>\n<\/div>\n<\/li>\n<li>\n<h3>Pago<\/h3>\n<div>\n<p>Debe hacerse en una de las 4 estaciones de pago autom\u00e1tico del sitio. Las m\u00e1quinas aceptan monedas y billetes.<\/p>\n<\/div>\n<\/li>\n<\/ul>\n<h2>C\u00f3modos aparcamientos en el centro.<\/h2>\n<h2><span>APARCAMIENTO SUBTERR\u00c1NEO CITADELLA (Piazza Cittadella, Verona)<\/span><\/h2>\n<div>\n<p>Muy pr\u00e1ctico en el centro hist\u00f3rico, este parking est\u00e1 situado a doscientos metros de la Arena y de Piazza Br\u00e0.<\/p>\n<\/div>\n<ul>\n<li>\n<h3>Tarifa por hora de <strong>aparcamiento subterr\u00e1neo de varias plantas<\/strong>:<\/h3>\n<div>\n<table width=\"445\">\n<tbody>\n<tr>\n<td width=\"445\">\u2013 Hasta 1 hora o parte de ella 2,00 \u20ac<\/td>\n<\/tr>\n<tr>\n<td width=\"445\">\u2013 Hasta 2 horas o parte de ellas 5,00\u20ac<\/td>\n<\/tr>\n<tr>\n<td width=\"445\">\u2013 Hasta 3 horas o parte de ellas 7,50\u20ac<\/td>\n<\/tr>\n<tr>\n<td width=\"445\">\u2013 Hasta 4 horas o fracci\u00f3n 10,00\u20ac<\/td>\n<\/tr>\n<tr>\n<td width=\"445\">\u2013 Hasta 5 horas o parte de ellas 12,50\u20ac<\/td>\n<\/tr>\n<tr>\n<td width=\"445\">\u2013 Hasta 6 horas o fracci\u00f3n 15,00\u20ac<\/td>\n<\/tr>\n<tr>\n<td width=\"445\">\u2013 Tarifa m\u00e1xima diaria (24 horas) 16,00\u20ac<\/td>\n<\/tr>\n<\/tbody>\n<\/table>\n<\/div>\n<\/li>\n<li>\n<h3>Tarifa por hora para <strong>estacionamiento en superficie<\/strong>:<\/h3>\n<div>\n<table width=\"445\">\n<tbody>\n<tr>\n<td width=\"445\">\u2013 Cada 20 minutos 1,00\u20ac<\/td>\n<\/tr>\n<tr>\n<td width=\"445\">\u2013 Tarifa m\u00e1xima diaria (24 horas) 18,00\u20ac<\/td>\n<\/tr>\n<\/tbody>\n<\/table>\n<\/div>\n<\/li>\n<\/ul>\n<h2>APARCAMIENTO ARENA (v\u00eda M. Bentegodi 8, Verona)<\/h2>\n<div>\n<p>Situado junto a Piazza Cittadella, este parking est\u00e1 a s\u00f3lo cuatrocientos metros de la Arena y de Piazza Br\u00e0.<\/p>\n<\/div>\n<ul>\n<li>\n<h3><strong>Tarifas por hora<\/strong><\/h3>\n<div>\n<p>(parada de 1 hora o parte de ella) 2,00 \u20ac<br \/>(parada de 2 horas o parte de ellas) 4,50\u20ac<br \/>(parada de 3 horas o parte de ellas) 7,00\u20ac<br \/>(4 horas de aparcamiento o parte de ellas) 9,50\u20ac<br \/>5 horas de aparcamiento o parte de ellas) 12,00\u20ac<br \/>(6 horas de aparcamiento o parte de ellas) 14,50 \u20ac<\/p>\n<\/div>\n<\/li>\n<li>\n<h3><strong>Tarifa diaria<\/strong><\/h3>\n<div>\n<p>1er d\u00eda (24 horas) 16,00 \u20ac<\/p>\n<\/div>\n<\/li>\n<\/ul>\n<ul>\n<li>\n<p>45.4367,10.9631<\/p>\n<div>Parcheggio \u00abC\u00bb Zona Stadio<\/div>\n<div><a style=\"color: black;\" target=\"_blank\" href=\"https:\/\/maps.app.goo.gl\/Cc5CTSeJFfCFV2Ei9\" rel=\"nofollow noopener\">Parcheggio \u00abC\u00bb Zona Stadio<\/a><\/div>\n<\/li>\n<li>\n<p>45.4336,11.0024<\/p>\n<div>Parcheggio Centro<\/div>\n<div><a style=\"color: black;\" target=\"_blank\" href=\"https:\/\/maps.app.goo.gl\/KF4smDwFuXR3P4318\" rel=\"nofollow noopener\">Parcheggio Centro<\/a><\/div>\n<\/li>\n<li>\n<p>45.4367,10.9923<\/p>\n<div>Parcheggio Interrato Cittadella<\/div>\n<div><a style=\"color: black;\" target=\"_blank\" href=\"https:\/\/maps.app.goo.gl\/UdhMABpNjay6VRhP8\" rel=\"nofollow noopener\">Parcheggio Interrato Cittadella<\/a><\/div>\n<\/li>\n<li>\n<p>45.4355,10.9920<\/p>\n<div>Parcheggio Arena<\/div>\n<div><a style=\"color: black;\" target=\"_blank\" href=\"https:\/\/maps.app.goo.gl\/fFLJ7p9RK3v9BFu56\" rel=\"nofollow noopener\">Parcheggio Arena<\/a><\/div>\n<\/li>\n<\/ul>\n<p><!--more--><br \/>\n<!-- {\"type\":\"layout\",\"children\":[{\"type\":\"section\",\"props\":{\"image_position\":\"center-center\",\"style\":\"default\",\"title_breakpoint\":\"xl\",\"title_position\":\"top-left\",\"title_rotation\":\"left\",\"vertical_align\":\"middle\",\"width\":\"small\"},\"children\":[{\"type\":\"row\",\"children\":[{\"type\":\"column\",\"props\":{\"image_position\":\"center-center\",\"position_sticky_breakpoint\":\"m\"},\"children\":[{\"type\":\"headline\",\"props\":{\"content\":\"Aparcamiento para coches y autobuses\",\"text_align\":\"center\",\"title_color\":\"primary\",\"title_element\":\"h1\"}},{\"type\":\"text\",\"props\":{\"column_breakpoint\":\"m\",\"content\":\"\n\n<p>Sabemos que no siempre es f\\u00e1cil encontrar aparcamiento en Verona, especialmente en el centro y cerca de la Arena. Aqu\\u00ed tienes algunas notas \\u00fatiles para aparcar coches y autobuses. Si necesitas m\\u00e1s informaci\\u00f3n, no dudes en contactarnos.<\\\/p>\",\"margin\":\"default\",\"text_align\":\"center\"}}]}]}]},{\"type\":\"section\",\"props\":{\"image_position\":\"center-center\",\"style\":\"muted\",\"title_breakpoint\":\"xl\",\"title_position\":\"top-left\",\"title_rotation\":\"left\",\"vertical_align\":\"middle\",\"width\":\"small\"},\"children\":[{\"type\":\"row\",\"children\":[{\"type\":\"column\",\"props\":{\"image_position\":\"center-center\",\"position_sticky_breakpoint\":\"m\"},\"children\":[{\"type\":\"headline\",\"props\":{\"content\":\"Aparcamiento de autobuses tur\\u00edsticos\",\"text_align\":\"center\",\"title_color\":\"secondary\",\"title_element\":\"h2\",\"title_style\":\"h3\"}}]}]},{\"type\":\"row\",\"props\":{\"layout\":\"1-2,1-2\"},\"children\":[{\"type\":\"column\",\"props\":{\"image_position\":\"center-center\",\"position_sticky_breakpoint\":\"m\",\"style\":\"tile-default\",\"width_medium\":\"1-2\"},\"children\":[{\"type\":\"headline\",\"props\":{\"content\":\"<span>ESTACIONAMIENTO ZONA ESTADIO \\u201cC\\u201d<\\\/span>\",\"title_color\":\"primary\",\"title_element\":\"h2\",\"title_style\":\"h4\"}},{\"type\":\"description_list\",\"props\":{\"column_breakpoint\":\"m\",\"layout\":\"stacked\",\"list_element\":\"ul\",\"meta_align\":\"below-content\",\"meta_style\":\"text-meta\",\"show_content\":true,\"show_link\":true,\"show_meta\":true,\"show_title\":true,\"title_color\":\"primary\",\"title_element\":\"div\",\"title_grid_column_gap\":\"small\",\"title_grid_row_gap\":\"small\",\"title_grid_width\":\"auto\",\"title_style\":\"text-large\"},\"children\":[{\"type\":\"description_list_item\",\"props\":{\"content\":\"\n\n<p><strong>15,00 \\u20ac<\\\/strong> tarifa plana <strong>de 8:00 a 22:00 horas<\\\/strong><\\\/p>\",\"title\":\"Tarifas\"}},{\"type\":\"description_list_item\",\"props\":{\"content\":\"\n\n<p>Los <strong>grupos escolares de Verona y de la provincia<\\\/strong> est\\u00e1n exentos de pagar el aparcamiento en el aparcamiento \\\"C\\\" del Estadio. Para acogerse a esta exenci\\u00f3n, el conductor deber\\u00e1 exhibir la declaraci\\u00f3n en papel membretado del instituto que certifique el viaje y la lista de nombres de los participantes.<\\\/p>\",\"title\":\"Exenciones\"}},{\"type\":\"description_list_item\",\"props\":{\"content\":\"\n\n<p>Se puede hacer en la estaci\\u00f3n de <strong>pago autom\\u00e1tica del sitio<\\\/strong>. La caja solo acepta<strong> pagos con billetes y monedas<\\\/strong>. Recuerde que en el cajero autom\\u00e1tico del parking del Estadio \\\"C\\\" es posible adquirir: aparcamiento diario de autobuses y el ZTL Bus PASS.<\\\/p>\",\"title\":\"Pago\"}}]}]},{\"type\":\"column\",\"props\":{\"image_position\":\"center-center\",\"position_sticky_breakpoint\":\"m\",\"style\":\"tile-default\",\"width_medium\":\"1-2\"},\"children\":[{\"type\":\"headline\",\"props\":{\"content\":\"<span>Terminal de autobuses en el PARKING CENTRO<\\\/span>\",\"title_color\":\"primary\",\"title_element\":\"h2\",\"title_style\":\"h4\"}},{\"type\":\"description_list\",\"props\":{\"column_breakpoint\":\"m\",\"layout\":\"stacked\",\"list_element\":\"ul\",\"meta_align\":\"below-content\",\"meta_style\":\"text-meta\",\"show_content\":true,\"show_link\":true,\"show_meta\":true,\"show_title\":true,\"title_color\":\"primary\",\"title_element\":\"div\",\"title_grid_column_gap\":\"small\",\"title_grid_row_gap\":\"small\",\"title_grid_width\":\"auto\",\"title_style\":\"text-large\"},\"children\":[{\"type\":\"description_list_item\",\"props\":{\"content\":\"\n\n<p><strong>D\\u00cdA (de 8 a 18 horas):<\\\/strong><br \\\/>-15,00\\u20ac primera hora de aparcamiento o fracci\\u00f3n de ella<br \\\/>-5,00\\u20ac cada 30 minutos o fracci\\u00f3n (para las horas siguientes a la primera)<\\\/p>\\n\n\n<p><strong>TARDE (de 18 a 2 horas):<\\\/strong><br \\\/>\\u2013 5,00 \\u20ac cada 60 minutos o parte de ellos<\\\/p>\\n\n\n<p><strong>NOCHE (de 2 a 8):<\\\/strong><br \\\/>\\u2013 10,00 \\u20ac tarifa plana<\\\/p>\\n\n\n<p><strong>Carga\\\/descarga (en 15 minutos):<\\\/strong> 5,00 \\u20ac<\\\/p>\",\"title\":\"Tarifas por hora\"}},{\"type\":\"description_list_item\",\"props\":{\"content\":\"\n\n<p>Debe hacerse en una de las 4 estaciones de pago autom\\u00e1tico del sitio. Las m\\u00e1quinas aceptan monedas y billetes.<\\\/p>\",\"title\":\"Pago\"}}]}]}]}]},{\"type\":\"section\",\"props\":{\"image_position\":\"center-center\",\"style\":\"muted\",\"title_breakpoint\":\"xl\",\"title_position\":\"top-left\",\"title_rotation\":\"left\",\"vertical_align\":\"middle\",\"width\":\"small\"},\"children\":[{\"type\":\"row\",\"children\":[{\"type\":\"column\",\"props\":{\"image_position\":\"center-center\",\"position_sticky_breakpoint\":\"m\"},\"children\":[{\"type\":\"headline\",\"props\":{\"content\":\"C\\u00f3modos aparcamientos en el centro.\",\"text_align\":\"center\",\"title_color\":\"secondary\",\"title_element\":\"h2\",\"title_style\":\"h3\"}}]}]},{\"type\":\"row\",\"props\":{\"layout\":\"1-2,1-2\"},\"children\":[{\"type\":\"column\",\"props\":{\"image_position\":\"center-center\",\"position_sticky_breakpoint\":\"m\",\"style\":\"tile-default\",\"width_medium\":\"1-2\"},\"children\":[{\"type\":\"headline\",\"props\":{\"content\":\"<span>APARCAMIENTO SUBTERR\\u00c1NEO CITADELLA (Piazza Cittadella, Verona)<\\\/span>\",\"title_color\":\"primary\",\"title_element\":\"h2\",\"title_style\":\"h4\"}},{\"type\":\"text\",\"props\":{\"column_breakpoint\":\"m\",\"content\":\"\n\n<p>Muy pr\\u00e1ctico en el centro hist\\u00f3rico, este parking est\\u00e1 situado a doscientos metros de la Arena y de Piazza Br\\u00e0.<\\\/p>\",\"margin\":\"default\"}},{\"type\":\"description_list\",\"props\":{\"column_breakpoint\":\"m\",\"layout\":\"stacked\",\"list_element\":\"ul\",\"meta_align\":\"below-content\",\"meta_style\":\"text-meta\",\"show_content\":true,\"show_link\":true,\"show_meta\":true,\"show_title\":true,\"title_color\":\"primary\",\"title_element\":\"div\",\"title_grid_column_gap\":\"small\",\"title_grid_row_gap\":\"small\",\"title_grid_width\":\"auto\",\"title_style\":\"text-large\"},\"children\":[{\"type\":\"description_list_item\",\"props\":{\"content\":\"\n\n<table width=\\\"445\\\">\\n\n\n<tbody>\\n\n\n<tr>\\n\n\n<td width=\\\"445\\\">\\u2013 Hasta 1 hora o parte de ella 2,00 \\u20ac<\\\/td>\\n<\\\/tr>\\n\n\n<tr>\\n\n\n<td width=\\\"445\\\">\\u2013 Hasta 2 horas o parte de ellas 5,00\\u20ac<\\\/td>\\n<\\\/tr>\\n\n\n<tr>\\n\n\n<td width=\\\"445\\\">\\u2013 Hasta 3 horas o parte de ellas 7,50\\u20ac<\\\/td>\\n<\\\/tr>\\n\n\n<tr>\\n\n\n<td width=\\\"445\\\">\\u2013 Hasta 4 horas o fracci\\u00f3n 10,00\\u20ac<\\\/td>\\n<\\\/tr>\\n\n\n<tr>\\n\n\n<td width=\\\"445\\\">\\u2013 Hasta 5 horas o parte de ellas 12,50\\u20ac<\\\/td>\\n<\\\/tr>\\n\n\n<tr>\\n\n\n<td width=\\\"445\\\">\\u2013 Hasta 6 horas o fracci\\u00f3n 15,00\\u20ac<\\\/td>\\n<\\\/tr>\\n\n\n<tr>\\n\n\n<td width=\\\"445\\\">\\u2013 Tarifa m\\u00e1xima diaria (24 horas) 16,00\\u20ac<\\\/td>\\n<\\\/tr>\\n<\\\/tbody>\\n<\\\/table>\",\"title\":\"Tarifa por hora de <strong>aparcamiento subterr\\u00e1neo de varias plantas<\\\/strong>:\"}},{\"type\":\"description_list_item\",\"props\":{\"content\":\"\n\n<table width=\\\"445\\\">\\n\n\n<tbody>\\n\n\n<tr>\\n\n\n<td width=\\\"445\\\">\\u2013 Cada 20 minutos 1,00\\u20ac<\\\/td>\\n<\\\/tr>\\n\n\n<tr>\\n\n\n<td width=\\\"445\\\">\\u2013 Tarifa m\\u00e1xima diaria (24 horas) 18,00\\u20ac<\\\/td>\\n<\\\/tr>\\n<\\\/tbody>\\n<\\\/table>\",\"title\":\"Tarifa por hora para <strong>estacionamiento en superficie<\\\/strong>:\"}}]}]},{\"type\":\"column\",\"props\":{\"image_position\":\"center-center\",\"position_sticky_breakpoint\":\"m\",\"style\":\"tile-default\",\"width_medium\":\"1-2\"},\"children\":[{\"type\":\"headline\",\"props\":{\"content\":\"APARCAMIENTO ARENA (v\\u00eda M. Bentegodi 8, Verona)\",\"title_color\":\"primary\",\"title_element\":\"h2\",\"title_style\":\"h4\"}},{\"type\":\"text\",\"props\":{\"column_breakpoint\":\"m\",\"content\":\"\n\n<p>Situado junto a Piazza Cittadella, este parking est\\u00e1 a s\\u00f3lo cuatrocientos metros de la Arena y de Piazza Br\\u00e0.<\\\/p>\",\"margin\":\"default\"}},{\"type\":\"description_list\",\"props\":{\"column_breakpoint\":\"m\",\"layout\":\"stacked\",\"list_element\":\"ul\",\"meta_align\":\"below-content\",\"meta_style\":\"text-meta\",\"show_content\":true,\"show_link\":true,\"show_meta\":true,\"show_title\":true,\"title_color\":\"primary\",\"title_element\":\"div\",\"title_grid_column_gap\":\"small\",\"title_grid_row_gap\":\"small\",\"title_grid_width\":\"auto\",\"title_style\":\"text-large\"},\"children\":[{\"type\":\"description_list_item\",\"props\":{\"content\":\"\n\n<p>(parada de 1 hora o parte de ella) 2,00 \\u20ac<br \\\/>(parada de 2 horas o parte de ellas) 4,50\\u20ac<br \\\/>(parada de 3 horas o parte de ellas) 7,00\\u20ac<br \\\/>(4 horas de aparcamiento o parte de ellas) 9,50\\u20ac<br \\\/>5 horas de aparcamiento o parte de ellas) 12,00\\u20ac<br \\\/>(6 horas de aparcamiento o parte de ellas) 14,50 \\u20ac<\\\/p>\",\"title\":\"<strong>Tarifas por hora<\\\/strong>\"}},{\"type\":\"description_list_item\",\"props\":{\"content\":\"\n\n<p>1er d\\u00eda (24 horas) 16,00 \\u20ac<\\\/p>\",\"title\":\"<strong>Tarifa diaria<\\\/strong>\"}}]}]}]}]},{\"type\":\"section\",\"props\":{\"image_position\":\"center-center\",\"padding_remove_bottom\":false,\"style\":\"primary\",\"title_breakpoint\":\"xl\",\"title_position\":\"top-left\",\"title_rotation\":\"left\",\"vertical_align\":\"middle\",\"width\":\"default\"},\"children\":[{\"type\":\"row\",\"children\":[{\"type\":\"column\",\"props\":{\"image_position\":\"center-center\",\"position_sticky_breakpoint\":\"m\"},\"children\":[{\"type\":\"map\",\"props\":{\"clustering\":false,\"controls\":true,\"css\":\"@media screen and (max-width: 780px) {\\n    .el-element{\\n        height: 400px !important;\\n    }\\n}\\n\",\"dragging\":false,\"height\":\"750px\",\"image_svg_color\":\"emphasis\",\"link_style\":\"default\",\"link_text\":\"Read more\",\"margin\":\"default\",\"max_zoom\":18,\"meta_align\":\"below-title\",\"meta_element\":\"div\",\"meta_style\":\"text-meta\",\"min_zoom\":0,\"poi\":false,\"show_content\":true,\"show_image\":false,\"show_link\":false,\"show_meta\":false,\"show_title\":false,\"title_element\":\"div\",\"title_hover_style\":\"reset\",\"type\":\"roadmap\",\"zoom\":\"13\",\"zooming\":false},\"children\":[{\"type\":\"map_item\",\"props\":{\"content\":\"<a style=\\\"color: black;\\\" target=\\\"_blank\\\" href=\\\"https:\\\/\\\/maps.app.goo.gl\\\/Cc5CTSeJFfCFV2Ei9\\\">Parcheggio \\\"C\\\" Zona Stadio<\\\/a>\",\"location\":\"45.4367,10.9631\",\"title\":\"Parcheggio \\\"C\\\" Zona Stadio\"}},{\"type\":\"map_item\",\"props\":{\"content\":\"<a style=\\\"color: black;\\\" target=\\\"_blank\\\" href=\\\"https:\\\/\\\/maps.app.goo.gl\\\/KF4smDwFuXR3P4318\\\">Parcheggio Centro<\\\/a>\",\"location\":\"45.4336,11.0024\",\"title\":\"Parcheggio Centro\"}},{\"type\":\"map_item\",\"props\":{\"content\":\"<a style=\\\"color: black;\\\" target=\\\"_blank\\\" href=\\\"https:\\\/\\\/maps.app.goo.gl\\\/UdhMABpNjay6VRhP8\\\">Parcheggio Interrato Cittadella<\\\/a>\",\"location\":\"45.4367,10.9923\",\"title\":\"Parcheggio Interrato Cittadella\"}},{\"type\":\"map_item\",\"props\":{\"content\":\"<a style=\\\"color: black;\\\" target=\\\"_blank\\\" href=\\\"https:\\\/\\\/maps.app.goo.gl\\\/fFLJ7p9RK3v9BFu56\\\">Parcheggio Arena<\\\/a>\",\"location\":\"45.4355,10.9920\",\"title\":\"Parcheggio Arena\"}}]}]}]}]},{\"type\":\"section\",\"props\":{\"image_position\":\"center-center\",\"style\":\"muted\",\"title_breakpoint\":\"xl\",\"title_position\":\"top-left\",\"title_rotation\":\"left\",\"vertical_align\":\"middle\",\"width\":\"small\"},\"children\":[{\"type\":\"row\",\"children\":[{\"type\":\"column\",\"props\":{\"image_position\":\"center-center\",\"position_sticky_breakpoint\":\"m\"},\"children\":[{\"type\":\"module\",\"props\":{\"menu_image_align\":\"center\",\"menu_image_margin\":true,\"menu_style\":\"default\",\"menu_type\":\"nav\",\"type\":\"builderwidget\",\"widget\":\"builderwidget-14\"}}]}]}],\"name\":\"INFO TURISTICHE\"}],\"version\":\"4.2.6\"} --><\/p>\n","protected":false},"excerpt":{"rendered":"<p>Aparcamiento para coches y autobuses Sabemos que no siempre es f\u00e1cil encontrar aparcamiento en Verona, especialmente en el centro y cerca de la Arena. Aqu\u00ed tienes algunas notas \u00fatiles para aparcar coches y autobuses. Si necesitas m\u00e1s informaci\u00f3n, no dudes en contactarnos. Aparcamiento de autobuses tur\u00edsticos ESTACIONAMIENTO ZONA ESTADIO \u201cC\u201d Tarifas 15,00 \u20ac tarifa plana [&hellip;]<\/p>\n","protected":false},"author":6,"featured_media":0,"parent":2700,"menu_order":0,"comment_status":"closed","ping_status":"closed","template":"","meta":{"_acf_changed":false,"rank_math_lock_modified_date":false,"footnotes":""},"class_list":["post-2695","page","type-page","status-publish","hentry"],"acf":[],"_links":{"self":[{"href":"https:\/\/veronaguide.it\/es\/wp-json\/wp\/v2\/pages\/2695"}],"collection":[{"href":"https:\/\/veronaguide.it\/es\/wp-json\/wp\/v2\/pages"}],"about":[{"href":"https:\/\/veronaguide.it\/es\/wp-json\/wp\/v2\/types\/page"}],"author":[{"embeddable":true,"href":"https:\/\/veronaguide.it\/es\/wp-json\/wp\/v2\/users\/6"}],"replies":[{"embeddable":true,"href":"https:\/\/veronaguide.it\/es\/wp-json\/wp\/v2\/comments?post=2695"}],"version-history":[{"count":16,"href":"https:\/\/veronaguide.it\/es\/wp-json\/wp\/v2\/pages\/2695\/revisions"}],"predecessor-version":[{"id":4821,"href":"https:\/\/veronaguide.it\/es\/wp-json\/wp\/v2\/pages\/2695\/revisions\/4821"}],"up":[{"embeddable":true,"href":"https:\/\/veronaguide.it\/es\/wp-json\/wp\/v2\/pages\/2700"}],"wp:attachment":[{"href":"https:\/\/veronaguide.it\/es\/wp-json\/wp\/v2\/media?parent=2695"}],"curies":[{"name":"wp","href":"https:\/\/api.w.org\/{rel}","templated":true}]}}