{"id":2690,"date":"2023-10-23T09:36:52","date_gmt":"2023-10-23T08:36:52","guid":{"rendered":"https:\/\/veronaguide.it\/contatti\/"},"modified":"2026-03-31T10:11:48","modified_gmt":"2026-03-31T09:11:48","slug":"contactos","status":"publish","type":"page","link":"https:\/\/veronaguide.it\/es\/contactos\/","title":{"rendered":"Contactos"},"content":{"rendered":"<h1>\n<p style=\"text-align: center;\">NUESTROS CONTACTOS<\/p>\n<\/h1>\n<h2>Reserva una visita guiada a Verona con nosotros<\/h2>\n<h3>Para informaci\u00f3n y reservas<\/h3>\n<div>\n<p>GUIDE CENTER VERONA Asociaci\u00f3n Cultural<\/p>\n<p>Sede Legale: Vicolo Scala Santa 14 I, 37129 Verona (Italy)\u00a0<\/p>\n<p>tel <a href=\"tel:045595037\">+39\/045.59.50.47<\/a><br \/>Cel <a href=\"tel:3451275164\">+39 345 1275164<\/a><br \/>e-mail: <a href=\"mailto:info@guideverona.com\">info@guideverona.com<\/a><\/p>\n<\/div>\n<h3>\u00a1Reserva tu visita personalizada!<\/h3>\n<div>\n<p>Verona Guide ofrece un servicio a medida para cada necesidad: organizamos visitas personalizadas para grupos peque\u00f1os y grandes, incluso con motivo de eventos o eventos especiales.<\/p>\n<p>Llame al n\u00famero: <a href=\"tel:045595047\">+39\/045.59.50.47<\/a><br \/>o escribir a: <a href=\"mailto:info@guideverona.com\">info@guideverona.com<\/a><\/p>\n<\/div>\n<div>\n<p>45.4403,11.0026<\/p>\n<h3>Associazione culturale<br \/>GUIDE CENTER VERONA<\/h3>\n<p>Sede organizzativa<\/p>\n<div> Interrato dell\u2019Acqua Morta 3\/c,<br \/> 37129 Verona (Italy)<\/div>\n<\/div>\n<div>\n<p>        <img decoding=\"async\" src=\"\/wp-content\/uploads\/2023\/10\/alessandro-visentin-xBsLRfRVPPg-unsplash-scaled.jpg\" alt=\"\"><\/p>\n<h3>Guide Center Verona<\/h3>\n<div>\n<p>Somos una asociaci\u00f3n cultural de gu\u00edas tur\u00edsticos autorizada en Verona cuyo objetivo principal es llevarle al conocimiento de nuestra ciudad y sus alrededores, con sus eventos culturales y sus realidades monumentales.<\/p>\n<p>Entre nuestros miembros s\u00f3lo hay gu\u00edas tur\u00edsticos autorizados que, gracias a su larga experiencia, son capaces de involucrar a cualquier tipo de turista en un recorrido fascinante. Tanto si vienes a Verona para un viaje escolar, un concierto, unas vacaciones, una exposici\u00f3n, un fin de semana, para una degustaci\u00f3n o para relajarte, estamos disponibles para satisfacer todas tus necesidades.<\/p>\n<\/div>\n<p><a href=\"\/chi-siamo\/\">DESCUBRE M\u00c1S<\/a><\/p>\n<\/div>\n<p><!--more--><br \/>\n<!-- {\"type\":\"layout\",\"children\":[{\"type\":\"section\",\"props\":{\"image\":\"wp-content\\\/uploads\\\/2023\\\/11\\\/leandro-silva-HpJh0uLO3Rw-unsplash.jpg\",\"image_position\":\"center-center\",\"style\":\"default\",\"title_breakpoint\":\"xl\",\"title_position\":\"top-left\",\"title_rotation\":\"left\",\"vertical_align\":\"middle\",\"width\":\"default\"},\"children\":[{\"type\":\"row\",\"children\":[{\"type\":\"column\",\"props\":{\"image_position\":\"center-center\",\"position_sticky_breakpoint\":\"m\"},\"children\":[{\"type\":\"headline\",\"props\":{\"content\":\"\n\n<p style=\\\"text-align: center;\\\"><br \\\/>NUESTROS CONTACTOS<\\\/p>\",\"text_align\":\"center\",\"title_color\":\"emphasis\",\"title_element\":\"h1\",\"title_style\":\"h1\"}}]}],\"props\":{\"width\":\"default\"}}]},{\"type\":\"section\",\"props\":{\"image_position\":\"center-center\",\"style\":\"default\",\"title_breakpoint\":\"xl\",\"title_position\":\"top-left\",\"title_rotation\":\"left\",\"vertical_align\":\"middle\",\"width\":\"default\"},\"children\":[{\"type\":\"row\",\"children\":[{\"type\":\"column\",\"props\":{\"image_position\":\"center-center\",\"position_sticky_breakpoint\":\"m\"},\"children\":[{\"type\":\"headline\",\"props\":{\"content\":\"Reserva una visita guiada a Verona con nosotros\",\"text_align\":\"center\",\"title_element\":\"h2\",\"title_style\":\"h2\"}}]}]}]},{\"type\":\"section\",\"props\":{\"image_position\":\"center-center\",\"style\":\"muted\",\"title_breakpoint\":\"xl\",\"title_position\":\"top-left\",\"title_rotation\":\"left\",\"vertical_align\":\"middle\",\"width\":\"default\"},\"children\":[{\"type\":\"row\",\"props\":{\"layout\":\"1-2,1-2\"},\"children\":[{\"type\":\"column\",\"props\":{\"image_position\":\"center-center\",\"position_sticky_breakpoint\":\"m\",\"width_medium\":\"1-2\"},\"children\":[{\"type\":\"headline\",\"props\":{\"content\":\"Para informaci\\u00f3n y reservas\",\"title_color\":\"muted\",\"title_element\":\"h3\",\"title_style\":\"h3\"}},{\"type\":\"text\",\"props\":{\"column_breakpoint\":\"m\",\"content\":\"\n\n<p>GUIDE CENTER VERONA Asociaci\\u00f3n Cultural<\\\/p>\\n\n\n<p>Sede Legale: Vicolo Scala Santa 14 I, 37129 Verona (Italy)\\u00a0<\\\/p>\\n\n\n<p>tel <a href=\\\"tel:045595037\\\">+39\\\/045.59.50.47<\\\/a><br \\\/>Cel <a href=\\\"tel:3451275164\\\">+39 345 1275164<\\\/a><br \\\/>e-mail: <a href=\\\"mailto:info@guideverona.com\\\">info@guideverona.com<\\\/a><\\\/p>\",\"margin\":\"default\"}},{\"type\":\"headline\",\"props\":{\"content\":\"\\u00a1Reserva tu visita personalizada!\",\"title_color\":\"muted\",\"title_element\":\"h3\",\"title_style\":\"h3\"}},{\"type\":\"text\",\"props\":{\"column_breakpoint\":\"m\",\"content\":\"\n\n<p>Verona Guide ofrece un servicio a medida para cada necesidad: organizamos visitas personalizadas para grupos peque\\u00f1os y grandes, incluso con motivo de eventos o eventos especiales.<\\\/p>\\n\n\n<p>Llame al n\\u00famero: <a href=\\\"tel:045595047\\\">+39\\\/045.59.50.47<\\\/a><br \\\/>o escribir a: <a href=\\\"mailto:info@guideverona.com\\\">info@guideverona.com<\\\/a><\\\/p>\",\"margin\":\"default\"}}]},{\"type\":\"column\",\"props\":{\"image_position\":\"center-center\",\"position_sticky_breakpoint\":\"m\",\"vertical_align\":\"middle\",\"width_medium\":\"1-2\"},\"children\":[{\"type\":\"map\",\"props\":{\"content_style\":\"text-meta\",\"controls\":true,\"dragging\":false,\"image_svg_color\":\"emphasis\",\"link_style\":\"default\",\"link_text\":\"Read more\",\"margin\":\"default\",\"max_zoom\":18,\"meta_align\":\"below-title\",\"meta_color\":\"primary\",\"meta_element\":\"div\",\"meta_style\":\"h6\",\"min_zoom\":0,\"poi\":false,\"show_content\":true,\"show_image\":true,\"show_link\":true,\"show_meta\":true,\"show_title\":true,\"title_color\":\"primary\",\"title_element\":\"h3\",\"title_hover_style\":\"reset\",\"title_style\":\"h5\",\"type\":\"roadmap\",\"zoom\":10,\"zooming\":false},\"children\":[{\"type\":\"map_item\",\"props\":{\"content\":\" Interrato dell\\u2019Acqua Morta 3\\\/c,<br\\\/> 37129 Verona (Italy)\",\"location\":\"45.4403,11.0026\",\"meta\":\"Sede organizzativa\",\"title\":\"Associazione culturale<br\\\/>GUIDE CENTER VERONA\"}}]}]}]}]},{\"type\":\"section\",\"props\":{\"image_position\":\"center-center\",\"style\":\"default\",\"title_breakpoint\":\"xl\",\"title_position\":\"top-left\",\"title_rotation\":\"left\",\"vertical_align\":\"middle\",\"width\":\"default\"},\"children\":[{\"type\":\"row\",\"children\":[{\"type\":\"column\",\"props\":{\"image_position\":\"center-center\",\"position_sticky_breakpoint\":\"m\"},\"children\":[{\"type\":\"panel\",\"props\":{\"content\":\"\n\n<p>Somos una asociaci\\u00f3n cultural de gu\\u00edas tur\\u00edsticos autorizada en Verona cuyo objetivo principal es llevarle al conocimiento de nuestra ciudad y sus alrededores, con sus eventos culturales y sus realidades monumentales.<\\\/p>\\n\n\n<p>Entre nuestros miembros s\\u00f3lo hay gu\\u00edas tur\\u00edsticos autorizados que, gracias a su larga experiencia, son capaces de involucrar a cualquier tipo de turista en un recorrido fascinante. Tanto si vienes a Verona para un viaje escolar, un concierto, unas vacaciones, una exposici\\u00f3n, un fin de semana, para una degustaci\\u00f3n o para relajarte, estamos disponibles para satisfacer todas tus necesidades.<\\\/p>\",\"content_align\":false,\"content_column_breakpoint\":\"m\",\"icon_width\":80,\"image\":\"wp-content\\\/uploads\\\/2023\\\/10\\\/alessandro-visentin-xBsLRfRVPPg-unsplash-scaled.jpg\",\"image_align\":\"right\",\"image_grid_breakpoint\":\"m\",\"image_grid_width\":\"1-2\",\"image_svg_color\":\"emphasis\",\"image_vertical_align\":true,\"link\":\"chi-siamo\\\/\",\"link_style\":\"default\",\"link_text\":\"DESCUBRE M\\u00c1S\",\"margin\":\"default\",\"meta_align\":\"below-title\",\"meta_element\":\"div\",\"meta_style\":\"text-meta\",\"panel_padding\":\"default\",\"panel_style\":\"card-default\",\"title\":\"Guide Center Verona\",\"title_align\":\"top\",\"title_color\":\"primary\",\"title_element\":\"h3\",\"title_grid_breakpoint\":\"m\",\"title_grid_width\":\"1-2\",\"title_hover_style\":\"reset\",\"title_style\":\"h3\"}}]}]}],\"name\":\"CHI SIAMO\"},{\"type\":\"section\",\"props\":{\"image_position\":\"center-center\",\"status\":\"disabled\",\"style\":\"muted\",\"title_breakpoint\":\"xl\",\"title_position\":\"top-left\",\"title_rotation\":\"left\",\"vertical_align\":\"middle\",\"width\":\"default\"},\"children\":[{\"type\":\"row\",\"children\":[{\"type\":\"column\",\"props\":{\"image_position\":\"center-center\",\"position_sticky_breakpoint\":\"m\"},\"children\":[{\"type\":\"panel-slider\",\"props\":{\"content_column_breakpoint\":\"m\",\"content_style\":\"text-small\",\"icon_width\":80,\"image_align\":\"left\",\"image_grid_breakpoint\":\"\",\"image_grid_width\":\"1-3\",\"image_svg_color\":\"emphasis\",\"link_style\":\"default\",\"link_text\":\"Read more\",\"margin\":\"default\",\"meta_align\":\"below-title\",\"meta_element\":\"div\",\"meta_style\":\"text-meta\",\"nav\":\"dotnav\",\"nav_align\":\"right\",\"nav_breakpoint\":\"\",\"panel_card_match\":true,\"panel_padding\":\"small\",\"panel_style\":\"card-default\",\"show_content\":true,\"show_image\":true,\"show_link\":true,\"show_meta\":true,\"show_title\":true,\"slidenav\":\"outside\",\"slidenav_breakpoint\":\"s\",\"slidenav_margin\":\"medium\",\"slidenav_outside_breakpoint\":\"xl\",\"slider_autoplay_pause\":true,\"slider_center\":true,\"slider_gap\":\"default\",\"slider_width\":\"fixed\",\"slider_width_default\":\"1-1\",\"slider_width_medium\":\"1-3\",\"title_align\":\"top\",\"title_color\":\"muted\",\"title_decoration\":\"divider\",\"title_element\":\"h3\",\"title_grid_breakpoint\":\"m\",\"title_grid_width\":\"1-2\",\"title_hover_style\":\"reset\",\"title_style\":\"h6\"},\"children\":[{\"type\":\"panel-slider_item\",\"props\":{\"content\":\"\\u201cDefinitely one of the best guides in town!\\u201d\",\"image\":\"wp-content\\\/uploads\\\/2023\\\/10\\\/marcel-heil-_z2-L2mJbow-unsplash-1.jpg\",\"panel_style\":\"card-default\",\"title\":\"Jack Smith\"}},{\"type\":\"panel-slider_item\",\"props\":{\"content\":\"\\u201cDefinitely one of the best guides in town!\\u201d\",\"image\":\"wp-content\\\/uploads\\\/2023\\\/10\\\/marcel-heil-_z2-L2mJbow-unsplash-1.jpg\",\"panel_style\":\"card-default\",\"title\":\"Jack Smith\"}},{\"type\":\"panel-slider_item\",\"props\":{\"content\":\"\\u201cDefinitely one of the best guides in town!\\u201d\",\"image\":\"wp-content\\\/uploads\\\/2023\\\/10\\\/marcel-heil-_z2-L2mJbow-unsplash-1.jpg\",\"panel_style\":\"card-default\",\"title\":\"Jack Smith\"}},{\"type\":\"panel-slider_item\",\"props\":{\"content\":\"\\u201cDefinitely one of the best guides in town!\\u201d\",\"image\":\"wp-content\\\/uploads\\\/2023\\\/10\\\/marcel-heil-_z2-L2mJbow-unsplash-1.jpg\",\"panel_style\":\"card-default\",\"title\":\"Jack Smith\"}},{\"type\":\"panel-slider_item\",\"props\":{\"content\":\"\\u201cDefinitely one of the best guides in town!\\u201d\",\"image\":\"wp-content\\\/uploads\\\/2023\\\/10\\\/marcel-heil-_z2-L2mJbow-unsplash-1.jpg\",\"panel_style\":\"card-default\",\"title\":\"Jack Smith\"}},{\"type\":\"panel-slider_item\",\"props\":{\"content\":\"\\u201cDefinitely one of the best guides in town!\\u201d\",\"image\":\"wp-content\\\/uploads\\\/2023\\\/10\\\/marcel-heil-_z2-L2mJbow-unsplash-1.jpg\",\"panel_style\":\"card-default\",\"title\":\"Jack Smith\"}},{\"type\":\"panel-slider_item\",\"props\":{\"content\":\"\\u201cDefinitely one of the best guides in town!\\u201d\",\"image\":\"wp-content\\\/uploads\\\/2023\\\/10\\\/marcel-heil-_z2-L2mJbow-unsplash-1.jpg\",\"panel_style\":\"card-default\",\"title\":\"Jack Smith\"}},{\"type\":\"panel-slider_item\",\"props\":{\"content\":\"\\u201cDefinitely one of the best guides in town!\\u201d\",\"image\":\"wp-content\\\/uploads\\\/2023\\\/10\\\/marcel-heil-_z2-L2mJbow-unsplash-1.jpg\",\"panel_style\":\"card-default\",\"title\":\"Jack Smith\"}}]}]}]}],\"name\":\"RECENSIONI\"}],\"version\":\"4.2.6\"} --><\/p>\n","protected":false},"excerpt":{"rendered":"<p>NUESTROS CONTACTOS Reserva una visita guiada a Verona con nosotros Para informaci\u00f3n y reservas GUIDE CENTER VERONA Asociaci\u00f3n Cultural Sede Legale: Vicolo Scala Santa 14 I, 37129 Verona (Italy)\u00a0 tel +39\/045.59.50.47Cel +39 345 1275164e-mail: info@guideverona.com \u00a1Reserva tu visita personalizada! Verona Guide ofrece un servicio a medida para cada necesidad: organizamos visitas personalizadas para grupos peque\u00f1os [&hellip;]<\/p>\n","protected":false},"author":6,"featured_media":0,"parent":0,"menu_order":0,"comment_status":"closed","ping_status":"closed","template":"","meta":{"_acf_changed":false,"rank_math_lock_modified_date":false,"footnotes":""},"class_list":["post-2690","page","type-page","status-publish","hentry"],"acf":[],"_links":{"self":[{"href":"https:\/\/veronaguide.it\/es\/wp-json\/wp\/v2\/pages\/2690"}],"collection":[{"href":"https:\/\/veronaguide.it\/es\/wp-json\/wp\/v2\/pages"}],"about":[{"href":"https:\/\/veronaguide.it\/es\/wp-json\/wp\/v2\/types\/page"}],"author":[{"embeddable":true,"href":"https:\/\/veronaguide.it\/es\/wp-json\/wp\/v2\/users\/6"}],"replies":[{"embeddable":true,"href":"https:\/\/veronaguide.it\/es\/wp-json\/wp\/v2\/comments?post=2690"}],"version-history":[{"count":26,"href":"https:\/\/veronaguide.it\/es\/wp-json\/wp\/v2\/pages\/2690\/revisions"}],"predecessor-version":[{"id":5143,"href":"https:\/\/veronaguide.it\/es\/wp-json\/wp\/v2\/pages\/2690\/revisions\/5143"}],"wp:attachment":[{"href":"https:\/\/veronaguide.it\/es\/wp-json\/wp\/v2\/media?parent=2690"}],"curies":[{"name":"wp","href":"https:\/\/api.w.org\/{rel}","templated":true}]}}