{"id":2685,"date":"2023-11-15T10:04:13","date_gmt":"2023-11-15T09:04:13","guid":{"rendered":"https:\/\/veronaguide.it\/chi-siamo\/"},"modified":"2024-10-01T11:45:25","modified_gmt":"2024-10-01T10:45:25","slug":"quienes-somos","status":"publish","type":"page","link":"https:\/\/veronaguide.it\/es\/quienes-somos\/","title":{"rendered":"Quienes somos"},"content":{"rendered":"<h1>Verona Guide<\/h1>\n<div>\n<p>Siamo una asociaci\u00f3n cultural de gu\u00eda tur\u00edstica autorizada de Verona con su alcance principal y condurvi alla conocimiento de nuestra ciudad y del territorio circostante, con sus eventos culturales y sus bienes reales monumentales. Data l&#8217;esperienza e la professionalit\u00e0 che contraddistingue i nostri pi\u00f9 stretti colaboratori e associati, possiamo, attraverso diversi percorsi, farvi innamorare di Verona, citt\u00e0 gi\u00e0 nota per l&#8217;amore eterno di Romeo e Giulietta, amanti di William Shakespeare.<\/p>\n<p>Entre nuestros miembros s\u00f3lo hay gu\u00edas tur\u00edsticos autorizados que, gracias a su larga experiencia, son capaces de involucrar a cualquier tipo de turista en un recorrido fascinante. As\u00ed, ya sea que vengas a Verona para un viaje escolar, un concierto, unas vacaciones, una exposici\u00f3n, un fin de semana, para degustar o para relajarte, estamos disponibles para satisfacer todas tus necesidades.<\/p>\n<p>Conscientes de las diferentes necesidades de cada persona, somos capaces de estudiar rutas personalizadas, construidas en base a \u00e9pocas hist\u00f3ricas concretas, para descubrir entornos naturales caracter\u00edsticos o recorridos aptos para personas con dificultades f\u00edsicas de cualquier tipo.<\/p>\n<p>Si contin\u00faa descubriendo nuestro sitio web, encontrar\u00e1 toda la informaci\u00f3n necesaria para planificar una estancia cultural en Verona y su provincia y, si desea recibir m\u00e1s informaci\u00f3n, estamos a su completa disposici\u00f3n.<\/p>\n<p>Nuestra asociaci\u00f3n tambi\u00e9n cuenta con una buena colaboraci\u00f3n con diversas instalaciones tur\u00edsticas de Verona, para poder ayudarle con servicios m\u00e1s generales como reservas de hotel, asesoramiento sobre restaurantes, bodegas y trattorias, servicios de acompa\u00f1amiento o de interpretaci\u00f3n.<\/p>\n<\/div>\n<div>\n<p>    <img decoding=\"async\" src=\"\/wp-content\/uploads\/2023\/10\/gabriel-castles-ZE0HWM4yv9I-unsplash-scaled.jpg\" alt=\"\"><\/p>\n<\/div>\n<p><!--more--><br \/>\n<!-- {\"type\":\"layout\",\"children\":[{\"type\":\"section\",\"props\":{\"image_position\":\"center-center\",\"style\":\"default\",\"title_breakpoint\":\"xl\",\"title_position\":\"top-left\",\"title_rotation\":\"left\",\"vertical_align\":\"middle\",\"width\":\"default\"},\"children\":[{\"type\":\"row\",\"children\":[{\"type\":\"column\",\"props\":{\"image_position\":\"center-center\",\"position_sticky_breakpoint\":\"m\"},\"children\":[{\"type\":\"headline\",\"props\":{\"content\":\"Verona Guide\",\"title_element\":\"h1\",\"title_style\":\"h2\"}},{\"type\":\"text\",\"props\":{\"column_breakpoint\":\"m\",\"content\":\"\n\n<p>Siamo una asociaci\\u00f3n cultural de gu\\u00eda tur\\u00edstica autorizada de Verona con su alcance principal y condurvi alla conocimiento de nuestra ciudad y del territorio circostante, con sus eventos culturales y sus bienes reales monumentales. Data l'esperienza e la professionalit\\u00e0 che contraddistingue i nostri pi\\u00f9 stretti colaboratori e associati, possiamo, attraverso diversi percorsi, farvi innamorare di Verona, citt\\u00e0 gi\\u00e0 nota per l'amore eterno di Romeo e Giulietta, amanti di William Shakespeare.<\\\/p>\\n\n\n<p>Entre nuestros miembros s\\u00f3lo hay gu\\u00edas tur\\u00edsticos autorizados que, gracias a su larga experiencia, son capaces de involucrar a cualquier tipo de turista en un recorrido fascinante. As\\u00ed, ya sea que vengas a Verona para un viaje escolar, un concierto, unas vacaciones, una exposici\\u00f3n, un fin de semana, para degustar o para relajarte, estamos disponibles para satisfacer todas tus necesidades.<\\\/p>\\n\n\n<p>Conscientes de las diferentes necesidades de cada persona, somos capaces de estudiar rutas personalizadas, construidas en base a \\u00e9pocas hist\\u00f3ricas concretas, para descubrir entornos naturales caracter\\u00edsticos o recorridos aptos para personas con dificultades f\\u00edsicas de cualquier tipo.<\\\/p>\\n\n\n<p>Si contin\\u00faa descubriendo nuestro sitio web, encontrar\\u00e1 toda la informaci\\u00f3n necesaria para planificar una estancia cultural en Verona y su provincia y, si desea recibir m\\u00e1s informaci\\u00f3n, estamos a su completa disposici\\u00f3n.<\\\/p>\\n\n\n<p>Nuestra asociaci\\u00f3n tambi\\u00e9n cuenta con una buena colaboraci\\u00f3n con diversas instalaciones tur\\u00edsticas de Verona, para poder ayudarle con servicios m\\u00e1s generales como reservas de hotel, asesoramiento sobre restaurantes, bodegas y trattorias, servicios de acompa\\u00f1amiento o de interpretaci\\u00f3n.<\\\/p>\",\"margin\":\"default\"}}]}]},{\"type\":\"row\",\"children\":[{\"type\":\"column\",\"props\":{\"image_position\":\"center-center\",\"position_sticky_breakpoint\":\"m\"},\"children\":[{\"type\":\"slideshow\",\"props\":{\"link_style\":\"default\",\"link_text\":\"Read more\",\"margin\":\"default\",\"meta_align\":\"below-title\",\"meta_element\":\"div\",\"meta_style\":\"text-meta\",\"nav\":\"dotnav\",\"nav_align\":\"center\",\"nav_breakpoint\":\"s\",\"nav_position\":\"bottom-center\",\"nav_position_margin\":\"medium\",\"overlay_animation\":\"parallax\",\"overlay_position\":\"center-left\",\"show_content\":true,\"show_link\":true,\"show_meta\":true,\"show_thumbnail\":true,\"show_title\":true,\"slidenav\":\"default\",\"slidenav_breakpoint\":\"s\",\"slidenav_margin\":\"medium\",\"slidenav_outside_breakpoint\":\"xl\",\"slideshow_autoplay_pause\":true,\"slideshow_height\":\"percent\",\"slideshow_min_height\":300,\"thumbnav_height\":\"75\",\"thumbnav_svg_color\":\"emphasis\",\"thumbnav_width\":\"100\",\"title_element\":\"h3\"},\"children\":[{\"type\":\"slideshow_item\",\"props\":{\"image\":\"wp-content\\\/uploads\\\/2023\\\/10\\\/gabriel-castles-ZE0HWM4yv9I-unsplash-scaled.jpg\"}}]}]}]}]}],\"version\":\"4.2.6\"} --><\/p>\n","protected":false},"excerpt":{"rendered":"<p>Verona Guide Siamo una asociaci\u00f3n cultural de gu\u00eda tur\u00edstica autorizada de Verona con su alcance principal y condurvi alla conocimiento de nuestra ciudad y del territorio circostante, con sus eventos culturales y sus bienes reales monumentales. Data l&#8217;esperienza e la professionalit\u00e0 che contraddistingue i nostri pi\u00f9 stretti colaboratori e associati, possiamo, attraverso diversi percorsi, farvi [&hellip;]<\/p>\n","protected":false},"author":6,"featured_media":0,"parent":0,"menu_order":0,"comment_status":"closed","ping_status":"closed","template":"","meta":{"_acf_changed":false,"rank_math_lock_modified_date":false,"footnotes":""},"class_list":["post-2685","page","type-page","status-publish","hentry"],"acf":[],"_links":{"self":[{"href":"https:\/\/veronaguide.it\/es\/wp-json\/wp\/v2\/pages\/2685"}],"collection":[{"href":"https:\/\/veronaguide.it\/es\/wp-json\/wp\/v2\/pages"}],"about":[{"href":"https:\/\/veronaguide.it\/es\/wp-json\/wp\/v2\/types\/page"}],"author":[{"embeddable":true,"href":"https:\/\/veronaguide.it\/es\/wp-json\/wp\/v2\/users\/6"}],"replies":[{"embeddable":true,"href":"https:\/\/veronaguide.it\/es\/wp-json\/wp\/v2\/comments?post=2685"}],"version-history":[{"count":5,"href":"https:\/\/veronaguide.it\/es\/wp-json\/wp\/v2\/pages\/2685\/revisions"}],"predecessor-version":[{"id":4538,"href":"https:\/\/veronaguide.it\/es\/wp-json\/wp\/v2\/pages\/2685\/revisions\/4538"}],"wp:attachment":[{"href":"https:\/\/veronaguide.it\/es\/wp-json\/wp\/v2\/media?parent=2685"}],"curies":[{"name":"wp","href":"https:\/\/api.w.org\/{rel}","templated":true}]}}