{"id":2746,"date":"2024-02-07T11:01:55","date_gmt":"2024-02-07T10:01:55","guid":{"rendered":"https:\/\/veronaguide.it\/zona-a-traffico-limitato\/"},"modified":"2024-10-01T11:30:25","modified_gmt":"2024-10-01T10:30:25","slug":"zone-mit-eingeschraenktem-verkehr","status":"publish","type":"page","link":"https:\/\/veronaguide.it\/de\/touristeninfo\/zone-mit-eingeschraenktem-verkehr\/","title":{"rendered":"Zone mit eingeschr\u00e4nktem Verkehr"},"content":{"rendered":"<h1>Buseinfahrt in die verkehrsberuhigte Zone<\/h1>\n<div>\n<p>Mit der Verordnung der Gemeinde Verona NR 1404 vom 30.10.2018 wurden die neuen Tarife f\u00fcr Touristenbusse eingef\u00fchrt.<\/p>\n<p>Die Eintrittskarte in die Stadt f\u00fcr Busse mit einer Kapazit\u00e4t von mehr als 25 Personen:<br \/><strong>\u2013 Die volle Hochsaison kostet 150,00 \u20ac. <\/strong>Der Preis gilt vom 1. bis 31. Dezember und vom 1. April bis 31. Oktober<br \/>\n    <strong>\u2013 Die gesamte Nebensaison kostet 100,00 \u20ac.<\/strong> Der Preis gilt vom 1. bis 30. November und vom 1. Januar bis 31. M\u00e4rz<\/p>\n<p>Wenn die Tour mit einem autorisierten und zertifizierten Reisef\u00fchrer aus Verona durchgef\u00fchrt wird, k\u00f6nnen Sie von einer Erm\u00e4\u00dfigung von 30 % profitieren (nur online erh\u00e4ltlich).<\/p>\n<p>\u2013 Hochsaison: 105 \u20ac<br \/>\n    \u2013 Nebensaison: 70 \u20ac<\/p>\n<\/div>\n<ul>\n<li>\n<h3>REDUZIERT: 40,00 \u20ac<\/h3>\n<div>\n<p>Touristenbusse mit einer maximalen Kapazit\u00e4t von 25 Personen (ohne Fahrer) Touristenbusse vom Gardasee gem\u00e4\u00df Beschluss des Gemeinderats Nr. 53\/2009, mit der Verpflichtung, den Hotelgutschein (oder ein gleichwertiges Dokument) vorzulegen, der die Buchung und \u00dcbernachtung bescheinigt;<\/p>\n<\/div>\n<\/li>\n<li>\n<h3>HOTELREDUZIERUNG: 15,00 \u20ac<\/h3>\n<div>Touristenbusse, die Touristen am Anreise- und Abreisetag zu st\u00e4dtischen Hoteleinrichtungen bef\u00f6rdern, mit der Verpflichtung zur Vorlage des Hotelgutscheins (oder eines gleichwertigen Dokuments), der die Buchung und \u00dcbernachtung bescheinigt;<\/div>\n<\/li>\n<li>\n<h3>REDUZIERTE ARENA: 30,00 \u20ac<\/h3>\n<div>Touristenbusse f\u00fcr Gruppen, die zu Opernveranstaltungen im Arena-Amphitheater fahren, mit Einlass an Auff\u00fchrungstagen ab 18.00 Uhr, mit Verpflichtung zur Vorlage der Reservierung f\u00fcr den Arena-Abend.<\/div>\n<\/li>\n<\/ul>\n<ul>\n<li>\n<h3>FREI<\/h3>\n<div>\n<p>Touristenbusse f\u00fcr Schulgruppen aller Niveaus, Niveaus und Nationalit\u00e4ten, mit der Verpflichtung, auf dem Briefpapier des Instituts eine Erkl\u00e4rung \u00fcber die Reise nach Verona mit einer Liste der Namen der Teilnehmer anzubringen; Touristenbusse zum Stadion und zur Sporthalle bei Veranstaltungen, die die Verbindungsstra\u00dfe zwischen der Mautstelle der Autobahn Verona Nord (A22 Modena-Brenner) und dem Stadion\/Sporthalle nutzen (und zur\u00fcck); Touristenbusse zu den Parkpl\u00e4tzen der Fiera di Verona, beschr\u00e4nkt auf den Stra\u00dfenabschnitt zwischen den oben genannten Parkpl\u00e4tzen und der Mautstelle der Autobahn Verona Sud (A4 Mailand-Venedig) oder bis zur Ausfahrt der s\u00fcdlichen Ringstra\u00dfe zur Strada dell&#8217;Alpo; Touristenbusse f\u00fcr Gruppen von Stadtbewohnern: Um Anspruch auf diese Befreiung zu haben, m\u00fcssen die Fahrg\u00e4ste mit einem g\u00fcltigen Ausweisdokument reisen, das die Wohnsitzgemeinde bescheinigt und bei Kontrollen durch das zust\u00e4ndige Personal vorgelegt werden muss; Touristenbusse, die mehrere behinderte Menschen bef\u00f6rdern und \u00fcber eine entsprechende Bescheinigung verf\u00fcgen, mindestens 50 % der verf\u00fcgbaren Sitzpl\u00e4tze<\/p>\n<p>F\u00fcr Infos &#038; Reservierungen: <a href=\"https:\/\/www.amt.it\/pass-ztl-bus\/\" rel=\"nofollow noopener\" target=\"_blank\">https:\/\/www.amt.it\/pass-ztl-bus\/<\/a><\/p>\n<\/div>\n<\/li>\n<li>\n<h3>Zahlung<\/h3>\n<div>\n<p>Die Bezahlung muss an einem der 4 Kassenautomaten vor Ort erfolgen. Die Automaten akzeptieren M\u00fcnzen und Banknoten.<\/p>\n<\/div>\n<\/li>\n<\/ul>\n<p><!--more--><br \/>\n<!-- {\"type\":\"layout\",\"children\":[{\"type\":\"section\",\"props\":{\"image_position\":\"center-center\",\"style\":\"default\",\"title_breakpoint\":\"xl\",\"title_position\":\"top-left\",\"title_rotation\":\"left\",\"vertical_align\":\"middle\",\"width\":\"small\"},\"children\":[{\"type\":\"row\",\"children\":[{\"type\":\"column\",\"props\":{\"image_position\":\"center-center\",\"position_sticky_breakpoint\":\"m\"},\"children\":[{\"type\":\"headline\",\"props\":{\"content\":\"Buseinfahrt in die verkehrsberuhigte Zone\",\"text_align\":\"center\",\"title_color\":\"primary\",\"title_element\":\"h1\"}},{\"type\":\"text\",\"props\":{\"column_breakpoint\":\"m\",\"content\":\"\n\n<p>Mit der Verordnung der Gemeinde Verona NR 1404 vom 30.10.2018 wurden die neuen Tarife f\\u00fcr Touristenbusse eingef\\u00fchrt.<\\\/p>\\n\n\n<p>Die Eintrittskarte in die Stadt f\\u00fcr Busse mit einer Kapazit\\u00e4t von mehr als 25 Personen:<br \\\/><strong>\\u2013 Die volle Hochsaison kostet 150,00 \\u20ac. <\\\/strong>Der Preis gilt vom 1. bis 31. Dezember und vom 1. April bis 31. Oktober<br\\\/>\\n    <strong>\\u2013 Die gesamte Nebensaison kostet 100,00 \\u20ac.<\\\/strong> Der Preis gilt vom 1. bis 30. November und vom 1. Januar bis 31. M\\u00e4rz<\\\/p>\\n\n\n<p>Wenn die Tour mit einem autorisierten und zertifizierten Reisef\\u00fchrer aus Verona durchgef\\u00fchrt wird, k\\u00f6nnen Sie von einer Erm\\u00e4\\u00dfigung von 30 % profitieren (nur online erh\\u00e4ltlich).<\\\/p>\\n\n\n<p>\\u2013 Hochsaison: 105 \\u20ac<br\\\/>\\n    \\u2013 Nebensaison: 70 \\u20ac<\\\/p>\",\"margin\":\"default\"}}]}]}]},{\"type\":\"section\",\"props\":{\"image_position\":\"center-center\",\"style\":\"muted\",\"title_breakpoint\":\"xl\",\"title_position\":\"top-left\",\"title_rotation\":\"left\",\"vertical_align\":\"middle\",\"width\":\"small\"},\"children\":[{\"type\":\"row\",\"props\":{\"layout\":\"1-2,1-2\"},\"children\":[{\"type\":\"column\",\"props\":{\"image_position\":\"center-center\",\"position_sticky_breakpoint\":\"m\",\"style\":\"tile-default\",\"width_medium\":\"1-2\"},\"children\":[{\"type\":\"description_list\",\"props\":{\"column_breakpoint\":\"m\",\"layout\":\"stacked\",\"list_element\":\"ul\",\"meta_align\":\"below-content\",\"meta_style\":\"text-meta\",\"show_content\":true,\"show_link\":true,\"show_meta\":true,\"show_title\":true,\"title_color\":\"primary\",\"title_element\":\"div\",\"title_grid_column_gap\":\"small\",\"title_grid_row_gap\":\"small\",\"title_grid_width\":\"auto\",\"title_style\":\"text-large\"},\"children\":[{\"type\":\"description_list_item\",\"props\":{\"content\":\"\n\n<p>Touristenbusse mit einer maximalen Kapazit\\u00e4t von 25 Personen (ohne Fahrer) Touristenbusse vom Gardasee gem\\u00e4\\u00df Beschluss des Gemeinderats Nr. 53\\\/2009, mit der Verpflichtung, den Hotelgutschein (oder ein gleichwertiges Dokument) vorzulegen, der die Buchung und \\u00dcbernachtung bescheinigt;<\\\/p>\",\"title\":\"REDUZIERT: 40,00 \\u20ac\"}},{\"type\":\"description_list_item\",\"props\":{\"content\":\"Touristenbusse, die Touristen am Anreise- und Abreisetag zu st\\u00e4dtischen Hoteleinrichtungen bef\\u00f6rdern, mit der Verpflichtung zur Vorlage des Hotelgutscheins (oder eines gleichwertigen Dokuments), der die Buchung und \\u00dcbernachtung bescheinigt;\",\"title\":\"HOTELREDUZIERUNG: 15,00 \\u20ac\"}},{\"type\":\"description_list_item\",\"props\":{\"content\":\"Touristenbusse f\\u00fcr Gruppen, die zu Opernveranstaltungen im Arena-Amphitheater fahren, mit Einlass an Auff\\u00fchrungstagen ab 18.00 Uhr, mit Verpflichtung zur Vorlage der Reservierung f\\u00fcr den Arena-Abend.\",\"title\":\"REDUZIERTE ARENA: 30,00 \\u20ac\"}}]}]},{\"type\":\"column\",\"props\":{\"image_position\":\"center-center\",\"position_sticky_breakpoint\":\"m\",\"style\":\"tile-default\",\"width_medium\":\"1-2\"},\"children\":[{\"type\":\"description_list\",\"props\":{\"column_breakpoint\":\"m\",\"layout\":\"stacked\",\"list_element\":\"ul\",\"meta_align\":\"below-content\",\"meta_style\":\"text-meta\",\"show_content\":true,\"show_link\":true,\"show_meta\":true,\"show_title\":true,\"title_color\":\"primary\",\"title_element\":\"div\",\"title_grid_column_gap\":\"small\",\"title_grid_row_gap\":\"small\",\"title_grid_width\":\"auto\",\"title_style\":\"text-large\"},\"children\":[{\"type\":\"description_list_item\",\"props\":{\"content\":\"\n\n<p>Touristenbusse f\\u00fcr Schulgruppen aller Niveaus, Niveaus und Nationalit\\u00e4ten, mit der Verpflichtung, auf dem Briefpapier des Instituts eine Erkl\\u00e4rung \\u00fcber die Reise nach Verona mit einer Liste der Namen der Teilnehmer anzubringen; Touristenbusse zum Stadion und zur Sporthalle bei Veranstaltungen, die die Verbindungsstra\\u00dfe zwischen der Mautstelle der Autobahn Verona Nord (A22 Modena-Brenner) und dem Stadion\\\/Sporthalle nutzen (und zur\\u00fcck); Touristenbusse zu den Parkpl\\u00e4tzen der Fiera di Verona, beschr\\u00e4nkt auf den Stra\\u00dfenabschnitt zwischen den oben genannten Parkpl\\u00e4tzen und der Mautstelle der Autobahn Verona Sud (A4 Mailand-Venedig) oder bis zur Ausfahrt der s\\u00fcdlichen Ringstra\\u00dfe zur Strada dell'Alpo; Touristenbusse f\\u00fcr Gruppen von Stadtbewohnern: Um Anspruch auf diese Befreiung zu haben, m\\u00fcssen die Fahrg\\u00e4ste mit einem g\\u00fcltigen Ausweisdokument reisen, das die Wohnsitzgemeinde bescheinigt und bei Kontrollen durch das zust\\u00e4ndige Personal vorgelegt werden muss; Touristenbusse, die mehrere behinderte Menschen bef\\u00f6rdern und \\u00fcber eine entsprechende Bescheinigung verf\\u00fcgen, mindestens 50 % der verf\\u00fcgbaren Sitzpl\\u00e4tze<\\\/p>\\n\n\n<p>F\\u00fcr Infos & Reservierungen: <a href=\\\"https:\\\/\\\/www.amt.it\\\/pass-ztl-bus\\\/\\\">https:\\\/\\\/www.amt.it\\\/pass-ztl-bus\\\/<\\\/a><\\\/p>\",\"title\":\"FREI\"}},{\"type\":\"description_list_item\",\"props\":{\"content\":\"\n\n<p>Die Bezahlung muss an einem der 4 Kassenautomaten vor Ort erfolgen. Die Automaten akzeptieren M\\u00fcnzen und Banknoten.<\\\/p>\",\"title\":\"Zahlung\"}}]}]}]}]},{\"type\":\"section\",\"props\":{\"image_position\":\"center-center\",\"style\":\"muted\",\"title_breakpoint\":\"xl\",\"title_position\":\"top-left\",\"title_rotation\":\"left\",\"vertical_align\":\"middle\",\"width\":\"small\"},\"children\":[{\"type\":\"row\",\"children\":[{\"type\":\"column\",\"props\":{\"image_position\":\"center-center\",\"position_sticky_breakpoint\":\"m\"},\"children\":[{\"type\":\"module\",\"props\":{\"menu_image_align\":\"center\",\"menu_image_margin\":true,\"menu_style\":\"default\",\"menu_type\":\"nav\",\"type\":\"builderwidget\",\"widget\":\"builderwidget-9\"}}]}]}],\"name\":\"INFO TURISTICHE\"}],\"version\":\"4.2.6\"} --><\/p>\n","protected":false},"excerpt":{"rendered":"<p>Buseinfahrt in die verkehrsberuhigte Zone Mit der Verordnung der Gemeinde Verona NR 1404 vom 30.10.2018 wurden die neuen Tarife f\u00fcr Touristenbusse eingef\u00fchrt. Die Eintrittskarte in die Stadt f\u00fcr Busse mit einer Kapazit\u00e4t von mehr als 25 Personen:\u2013 Die volle Hochsaison kostet 150,00 \u20ac. Der Preis gilt vom 1. bis 31. Dezember und vom 1. April [&hellip;]<\/p>\n","protected":false},"author":6,"featured_media":0,"parent":2698,"menu_order":0,"comment_status":"closed","ping_status":"closed","template":"","meta":{"_acf_changed":false,"rank_math_lock_modified_date":false,"footnotes":""},"class_list":["post-2746","page","type-page","status-publish","hentry"],"acf":[],"_links":{"self":[{"href":"https:\/\/veronaguide.it\/de\/wp-json\/wp\/v2\/pages\/2746"}],"collection":[{"href":"https:\/\/veronaguide.it\/de\/wp-json\/wp\/v2\/pages"}],"about":[{"href":"https:\/\/veronaguide.it\/de\/wp-json\/wp\/v2\/types\/page"}],"author":[{"embeddable":true,"href":"https:\/\/veronaguide.it\/de\/wp-json\/wp\/v2\/users\/6"}],"replies":[{"embeddable":true,"href":"https:\/\/veronaguide.it\/de\/wp-json\/wp\/v2\/comments?post=2746"}],"version-history":[{"count":4,"href":"https:\/\/veronaguide.it\/de\/wp-json\/wp\/v2\/pages\/2746\/revisions"}],"predecessor-version":[{"id":4490,"href":"https:\/\/veronaguide.it\/de\/wp-json\/wp\/v2\/pages\/2746\/revisions\/4490"}],"up":[{"embeddable":true,"href":"https:\/\/veronaguide.it\/de\/wp-json\/wp\/v2\/pages\/2698"}],"wp:attachment":[{"href":"https:\/\/veronaguide.it\/de\/wp-json\/wp\/v2\/media?parent=2746"}],"curies":[{"name":"wp","href":"https:\/\/api.w.org\/{rel}","templated":true}]}}