{"id":2731,"date":"2023-10-23T09:36:35","date_gmt":"2023-10-23T08:36:35","guid":{"rendered":"https:\/\/veronaguide.it\/tariffe\/"},"modified":"2026-01-10T15:45:53","modified_gmt":"2026-01-10T14:45:53","slug":"preise-fuer-stadtfuehrungen","status":"publish","type":"page","link":"https:\/\/veronaguide.it\/de\/preise-fuer-stadtfuehrungen\/","title":{"rendered":"Preise f\u00fcr Stadtf\u00fchrungen"},"content":{"rendered":"<h1>TARIFE F\u00dcR STADTF\u00dcHRER VERONA 2026<\/h1>\n<div>\n<p>Besuchen Sie Verona mit uns: Entdecken Sie unser Angebot an F\u00fchrungen f\u00fcr Einzelpersonen, Gruppen oder Schulklassen und erkunden Sie die Stadt mit unseren erfahrenen Stadtf\u00fchrern.<\/p>\n<\/div>\n<p>\n    <a href=\"mailto:info@guideverona.com\">Kontaktieren Sie uns f\u00fcr Informationen und individuelle Touren<\/a>\n<\/p>\n<h2>TARIFE F\u00dcR GEF\u00dcHRTE TOUREN F\u00dcR GRUPPEN<\/h2>\n<ul>\n<li>\n<h3>Halbt\u00e4gige F\u00fchrung (ca. 2 Stunden):<\/h3>\n<div>\n<p>150,00 \u20ac bis 30 Personen + 5,00 \u20ac f\u00fcr jede weitere Person.<\/p>\n<\/div>\n<\/li>\n<li>\n<h3>Ganzt\u00e4gige Tour, immer mit einem professionellen Stadtf\u00fchrer (ca. 4 Stunden):<\/h3>\n<div>\n<p>300,00 \u20ac bis 30 Personen + 10,00 \u20ac f\u00fcr jede weitere Person;<\/p>\n<\/div>\n<\/li>\n<\/ul>\n<h2>TARIFE F\u00dcR GEF\u00dcHRTE SCHULTOUREN<\/h2>\n<ul>\n<li>\n<h3>Halbt\u00e4gige Tour mit einem Stadtf\u00fchrer (2 Stunden)<\/h3>\n<div>\n<p>150,00 \u20ac bis 30 Studierende;<br \/>170,00 \u20ac bis 50 Studierende; + 5,00 \u20ac f\u00fcr jeden weiteren Sch\u00fcler<br \/>kostenlose Lehrer<\/p>\n<\/div>\n<\/li>\n<li>\n<h3>Ganzt\u00e4gige F\u00fchrung: 2 Stunden am Vormittag + 2 Stunden am Nachmittag<\/h3>\n<div>\n<p>300,00 \u20ac bis 30 Studierende;<br \/>340,00 \u20ac bis 50 Studierende + 10,00 \u20ac f\u00fcr jeden weiteren Studierenden;<br \/>kostenlose Lehrer<\/p>\n<\/div>\n<\/li>\n<li>\n<h3>JEDE VERL\u00c4NGERTE STUNDE 50,00 \u20ac<\/h3>\n<\/li>\n<\/ul>\n<div>\n<p>F\u00fcr Ihr pers\u00f6nliches Angebot schreiben Sie an <a href=\"mailto:info@guideverona.com\">info@guideverona.com<\/a><\/p>\n<\/div>\n<p><!--more--><br \/>\n<!-- {\"type\":\"layout\",\"children\":[{\"type\":\"section\",\"props\":{\"image_position\":\"center-center\",\"style\":\"muted\",\"title_breakpoint\":\"xl\",\"title_position\":\"top-left\",\"title_rotation\":\"left\",\"vertical_align\":\"middle\",\"width\":\"small\"},\"children\":[{\"type\":\"row\",\"children\":[{\"type\":\"column\",\"props\":{\"image_position\":\"center-center\",\"position_sticky_breakpoint\":\"m\"},\"children\":[{\"type\":\"headline\",\"props\":{\"content\":\"TARIFE F\\u00dcR STADTF\\u00dcHRER VERONA 2026\",\"text_align\":\"center\",\"title_color\":\"primary\",\"title_element\":\"h1\",\"title_style\":\"h3\"}},{\"type\":\"text\",\"props\":{\"column_breakpoint\":\"m\",\"content\":\"\n\n<p>Besuchen Sie Verona mit uns: Entdecken Sie unser Angebot an F\\u00fchrungen f\\u00fcr Einzelpersonen, Gruppen oder Schulklassen und erkunden Sie die Stadt mit unseren erfahrenen Stadtf\\u00fchrern.<\\\/p>\",\"margin\":\"default\",\"text_align\":\"center\"}},{\"type\":\"button\",\"props\":{\"grid_column_gap\":\"small\",\"grid_row_gap\":\"small\",\"margin\":\"default\",\"text_align\":\"center\"},\"children\":[{\"type\":\"button_item\",\"props\":{\"button_style\":\"default\",\"content\":\"Kontaktieren Sie uns f\\u00fcr Informationen und individuelle Touren\",\"icon\":\"mail\",\"icon_align\":\"left\",\"link\":\"mailto:info@guideverona.com\"}}]}]}]},{\"type\":\"row\",\"props\":{\"width\":\"xsmall\"},\"children\":[{\"type\":\"column\",\"props\":{\"image_position\":\"center-center\",\"position_sticky_breakpoint\":\"m\",\"style\":\"tile-default\"},\"children\":[{\"type\":\"headline\",\"props\":{\"content\":\"TARIFE F\\u00dcR GEF\\u00dcHRTE TOUREN F\\u00dcR GRUPPEN\",\"text_align\":\"left\",\"title_color\":\"primary\",\"title_element\":\"h2\",\"title_style\":\"h4\"}},{\"type\":\"description_list\",\"props\":{\"block_align\":\"center\",\"column_breakpoint\":\"m\",\"layout\":\"stacked\",\"list_element\":\"ul\",\"meta_align\":\"below-content\",\"meta_style\":\"text-meta\",\"show_content\":true,\"show_link\":true,\"show_meta\":true,\"show_title\":true,\"title_color\":\"primary\",\"title_element\":\"div\",\"title_grid_column_gap\":\"small\",\"title_grid_row_gap\":\"small\",\"title_grid_width\":\"auto\",\"title_style\":\"text-large\"},\"children\":[{\"type\":\"description_list_item\",\"props\":{\"content\":\"\n\n<p>150,00 \\u20ac bis 30 Personen + 5,00 \\u20ac f\\u00fcr jede weitere Person.<\\\/p>\",\"title\":\"Halbt\\u00e4gige F\\u00fchrung (ca. 2 Stunden):\"}},{\"type\":\"description_list_item\",\"props\":{\"content\":\"\n\n<p>300,00 \\u20ac bis 30 Personen + 10,00 \\u20ac f\\u00fcr jede weitere Person;<\\\/p>\",\"title\":\"Ganzt\\u00e4gige Tour, immer mit einem professionellen Stadtf\\u00fchrer (ca. 4 Stunden):\"}}]},{\"type\":\"headline\",\"props\":{\"content\":\"TARIFE F\\u00dcR GEF\\u00dcHRTE SCHULTOUREN\",\"title_color\":\"primary\",\"title_element\":\"h2\",\"title_style\":\"h4\"}},{\"type\":\"description_list\",\"props\":{\"column_breakpoint\":\"m\",\"layout\":\"stacked\",\"list_element\":\"ul\",\"meta_align\":\"below-content\",\"meta_style\":\"text-meta\",\"show_content\":true,\"show_link\":true,\"show_meta\":true,\"show_title\":true,\"title_color\":\"primary\",\"title_element\":\"div\",\"title_grid_column_gap\":\"small\",\"title_grid_row_gap\":\"small\",\"title_grid_width\":\"auto\",\"title_style\":\"text-large\"},\"children\":[{\"type\":\"description_list_item\",\"props\":{\"content\":\"\n\n<p>150,00 \\u20ac bis 30 Studierende;<br \\\/>170,00 \\u20ac bis 50 Studierende; + 5,00 \\u20ac f\\u00fcr jeden weiteren Sch\\u00fcler<br \\\/>kostenlose Lehrer<\\\/p>\",\"title\":\"Halbt\\u00e4gige Tour mit einem Stadtf\\u00fchrer (2 Stunden)\"}},{\"type\":\"description_list_item\",\"props\":{\"content\":\"\n\n<p>300,00 \\u20ac bis 30 Studierende;<br \\\/>340,00 \\u20ac bis 50 Studierende + 10,00 \\u20ac f\\u00fcr jeden weiteren Studierenden;<br \\\/>kostenlose Lehrer<\\\/p>\",\"title\":\"Ganzt\\u00e4gige F\\u00fchrung: 2 Stunden am Vormittag + 2 Stunden am Nachmittag\"}},{\"type\":\"description_list_item\",\"props\":{\"title\":\"JEDE VERL\\u00c4NGERTE STUNDE 50,00 \\u20ac\"}}]},{\"type\":\"text\",\"props\":{\"column_breakpoint\":\"m\",\"content\":\"\n\n<p>F\\u00fcr Ihr pers\\u00f6nliches Angebot schreiben Sie an <a href=\\\"mailto:info@guideverona.com\\\">info@guideverona.com<\\\/a><\\\/p>\",\"margin\":\"default\"}}]}]}]}],\"version\":\"4.2.6\"} --><\/p>\n","protected":false},"excerpt":{"rendered":"<p>TARIFE F\u00dcR STADTF\u00dcHRER VERONA 2026 Besuchen Sie Verona mit uns: Entdecken Sie unser Angebot an F\u00fchrungen f\u00fcr Einzelpersonen, Gruppen oder Schulklassen und erkunden Sie die Stadt mit unseren erfahrenen Stadtf\u00fchrern. Kontaktieren Sie uns f\u00fcr Informationen und individuelle Touren TARIFE F\u00dcR GEF\u00dcHRTE TOUREN F\u00dcR GRUPPEN Halbt\u00e4gige F\u00fchrung (ca. 2 Stunden): 150,00 \u20ac bis 30 Personen + [&hellip;]<\/p>\n","protected":false},"author":6,"featured_media":0,"parent":0,"menu_order":0,"comment_status":"closed","ping_status":"closed","template":"","meta":{"_acf_changed":false,"rank_math_lock_modified_date":false,"footnotes":""},"class_list":["post-2731","page","type-page","status-publish","hentry"],"acf":[],"_links":{"self":[{"href":"https:\/\/veronaguide.it\/de\/wp-json\/wp\/v2\/pages\/2731"}],"collection":[{"href":"https:\/\/veronaguide.it\/de\/wp-json\/wp\/v2\/pages"}],"about":[{"href":"https:\/\/veronaguide.it\/de\/wp-json\/wp\/v2\/types\/page"}],"author":[{"embeddable":true,"href":"https:\/\/veronaguide.it\/de\/wp-json\/wp\/v2\/users\/6"}],"replies":[{"embeddable":true,"href":"https:\/\/veronaguide.it\/de\/wp-json\/wp\/v2\/comments?post=2731"}],"version-history":[{"count":42,"href":"https:\/\/veronaguide.it\/de\/wp-json\/wp\/v2\/pages\/2731\/revisions"}],"predecessor-version":[{"id":4866,"href":"https:\/\/veronaguide.it\/de\/wp-json\/wp\/v2\/pages\/2731\/revisions\/4866"}],"wp:attachment":[{"href":"https:\/\/veronaguide.it\/de\/wp-json\/wp\/v2\/media?parent=2731"}],"curies":[{"name":"wp","href":"https:\/\/api.w.org\/{rel}","templated":true}]}}