{"id":2716,"date":"2024-02-07T11:33:34","date_gmt":"2024-02-07T10:33:34","guid":{"rendered":"https:\/\/veronaguide.it\/mangiare-a-verona\/"},"modified":"2025-04-03T10:08:09","modified_gmt":"2025-04-03T09:08:09","slug":"essen-in-verona","status":"publish","type":"page","link":"https:\/\/veronaguide.it\/de\/touristeninfo\/essen-in-verona\/","title":{"rendered":"Essen in Verona"},"content":{"rendered":"<h1>Essen in Verona<\/h1>\n<div>\n<p>Wo kann man in Verona essen? Ob Sie einen schnellen Snack oder ein entspanntes Mittagessen suchen \u2013 kontaktieren Sie uns gerne f\u00fcr Tipps und Sonderangebote.<\/p>\n<\/div>\n<h2><span>Wo man in Verona essen kann<\/span><\/h2>\n<div>\n<p><strong>Erfrischungspunkte f\u00fcr Studierende<\/strong><\/p>\n<p>In Verona gibt es eine Verordnung, die den Verzehr von Speisen und Getr\u00e4nken in den denkmalgesch\u00fctzten Bereichen des Zentrums verbietet. Normalerweise wird es nicht mit \u00fcberm\u00e4\u00dfiger Strenge angewandt, es besteht jedoch zumindest theoretisch die M\u00f6glichkeit, mit einer Geldstrafe belegt zu werden. In der Innenstadt gibt es Au\u00dfenbereiche, in denen Sie Ihr Lunchpaket verzehren d\u00fcrfen. Wenn Sie sich f\u00fcr diese L\u00f6sung entscheiden, wird Ihnen der Reisef\u00fchrer je nach Ihrem Reiseplan und Ihren spezifischen Bed\u00fcrfnissen die f\u00fcr Sie am besten geeignete L\u00f6sung aufzeigen und Sie ggf. dorthin begleiten.<\/p>\n<p>In manchen Religionsinstituten ist es m\u00f6glich, Innenunterrichtsr\u00e4ume zu buchen, f\u00fcr die eine Geb\u00fchr erhoben wird. Im Stadtzentrum, leicht zu Fu\u00df erreichbar, k\u00f6nnen Sie Kontakt aufnehmen mit:<\/p>\n<p>\u2022 <strong>Dem Filippini-Oratorium<\/strong> (Don Roberto 045 800 2823)<\/p>\n<p>\u2022 <strong>Der Vereinshalle \u201eFogolar Furlan\u201c<\/strong> (Tel. 3451134609)<\/p>\n<p>Alle Mittagsangebote (religi\u00f6se Institute) m\u00fcssen direkt gebucht werden<\/p>\n<\/div>\n<h2><span>RESTAURANT<\/span><\/h2>\n<div>\n<p>Unser Verein hat eine Vereinbarung mit einem zentralen Restaurant, das einen guten Kompromiss zwischen Logistik (es befindet sich hinter der Arena, nicht weit vom Busparkplatz entfernt) und Qualit\u00e4t\/Preis darstellt.<\/p>\n<p>F\u00fcr Studierende kostet es 11,00 \u20ac f\u00fcr Pizza und Getr\u00e4nk und 12,00 \u20ac f\u00fcr Pizza, Getr\u00e4nk und Pommes. Auf Wunsch k\u00f6nnen wir die Reservierung vornehmen.<\/p>\n<p>Sie bieten Men\u00fcs wie:<\/p>\n<p>1) 1 erster Gang \u2013 ein zweiter Gang \u2013 gemischte Beilagen \u2013 Dessert \u2013 Wasser, Wein und Kaffee <strong>26,00 \u20ac<\/strong>;<\/p>\n<p>2) Zwei erste G\u00e4nge \u2013 ein zweiter Gang \u2013 gemischte Beilagen \u2013 Dessert \u2013 Wasser, Wein und Kaffee <strong>30,00 \u20ac<\/strong>;<\/p>\n<p>3) Vorspeise \u2013 ein erster Gang \u2013 ein zweiter Gang \u2013 gemischte Beilagen \u2013 Dessert \u2013 Wasserweinkaffee <strong>30,00 \u20ac<\/strong>;<\/p>\n<p>4) Vorspeise \u2013 zwei erste G\u00e4nge \u2013 ein zweiter Gang \u2013 gemischte Beilagen \u2013 Dessert \u2013 Wasserweinkaffee <strong>33,00 \u20ac<\/strong>.<\/p>\n<p> Wir k\u00f6nnen Ihnen eine Liste mit Gerichten zur Auswahl und Kommunikation zusenden.<\/p>\n<\/div>\n<p><!--more--><br \/>\n<!-- {\"type\":\"layout\",\"children\":[{\"type\":\"section\",\"props\":{\"image_position\":\"center-center\",\"style\":\"default\",\"title_breakpoint\":\"xl\",\"title_position\":\"top-left\",\"title_rotation\":\"left\",\"vertical_align\":\"middle\",\"width\":\"small\"},\"children\":[{\"type\":\"row\",\"children\":[{\"type\":\"column\",\"props\":{\"image_position\":\"center-center\",\"position_sticky_breakpoint\":\"m\"},\"children\":[{\"type\":\"headline\",\"props\":{\"content\":\"Essen in Verona\",\"text_align\":\"center\",\"title_color\":\"primary\",\"title_element\":\"h1\"}},{\"type\":\"text\",\"props\":{\"column_breakpoint\":\"m\",\"content\":\"\n\n<p>Wo kann man in Verona essen? Ob Sie einen schnellen Snack oder ein entspanntes Mittagessen suchen \\u2013 kontaktieren Sie uns gerne f\\u00fcr Tipps und Sonderangebote.<\\\/p>\",\"margin\":\"default\",\"text_align\":\"center\"}}]}]}]},{\"type\":\"section\",\"props\":{\"image_position\":\"center-center\",\"style\":\"muted\",\"title_breakpoint\":\"xl\",\"title_position\":\"top-left\",\"title_rotation\":\"left\",\"vertical_align\":\"middle\",\"width\":\"small\"},\"children\":[{\"type\":\"row\",\"props\":{\"layout\":\"1-2,1-2\"},\"children\":[{\"type\":\"column\",\"props\":{\"image_position\":\"center-center\",\"position_sticky_breakpoint\":\"m\",\"style\":\"tile-default\",\"width_medium\":\"1-2\"},\"children\":[{\"type\":\"headline\",\"props\":{\"content\":\"<span>Wo man in Verona essen kann<\\\/span>\",\"title_color\":\"primary\",\"title_element\":\"h2\",\"title_style\":\"h4\"}},{\"type\":\"text\",\"props\":{\"column_breakpoint\":\"m\",\"content\":\"\n\n<p><strong>Erfrischungspunkte f\\u00fcr Studierende<\\\/strong><\\\/p>\\n\n\n<p>In Verona gibt es eine Verordnung, die den Verzehr von Speisen und Getr\\u00e4nken in den denkmalgesch\\u00fctzten Bereichen des Zentrums verbietet. Normalerweise wird es nicht mit \\u00fcberm\\u00e4\\u00dfiger Strenge angewandt, es besteht jedoch zumindest theoretisch die M\\u00f6glichkeit, mit einer Geldstrafe belegt zu werden. In der Innenstadt gibt es Au\\u00dfenbereiche, in denen Sie Ihr Lunchpaket verzehren d\\u00fcrfen. Wenn Sie sich f\\u00fcr diese L\\u00f6sung entscheiden, wird Ihnen der Reisef\\u00fchrer je nach Ihrem Reiseplan und Ihren spezifischen Bed\\u00fcrfnissen die f\\u00fcr Sie am besten geeignete L\\u00f6sung aufzeigen und Sie ggf. dorthin begleiten.<\\\/p>\\n\n\n<p>In manchen Religionsinstituten ist es m\\u00f6glich, Innenunterrichtsr\\u00e4ume zu buchen, f\\u00fcr die eine Geb\\u00fchr erhoben wird. Im Stadtzentrum, leicht zu Fu\\u00df erreichbar, k\\u00f6nnen Sie Kontakt aufnehmen mit:<\\\/p>\\n\n\n<p>\\u2022 <strong>Dem Filippini-Oratorium<\\\/strong> (Don Roberto 045 800 2823)<\\\/p>\\n\n\n<p>\\u2022 <strong>Der Vereinshalle \\u201eFogolar Furlan\\u201c<\\\/strong> (Tel. 3451134609)<\\\/p>\\n\n\n<p>Alle Mittagsangebote (religi\\u00f6se Institute) m\\u00fcssen direkt gebucht werden<\\\/p>\",\"margin\":\"default\"}}]},{\"type\":\"column\",\"props\":{\"image_position\":\"center-center\",\"position_sticky_breakpoint\":\"m\",\"style\":\"tile-default\",\"width_medium\":\"1-2\"},\"children\":[{\"type\":\"headline\",\"props\":{\"content\":\"<span>RESTAURANT<\\\/span>\",\"title_color\":\"primary\",\"title_element\":\"h2\",\"title_style\":\"h4\"}},{\"type\":\"text\",\"props\":{\"column_breakpoint\":\"m\",\"content\":\"\n\n<p>Unser Verein hat eine Vereinbarung mit einem zentralen Restaurant, das einen guten Kompromiss zwischen Logistik (es befindet sich hinter der Arena, nicht weit vom Busparkplatz entfernt) und Qualit\\u00e4t\\\/Preis darstellt.<\\\/p>\\n\n\n<p>F\\u00fcr Studierende kostet es 11,00 \\u20ac f\\u00fcr Pizza und Getr\\u00e4nk und 12,00 \\u20ac f\\u00fcr Pizza, Getr\\u00e4nk und Pommes. Auf Wunsch k\\u00f6nnen wir die Reservierung vornehmen.<\\\/p>\\n\n\n<p>Sie bieten Men\\u00fcs wie:<\\\/p>\\n\n\n<p>1) 1 erster Gang \\u2013 ein zweiter Gang \\u2013 gemischte Beilagen \\u2013 Dessert \\u2013 Wasser, Wein und Kaffee <strong>26,00 \\u20ac<\\\/strong>;<\\\/p>\\n\n\n<p>2) Zwei erste G\\u00e4nge \\u2013 ein zweiter Gang \\u2013 gemischte Beilagen \\u2013 Dessert \\u2013 Wasser, Wein und Kaffee <strong>30,00 \\u20ac<\\\/strong>;<\\\/p>\\n\n\n<p>3) Vorspeise \\u2013 ein erster Gang \\u2013 ein zweiter Gang \\u2013 gemischte Beilagen \\u2013 Dessert \\u2013 Wasserweinkaffee <strong>30,00 \\u20ac<\\\/strong>;<\\\/p>\\n\n\n<p>4) Vorspeise \\u2013 zwei erste G\\u00e4nge \\u2013 ein zweiter Gang \\u2013 gemischte Beilagen \\u2013 Dessert \\u2013 Wasserweinkaffee <strong>33,00 \\u20ac<\\\/strong>.<\\\/p>\n\n<p> Wir k\\u00f6nnen Ihnen eine Liste mit Gerichten zur Auswahl und Kommunikation zusenden.<\\\/p>\",\"margin\":\"default\"}}]}]}]},{\"type\":\"section\",\"props\":{\"image_position\":\"center-center\",\"style\":\"muted\",\"title_breakpoint\":\"xl\",\"title_position\":\"top-left\",\"title_rotation\":\"left\",\"vertical_align\":\"middle\",\"width\":\"small\"},\"children\":[{\"type\":\"row\",\"children\":[{\"type\":\"column\",\"props\":{\"image_position\":\"center-center\",\"position_sticky_breakpoint\":\"m\"},\"children\":[{\"type\":\"module\",\"props\":{\"menu_image_align\":\"center\",\"menu_image_margin\":true,\"menu_style\":\"default\",\"menu_type\":\"nav\",\"type\":\"builderwidget\",\"widget\":\"builderwidget-9\"}}]}]}],\"name\":\"INFO TURISTICHE\"}],\"version\":\"4.2.6\"} --><\/p>\n","protected":false},"excerpt":{"rendered":"<p>Essen in Verona Wo kann man in Verona essen? Ob Sie einen schnellen Snack oder ein entspanntes Mittagessen suchen \u2013 kontaktieren Sie uns gerne f\u00fcr Tipps und Sonderangebote. Wo man in Verona essen kann Erfrischungspunkte f\u00fcr Studierende In Verona gibt es eine Verordnung, die den Verzehr von Speisen und Getr\u00e4nken in den denkmalgesch\u00fctzten Bereichen des [&hellip;]<\/p>\n","protected":false},"author":6,"featured_media":0,"parent":2698,"menu_order":0,"comment_status":"closed","ping_status":"closed","template":"","meta":{"_acf_changed":false,"rank_math_lock_modified_date":false,"footnotes":""},"class_list":["post-2716","page","type-page","status-publish","hentry"],"acf":[],"_links":{"self":[{"href":"https:\/\/veronaguide.it\/de\/wp-json\/wp\/v2\/pages\/2716"}],"collection":[{"href":"https:\/\/veronaguide.it\/de\/wp-json\/wp\/v2\/pages"}],"about":[{"href":"https:\/\/veronaguide.it\/de\/wp-json\/wp\/v2\/types\/page"}],"author":[{"embeddable":true,"href":"https:\/\/veronaguide.it\/de\/wp-json\/wp\/v2\/users\/6"}],"replies":[{"embeddable":true,"href":"https:\/\/veronaguide.it\/de\/wp-json\/wp\/v2\/comments?post=2716"}],"version-history":[{"count":8,"href":"https:\/\/veronaguide.it\/de\/wp-json\/wp\/v2\/pages\/2716\/revisions"}],"predecessor-version":[{"id":4828,"href":"https:\/\/veronaguide.it\/de\/wp-json\/wp\/v2\/pages\/2716\/revisions\/4828"}],"up":[{"embeddable":true,"href":"https:\/\/veronaguide.it\/de\/wp-json\/wp\/v2\/pages\/2698"}],"wp:attachment":[{"href":"https:\/\/veronaguide.it\/de\/wp-json\/wp\/v2\/media?parent=2716"}],"curies":[{"name":"wp","href":"https:\/\/api.w.org\/{rel}","templated":true}]}}