{"id":2711,"date":"2024-02-07T11:34:58","date_gmt":"2024-02-07T10:34:58","guid":{"rendered":"https:\/\/veronaguide.it\/link-utili\/"},"modified":"2025-04-03T10:13:20","modified_gmt":"2025-04-03T09:13:20","slug":"nuetzliche-links","status":"publish","type":"page","link":"https:\/\/veronaguide.it\/de\/touristeninfo\/nuetzliche-links\/","title":{"rendered":"N\u00fctzliche Links"},"content":{"rendered":"<div>\n<p>Vom Tourismusb\u00fcro bis zur Arena \u2013 eine Sammlung n\u00fctzlicher Links rund ums Essen, Schlafen, Besichtigen und Fortbewegen in Verona.<\/p>\n<\/div>\n<h2><span>In Verona<\/span><\/h2>\n<ul>\n<li>\n<p><a href=\"https:\/\/www.arena.it\/it-IT\/Homeit.html\" rel=\"nofollow noopener\" target=\"_blank\"><\/p>\n<p><span>Arena von Verona<\/span><\/p>\n<p><\/a><\/p>\n<\/li>\n<li>\n<p><a href=\"https:\/\/www.veronafiere.it\/\" rel=\"nofollow noopener\" target=\"_blank\"><\/p>\n<p><span>Messen in Verona<\/span><\/p>\n<p><\/a><\/p>\n<\/li>\n<li>\n<p><a href=\"https:\/\/www.comune.verona.it\/nqcontent.cfm?a_id=1\" rel=\"nofollow noopener\" target=\"_blank\"><\/p>\n<p><span>Gemeinde Verona<\/span><\/p>\n<p><\/a><\/p>\n<\/li>\n<li>\n<p><a href=\"https:\/\/www.aeroportoverona.it\/\" rel=\"nofollow noopener\" target=\"_blank\"><\/p>\n<p><span>Flughafen Verona<\/span><\/p>\n<p><\/a><\/p>\n<\/li>\n<li>\n<p><a href=\"https:\/\/www.trenitalia.com\/\" rel=\"nofollow noopener\" target=\"_blank\">Trenitalia<\/a><\/p>\n<\/li>\n<li>\n<p><a href=\"https:\/\/www.veronabedandbreakfast.it\/\" rel=\"nofollow noopener\" target=\"_blank\"><\/p>\n<p><span>Bed &amp; Breakfast Verona und Provinz<\/span><\/p>\n<p><\/a><\/p>\n<\/li>\n<li>\n<p><a href=\"https:\/\/www.wedinverona.com\/en\/destination-weddings-events-in-italy-verona-venice-tuscany-sardinia\" rel=\"nofollow noopener\" target=\"_blank\"><\/p>\n<p><span>Mi in Verona<\/span><\/p>\n<p><\/a><\/p>\n<\/li>\n<li>\n<p><a href=\"https:\/\/www.verona.net\/\" rel=\"nofollow noopener\" target=\"_blank\"><\/p>\n<p><span>Tourismus<\/span><\/p>\n<p><\/a><\/p>\n<\/li>\n<\/ul>\n<h2><span>In Italien<\/span><\/h2>\n<ul>\n<li>\n<h3>Reisef\u00fchrer in Lucca:<\/h3>\n<p><a href=\"https:\/\/www.lagiunchiglia.net\/\" rel=\"nofollow noopener\" target=\"_blank\">La Giunchiglia<\/a><\/p>\n<\/li>\n<li>\n<h3>Reisef\u00fchrer f\u00fcr Massa Carrara und La Spezia:<\/h3>\n<p><a href=\"http:\/\/www.iltau.it\/\" rel=\"nofollow noopener\" target=\"_blank\">Il Tau<\/a><\/p>\n<\/li>\n<li>\n<h3>Reisef\u00fchrer f\u00fcr Umbrien:<\/h3>\n<p><a href=\"https:\/\/assoguide.it\/it\/\" rel=\"nofollow noopener\" target=\"_blank\">Agtu<\/a><\/p>\n<\/li>\n<li>\n<h3>Verband der Reiseleiter und G\u00e4stef\u00fchrer von Rezia, Provinz Sondrio und Kanton Graub\u00fcnden (CH):<\/h3>\n<\/li>\n<li>\n<p><a href=\"http:\/\/www.guidedivaltellina.eu\" rel=\"nofollow noopener\" target=\"_blank\"><\/p>\n<p><span>Veltlin-F\u00fchrer<\/span><\/p>\n<p><\/a><\/p>\n<\/li>\n<li>\n<p><a href=\"http:\/\/www.anconaguide.com\/\" rel=\"nofollow noopener\" target=\"_blank\"><\/p>\n<p><span>Verband der Fremdenf\u00fchrer von Ancona<\/span><\/p>\n<p><\/a><\/p>\n<\/li>\n<li>\n<p><a href=\"https:\/\/guidecomo.it\/\" rel=\"nofollow noopener\" target=\"_blank\"><\/p>\n<p><span>Reisef\u00fchrer f\u00fcr Como und seine Provinz<\/span><\/p>\n<p><\/a><\/p>\n<\/li>\n<li>\n<p><a href=\"https:\/\/www.bergamoguide.it\/\" rel=\"nofollow noopener\" target=\"_blank\"><\/p>\n<p><span>Reisef\u00fchrergruppe Stadt Bergamo und Provinz<\/span><\/p>\n<p><\/a><\/p>\n<\/li>\n<li>\n<h3>Reisef\u00fchrer f\u00fcr Venedig<\/h3>\n<p><a href=\"https:\/\/discoveringvenice.com\/\" rel=\"nofollow noopener\" target=\"_blank\">Discovering Venice<\/a><\/p>\n<\/li>\n<\/ul>\n<p><!--more--><br \/>\n<!-- {\"type\":\"layout\",\"children\":[{\"type\":\"section\",\"props\":{\"image_position\":\"center-center\",\"style\":\"default\",\"title_breakpoint\":\"xl\",\"title_position\":\"top-left\",\"title_rotation\":\"left\",\"vertical_align\":\"middle\",\"width\":\"small\"},\"children\":[{\"type\":\"row\",\"children\":[{\"type\":\"column\",\"props\":{\"image_position\":\"center-center\",\"position_sticky_breakpoint\":\"m\"},\"children\":[{\"type\":\"headline\",\"props\":{\"text_align\":\"center\",\"title_color\":\"primary\",\"title_element\":\"h1\"},\"source\":{\"query\":{\"name\":\"pages.singlePage\"},\"props\":{\"content\":{\"filters\":{\"search\":\"\"},\"name\":\"title\"}}}},{\"type\":\"text\",\"props\":{\"column_breakpoint\":\"m\",\"content\":\"\n\n<p>Vom Tourismusb\\u00fcro bis zur Arena \\u2013 eine Sammlung n\\u00fctzlicher Links rund ums Essen, Schlafen, Besichtigen und Fortbewegen in Verona.<\\\/p>\",\"margin\":\"default\",\"text_align\":\"center\"}}]}]}],\"name\":\"INFO h1\"},{\"type\":\"section\",\"props\":{\"image_position\":\"center-center\",\"style\":\"default\",\"title_breakpoint\":\"xl\",\"title_position\":\"top-left\",\"title_rotation\":\"left\",\"vertical_align\":\"middle\",\"width\":\"small\"},\"children\":[{\"type\":\"row\",\"props\":{\"layout\":\"1-2,1-2\"},\"children\":[{\"type\":\"column\",\"props\":{\"image_position\":\"center-center\",\"position_sticky_breakpoint\":\"m\",\"width_medium\":\"1-2\"},\"children\":[{\"type\":\"headline\",\"props\":{\"content\":\"<span>In Verona<\\\/span>\",\"title_color\":\"primary\",\"title_element\":\"h2\",\"title_style\":\"h3\"}},{\"type\":\"description_list\",\"props\":{\"column_breakpoint\":\"m\",\"layout\":\"stacked\",\"list_element\":\"ul\",\"list_marker\":\"square\",\"list_marker_color\":\"primary\",\"meta_align\":\"below-content\",\"meta_style\":\"text-meta\",\"show_content\":true,\"show_link\":true,\"show_meta\":true,\"show_title\":true,\"title_element\":\"div\",\"title_grid_column_gap\":\"small\",\"title_grid_row_gap\":\"small\",\"title_grid_width\":\"auto\"},\"children\":[{\"type\":\"description_list_item\",\"props\":{\"content\":\"\n\n<p><span>Arena von Verona<\\\/span><\\\/p>\",\"link\":\"https:\\\/\\\/www.arena.it\\\/it-IT\\\/Homeit.html\",\"link_target\":true,\"title\":\"\"}},{\"type\":\"description_list_item\",\"props\":{\"content\":\"\n\n<p><span>Messen in Verona<\\\/span><\\\/p>\",\"link\":\"https:\\\/\\\/www.veronafiere.it\\\/\",\"link_target\":true,\"title\":\"\"}},{\"type\":\"description_list_item\",\"props\":{\"content\":\"\n\n<p><span>Gemeinde Verona<\\\/span><\\\/p>\",\"link\":\"https:\\\/\\\/www.comune.verona.it\\\/nqcontent.cfm?a_id=1\",\"link_target\":true,\"title\":\"\"}},{\"type\":\"description_list_item\",\"props\":{\"content\":\"\n\n<p><span>Flughafen Verona<\\\/span><\\\/p>\",\"link\":\"https:\\\/\\\/www.aeroportoverona.it\\\/\",\"link_target\":true,\"title\":\"\"}},{\"type\":\"description_list_item\",\"props\":{\"content\":\"Trenitalia\",\"link\":\"https:\\\/\\\/www.trenitalia.com\\\/\",\"link_target\":true,\"title\":\"\"}},{\"type\":\"description_list_item\",\"props\":{\"content\":\"\n\n<p><span>Bed &amp; Breakfast Verona und Provinz<\\\/span><\\\/p>\",\"link\":\"https:\\\/\\\/www.veronabedandbreakfast.it\\\/\",\"link_target\":true,\"title\":\"\"}},{\"type\":\"description_list_item\",\"props\":{\"content\":\"\n\n<p><span>Mi in Verona<\\\/span><\\\/p>\",\"link\":\"https:\\\/\\\/www.wedinverona.com\\\/en\\\/destination-weddings-events-in-italy-verona-venice-tuscany-sardinia\",\"link_target\":true,\"title\":\"\"}},{\"type\":\"description_list_item\",\"props\":{\"content\":\"\n\n<p><span>Tourismus<\\\/span><\\\/p>\",\"link\":\"https:\\\/\\\/www.verona.net\\\/\",\"link_target\":true,\"title\":\"\"}}]}]},{\"type\":\"column\",\"props\":{\"image_position\":\"center-center\",\"position_sticky_breakpoint\":\"m\",\"width_medium\":\"1-2\"},\"children\":[{\"type\":\"headline\",\"props\":{\"content\":\"<span>In Italien<\\\/span>\",\"title_color\":\"primary\",\"title_element\":\"h2\",\"title_style\":\"h3\"}},{\"type\":\"description_list\",\"props\":{\"column_breakpoint\":\"m\",\"layout\":\"stacked\",\"list_element\":\"ul\",\"list_marker\":\"square\",\"list_marker_color\":\"primary\",\"meta_align\":\"below-content\",\"meta_style\":\"text-meta\",\"show_content\":true,\"show_link\":true,\"show_meta\":true,\"show_title\":true,\"title_element\":\"div\",\"title_grid_column_gap\":\"small\",\"title_grid_row_gap\":\"small\",\"title_grid_width\":\"auto\"},\"children\":[{\"type\":\"description_list_item\",\"props\":{\"content\":\"La Giunchiglia\",\"link\":\"https:\\\/\\\/www.lagiunchiglia.net\\\/\",\"link_target\":true,\"title\":\"Reisef\\u00fchrer in Lucca:\"}},{\"type\":\"description_list_item\",\"props\":{\"content\":\"Il Tau\",\"link\":\"http:\\\/\\\/www.iltau.it\\\/\",\"link_target\":true,\"title\":\"Reisef\\u00fchrer f\\u00fcr Massa Carrara und La Spezia:\"}},{\"type\":\"description_list_item\",\"props\":{\"content\":\"Agtu\",\"link\":\"https:\\\/\\\/assoguide.it\\\/it\\\/\",\"link_target\":true,\"title\":\"Reisef\\u00fchrer f\\u00fcr Umbrien:\"}},{\"type\":\"description_list_item\",\"props\":{\"content\":\"\",\"link_target\":true,\"title\":\"Verband der Reiseleiter und G\\u00e4stef\\u00fchrer von Rezia, Provinz Sondrio und Kanton Graub\\u00fcnden (CH):\"}},{\"type\":\"description_list_item\",\"props\":{\"content\":\"\n\n<p><span>Veltlin-F\\u00fchrer<\\\/span><\\\/p>\",\"link\":\"http:\\\/\\\/www.guidedivaltellina.eu\",\"link_target\":true,\"title\":\"\"}},{\"type\":\"description_list_item\",\"props\":{\"content\":\"\n\n<p><span>Verband der Fremdenf\\u00fchrer von Ancona<\\\/span><\\\/p>\",\"link\":\"http:\\\/\\\/www.anconaguide.com\\\/\",\"link_target\":true,\"title\":\"\"}},{\"type\":\"description_list_item\",\"props\":{\"content\":\"\n\n<p><span>Reisef\\u00fchrer f\\u00fcr Como und seine Provinz<\\\/span><\\\/p>\",\"link\":\"https:\\\/\\\/guidecomo.it\\\/\",\"link_target\":true,\"title\":\"\"}},{\"type\":\"description_list_item\",\"props\":{\"content\":\"\n\n<p><span>Reisef\\u00fchrergruppe Stadt Bergamo und Provinz<\\\/span><\\\/p>\",\"link\":\"https:\\\/\\\/www.bergamoguide.it\\\/\"}},{\"type\":\"description_list_item\",\"props\":{\"content\":\"Discovering Venice\",\"link\":\"https:\\\/\\\/discoveringvenice.com\\\/\",\"link_target\":true,\"title\":\"Reisef\\u00fchrer f\\u00fcr Venedig\"}}]}]}]}]},{\"type\":\"section\",\"props\":{\"image_position\":\"center-center\",\"style\":\"muted\",\"title_breakpoint\":\"xl\",\"title_position\":\"top-left\",\"title_rotation\":\"left\",\"vertical_align\":\"middle\",\"width\":\"small\"},\"children\":[{\"type\":\"row\",\"children\":[{\"type\":\"column\",\"props\":{\"image_position\":\"center-center\",\"position_sticky_breakpoint\":\"m\"},\"children\":[{\"type\":\"module\",\"props\":{\"menu_image_align\":\"center\",\"menu_image_margin\":true,\"menu_style\":\"default\",\"menu_type\":\"nav\",\"type\":\"builderwidget\",\"widget\":\"builderwidget-9\"}}]}]}],\"name\":\"INFO TURISTICHE\"}],\"version\":\"4.2.6\"} --><\/p>\n","protected":false},"excerpt":{"rendered":"<p>Vom Tourismusb\u00fcro bis zur Arena \u2013 eine Sammlung n\u00fctzlicher Links rund ums Essen, Schlafen, Besichtigen und Fortbewegen in Verona. In Verona Arena von Verona Messen in Verona Gemeinde Verona Flughafen Verona Trenitalia Bed &amp; Breakfast Verona und Provinz Mi in Verona Tourismus In Italien Reisef\u00fchrer in Lucca: La Giunchiglia Reisef\u00fchrer f\u00fcr Massa Carrara und La [&hellip;]<\/p>\n","protected":false},"author":6,"featured_media":0,"parent":2698,"menu_order":0,"comment_status":"closed","ping_status":"closed","template":"","meta":{"_acf_changed":false,"rank_math_lock_modified_date":false,"footnotes":""},"class_list":["post-2711","page","type-page","status-publish","hentry"],"acf":[],"_links":{"self":[{"href":"https:\/\/veronaguide.it\/de\/wp-json\/wp\/v2\/pages\/2711"}],"collection":[{"href":"https:\/\/veronaguide.it\/de\/wp-json\/wp\/v2\/pages"}],"about":[{"href":"https:\/\/veronaguide.it\/de\/wp-json\/wp\/v2\/types\/page"}],"author":[{"embeddable":true,"href":"https:\/\/veronaguide.it\/de\/wp-json\/wp\/v2\/users\/6"}],"replies":[{"embeddable":true,"href":"https:\/\/veronaguide.it\/de\/wp-json\/wp\/v2\/comments?post=2711"}],"version-history":[{"count":11,"href":"https:\/\/veronaguide.it\/de\/wp-json\/wp\/v2\/pages\/2711\/revisions"}],"predecessor-version":[{"id":4834,"href":"https:\/\/veronaguide.it\/de\/wp-json\/wp\/v2\/pages\/2711\/revisions\/4834"}],"up":[{"embeddable":true,"href":"https:\/\/veronaguide.it\/de\/wp-json\/wp\/v2\/pages\/2698"}],"wp:attachment":[{"href":"https:\/\/veronaguide.it\/de\/wp-json\/wp\/v2\/media?parent=2711"}],"curies":[{"name":"wp","href":"https:\/\/api.w.org\/{rel}","templated":true}]}}