{"id":2698,"date":"2023-10-23T09:35:56","date_gmt":"2023-10-23T08:35:56","guid":{"rendered":"https:\/\/veronaguide.it\/info-turistiche\/"},"modified":"2024-10-01T11:29:41","modified_gmt":"2024-10-01T10:29:41","slug":"touristeninfo","status":"publish","type":"page","link":"https:\/\/veronaguide.it\/de\/touristeninfo\/","title":{"rendered":"Touristeninfo"},"content":{"rendered":"<h1>Touristische Informationen<\/h1>\n<div>\n<p>Unser B\u00fcro steht Ihnen jederzeit zur Verf\u00fcgung, um Ihnen alle notwendigen Informationen zur Organisation Ihres Aufenthalts in Verona und zum Kennenlernen der wundersch\u00f6nen Gegend zu geben.<\/p>\n<p>Da wir seit vielen Jahren in der Tourismusbranche t\u00e4tig sind, k\u00f6nnen wir Ihnen auch die einladendsten Hotels, die besten Restaurants, die sch\u00f6nsten Orte f\u00fcr Ihre Veranstaltungen und vieles mehr empfehlen \u2026<\/p>\n<\/div>\n<div>Um alle Ihre Fragen zu beantworten, stehen wir Ihnen unter folgender Adresse zur Verf\u00fcgung:<\/div>\n<ul>\n<li>\n        <a href=\"mailto:info@guideverona.com\"> info@guideverona.com<\/a>\n    <\/li>\n<li>\n        <a href=\"tel:+39045595047\">+39 045 59 50 47<\/a>\n    <\/li>\n<\/ul>\n<p><!--more--><br \/>\n<!-- {\"type\":\"layout\",\"children\":[{\"type\":\"section\",\"props\":{\"image_position\":\"center-center\",\"style\":\"default\",\"title_breakpoint\":\"xl\",\"title_position\":\"top-left\",\"title_rotation\":\"left\",\"vertical_align\":\"middle\",\"width\":\"small\"},\"children\":[{\"type\":\"row\",\"children\":[{\"type\":\"column\",\"props\":{\"image_position\":\"center-center\",\"position_sticky_breakpoint\":\"m\"},\"children\":[{\"type\":\"headline\",\"props\":{\"content\":\"Touristische Informationen\",\"title_color\":\"primary\",\"title_element\":\"h1\"}},{\"type\":\"text\",\"props\":{\"column_breakpoint\":\"m\",\"content\":\"\n\n<p>Unser B\\u00fcro steht Ihnen jederzeit zur Verf\\u00fcgung, um Ihnen alle notwendigen Informationen zur Organisation Ihres Aufenthalts in Verona und zum Kennenlernen der wundersch\\u00f6nen Gegend zu geben.<\\\/p>\\n\n\n<p>Da wir seit vielen Jahren in der Tourismusbranche t\\u00e4tig sind, k\\u00f6nnen wir Ihnen auch die einladendsten Hotels, die besten Restaurants, die sch\\u00f6nsten Orte f\\u00fcr Ihre Veranstaltungen und vieles mehr empfehlen \\u2026<\\\/p>\\n\",\"margin\":\"default\"}},{\"type\":\"headline\",\"props\":{\"content\":\"Um alle Ihre Fragen zu beantworten, stehen wir Ihnen unter folgender Adresse zur Verf\\u00fcgung:\",\"title_element\":\"div\",\"title_style\":\"text-large\"}},{\"type\":\"button\",\"props\":{\"css\":\".el-content {\\n\\ttext-transform: none;\\n}\",\"grid_column_gap\":\"small\",\"grid_row_gap\":\"small\",\"margin\":\"default\"},\"children\":[{\"type\":\"button_item\",\"props\":{\"button_style\":\"primary\",\"content\":\" info@guideverona.com\",\"icon_align\":\"left\",\"link\":\"mailto:info@guideverona.com\"}},{\"type\":\"button_item\",\"props\":{\"button_style\":\"primary\",\"content\":\"+39 045 59 50 47\",\"icon_align\":\"left\",\"link\":\"tel:+39045595047\"}}]}]}]}]},{\"type\":\"section\",\"props\":{\"image_position\":\"center-center\",\"style\":\"muted\",\"title_breakpoint\":\"xl\",\"title_position\":\"top-left\",\"title_rotation\":\"left\",\"vertical_align\":\"middle\",\"width\":\"small\"},\"children\":[{\"type\":\"row\",\"children\":[{\"type\":\"column\",\"props\":{\"image_position\":\"center-center\",\"position_sticky_breakpoint\":\"m\"},\"children\":[{\"type\":\"module\",\"props\":{\"menu_image_align\":\"center\",\"menu_image_margin\":true,\"menu_style\":\"default\",\"menu_type\":\"nav\",\"type\":\"builderwidget\",\"widget\":\"builderwidget-9\"}}]}]}],\"name\":\"INFO TURISTICHE\"}],\"version\":\"4.2.6\"} --><\/p>\n","protected":false},"excerpt":{"rendered":"<p>Touristische Informationen Unser B\u00fcro steht Ihnen jederzeit zur Verf\u00fcgung, um Ihnen alle notwendigen Informationen zur Organisation Ihres Aufenthalts in Verona und zum Kennenlernen der wundersch\u00f6nen Gegend zu geben. Da wir seit vielen Jahren in der Tourismusbranche t\u00e4tig sind, k\u00f6nnen wir Ihnen auch die einladendsten Hotels, die besten Restaurants, die sch\u00f6nsten Orte f\u00fcr Ihre Veranstaltungen und [&hellip;]<\/p>\n","protected":false},"author":6,"featured_media":0,"parent":0,"menu_order":0,"comment_status":"closed","ping_status":"closed","template":"","meta":{"_acf_changed":false,"rank_math_lock_modified_date":false,"footnotes":""},"class_list":["post-2698","page","type-page","status-publish","hentry"],"acf":[],"_links":{"self":[{"href":"https:\/\/veronaguide.it\/de\/wp-json\/wp\/v2\/pages\/2698"}],"collection":[{"href":"https:\/\/veronaguide.it\/de\/wp-json\/wp\/v2\/pages"}],"about":[{"href":"https:\/\/veronaguide.it\/de\/wp-json\/wp\/v2\/types\/page"}],"author":[{"embeddable":true,"href":"https:\/\/veronaguide.it\/de\/wp-json\/wp\/v2\/users\/6"}],"replies":[{"embeddable":true,"href":"https:\/\/veronaguide.it\/de\/wp-json\/wp\/v2\/comments?post=2698"}],"version-history":[{"count":10,"href":"https:\/\/veronaguide.it\/de\/wp-json\/wp\/v2\/pages\/2698\/revisions"}],"predecessor-version":[{"id":4466,"href":"https:\/\/veronaguide.it\/de\/wp-json\/wp\/v2\/pages\/2698\/revisions\/4466"}],"wp:attachment":[{"href":"https:\/\/veronaguide.it\/de\/wp-json\/wp\/v2\/media?parent=2698"}],"curies":[{"name":"wp","href":"https:\/\/api.w.org\/{rel}","templated":true}]}}