{"id":2693,"date":"2024-02-07T11:03:21","date_gmt":"2024-02-07T10:03:21","guid":{"rendered":"https:\/\/veronaguide.it\/info-parcheggi\/"},"modified":"2025-04-03T10:02:26","modified_gmt":"2025-04-03T09:02:26","slug":"parkinformationen","status":"publish","type":"page","link":"https:\/\/veronaguide.it\/de\/touristeninfo\/parkinformationen\/","title":{"rendered":"Parkinformationen"},"content":{"rendered":"<h1>Parkpl\u00e4tze f\u00fcr Autos und Busse<\/h1>\n<div>\n<p>Wir wissen, dass es nicht immer einfach ist, in Verona einen Parkplatz zu finden \u2013 besonders im Stadtzentrum und rund um die Arena. Hier finden Sie einige n\u00fctzliche Hinweise zum Parken von Autos und Bussen. Wenn Sie weitere Informationen ben\u00f6tigen, z\u00f6gern Sie nicht, uns zu kontaktieren!<\/p>\n<\/div>\n<h2>Parkplatz f\u00fcr Touristenbusse<\/h2>\n<h2><span>PARKPLATZ \u201eC\u201c STADIONBEREICH<\/span><\/h2>\n<ul>\n<li>\n<h3>Preise<\/h3>\n<div>\n<p><strong>\u20ac 15,00<\/strong> pauschal von 8.00 bis 22.00 Uhr<\/p>\n<\/div>\n<\/li>\n<li>\n<h3>Ausnahmen<\/h3>\n<div>\n<p>Schulklassen aus Verona und der Provinz sind von der Parkgeb\u00fchr auf dem Parkplatz \u201eC\u201c des Stadions befreit. Um diese Befreiung in Anspruch nehmen zu k\u00f6nnen, muss der Fahrer die Erkl\u00e4rung auf dem mit dem Kopf versehenen Papier des Instituts zur Bescheinigung der Fahrt und die Namensliste der Teilnehmer vorzeigen.<\/p>\n<\/div>\n<\/li>\n<li>\n<h3>Zahlung<\/h3>\n<div>\n<p>Dies kann am Kassenautomaten vor Ort erfolgen. Die Kasse akzeptiert ausschlie\u00dflich Zahlungen mit Banknoten und M\u00fcnzen. Bitte denken Sie daran, dass Sie am automatischen Geldautomaten auf dem Parkplatz des Stadions \u201eC\u201c Folgendes kaufen k\u00f6nnen: t\u00e4gliches Busparken und den ZTL-Buspass.<\/p>\n<\/div>\n<\/li>\n<\/ul>\n<h2><span>Busterminal am ZENTRUM PARKPLATZ<\/span><\/h2>\n<ul>\n<li>\n<h3>Preise<\/h3>\n<div>\n<p><strong>TAGESZEIT (von 8 bis 18 Uhr):<\/strong><br \/>&#8211; 15,00 \u20ac f\u00fcr die erste Parkstunde oder einen Bruchteil davon<br \/>&#8211; 5,00 \u20ac alle 30 Minuten oder Bruchteile (f\u00fcr die Stunden nach der ersten)<\/p>\n<p><strong>ABEND (von 18:00 bis 02:00 Uhr):<\/strong><br \/>\u2013 5,00 \u20ac alle angefangenen 60 Minuten<\/p>\n<p><strong>NACHT (von 2 bis 8):<\/strong><br \/> \u2013 10,00 \u20ac pauschal<\/p>\n<p><strong>Be-\/Entladen (innerhalb von 15 Minuten):<\/strong> 5,00 \u20ac<\/p>\n<\/div>\n<\/li>\n<li>\n<h3>Zahlung<\/h3>\n<div>\n<p>Die Bezahlung muss an einem der 4 Kassenautomaten vor Ort erfolgen. Die Automaten akzeptieren M\u00fcnzen und Banknoten.<\/p>\n<\/div>\n<\/li>\n<\/ul>\n<h2>Bequeme Parkpl\u00e4tze im Zentrum<\/h2>\n<h2><span>Tiefgarage Citadella (Piazza Cittadella, Verona)<\/span><\/h2>\n<div>Dieser Parkplatz liegt sehr g\u00fcnstig im historischen Zentrum, zweihundert Meter von der Arena und der Piazza Br\u00e0 entfernt.<\/div>\n<ul>\n<li>\n<h3>Stundensatz Tiefgarage:<\/h3>\n<div>\u2013 Bis zu 1 angefangene Stunde 2,00 \u20ac<br \/>\n\u2013 Bis zu 2 angefangene Stunden 5,00 \u20ac<br \/>\n\u2013 Bis zu 3 Stunden oder angefangene 7,50 \u20ac<br \/>\n\u2013 Bis zu 4 Stunden oder Bruchteil von 10,00 \u20ac<br \/>\n\u2013 Bis zu 5 angefangene Stunden 12,50 \u20ac<br \/>\n\u2013 Bis zu 6 Stunden oder Bruchteil 15,00 \u20ac<br \/>\n\u2013 Maximaler Tagessatz (24 Stunden) 16,00 \u20ac<\/div>\n<\/li>\n<li>\n<h3>Stundensatz f\u00fcr Parken auf der Oberfl\u00e4che<\/h3>\n<div>\u2013 Alle 20 Minuten 1,00 \u20ac<br \/>\n\u2013 Maximaler Tagespreis (24 Stunden) 18,00 \u20ac<\/div>\n<\/li>\n<\/ul>\n<h2><span>ARENA-PARKPLATZ (via M. Bentegodi 8, Verona)<\/span><\/h2>\n<div>Dieser Parkplatz liegt neben der Piazza Cittadella und ist nur vierhundert Meter von der Arena und der Piazza Br\u00e0 entfernt.<\/div>\n<ul>\n<li>\n<h3><strong>Stundens\u00e4tze<\/strong><\/h3>\n<div>(1 Stunde Pause oder Teil davon) 2,00 \u20ac<br \/>\n(2 Stunden Pause oder Teil davon) 4,50 \u20ac<br \/>\n(3 Stunden Pause oder Teil davon) 7,00 \u20ac<br \/>\n(4 Stunden Parken oder Teil davon) 9,50 \u20ac<br \/>\n5 Stunden Parken oder angefangene Stunden) 12,00 \u20ac<br \/>\n(6 Stunden Parken oder Teil davon) 14,50 \u20ac\n<\/div>\n<\/li>\n<li>\n<h3><strong>Tagessatz<\/strong><\/h3>\n<div>1. Tag (24 Stunden) 16,00 \u20ac<\/div>\n<\/li>\n<\/ul>\n<ul>\n<li>\n<p>45.4367,10.9631<\/p>\n<div>Parcheggio &#8222;C&#8220; Zona Stadio<\/div>\n<div><a style=\"color: black;\" target=\"_blank\" href=\"https:\/\/maps.app.goo.gl\/Cc5CTSeJFfCFV2Ei9\" rel=\"nofollow noopener\">Parcheggio &#8222;C&#8220; Zona Stadio<\/a><\/div>\n<\/li>\n<li>\n<p>45.4336,11.0024<\/p>\n<div>Parcheggio Centro<\/div>\n<div><a style=\"color: black;\" target=\"_blank\" href=\"https:\/\/maps.app.goo.gl\/KF4smDwFuXR3P4318\" rel=\"nofollow noopener\">Parcheggio Centro<\/a><\/div>\n<\/li>\n<li>\n<p>45.4367,10.9923<\/p>\n<div>Parcheggio Interrato Cittadella<\/div>\n<div><a style=\"color: black;\" target=\"_blank\" href=\"https:\/\/maps.app.goo.gl\/UdhMABpNjay6VRhP8\" rel=\"nofollow noopener\">Parcheggio Interrato Cittadella<\/a><\/div>\n<\/li>\n<li>\n<p>45.4355,10.9920<\/p>\n<div>Parcheggio Arena<\/div>\n<div><a style=\"color: black;\" target=\"_blank\" href=\"https:\/\/maps.app.goo.gl\/fFLJ7p9RK3v9BFu56\" rel=\"nofollow noopener\">Parcheggio Arena<\/a><\/div>\n<\/li>\n<\/ul>\n<p><!--more--><br \/>\n<!-- {\"type\":\"layout\",\"children\":[{\"type\":\"section\",\"props\":{\"image_position\":\"center-center\",\"style\":\"default\",\"title_breakpoint\":\"xl\",\"title_position\":\"top-left\",\"title_rotation\":\"left\",\"vertical_align\":\"middle\",\"width\":\"small\"},\"children\":[{\"type\":\"row\",\"children\":[{\"type\":\"column\",\"props\":{\"image_position\":\"center-center\",\"position_sticky_breakpoint\":\"m\"},\"children\":[{\"type\":\"headline\",\"props\":{\"content\":\"Parkpl\\u00e4tze f\\u00fcr Autos und Busse\",\"text_align\":\"center\",\"title_color\":\"primary\",\"title_element\":\"h1\"}},{\"type\":\"text\",\"props\":{\"column_breakpoint\":\"m\",\"content\":\"\n\n<p>Wir wissen, dass es nicht immer einfach ist, in Verona einen Parkplatz zu finden \\u2013 besonders im Stadtzentrum und rund um die Arena. Hier finden Sie einige n\\u00fctzliche Hinweise zum Parken von Autos und Bussen. Wenn Sie weitere Informationen ben\\u00f6tigen, z\\u00f6gern Sie nicht, uns zu kontaktieren!<\\\/p>\",\"margin\":\"default\",\"text_align\":\"center\"}}]}]}]},{\"type\":\"section\",\"props\":{\"image_position\":\"center-center\",\"style\":\"muted\",\"title_breakpoint\":\"xl\",\"title_position\":\"top-left\",\"title_rotation\":\"left\",\"vertical_align\":\"middle\",\"width\":\"small\"},\"children\":[{\"type\":\"row\",\"children\":[{\"type\":\"column\",\"props\":{\"image_position\":\"center-center\",\"position_sticky_breakpoint\":\"m\"},\"children\":[{\"type\":\"headline\",\"props\":{\"content\":\"Parkplatz f\\u00fcr Touristenbusse\",\"text_align\":\"center\",\"title_color\":\"secondary\",\"title_element\":\"h2\",\"title_style\":\"h3\"}}]}]},{\"type\":\"row\",\"props\":{\"layout\":\"1-2,1-2\"},\"children\":[{\"type\":\"column\",\"props\":{\"image_position\":\"center-center\",\"position_sticky_breakpoint\":\"m\",\"style\":\"tile-default\",\"width_medium\":\"1-2\"},\"children\":[{\"type\":\"headline\",\"props\":{\"content\":\"<span>PARKPLATZ \\u201eC\\u201c STADIONBEREICH<\\\/span>\",\"title_color\":\"primary\",\"title_element\":\"h2\",\"title_style\":\"h4\"}},{\"type\":\"description_list\",\"props\":{\"column_breakpoint\":\"m\",\"layout\":\"stacked\",\"list_element\":\"ul\",\"meta_align\":\"below-content\",\"meta_style\":\"text-meta\",\"show_content\":true,\"show_link\":true,\"show_meta\":true,\"show_title\":true,\"title_color\":\"primary\",\"title_element\":\"div\",\"title_grid_column_gap\":\"small\",\"title_grid_row_gap\":\"small\",\"title_grid_width\":\"auto\",\"title_style\":\"text-large\"},\"children\":[{\"type\":\"description_list_item\",\"props\":{\"content\":\"\n\n<p><strong>\\u20ac 15,00<\\\/strong> pauschal von 8.00 bis 22.00 Uhr<\\\/p>\",\"title\":\"Preise\"}},{\"type\":\"description_list_item\",\"props\":{\"content\":\"\n\n<p>Schulklassen aus Verona und der Provinz sind von der Parkgeb\\u00fchr auf dem Parkplatz \\u201eC\\u201c des Stadions befreit. Um diese Befreiung in Anspruch nehmen zu k\\u00f6nnen, muss der Fahrer die Erkl\\u00e4rung auf dem mit dem Kopf versehenen Papier des Instituts zur Bescheinigung der Fahrt und die Namensliste der Teilnehmer vorzeigen.<\\\/p>\",\"title\":\"Ausnahmen\"}},{\"type\":\"description_list_item\",\"props\":{\"content\":\"\n\n<p>Dies kann am Kassenautomaten vor Ort erfolgen. Die Kasse akzeptiert ausschlie\\u00dflich Zahlungen mit Banknoten und M\\u00fcnzen. Bitte denken Sie daran, dass Sie am automatischen Geldautomaten auf dem Parkplatz des Stadions \\u201eC\\u201c Folgendes kaufen k\\u00f6nnen: t\\u00e4gliches Busparken und den ZTL-Buspass.<\\\/p>\",\"title\":\"Zahlung\"}}]}]},{\"type\":\"column\",\"props\":{\"image_position\":\"center-center\",\"position_sticky_breakpoint\":\"m\",\"style\":\"tile-default\",\"width_medium\":\"1-2\"},\"children\":[{\"type\":\"headline\",\"props\":{\"content\":\"<span>Busterminal am ZENTRUM PARKPLATZ<\\\/span>\",\"title_color\":\"primary\",\"title_element\":\"h2\",\"title_style\":\"h4\"}},{\"type\":\"description_list\",\"props\":{\"column_breakpoint\":\"m\",\"layout\":\"stacked\",\"list_element\":\"ul\",\"meta_align\":\"below-content\",\"meta_style\":\"text-meta\",\"show_content\":true,\"show_link\":true,\"show_meta\":true,\"show_title\":true,\"title_color\":\"primary\",\"title_element\":\"div\",\"title_grid_column_gap\":\"small\",\"title_grid_row_gap\":\"small\",\"title_grid_width\":\"auto\",\"title_style\":\"text-large\"},\"children\":[{\"type\":\"description_list_item\",\"props\":{\"content\":\"\n\n<p><strong>TAGESZEIT (von 8 bis 18 Uhr):<\\\/strong><br \\\/>- 15,00 \\u20ac f\\u00fcr die erste Parkstunde oder einen Bruchteil davon<br \\\/>- 5,00 \\u20ac alle 30 Minuten oder Bruchteile (f\\u00fcr die Stunden nach der ersten)<\\\/p>\\n\n\n<p><strong>ABEND (von 18:00 bis 02:00 Uhr):<\\\/strong><br \\\/>\\u2013 5,00 \\u20ac alle angefangenen 60 Minuten<\\\/p>\\n\n\n<p><strong>NACHT (von 2 bis 8):<\\\/strong><br \\\/> \\u2013 10,00 \\u20ac pauschal<\\\/p>\\n\n\n<p><strong>Be-\\\/Entladen (innerhalb von 15 Minuten):<\\\/strong> 5,00 \\u20ac<\\\/p>\",\"title\":\"Preise\"}},{\"type\":\"description_list_item\",\"props\":{\"content\":\"\n\n<p>Die Bezahlung muss an einem der 4 Kassenautomaten vor Ort erfolgen. Die Automaten akzeptieren M\\u00fcnzen und Banknoten.<\\\/p>\",\"title\":\"Zahlung\"}}]}]}]}]},{\"type\":\"section\",\"props\":{\"image_position\":\"center-center\",\"style\":\"muted\",\"title_breakpoint\":\"xl\",\"title_position\":\"top-left\",\"title_rotation\":\"left\",\"vertical_align\":\"middle\",\"width\":\"small\"},\"children\":[{\"type\":\"row\",\"children\":[{\"type\":\"column\",\"props\":{\"image_position\":\"center-center\",\"position_sticky_breakpoint\":\"m\"},\"children\":[{\"type\":\"headline\",\"props\":{\"content\":\"Bequeme Parkpl\\u00e4tze im Zentrum\",\"text_align\":\"center\",\"title_color\":\"secondary\",\"title_element\":\"h2\",\"title_style\":\"h3\"}}]}]},{\"type\":\"row\",\"props\":{\"layout\":\"1-2,1-2\"},\"children\":[{\"type\":\"column\",\"props\":{\"image_position\":\"center-center\",\"position_sticky_breakpoint\":\"m\",\"style\":\"tile-default\",\"width_medium\":\"1-2\"},\"children\":[{\"type\":\"headline\",\"props\":{\"content\":\"<span>Tiefgarage Citadella (Piazza Cittadella, Verona)<\\\/span>\",\"title_color\":\"primary\",\"title_element\":\"h2\",\"title_style\":\"h4\"}},{\"type\":\"text\",\"props\":{\"column_breakpoint\":\"m\",\"content\":\"Dieser Parkplatz liegt sehr g\\u00fcnstig im historischen Zentrum, zweihundert Meter von der Arena und der Piazza Br\\u00e0 entfernt.\",\"margin\":\"default\"}},{\"type\":\"description_list\",\"props\":{\"column_breakpoint\":\"m\",\"layout\":\"stacked\",\"list_element\":\"ul\",\"meta_align\":\"below-content\",\"meta_style\":\"text-meta\",\"show_content\":true,\"show_link\":true,\"show_meta\":true,\"show_title\":true,\"title_color\":\"primary\",\"title_element\":\"div\",\"title_grid_column_gap\":\"small\",\"title_grid_row_gap\":\"small\",\"title_grid_width\":\"auto\",\"title_style\":\"text-large\"},\"children\":[{\"type\":\"description_list_item\",\"props\":{\"content\":\"\\u2013 Bis zu 1 angefangene Stunde 2,00 \\u20ac<br\\\/>\\n\\u2013 Bis zu 2 angefangene Stunden 5,00 \\u20ac<br\\\/>\\n\\u2013 Bis zu 3 Stunden oder angefangene 7,50 \\u20ac<br\\\/>\\n\\u2013 Bis zu 4 Stunden oder Bruchteil von 10,00 \\u20ac<br\\\/>\\n\\u2013 Bis zu 5 angefangene Stunden 12,50 \\u20ac<br\\\/>\\n\\u2013 Bis zu 6 Stunden oder Bruchteil 15,00 \\u20ac<br\\\/>\\n\\u2013 Maximaler Tagessatz (24 Stunden) 16,00 \\u20ac\",\"title\":\"Stundensatz Tiefgarage:\"}},{\"type\":\"description_list_item\",\"props\":{\"content\":\"\\u2013 Alle 20 Minuten 1,00 \\u20ac<br\\\/>\\n\\u2013 Maximaler Tagespreis (24 Stunden) 18,00 \\u20ac\",\"title\":\"Stundensatz f\\u00fcr Parken auf der Oberfl\\u00e4che\"}}]}]},{\"type\":\"column\",\"props\":{\"image_position\":\"center-center\",\"position_sticky_breakpoint\":\"m\",\"style\":\"tile-default\",\"width_medium\":\"1-2\"},\"children\":[{\"type\":\"headline\",\"props\":{\"content\":\"<span>ARENA-PARKPLATZ (via M. Bentegodi 8, Verona)<\\\/span>\",\"title_color\":\"primary\",\"title_element\":\"h2\",\"title_style\":\"h4\"}},{\"type\":\"text\",\"props\":{\"column_breakpoint\":\"m\",\"content\":\"Dieser Parkplatz liegt neben der Piazza Cittadella und ist nur vierhundert Meter von der Arena und der Piazza Br\\u00e0 entfernt.\",\"margin\":\"default\"}},{\"type\":\"description_list\",\"props\":{\"column_breakpoint\":\"m\",\"layout\":\"stacked\",\"list_element\":\"ul\",\"meta_align\":\"below-content\",\"meta_style\":\"text-meta\",\"show_content\":true,\"show_link\":true,\"show_meta\":true,\"show_title\":true,\"title_color\":\"primary\",\"title_element\":\"div\",\"title_grid_column_gap\":\"small\",\"title_grid_row_gap\":\"small\",\"title_grid_width\":\"auto\",\"title_style\":\"text-large\"},\"children\":[{\"type\":\"description_list_item\",\"props\":{\"content\":\"(1 Stunde Pause oder Teil davon) 2,00 \\u20ac<br\\\/>\\n(2 Stunden Pause oder Teil davon) 4,50 \\u20ac<br\\\/>\\n(3 Stunden Pause oder Teil davon) 7,00 \\u20ac<br\\\/>\\n(4 Stunden Parken oder Teil davon) 9,50 \\u20ac<br\\\/>\\n5 Stunden Parken oder angefangene Stunden) 12,00 \\u20ac<br\\\/>\\n(6 Stunden Parken oder Teil davon) 14,50 \\u20ac\\n\",\"title\":\"<strong>Stundens\\u00e4tze<\\\/strong>\"}},{\"type\":\"description_list_item\",\"props\":{\"content\":\"1. Tag (24 Stunden) 16,00 \\u20ac\",\"title\":\"<strong>Tagessatz<\\\/strong>\"}}]}]}]}]},{\"type\":\"section\",\"props\":{\"image_position\":\"center-center\",\"padding_remove_bottom\":false,\"style\":\"primary\",\"title_breakpoint\":\"xl\",\"title_position\":\"top-left\",\"title_rotation\":\"left\",\"vertical_align\":\"middle\",\"width\":\"default\"},\"children\":[{\"type\":\"row\",\"children\":[{\"type\":\"column\",\"props\":{\"image_position\":\"center-center\",\"position_sticky_breakpoint\":\"m\"},\"children\":[{\"type\":\"map\",\"props\":{\"clustering\":false,\"controls\":true,\"css\":\"@media screen and (max-width: 780px) {\\n    .el-element{\\n        height: 400px !important;\\n    }\\n}\\n\",\"dragging\":false,\"height\":\"750px\",\"image_svg_color\":\"emphasis\",\"link_style\":\"default\",\"link_text\":\"Read more\",\"margin\":\"default\",\"max_zoom\":18,\"meta_align\":\"below-title\",\"meta_element\":\"div\",\"meta_style\":\"text-meta\",\"min_zoom\":0,\"poi\":false,\"show_content\":true,\"show_image\":false,\"show_link\":false,\"show_meta\":false,\"show_title\":false,\"title_element\":\"div\",\"title_hover_style\":\"reset\",\"type\":\"roadmap\",\"zoom\":\"13\",\"zooming\":false},\"children\":[{\"type\":\"map_item\",\"props\":{\"content\":\"<a style=\\\"color: black;\\\" target=\\\"_blank\\\" href=\\\"https:\\\/\\\/maps.app.goo.gl\\\/Cc5CTSeJFfCFV2Ei9\\\">Parcheggio \\\"C\\\" Zona Stadio<\\\/a>\",\"location\":\"45.4367,10.9631\",\"title\":\"Parcheggio \\\"C\\\" Zona Stadio\"}},{\"type\":\"map_item\",\"props\":{\"content\":\"<a style=\\\"color: black;\\\" target=\\\"_blank\\\" href=\\\"https:\\\/\\\/maps.app.goo.gl\\\/KF4smDwFuXR3P4318\\\">Parcheggio Centro<\\\/a>\",\"location\":\"45.4336,11.0024\",\"title\":\"Parcheggio Centro\"}},{\"type\":\"map_item\",\"props\":{\"content\":\"<a style=\\\"color: black;\\\" target=\\\"_blank\\\" href=\\\"https:\\\/\\\/maps.app.goo.gl\\\/UdhMABpNjay6VRhP8\\\">Parcheggio Interrato Cittadella<\\\/a>\",\"location\":\"45.4367,10.9923\",\"title\":\"Parcheggio Interrato Cittadella\"}},{\"type\":\"map_item\",\"props\":{\"content\":\"<a style=\\\"color: black;\\\" target=\\\"_blank\\\" href=\\\"https:\\\/\\\/maps.app.goo.gl\\\/fFLJ7p9RK3v9BFu56\\\">Parcheggio Arena<\\\/a>\",\"location\":\"45.4355,10.9920\",\"title\":\"Parcheggio Arena\"}}]}]}]}]},{\"type\":\"section\",\"props\":{\"image_position\":\"center-center\",\"style\":\"muted\",\"title_breakpoint\":\"xl\",\"title_position\":\"top-left\",\"title_rotation\":\"left\",\"vertical_align\":\"middle\",\"width\":\"small\"},\"children\":[{\"type\":\"row\",\"children\":[{\"type\":\"column\",\"props\":{\"image_position\":\"center-center\",\"position_sticky_breakpoint\":\"m\"},\"children\":[{\"type\":\"module\",\"props\":{\"menu_image_align\":\"center\",\"menu_image_margin\":true,\"menu_style\":\"default\",\"menu_type\":\"nav\",\"type\":\"builderwidget\",\"widget\":\"builderwidget-9\"}}]}]}],\"name\":\"INFO TURISTICHE\"}],\"version\":\"4.2.6\"} --><\/p>\n","protected":false},"excerpt":{"rendered":"<p>Parkpl\u00e4tze f\u00fcr Autos und Busse Wir wissen, dass es nicht immer einfach ist, in Verona einen Parkplatz zu finden \u2013 besonders im Stadtzentrum und rund um die Arena. Hier finden Sie einige n\u00fctzliche Hinweise zum Parken von Autos und Bussen. Wenn Sie weitere Informationen ben\u00f6tigen, z\u00f6gern Sie nicht, uns zu kontaktieren! Parkplatz f\u00fcr Touristenbusse PARKPLATZ [&hellip;]<\/p>\n","protected":false},"author":6,"featured_media":0,"parent":2698,"menu_order":0,"comment_status":"closed","ping_status":"closed","template":"","meta":{"_acf_changed":false,"rank_math_lock_modified_date":false,"footnotes":""},"class_list":["post-2693","page","type-page","status-publish","hentry"],"acf":[],"_links":{"self":[{"href":"https:\/\/veronaguide.it\/de\/wp-json\/wp\/v2\/pages\/2693"}],"collection":[{"href":"https:\/\/veronaguide.it\/de\/wp-json\/wp\/v2\/pages"}],"about":[{"href":"https:\/\/veronaguide.it\/de\/wp-json\/wp\/v2\/types\/page"}],"author":[{"embeddable":true,"href":"https:\/\/veronaguide.it\/de\/wp-json\/wp\/v2\/users\/6"}],"replies":[{"embeddable":true,"href":"https:\/\/veronaguide.it\/de\/wp-json\/wp\/v2\/comments?post=2693"}],"version-history":[{"count":15,"href":"https:\/\/veronaguide.it\/de\/wp-json\/wp\/v2\/pages\/2693\/revisions"}],"predecessor-version":[{"id":4819,"href":"https:\/\/veronaguide.it\/de\/wp-json\/wp\/v2\/pages\/2693\/revisions\/4819"}],"up":[{"embeddable":true,"href":"https:\/\/veronaguide.it\/de\/wp-json\/wp\/v2\/pages\/2698"}],"wp:attachment":[{"href":"https:\/\/veronaguide.it\/de\/wp-json\/wp\/v2\/media?parent=2693"}],"curies":[{"name":"wp","href":"https:\/\/api.w.org\/{rel}","templated":true}]}}