{"id":2683,"date":"2023-11-15T10:04:13","date_gmt":"2023-11-15T09:04:13","guid":{"rendered":"https:\/\/veronaguide.it\/chi-siamo\/"},"modified":"2024-10-01T11:29:59","modified_gmt":"2024-10-01T10:29:59","slug":"wer-wir-sind","status":"publish","type":"page","link":"https:\/\/veronaguide.it\/de\/wer-wir-sind\/","title":{"rendered":"Wer wir sind"},"content":{"rendered":"<h1>Verona Guide<\/h1>\n<div>\n<p>Wir sind ein Kulturverein mit autorisierten Reisef\u00fchrern in Verona, dessen wichtigstes Ziel wir mit der Kenntnis unserer Stadt und des umliegenden Territoriums, mit meinen kulturellen Ereignissen und der Suche nach monumentalen Immobilien verbinden. Erfahrungs- und Professionalit\u00e4tsdaten, die uns zu unseren mehr als 100 Mitarbeitern und Partnern auszeichnen, die ich gerne besucht habe, die ich in Verona kennengelernt habe, die ich f\u00fcr die ewige Liebe von Romeo und Julia und die Lieben von William Shakespeare kennengelernt habe.<\/p>\n<p>Zu unseren Mitgliedern z\u00e4hlen ausschlie\u00dflich autorisierte Reiseleiter, die dank ihrer langj\u00e4hrigen Erfahrung in der Lage sind, jeden Touristentyp in eine faszinierende Tour einzubeziehen. Ganz gleich, ob Sie f\u00fcr einen Schulausflug, ein Konzert, einen Urlaub, eine Ausstellung, ein Wochenende, f\u00fcr Verkostungen oder zum Entspannen nach Verona kommen, wir sind f\u00fcr jeden Bedarf da.<\/p>\n<p>Im Bewusstsein der unterschiedlichen Bed\u00fcrfnisse jedes Einzelnen sind wir in der Lage, personalisierte Routen zu studieren, die auf der Grundlage spezifischer historischer Epochen erstellt wurden, um charakteristische Naturumgebungen oder Touren zu entdecken, die f\u00fcr Menschen mit k\u00f6rperlichen Schwierigkeiten jeglicher Art geeignet sind.<\/p>\n<p>Wenn Sie unsere Website weiter erkunden, finden Sie alle Informationen, die Sie f\u00fcr die Planung eines Kulturaufenthalts in Verona und seiner Provinz ben\u00f6tigen. Sollten Sie weitere Informationen w\u00fcnschen, stehen wir Ihnen gerne zur Verf\u00fcgung.<\/p>\n<p>Unser Verein verf\u00fcgt au\u00dferdem \u00fcber eine gute Zusammenarbeit mit verschiedenen touristischen Einrichtungen in Verona, um Ihnen bei allgemeineren Dienstleistungen wie Hotelreservierungen, Ratschl\u00e4gen zu Restaurants, Weing\u00fctern und Trattorien sowie Begleit- oder Dolmetscherdiensten behilflich sein zu k\u00f6nnen.<\/p>\n<\/div>\n<div>\n<p>    <img decoding=\"async\" src=\"\/wp-content\/uploads\/2023\/10\/gabriel-castles-ZE0HWM4yv9I-unsplash-scaled.jpg\" alt=\"\"><\/p>\n<\/div>\n<p><!--more--><br \/>\n<!-- {\"type\":\"layout\",\"children\":[{\"type\":\"section\",\"props\":{\"image_position\":\"center-center\",\"style\":\"default\",\"title_breakpoint\":\"xl\",\"title_position\":\"top-left\",\"title_rotation\":\"left\",\"vertical_align\":\"middle\",\"width\":\"default\"},\"children\":[{\"type\":\"row\",\"children\":[{\"type\":\"column\",\"props\":{\"image_position\":\"center-center\",\"position_sticky_breakpoint\":\"m\"},\"children\":[{\"type\":\"headline\",\"props\":{\"content\":\"Verona Guide\",\"title_element\":\"h1\",\"title_style\":\"h2\"}},{\"type\":\"text\",\"props\":{\"column_breakpoint\":\"m\",\"content\":\"\n\n<p>Wir sind ein Kulturverein mit autorisierten Reisef\\u00fchrern in Verona, dessen wichtigstes Ziel wir mit der Kenntnis unserer Stadt und des umliegenden Territoriums, mit meinen kulturellen Ereignissen und der Suche nach monumentalen Immobilien verbinden. Erfahrungs- und Professionalit\\u00e4tsdaten, die uns zu unseren mehr als 100 Mitarbeitern und Partnern auszeichnen, die ich gerne besucht habe, die ich in Verona kennengelernt habe, die ich f\\u00fcr die ewige Liebe von Romeo und Julia und die Lieben von William Shakespeare kennengelernt habe.<\\\/p>\\n\n\n<p>Zu unseren Mitgliedern z\\u00e4hlen ausschlie\\u00dflich autorisierte Reiseleiter, die dank ihrer langj\\u00e4hrigen Erfahrung in der Lage sind, jeden Touristentyp in eine faszinierende Tour einzubeziehen. Ganz gleich, ob Sie f\\u00fcr einen Schulausflug, ein Konzert, einen Urlaub, eine Ausstellung, ein Wochenende, f\\u00fcr Verkostungen oder zum Entspannen nach Verona kommen, wir sind f\\u00fcr jeden Bedarf da.<\\\/p>\\n\n\n<p>Im Bewusstsein der unterschiedlichen Bed\\u00fcrfnisse jedes Einzelnen sind wir in der Lage, personalisierte Routen zu studieren, die auf der Grundlage spezifischer historischer Epochen erstellt wurden, um charakteristische Naturumgebungen oder Touren zu entdecken, die f\\u00fcr Menschen mit k\\u00f6rperlichen Schwierigkeiten jeglicher Art geeignet sind.<\\\/p>\\n\n\n<p>Wenn Sie unsere Website weiter erkunden, finden Sie alle Informationen, die Sie f\\u00fcr die Planung eines Kulturaufenthalts in Verona und seiner Provinz ben\\u00f6tigen. Sollten Sie weitere Informationen w\\u00fcnschen, stehen wir Ihnen gerne zur Verf\\u00fcgung.<\\\/p>\\n\n\n<p>Unser Verein verf\\u00fcgt au\\u00dferdem \\u00fcber eine gute Zusammenarbeit mit verschiedenen touristischen Einrichtungen in Verona, um Ihnen bei allgemeineren Dienstleistungen wie Hotelreservierungen, Ratschl\\u00e4gen zu Restaurants, Weing\\u00fctern und Trattorien sowie Begleit- oder Dolmetscherdiensten behilflich sein zu k\\u00f6nnen.<\\\/p>\",\"margin\":\"default\"}}]}]},{\"type\":\"row\",\"children\":[{\"type\":\"column\",\"props\":{\"image_position\":\"center-center\",\"position_sticky_breakpoint\":\"m\"},\"children\":[{\"type\":\"slideshow\",\"props\":{\"link_style\":\"default\",\"link_text\":\"Read more\",\"margin\":\"default\",\"meta_align\":\"below-title\",\"meta_element\":\"div\",\"meta_style\":\"text-meta\",\"nav\":\"dotnav\",\"nav_align\":\"center\",\"nav_breakpoint\":\"s\",\"nav_position\":\"bottom-center\",\"nav_position_margin\":\"medium\",\"overlay_animation\":\"parallax\",\"overlay_position\":\"center-left\",\"show_content\":true,\"show_link\":true,\"show_meta\":true,\"show_thumbnail\":true,\"show_title\":true,\"slidenav\":\"default\",\"slidenav_breakpoint\":\"s\",\"slidenav_margin\":\"medium\",\"slidenav_outside_breakpoint\":\"xl\",\"slideshow_autoplay_pause\":true,\"slideshow_height\":\"percent\",\"slideshow_min_height\":300,\"thumbnav_height\":\"75\",\"thumbnav_svg_color\":\"emphasis\",\"thumbnav_width\":\"100\",\"title_element\":\"h3\"},\"children\":[{\"type\":\"slideshow_item\",\"props\":{\"image\":\"wp-content\\\/uploads\\\/2023\\\/10\\\/gabriel-castles-ZE0HWM4yv9I-unsplash-scaled.jpg\"}}]}]}]}]}],\"version\":\"4.2.6\"} --><\/p>\n","protected":false},"excerpt":{"rendered":"<p>Verona Guide Wir sind ein Kulturverein mit autorisierten Reisef\u00fchrern in Verona, dessen wichtigstes Ziel wir mit der Kenntnis unserer Stadt und des umliegenden Territoriums, mit meinen kulturellen Ereignissen und der Suche nach monumentalen Immobilien verbinden. Erfahrungs- und Professionalit\u00e4tsdaten, die uns zu unseren mehr als 100 Mitarbeitern und Partnern auszeichnen, die ich gerne besucht habe, die [&hellip;]<\/p>\n","protected":false},"author":6,"featured_media":0,"parent":0,"menu_order":0,"comment_status":"closed","ping_status":"closed","template":"","meta":{"_acf_changed":false,"rank_math_lock_modified_date":false,"footnotes":""},"class_list":["post-2683","page","type-page","status-publish","hentry"],"acf":[],"_links":{"self":[{"href":"https:\/\/veronaguide.it\/de\/wp-json\/wp\/v2\/pages\/2683"}],"collection":[{"href":"https:\/\/veronaguide.it\/de\/wp-json\/wp\/v2\/pages"}],"about":[{"href":"https:\/\/veronaguide.it\/de\/wp-json\/wp\/v2\/types\/page"}],"author":[{"embeddable":true,"href":"https:\/\/veronaguide.it\/de\/wp-json\/wp\/v2\/users\/6"}],"replies":[{"embeddable":true,"href":"https:\/\/veronaguide.it\/de\/wp-json\/wp\/v2\/comments?post=2683"}],"version-history":[{"count":5,"href":"https:\/\/veronaguide.it\/de\/wp-json\/wp\/v2\/pages\/2683\/revisions"}],"predecessor-version":[{"id":4464,"href":"https:\/\/veronaguide.it\/de\/wp-json\/wp\/v2\/pages\/2683\/revisions\/4464"}],"wp:attachment":[{"href":"https:\/\/veronaguide.it\/de\/wp-json\/wp\/v2\/media?parent=2683"}],"curies":[{"name":"wp","href":"https:\/\/api.w.org\/{rel}","templated":true}]}}